{"id":10510,"date":"2023-09-20T13:52:57","date_gmt":"2023-09-20T10:52:57","guid":{"rendered":"https:\/\/www.koli.fi\/?page_id=10510"},"modified":"2024-03-26T11:23:40","modified_gmt":"2024-03-26T09:23:40","slug":"skfhskdhf","status":"publish","type":"page","link":"https:\/\/www.koli.fi\/de\/entdeckungen\/aktivitaeten\/skfhskdhf\/","title":{"rendered":"Langlauf &amp; Skiwandern"},"content":{"rendered":"\n<p class=\"has-text-align-center\">Das Loipen- und Pistennetz von Koli verlaufen durch unterschiedliches Gebiet von den H\u00fcgeln der Koli-Spitzen bis hinab zum Eis des Pielinen-Sees. Auf den Loipen der H\u00fcgelkette kann der Langl\u00e4ufer die wundersch\u00f6ne Aussicht und dick eingeschneite Kiefern bewundern. Finnlands l\u00e4ngste, durchgehend beleuchtete Loipe (25km) verl\u00e4uft von Koli Freetime in Kopravaara\/Juuka durch das Dorf Koli hindurch bis nach Loma-Koli.<\/p>\n\n\n\n<p class=\"has-text-align-center\"><strong>Die Skiwanderwege sind f\u00fcr Ostern 2024 ge\u00f6ffnet und gepflegt, danach endet die Wartung f\u00fcr diese Saison.<\/strong><\/p>\n\n\n\n<div style=\"height:50px\" aria-hidden=\"true\" class=\"wp-block-spacer\"><\/div>\n\n\n\n<h4 class=\"wp-block-heading\">Echtzeit-\u00dcberwachung der Instandhaltung von Wanderwegen in Koli<\/h4>\n\n\n\n<div id=\"pagelinks-block_a89ba3db7e9f839457d1227b7f406bdb\" class=\"pagelinks-block\">\n\n\t\t\t<div class=\"pagelinks-block__pagelinks carousel\" data-size=\"big\" data-links=\"[14958]\">\n\t\t<\/div><!-- .pagelinks-block__pagelinks -->\n\n\t\t\n\t<\/div>\n\n\n\n<div style=\"height:50px\" aria-hidden=\"true\" class=\"wp-block-spacer\"><\/div>\n\n\n\n<p class=\"has-text-align-center\">Die 6.2 km lange Loipe um den K\u00e4r\u00e4nk\u00e4lampi-See bei Loma-Koli ist die ganze Wintersaison hindurch pr\u00e4pariert. Die beleuchteten Verbindungs-Loipen hoch zum Break Sokos Hotel Koli und die 3km-Schleife im Nationalpark werden auf jedes Wochenende hin pr\u00e4pariert. W\u00e4hrend der Urlaubszeit geschieht dies auch regelm\u00e4ssiger. <\/p>\n\n\n\n<div style=\"height:50px\" aria-hidden=\"true\" class=\"wp-block-spacer\"><\/div>\n\n\n\n<div class=\"wp-block-columns is-layout-flex wp-container-core-columns-is-layout-28f84493 wp-block-columns-is-layout-flex\">\n<div class=\"wp-block-column is-layout-flow wp-block-column-is-layout-flow\" style=\"flex-basis:33.33%\">\n<h4 class=\"wp-block-heading\">Loipenwartung<\/h4>\n<\/div>\n\n\n\n<div class=\"wp-block-column is-layout-flow wp-block-column-is-layout-flow\" style=\"flex-basis:66.66%\">\n<p>Die K\u00e4r\u00e4nk\u00e4lampi-Rundstrecke bleibt w\u00e4hrend der gesamten Saison skibereit. Andere beleuchtete Loipen werden w\u00e4hrend der Saison (Wochen 52 und 1, 8\u201310 und je nach Schneelage Ostern vom 6. bis 10. April) an Wochenenden zu anderen Zeiten gepflegt. Die Loipen werden je nach Bedarf pr\u00e4pariert: Ist eine Loipe befahrbar, wird sie nicht pr\u00e4pariert. Die Pr\u00e4paration erfolgt mit einer Pr\u00e4riermaschine, die von Lahnalampi ausgehend \u00fcber Loma-Koli\u2019s K\u00e4r\u00e4nk\u00e4lammi und weiter durch das Koli-Dorf in Richtung Koli Freetime f\u00fchrt. Die gleiche Maschine kehrt auf der anderen Seite der Strecke zur\u00fcck. Je nach Wetterlage dauert die Pr\u00e4parierung der gesamten beleuchteten Loipe \u00fcber f\u00fcnf Stunden.<\/p>\n\n\n\n<p>Die Menge der Loipenpflege und Beleuchtung wird basierend auf den Ausgaben und den Einnahmen aus der Loipenpflege angepasst. Die Instandhaltung der Koli-Loipen wird durch Beitr\u00e4ge des Streckenpools finanziert, die von \u00f6rtlichen Unternehmen, H\u00fcttenbesitzern, der Stadt Lieksa, der Gemeinde Juuka und der finnischen Forstverwaltung Mets\u00e4hallitus gesammelt werden. Private Personen tragen auch freiwillige Unterst\u00fctzungsgeb\u00fchren bei, und der Erl\u00f6s aus dem Verkauf von Loipenkarten flie\u00dft in die Loipenwartung. Sie k\u00f6nnen zur Loipenpflege beitragen, indem Sie einen freiwilligen Loipenpass erwerben.<\/p>\n\n\n\n<p>Das Koli-Loipennetz erstreckt sich \u00fcber unterschiedliche Gel\u00e4ndeformen, von den H\u00fcgeln von Koli bis zum Eis des Pielinen-Sees. Skifahrer auf den H\u00fcgelloipen k\u00f6nnen zu Aussichtspunkten aufsteigen und mit hoher Geschwindigkeit den Hang hinunterfahren. Finnlands l\u00e4ngste durchgehend beleuchtete Loipe (25 km) verl\u00e4uft vom Hof des Koli Freetime \u00fcber Kopravaara durch das Koli-Dorf nach Loma-Koli.<\/p>\n\n\n\n<p>Sie k\u00f6nnen Feedback zu den Loipen \u00fcber das Feedback-Formular (Google Forms) geben: <a href=\"https:\/\/forms.gle\/AtdSEVMbHT7hfPWE7\" target=\"_blank\" rel=\"noopener\">https:\/\/forms.gle\/AtdSEVMbHT7hfPWE7<\/a><\/p>\n\n\n\n<p><strong>Wenn ein Baum auf die Loipe gefallen ist, die Lichter defekt sind oder Sie M\u00e4ngel bei der Instandhaltung der Feuerstellen entlang der Loipe feststellen, kontaktieren Sie bitte das Koli Tourist Information (vorzugsweise per SMS\/WhatsApp unter +358 45 138 7429 oder per E-Mail unter <a href=\"mailto:info@koli.fi\">info@koli.fi<\/a>).<\/strong><\/p>\n<\/div>\n<\/div>\n\n\n\n<figure class=\"wp-block-image aligncenter size-large\"><img loading=\"lazy\" decoding=\"async\" width=\"1024\" height=\"576\" src=\"https:\/\/www.koli.fi\/wp-content\/uploads\/2023\/12\/hiihto5-1024x576.jpg\" alt=\"\" class=\"wp-image-13011\" srcset=\"https:\/\/www.koli.fi\/wp-content\/uploads\/2023\/12\/hiihto5-1024x576.jpg 1024w, https:\/\/www.koli.fi\/wp-content\/uploads\/2023\/12\/hiihto5-300x169.jpg 300w, https:\/\/www.koli.fi\/wp-content\/uploads\/2023\/12\/hiihto5-768x432.jpg 768w, https:\/\/www.koli.fi\/wp-content\/uploads\/2023\/12\/hiihto5-1536x864.jpg 1536w, https:\/\/www.koli.fi\/wp-content\/uploads\/2023\/12\/hiihto5-2048x1152.jpg 2048w, https:\/\/www.koli.fi\/wp-content\/uploads\/2023\/12\/hiihto5-1920x1080.jpg 1920w, https:\/\/www.koli.fi\/wp-content\/uploads\/2023\/12\/hiihto5-1600x900.jpg 1600w\" sizes=\"auto, (max-width: 1024px) 100vw, 1024px\"><\/figure>\n\n\n\n<div style=\"height:50px\" aria-hidden=\"true\" class=\"wp-block-spacer\"><\/div>\n\n\n\n<div class=\"wp-block-columns is-layout-flex wp-container-core-columns-is-layout-28f84493 wp-block-columns-is-layout-flex\">\n<div class=\"wp-block-column is-layout-flow wp-block-column-is-layout-flow\" style=\"flex-basis:33.33%\">\n<h4 class=\"wp-block-heading\">Einfache und anspruchsvolle Loipen<\/h4>\n<\/div>\n\n\n\n<div class=\"wp-block-column is-layout-flow wp-block-column-is-layout-flow\" style=\"flex-basis:66.66%\">\n<p>Ein einfacher Eisweg beginnt auf dem Parkplatz Nikkil\u00e4nkuja entlang der Rantatie und f\u00fchrt hinunter zum Pielinen-See, vorbei am Hafen bis zur unteren Station der Skipisten, wo sich ein Skipistencaf\u00e9 und eine Kota-H\u00fctte f\u00fcr eine Pause befinden. Der Weg ist etwa 2,5 Kilometer lang in eine Richtung. Diese Strecke bietet auch einen Mehrzweckweg f\u00fcr Fu\u00dfg\u00e4nger und Radfahrer, der entlang des Skiwanderwegs auf dem Eisabschnitt verl\u00e4uft.<\/p>\n\n\n\n<p>Auf dem beleuchteten Koli-Wanderweg (25 km) gibt es sowohl einfache als auch mittelschwierige Abschnitte. Der f\u00fcr Familien mit Kindern geeignete Abschnitt befindet sich zwischen Rantatie und Sutka laavu (Rastplatz). Parkm\u00f6glichkeiten befinden sich entlang der Rantatie. Die Skifahrt nach Sutka laavu ist einfach, und dort k\u00f6nnen Sie W\u00fcrstchen \u00fcber offener Flamme grillen. Andere einfache Strecken sind diejenigen auf dem Pielinen-See, die je nach Eisbedingungen ge\u00f6ffnet werden. F\u00fcr die kleinsten Familienmitglieder wird empfohlen, den Tag mit Schlittenfahren und Grillen von W\u00fcrstchen auf dem Sportplatz in der N\u00e4he des Koli-Dorfes (Euron Areena, Yl\u00e4-Kolintie 10) zu verbringen. Neben der Eislaufbahn befindet sich eine H\u00fctte, in der Sie eine Schlittenschachtel finden, um kostenlos Schlittschuhe auszuleihen.<\/p>\n\n\n\n<p>Die anspruchsvollsten, aber auch sch\u00f6nsten Streckenabschnitte sind die R\u00e4s\u00e4vaara- und M\u00e4kr\u00e4-Runden. Diese Strecken sollen w\u00e4hrend der Skiurlaubssaison ge\u00f6ffnet sein und sind w\u00e4hrend der Veranstaltung Koli Landscape Skiing zug\u00e4nglich.<\/p>\n<\/div>\n<\/div>\n\n\n\n<div style=\"height:50px\" aria-hidden=\"true\" class=\"wp-block-spacer\"><\/div>\n\n\n\n<div class=\"wp-block-columns is-layout-flex wp-container-core-columns-is-layout-28f84493 wp-block-columns-is-layout-flex\">\n<div class=\"wp-block-column is-layout-flow wp-block-column-is-layout-flow\" style=\"flex-basis:33.33%\">\n<h4 class=\"wp-block-heading\">Skischule und Miet-Ausr\u00fcstung<\/h4>\n<\/div>\n\n\n\n<div class=\"wp-block-column is-layout-flow wp-block-column-is-layout-flow\" style=\"flex-basis:66.66%\">\n<p>Die Koli-Skischule ist eine der \u00e4ltesten in Finnland. Unsere Skilehrer f\u00fchren Dich nicht nur in die Kunst des Alpin-Skifahrens ein, auch Snowboarding, Telemark-Ski und Langlauf steht im Angebot.  Komplette Langlauf-Ausr\u00fcstungen k\u00f6nnen bei Koli Ski, an <a href=\"https:\/\/koliski.fi\/en\/\" target=\"_blank\" rel=\"noopener\">der Talstation der Koli-Pisten<\/a>, gemietet werden. <\/p>\n<\/div>\n<\/div>\n\n\n\n<div style=\"height:50px\" aria-hidden=\"true\" class=\"wp-block-spacer\"><\/div>\n\n\n\n<div class=\"wp-block-columns is-layout-flex wp-container-core-columns-is-layout-28f84493 wp-block-columns-is-layout-flex\">\n<div class=\"wp-block-column is-layout-flow wp-block-column-is-layout-flow\" style=\"flex-basis:33.33%\">\n<h4 class=\"wp-block-heading\" id=\"koirahiihto\">Skifahren mit einem Hund<\/h4>\n<\/div>\n\n\n\n<div class=\"wp-block-column is-layout-flow wp-block-column-is-layout-flow\" style=\"flex-basis:66.66%\">\n<p>Du bist herzlich willkommen, mit deinem Hund auf den Koli Loipen zu skifahren! Bitte halte jedoch deinen pelzigen Begleiter immer angeleint. Beachte auch, dass die meisten Koli Loipen in beide Richtungen f\u00fchren, daher kommen Skifahrer entgegen. Bitte schaffe Platz f\u00fcr entgegenkommende Skifahrer, indem du die rechte Spur der Loipe nutzt. F\u00fcr ein angenehmeres Skifahren mit Hunden gibt es die Eisloipen von Rantatie Richtung Loma-Koli\/Sutkanvaara und die \u00f6stlichen Teile der K\u00e4r\u00e4nk\u00e4lammi Runde.<\/p>\n<\/div>\n<\/div>\n\n\n\n<figure class=\"wp-block-image aligncenter size-large is-resized\"><img loading=\"lazy\" decoding=\"async\" width=\"1024\" height=\"683\" src=\"https:\/\/www.koli.fi\/wp-content\/uploads\/2023\/11\/VisitKarelia_F94I5240-1024x683.jpg\" alt=\"\" class=\"wp-image-11302\" style=\"width:898px;height:auto\" srcset=\"https:\/\/www.koli.fi\/wp-content\/uploads\/2023\/11\/VisitKarelia_F94I5240-1024x683.jpg 1024w, https:\/\/www.koli.fi\/wp-content\/uploads\/2023\/11\/VisitKarelia_F94I5240-300x200.jpg 300w, https:\/\/www.koli.fi\/wp-content\/uploads\/2023\/11\/VisitKarelia_F94I5240-768x512.jpg 768w, https:\/\/www.koli.fi\/wp-content\/uploads\/2023\/11\/VisitKarelia_F94I5240-1536x1024.jpg 1536w, https:\/\/www.koli.fi\/wp-content\/uploads\/2023\/11\/VisitKarelia_F94I5240-2048x1365.jpg 2048w, https:\/\/www.koli.fi\/wp-content\/uploads\/2023\/11\/VisitKarelia_F94I5240-1920x1280.jpg 1920w, https:\/\/www.koli.fi\/wp-content\/uploads\/2023\/11\/VisitKarelia_F94I5240-1600x1067.jpg 1600w\" sizes=\"auto, (max-width: 1024px) 100vw, 1024px\"><\/figure>\n\n\n\n<div style=\"height:50px\" aria-hidden=\"true\" class=\"wp-block-spacer\"><\/div>\n\n\n\n<div class=\"wp-block-columns is-layout-flex wp-container-core-columns-is-layout-28f84493 wp-block-columns-is-layout-flex\">\n<div class=\"wp-block-column is-layout-flow wp-block-column-is-layout-flow\" style=\"flex-basis:33.33%\">\n<h4 class=\"wp-block-heading\" id=\"kolin-reitistomaksu-kannatusmaksu-latujen-hoitoon\">Koli Streckengeb\u00fchr \u2013 Unterst\u00fctzungsgeb\u00fchr f\u00fcr die Loipenpflege<\/h4>\n\n\n\n<figure class=\"wp-block-image size-full\"><img loading=\"lazy\" decoding=\"async\" width=\"726\" height=\"959\" src=\"https:\/\/www.koli.fi\/wp-content\/uploads\/2023\/12\/Reitiston-kannatusmerkki.png\" alt=\"\" class=\"wp-image-13008\" srcset=\"https:\/\/www.koli.fi\/wp-content\/uploads\/2023\/12\/Reitiston-kannatusmerkki.png 726w, https:\/\/www.koli.fi\/wp-content\/uploads\/2023\/12\/Reitiston-kannatusmerkki-227x300.png 227w\" sizes=\"auto, (max-width: 726px) 100vw, 726px\"><\/figure>\n<\/div>\n\n\n\n<div class=\"wp-block-column is-layout-flow wp-block-column-is-layout-flow\" style=\"flex-basis:66.66%\">\n<p>Unterst\u00fctzen Sie die Pflege der Wege in der Koli-Region, indem Sie eine freiwillige Streckengeb\u00fchr zahlen!<\/p>\n\n\n\n<p>Die Einnahmen aus der freiwilligen Unterst\u00fctzungsgeb\u00fchr werden ausschlie\u00dflich f\u00fcr die ganzj\u00e4hrige Instandhaltung der Koli-Wege verwendet. Die Streckenpool-Geb\u00fchren werden f\u00fcr die Pflege der Wege und Routen in der Region erhoben, an denen die Stadt Lieksa, die Gemeinde Juuka, Mets\u00e4hallitus (f\u00fcr Wege im Nationalpark), lokale Unternehmer, H\u00fcttenbesitzer und Personen, die eine freiwillige Unterst\u00fctzungsgeb\u00fchr zahlen, beteiligt sind. Die Streckenpool-Geb\u00fchren decken die ganzj\u00e4hrige Wegpflege, die Feuerholzversorgung f\u00fcr Unterst\u00e4nde und Schutzh\u00fctten entlang des Weges, das R\u00e4umen von Parkpl\u00e4tzen und Stra\u00dfen, die Echtzeit\u00fcberwachung der Wegpflege sowie die Entwicklung des Wegesystems ab. Durch die Teilnahme am Streckenpool und den Kauf eines Wegpasses tragen Sie zur Pflege und Instandhaltung der Wege bei.<\/p>\n\n\n\n<p><strong>Wenn Sie 18 \u20ac oder mehr zahlen, erhalten Sie eine gedruckte Wegkarte von der Koli Tourist Information (Kolintie 94A), Zugang zur Echtzeit-Tracking-Ansicht f\u00fcr die Wegpflege sowie einen Aufkleber zur Unterst\u00fctzung der Wegpflege!<\/strong><\/p>\n<\/div>\n<\/div>\n\n\n\n<div style=\"height:50px\" aria-hidden=\"true\" class=\"wp-block-spacer\"><\/div>\n\n\n\n<div class=\"wp-block-columns is-layout-flex wp-container-core-columns-is-layout-28f84493 wp-block-columns-is-layout-flex\">\n<div class=\"wp-block-column is-layout-flow wp-block-column-is-layout-flow\" style=\"flex-basis:33.33%\">\n<h4 class=\"wp-block-heading\">Loipenkarten<\/h4>\n<\/div>\n\n\n\n<div class=\"wp-block-column is-layout-flow wp-block-column-is-layout-flow\" style=\"flex-basis:66.66%\">\n<p>Du kannst auf den Karten der Koli-Region neben Echtzeit-Tracking auch Koli\u2019s Winterwanderkarte in gedruckter Form einsehen. Neben den Loipen enth\u00e4lt die Karte auch Schneemobilrouten und Einrichtungen wie Feuerstellen, Unterst\u00e4nde und H\u00fctten. Schau dir die Koli-Loipenkarte an.<\/p>\n\n\n\n<p>Die gedruckte Karte kann im Koli Tourist Information (Yl\u00e4-Kolintie 94A) und bei den \u00f6rtlichen Unternehmern f\u00fcr 5 \u20ac erworben werden.<\/p>\n\n\n\n<p>Der Kauf der Loipenkarte unterst\u00fctzt die Instandhaltung der Routen in der Koli-Region!<\/p>\n<\/div>\n<\/div>\n\n\n\n<div style=\"height:50px\" aria-hidden=\"true\" class=\"wp-block-spacer\"><\/div>\n\n\n\n<h4 class=\"wp-block-heading\" id=\"hiihtoladut-kolilla-ja-vuonislahdessa\">Ski-Loipen in Koli und Vuonislahti<\/h4>\n\n\n\n<div class=\"wp-block-columns is-layout-flex wp-container-core-columns-is-layout-28f84493 wp-block-columns-is-layout-flex\">\n<div class=\"wp-block-column is-layout-flow wp-block-column-is-layout-flow\">\n<script type=\"text\/javascript\" src=\"https:\/\/www.outdooractive.fi\/fi\/embed\/64146839\/js?mw=true\"><\/script>\n<\/div>\n\n\n\n<div class=\"wp-block-column is-layout-flow wp-block-column-is-layout-flow\">\n<script type=\"text\/javascript\" src=\"https:\/\/www.outdooractive.fi\/fi\/embed\/801984287\/js?mw=true\"><\/script>\n<\/div>\n\n\n\n<div class=\"wp-block-column is-layout-flow wp-block-column-is-layout-flow\">\n<script type=\"text\/javascript\" src=\"https:\/\/www.outdooractive.fi\/fi\/embed\/261806699\/js?mw=true\"><\/script>\n<\/div>\n<\/div>\n","protected":false},"excerpt":{"rendered":"<p>Das Loipen- und Pistennetz von Koli verlaufen durch unterschiedliches Gebiet von den H\u00fcgeln der Koli-Spitzen bis hinab zum Eis des Pielinen-Sees. Auf den Loipen der H\u00fcgelkette kann der Langl\u00e4ufer die wundersch\u00f6ne Aussicht und dick eingeschneite Kiefern bewundern. Finnlands l\u00e4ngste, durchgehend beleuchtete Loipe (25km) verl\u00e4uft von Koli Freetime in Kopravaara\/Juuka durch das Dorf Koli hindurch bis [&hellip;]<\/p>\n","protected":false},"author":20,"featured_media":0,"parent":8362,"menu_order":0,"comment_status":"closed","ping_status":"closed","template":"","meta":{"_acf_changed":false,"footnotes":""},"servicecategories":[268],"class_list":["post-10510","page","type-page","status-publish","hentry","servicecategory-aktivitaten"],"acf":{"hero_type":"image","hero_image":8593,"hero_video":null,"hero_title_upper":"","hero_title":"Langlauf & Skiwandern","hero_text":"Loipen auf den H\u00fcgeln und dem Eis","hero_link":"","use_summer":"no","hero_type_summer":"image","hero_image_summer":null,"hero_video_summer":null,"hero_title_upper_summer":"","hero_title_summer":"","hero_text_summer":"","hero_link_summer":null,"use_winter":"no","hero_type_winter":"image","hero_image_winter":null,"hero_video_winter":null,"hero_title_upper_winter":"","hero_title_winter":"","hero_text_winter":"","hero_link_winter":null},"_links":{"self":[{"href":"https:\/\/www.koli.fi\/de\/wp-json\/wp\/v2\/pages\/10510","targetHints":{"allow":["GET"]}}],"collection":[{"href":"https:\/\/www.koli.fi\/de\/wp-json\/wp\/v2\/pages"}],"about":[{"href":"https:\/\/www.koli.fi\/de\/wp-json\/wp\/v2\/types\/page"}],"author":[{"embeddable":true,"href":"https:\/\/www.koli.fi\/de\/wp-json\/wp\/v2\/users\/20"}],"replies":[{"embeddable":true,"href":"https:\/\/www.koli.fi\/de\/wp-json\/wp\/v2\/comments?post=10510"}],"version-history":[{"count":10,"href":"https:\/\/www.koli.fi\/de\/wp-json\/wp\/v2\/pages\/10510\/revisions"}],"predecessor-version":[{"id":15095,"href":"https:\/\/www.koli.fi\/de\/wp-json\/wp\/v2\/pages\/10510\/revisions\/15095"}],"up":[{"embeddable":true,"href":"https:\/\/www.koli.fi\/de\/wp-json\/wp\/v2\/pages\/8362"}],"wp:attachment":[{"href":"https:\/\/www.koli.fi\/de\/wp-json\/wp\/v2\/media?parent=10510"}],"wp:term":[{"taxonomy":"servicecategory","embeddable":true,"href":"https:\/\/www.koli.fi\/de\/wp-json\/wp\/v2\/servicecategories?post=10510"}],"curies":[{"name":"wp","href":"https:\/\/api.w.org\/{rel}","templated":true}]}}