{"id":10609,"date":"2023-09-13T11:36:47","date_gmt":"2023-09-13T08:36:47","guid":{"rendered":"https:\/\/www.koli.fi\/?page_id=10609"},"modified":"2026-04-23T07:48:04","modified_gmt":"2026-04-23T04:48:04","slug":"pielinen-kreuzfahrten","status":"publish","type":"page","link":"https:\/\/www.koli.fi\/de\/pielinen-kreuzfahrten\/","title":{"rendered":"Pielinen F\u00e4hr- und Kreuzfahrten"},"content":{"rendered":"\n<p class=\"has-text-align-center\">Erlebe das Nationalpanorama von Koli aus auf den Wellen des Pielinen-Sees. Mach eine entspannte Panorama-Kreuzfahrt oder nimm an einer geplanten Streckenfahrt von Koli nach Vuonislahti teil \u2013 oder umgekehrt \u2013 an Bord des Schiffes.<\/p>\n\n\n\n<div class=\"wp-block-columns is-layout-flex wp-container-core-columns-is-layout-28f84493 wp-block-columns-is-layout-flex\">\n<div class=\"wp-block-column is-layout-flow wp-block-column-is-layout-flow\" style=\"flex-basis:33.33%\">\n<h4 class=\"wp-block-heading\">M\/S Marival II \u2013 Amfion Marine Charters Oy<\/h4>\n<\/div>\n\n\n\n<div class=\"wp-block-column is-layout-flow wp-block-column-is-layout-flow\" style=\"flex-basis:66.66%\">\n<p>Das Boot M\/S Marival II wurde 1965 in Polen gebaut, wo es auch die ersten 30 Jahre im Einsatz war. 1995 wurde es nach Finnland gebracht und zum heutigen Aussehen umgebaut. Das Schiff eignet sich mit seinem Ausbau und Komfort hervorragend f\u00fcr Passagiertransport und Ausfl\u00fcge. 88 Passagiere finden Platz, zudem stehen eine Bar, ein Restaurant und grossz\u00fcgige Sonnendecks zur Verf\u00fcgung. Ausserdem 2 Toiletten, bel\u00fcftete Innenr\u00e4ume und Zentralheizung. Dank seiner stabilen Bauart eignet sich die M\/S Marival II bestens f\u00fcr grosse Gruppen. F\u00e4hrr\u00e4der k\u00f6nnen gegen eine Geb\u00fchr von \u20ac2 an Bord genommen werden, Hunde sind willkommen.<\/p>\n<\/div>\n<\/div>\n\n\n\n<div style=\"height:50px\" aria-hidden=\"true\" class=\"wp-block-spacer\"><\/div>\n\n\n\n<figure class=\"wp-block-gallery has-nested-images columns-default is-cropped wp-block-gallery-1 is-layout-flex wp-block-gallery-is-layout-flex\">\n<figure class=\"wp-block-image size-large\"><img loading=\"lazy\" decoding=\"async\" width=\"716\" height=\"1024\" data-id=\"7942\" src=\"https:\/\/www.koli.fi\/wp-content\/uploads\/2023\/09\/Marival-II_risteilyt-kopio-716x1024.jpg\" alt=\"\" class=\"wp-image-7942\" srcset=\"https:\/\/www.koli.fi\/wp-content\/uploads\/2023\/09\/Marival-II_risteilyt-kopio-716x1024.jpg 716w, https:\/\/www.koli.fi\/wp-content\/uploads\/2023\/09\/Marival-II_risteilyt-kopio-210x300.jpg 210w, https:\/\/www.koli.fi\/wp-content\/uploads\/2023\/09\/Marival-II_risteilyt-kopio-768x1098.jpg 768w, https:\/\/www.koli.fi\/wp-content\/uploads\/2023\/09\/Marival-II_risteilyt-kopio-1074x1536.jpg 1074w, https:\/\/www.koli.fi\/wp-content\/uploads\/2023\/09\/Marival-II_risteilyt-kopio-1432x2048.jpg 1432w, https:\/\/www.koli.fi\/wp-content\/uploads\/2023\/09\/Marival-II_risteilyt-kopio-1119x1600.jpg 1119w, https:\/\/www.koli.fi\/wp-content\/uploads\/2023\/09\/Marival-II_risteilyt-kopio-scaled.jpg 1790w\" sizes=\"auto, (max-width: 716px) 100vw, 716px\"><\/figure>\n\n\n\n<figure class=\"wp-block-image size-large\"><img loading=\"lazy\" decoding=\"async\" width=\"1024\" height=\"683\" data-id=\"7938\" src=\"https:\/\/www.koli.fi\/wp-content\/uploads\/2023\/09\/Risteily-sisalta-1024x683.jpg\" alt=\"\" class=\"wp-image-7938\" srcset=\"https:\/\/www.koli.fi\/wp-content\/uploads\/2023\/09\/Risteily-sisalta-1024x683.jpg 1024w, https:\/\/www.koli.fi\/wp-content\/uploads\/2023\/09\/Risteily-sisalta-300x200.jpg 300w, https:\/\/www.koli.fi\/wp-content\/uploads\/2023\/09\/Risteily-sisalta-768x512.jpg 768w, https:\/\/www.koli.fi\/wp-content\/uploads\/2023\/09\/Risteily-sisalta.jpg 1280w\" sizes=\"auto, (max-width: 1024px) 100vw, 1024px\"><\/figure>\n\n\n\n<figure class=\"wp-block-image size-large\"><img loading=\"lazy\" decoding=\"async\" width=\"1024\" height=\"684\" data-id=\"7939\" src=\"https:\/\/www.koli.fi\/wp-content\/uploads\/2023\/09\/Risteily-sisalta2-1024x684.jpg\" alt=\"\" class=\"wp-image-7939\" srcset=\"https:\/\/www.koli.fi\/wp-content\/uploads\/2023\/09\/Risteily-sisalta2-1024x684.jpg 1024w, https:\/\/www.koli.fi\/wp-content\/uploads\/2023\/09\/Risteily-sisalta2-300x200.jpg 300w, https:\/\/www.koli.fi\/wp-content\/uploads\/2023\/09\/Risteily-sisalta2-768x513.jpg 768w, https:\/\/www.koli.fi\/wp-content\/uploads\/2023\/09\/Risteily-sisalta2.jpg 1280w\" sizes=\"auto, (max-width: 1024px) 100vw, 1024px\"><\/figure>\n<\/figure>\n\n\n\n<div class=\"wp-block-columns is-layout-flex wp-container-core-columns-is-layout-28f84493 wp-block-columns-is-layout-flex\">\n<div class=\"wp-block-column is-layout-flow wp-block-column-is-layout-flow\" style=\"flex-basis:33.33%\"><\/div>\n\n\n\n<div class=\"wp-block-column is-layout-flow wp-block-column-is-layout-flow\" style=\"flex-basis:66.66%\">\n<p>Bootstouren mit der M\/S Marival II sind eine hervorragende Art, die Sch\u00f6nheiten der Umgebung, von der Schroffheit der Koli-Gipfel bis zu den idyllischen Str\u00e4nden von Vuonislahti zu entdecken. Die erfrischenden Ausfl\u00fcge werden durch das an Bord befindliche Caf\u00e9, Restaurant und Bar komplettiert. Einzelfahrten k\u00f6nnen ebenso gebucht werden wie ein Rundfahrten-Ticket Pielinen. <a href=\"https:\/\/www.vr.fi\/en\/timetables\" target=\"_blank\" rel=\"noopener\">Dazu passende Zugverbindungen finden sich auf der Seite der VR\/Finnische Bahn.<\/a> <\/p>\n\n\n\n<p>Dein Fahrrad darf mit an Bord, Hunde sind ebenso willkommen. <\/p>\n<\/div>\n<\/div>\n\n\n\n<div style=\"height:50px\" aria-hidden=\"true\" class=\"wp-block-spacer\"><\/div>\n\n\n\n<div class=\"wp-block-columns is-layout-flex wp-container-core-columns-is-layout-28f84493 wp-block-columns-is-layout-flex\">\n<div class=\"wp-block-column is-layout-flow wp-block-column-is-layout-flow\" style=\"flex-basis:33.33%\">\n<h4 class=\"wp-block-heading\">Zeitplan<\/h4>\n<\/div>\n\n\n\n<div class=\"wp-block-column is-layout-flow wp-block-column-is-layout-flow\" style=\"flex-basis:66.66%\">\n<p><strong>16.\u201321.6.<\/strong><br>Landschaftsrundfahrten auf dem Pielinen um 12.30 Uhr und um 15.00 Uhr.<\/p>\n\n\n\n<p><strong>23.\u201328.6.<\/strong><\/p>\n\n\n\n<ul class=\"wp-block-list\">\n<li>12.30 Uhr Koli \u2013 13.30 Uhr Vuonislahti \u2013 14.30 Uhr Koli<\/li>\n\n\n\n<li>15.00 Uhr Koli \u2013 16.00 Uhr Vuonislahti \u2013 17.00 Uhr Koli<\/li>\n\n\n\n<li>Abendessen-Kreuzfahrt Mi\u2013Sa um 18.00 Uhr<\/li>\n<\/ul>\n\n\n\n<p><strong>30.6.\u20132.8.<\/strong><\/p>\n\n\n\n<ul class=\"wp-block-list\">\n<li>12.30 Uhr Koli \u2013 13.30 Uhr Vuonislahti \u2013 14.30 Uhr Koli<\/li>\n\n\n\n<li>15.00 Uhr Koli \u2013 16.00 Uhr Vuonislahti \u2013 17.00 Uhr Koli<\/li>\n\n\n\n<li>Abendessen-Kreuzfahrt Mi\u2013Sa 18.00 Uhr<\/li>\n<\/ul>\n\n\n\n<p><strong>3.8.\u201330.8. dienstags bis samstags<\/strong><br>Landschaftskreuzfahrten auf dem Pielinen um 12.30 Uhr und 15.00 Uhr.<\/p>\n\n\n\n<p><strong>Die Kreuzfahrten starten vom Hafen von Koli, Adresse: Rantatie 12. Der Hafen von Vuonislahti befindet sich am Ende der Tolkintie.<\/strong><\/p>\n<\/div>\n<\/div>\n\n\n\n<div style=\"height:50px\" aria-hidden=\"true\" class=\"wp-block-spacer\"><\/div>\n\n\n\n<div class=\"wp-block-columns is-layout-flex wp-container-core-columns-is-layout-28f84493 wp-block-columns-is-layout-flex\">\n<div class=\"wp-block-column is-layout-flow wp-block-column-is-layout-flow\" style=\"flex-basis:33.33%\">\n<h4 class=\"wp-block-heading\">Preisliste<\/h4>\n<\/div>\n\n\n\n<div class=\"wp-block-column is-layout-flow wp-block-column-is-layout-flow\" style=\"flex-basis:66.66%\">\n<p><strong>Kreuzfahrten<\/strong><\/p>\n\n\n\n<ul class=\"wp-block-list\">\n<li>33\u20ac Erwachsene<\/li>\n\n\n\n<li>20\u20ac Kinder<\/li>\n\n\n\n<li>79\u20ac Familien (2 Erwachsene und max. 3 Kinder)<\/li>\n\n\n\n<li>27\u20ac Rentner, Studenten, Arbeitslose<\/li>\n\n\n\n<li>27 \u20ac\/Person Gruppen mit \u00fcber 10 Personen und Gesamtbezahlung<\/li>\n\n\n\n<li>60\u20ac\/Person Dinner-Kreuzfahrt (inklusive Ticket und Abendessen)<\/li>\n<\/ul>\n\n\n\n<p><strong>Route (einseitig)<\/strong><\/p>\n\n\n\n<ul class=\"wp-block-list\">\n<li>24\u20ac Erwachsene, Rentner, Studenten, Arbeitslose<\/li>\n\n\n\n<li>15\u20ac Kind<\/li>\n\n\n\n<li>50\u20ac Familien (2 Erwachsene und max. 3 Kinder)<\/li>\n\n\n\n<li>20\u20ac\/Person Gruppen mit \u00fcber 10 Personen und Gesamtbezahlung<\/li>\n\n\n\n<li>2\u20ac Fahrrad<\/li>\n<\/ul>\n\n\n\n<p>Charter-Kreuzfahrten f\u00fcr Ihre Gruppe ab 1080\u20ac + 27\u20ac\/Person.<br>Bootstransfer 150\u20ac\/Stunde.<\/p>\n<\/div>\n<\/div>\n\n\n\n<div id=\"johku-block_1986d08d9a0a9ed67904835545e97bfc\" class=\"johku-block\">\n\n\t\n\t\t<div class=\"johku-block__content\">\n\t\t\t<johku-widget id=\"kolidmc\/f55e0bac41c0d181\" locale=\"fi_FI\"><\/johku-widget>\t\t<\/div><!-- .johku-block__content -->\n\n\t\n\n<\/div>\n\n\n\n<div style=\"height:50px\" aria-hidden=\"true\" class=\"wp-block-spacer\"><\/div>\n\n\n\n<h5 class=\"wp-block-heading\">Planen Sie eine Gruppenreise?<\/h5>\n\n\n\n<div id=\"pagelinks-block_ec0d595f12f593864a9caab35adee2c7\" class=\"pagelinks-block\">\n\n\t\t\t<div class=\"pagelinks-block__pagelinks carousel\" data-size=\"big\" data-links=\"[5893]\">\n\t\t<\/div><!-- .pagelinks-block__pagelinks -->\n\n\t\t\n\t<\/div>\n\n\n\n<div style=\"height:100px\" aria-hidden=\"true\" class=\"wp-block-spacer\"><\/div>\n","protected":false},"excerpt":{"rendered":"<p>Erlebe das Nationalpanorama von Koli aus auf den Wellen des Pielinen-Sees. Mach eine entspannte Panorama-Kreuzfahrt oder nimm an einer geplanten Streckenfahrt von Koli nach Vuonislahti teil \u2013 oder umgekehrt \u2013 an Bord des Schiffes. M\/S Marival II &#8211; Amfion Marine Charters Oy Das Boot M\/S Marival II wurde 1965 in Polen gebaut, wo es auch [&hellip;]<\/p>\n","protected":false},"author":20,"featured_media":0,"parent":0,"menu_order":0,"comment_status":"closed","ping_status":"closed","template":"","meta":{"_acf_changed":false,"footnotes":""},"servicecategories":[268],"class_list":["post-10609","page","type-page","status-publish","hentry","servicecategory-aktivitaten"],"acf":{"hero_type":"image","hero_image":7935,"hero_video":null,"hero_title_upper":"","hero_title":"Pielinen F\u00e4hr- und Kreuzfahrten","hero_text":"Erleben Sie den Pielinen auf stimmungsvollen Kreuzfahrten im Sommer 2025","hero_link":null,"use_summer":"no","hero_type_summer":"image","hero_image_summer":null,"hero_video_summer":null,"hero_title_upper_summer":"","hero_title_summer":"","hero_text_summer":"","hero_link_summer":[""],"use_winter":"no","hero_type_winter":"image","hero_image_winter":null,"hero_video_winter":null,"hero_title_upper_winter":"","hero_title_winter":"","hero_text_winter":"","hero_link_winter":[""]},"_links":{"self":[{"href":"https:\/\/www.koli.fi\/de\/wp-json\/wp\/v2\/pages\/10609","targetHints":{"allow":["GET"]}}],"collection":[{"href":"https:\/\/www.koli.fi\/de\/wp-json\/wp\/v2\/pages"}],"about":[{"href":"https:\/\/www.koli.fi\/de\/wp-json\/wp\/v2\/types\/page"}],"author":[{"embeddable":true,"href":"https:\/\/www.koli.fi\/de\/wp-json\/wp\/v2\/users\/20"}],"replies":[{"embeddable":true,"href":"https:\/\/www.koli.fi\/de\/wp-json\/wp\/v2\/comments?post=10609"}],"version-history":[{"count":16,"href":"https:\/\/www.koli.fi\/de\/wp-json\/wp\/v2\/pages\/10609\/revisions"}],"predecessor-version":[{"id":31841,"href":"https:\/\/www.koli.fi\/de\/wp-json\/wp\/v2\/pages\/10609\/revisions\/31841"}],"wp:attachment":[{"href":"https:\/\/www.koli.fi\/de\/wp-json\/wp\/v2\/media?parent=10609"}],"wp:term":[{"taxonomy":"servicecategory","embeddable":true,"href":"https:\/\/www.koli.fi\/de\/wp-json\/wp\/v2\/servicecategories?post=10609"}],"curies":[{"name":"wp","href":"https:\/\/api.w.org\/{rel}","templated":true}]}}