{"id":10624,"date":"2023-09-13T16:01:21","date_gmt":"2023-09-13T13:01:21","guid":{"rendered":"https:\/\/www.koli.fi\/?page_id=10624"},"modified":"2024-02-23T11:31:11","modified_gmt":"2024-02-23T09:31:11","slug":"eisbaden","status":"publish","type":"page","link":"https:\/\/www.koli.fi\/de\/entdeckungen\/aktivitaeten\/eisbaden\/","title":{"rendered":"Eisbaden"},"content":{"rendered":"\n<p class=\"has-text-align-center\">Eisbaden ist wortw\u00f6rtlich ein erfrischendes Erlebnis und eine einzigartige M\u00f6glichkeit, sich mit der Natur zu verbinden. Ein Tauchgang im kalten Wasser stimuliert die Blutzirkulation und befreit von Stress. Eisbaden kombiniert mit einem Saunagang ist die beste Art, sich zu entspannen und zu erholen. <\/p>\n\n\n\n<p class=\"has-text-align-center\">Eisbaden am Koli wird von Kolin Kangastus am Ufer des Jeronj\u00e4rvi-Sees und von Koli Freetime am Kopravaara am Ufer des Valkealampi-Sees angeboten.<\/p>\n\n\n\n<div style=\"height:50px\" aria-hidden=\"true\" class=\"wp-block-spacer\"><\/div>\n\n\n\n<h4 class=\"wp-block-heading\">Anf\u00e4nger? Hier ein paar Tipps<\/h4>\n\n\n\n<ol class=\"wp-block-list\">\n<li>Sicherheit geht vor: wir empfehlen das Tragen von Socken oder Badeschuhen, M\u00fctze, Handschuhe und einen Badeanzug. Gehe nicht alleine zum Eisbaden. Beweg Dich auf dem Weg zum Badeloch vorsichtig, es k\u00f6nnte sehr rutschig sein.  <\/li>\n\n\n\n<li>W\u00e4rme Dich vor dem Eintauchen gut auf. Gehst Du direkt nach der Sauna, dann gib Deinem K\u00f6rper einen Moment, sich etwas abzuk\u00fchlen. <\/li>\n\n\n\n<li>Konzentriere Dich auf Deine Atmung. Eintauchen ins kalte Wasser kann f\u00fcr Deinen K\u00f6rper wie ein Schock sein und einen kurzen Atemstillstand provozieren. Nicht gef\u00e4hrlich, aber gut, sich dessen bewusst zu sein. <\/li>\n\n\n\n<li>Starte langsam: Anf\u00e4nger sollten ihren K\u00f6rper langsam an das kalte Wasser gew\u00f6hnen. Beginne mit ganz kurzen Abtauchern in Begleitung und steigere Dich langsam. Du hast keine Eile! <\/li>\n\n\n\n<li>Gehe nie zum Eisbaden, wenn Du krank bist oder Alkohol eingenommen hast! <\/li>\n\n\n\n<li>Profitiere von den Gesundheitsvorteilen des Eisbadens und h\u00f6re auf Deinen K\u00f6rper. Kinder k\u00f6nnen unter Aufsicht Erwachsener ebenfalls Eisbaden versuchen. <\/li>\n<\/ol>\n\n\n\n<div style=\"height:50px\" aria-hidden=\"true\" class=\"wp-block-spacer\"><\/div>\n\n\n\n<figure class=\"wp-block-image aligncenter size-large\"><img loading=\"lazy\" decoding=\"async\" width=\"1024\" height=\"683\" src=\"https:\/\/www.koli.fi\/wp-content\/uploads\/2023\/12\/VisitKarelia_F94I5955-1-1024x683.jpg\" alt=\"\" class=\"wp-image-12300\" srcset=\"https:\/\/www.koli.fi\/wp-content\/uploads\/2023\/12\/VisitKarelia_F94I5955-1-1024x683.jpg 1024w, https:\/\/www.koli.fi\/wp-content\/uploads\/2023\/12\/VisitKarelia_F94I5955-1-300x200.jpg 300w, https:\/\/www.koli.fi\/wp-content\/uploads\/2023\/12\/VisitKarelia_F94I5955-1-768x512.jpg 768w, https:\/\/www.koli.fi\/wp-content\/uploads\/2023\/12\/VisitKarelia_F94I5955-1-1536x1024.jpg 1536w, https:\/\/www.koli.fi\/wp-content\/uploads\/2023\/12\/VisitKarelia_F94I5955-1-2048x1365.jpg 2048w, https:\/\/www.koli.fi\/wp-content\/uploads\/2023\/12\/VisitKarelia_F94I5955-1-1920x1280.jpg 1920w, https:\/\/www.koli.fi\/wp-content\/uploads\/2023\/12\/VisitKarelia_F94I5955-1-1600x1067.jpg 1600w\" sizes=\"auto, (max-width: 1024px) 100vw, 1024px\"><\/figure>\n\n\n\n<div style=\"height:50px\" aria-hidden=\"true\" class=\"wp-block-spacer\"><\/div>\n\n\n\n<div class=\"wp-block-columns is-layout-flex wp-container-core-columns-is-layout-28f84493 wp-block-columns-is-layout-flex\">\n<div class=\"wp-block-column is-layout-flow wp-block-column-is-layout-flow\">\n<h5 class=\"wp-block-heading\">Kolin Kangastus<\/h5>\n<\/div>\n\n\n\n<div class=\"wp-block-column is-layout-flow wp-block-column-is-layout-flow\">\n<p>Koli Kangastus befindet sich einige Kilometer vom Dorf Koli entfernt am Ufer des Jero-Sees. F\u00fcr Anfragen zu privaten Saunen wenden Sie sich bitte an <a href=\"mailto:sales@koli.fi\">sales@koli.fi<\/a>.<\/p>\n<\/div>\n<\/div>\n\n\n\n<div style=\"height:50px\" aria-hidden=\"true\" class=\"wp-block-spacer\"><\/div>\n\n\n\n<div class=\"wp-block-columns is-layout-flex wp-container-core-columns-is-layout-28f84493 wp-block-columns-is-layout-flex\">\n<div class=\"wp-block-column is-layout-flow wp-block-column-is-layout-flow\">\n<h5 class=\"wp-block-heading\">Koli Freetime<\/h5>\n<\/div>\n\n\n\n<div class=\"wp-block-column is-layout-flow wp-block-column-is-layout-flow\">\n<p>Entspannung im offenen Wasser! Ob Du ein erfahrener Eisbader bist oder das Gef\u00fchl eines Eisbades einfach mal ausprobieren willst, Koli Freetime bietet Dir einen beleuchteten Eisbade-Platz.  Die Eisbade-Saison beginnt im Dezember und dauert bis in den April. Das Eisloch wird durch eine Pumpe offen gehalten. Danach geniesst Du einen Saunagang in der \u00f6ffentlichen Sauna (Frauen, M\u00e4nner oder gemischt) oder buchst Dir eine Privat-Sauna f\u00fcr Deinen Anlass. <\/p>\n\n\n\n<p>Kontaktiere <strong>sales@koli.fi<\/strong>, um Deine private Sauna zu buchen.<\/p>\n<\/div>\n<\/div>\n\n\n\n<div style=\"height:50px\" aria-hidden=\"true\" class=\"wp-block-spacer\"><\/div>\n\n\n\n<h3 class=\"wp-block-heading\">Buchen Sie ein erfrischendes Eintauchen in die Eisbad-Sitzung von Koli Freetime<\/h3>\n\n\n\n<div id=\"johku-block_5d0995a94a222a211bc7d87316e40b27\" class=\"johku-block\">\n\n\t\n\t\t<div class=\"johku-block__content\">\n\t\t\t<johku-widget id=\"kolidmc\/956ac88c58407ebe\" locale=\"fi_FI\"><\/johku-widget>\t\t<\/div><!-- .johku-block__content -->\n\n\t\n\n<\/div>\n\n\n\n<div style=\"height:100px\" aria-hidden=\"true\" class=\"wp-block-spacer\"><\/div>\n\n\n\n<h5 class=\"wp-block-heading\">Erkunde Ziele<\/h5>\n\n\n\n<div id=\"pagelinks-block_993985757a21ba3f476bd4c85c790136\" class=\"pagelinks-block\">\n\n\t\t\t<div class=\"pagelinks-block__pagelinks carousel\" data-size=\"medium\" data-links=\"[10923,10930]\">\n\t\t<\/div><!-- .pagelinks-block__pagelinks -->\n\n\t\t\t\t\t<div class=\"pagelinks-block__arrows\">\n\t\t\t\t<p><span class=\"current\">1<\/span> \/ <span class=\"total\">2<\/span><\/p>\n\t\t\t<\/div><!-- .pagelinks-block__arrows -->\n\t\t\n\t<\/div>\n\n\n\n<div style=\"height:100px\" aria-hidden=\"true\" class=\"wp-block-spacer\"><\/div>\n","protected":false},"excerpt":{"rendered":"<p>Eisbaden ist wortw\u00f6rtlich ein erfrischendes Erlebnis und eine einzigartige M\u00f6glichkeit, sich mit der Natur zu verbinden. Ein Tauchgang im kalten Wasser stimuliert die Blutzirkulation und befreit von Stress. Eisbaden kombiniert mit einem Saunagang ist die beste Art, sich zu entspannen und zu erholen. Eisbaden am Koli wird von Kolin Kangastus am Ufer des Jeronj\u00e4rvi-Sees und [&hellip;]<\/p>\n","protected":false},"author":20,"featured_media":0,"parent":8362,"menu_order":0,"comment_status":"closed","ping_status":"closed","template":"","meta":{"_acf_changed":false,"footnotes":""},"servicecategories":[268],"class_list":["post-10624","page","type-page","status-publish","hentry","servicecategory-aktivitaten"],"acf":{"hero_type":"image","hero_image":8140,"hero_video":null,"hero_title_upper":"","hero_title":"","hero_text":"","hero_link":"","use_summer":"no","hero_type_summer":"image","hero_image_summer":null,"hero_video_summer":null,"hero_title_upper_summer":"","hero_title_summer":"","hero_text_summer":"","hero_link_summer":null,"use_winter":"no","hero_type_winter":"image","hero_image_winter":null,"hero_video_winter":null,"hero_title_upper_winter":"","hero_title_winter":"","hero_text_winter":"","hero_link_winter":null},"_links":{"self":[{"href":"https:\/\/www.koli.fi\/de\/wp-json\/wp\/v2\/pages\/10624","targetHints":{"allow":["GET"]}}],"collection":[{"href":"https:\/\/www.koli.fi\/de\/wp-json\/wp\/v2\/pages"}],"about":[{"href":"https:\/\/www.koli.fi\/de\/wp-json\/wp\/v2\/types\/page"}],"author":[{"embeddable":true,"href":"https:\/\/www.koli.fi\/de\/wp-json\/wp\/v2\/users\/20"}],"replies":[{"embeddable":true,"href":"https:\/\/www.koli.fi\/de\/wp-json\/wp\/v2\/comments?post=10624"}],"version-history":[{"count":8,"href":"https:\/\/www.koli.fi\/de\/wp-json\/wp\/v2\/pages\/10624\/revisions"}],"predecessor-version":[{"id":14857,"href":"https:\/\/www.koli.fi\/de\/wp-json\/wp\/v2\/pages\/10624\/revisions\/14857"}],"up":[{"embeddable":true,"href":"https:\/\/www.koli.fi\/de\/wp-json\/wp\/v2\/pages\/8362"}],"wp:attachment":[{"href":"https:\/\/www.koli.fi\/de\/wp-json\/wp\/v2\/media?parent=10624"}],"wp:term":[{"taxonomy":"servicecategory","embeddable":true,"href":"https:\/\/www.koli.fi\/de\/wp-json\/wp\/v2\/servicecategories?post=10624"}],"curies":[{"name":"wp","href":"https:\/\/api.w.org\/{rel}","templated":true}]}}