{"id":10696,"date":"2023-09-13T14:05:55","date_gmt":"2023-09-13T11:05:55","guid":{"rendered":"https:\/\/www.koli.fi\/?page_id=10696"},"modified":"2025-11-10T15:55:53","modified_gmt":"2025-11-10T13:55:53","slug":"schneeschuhtouren","status":"publish","type":"page","link":"https:\/\/www.koli.fi\/de\/entdeckungen\/aktivitaeten\/schneeschuhtouren\/","title":{"rendered":"Schneeschuhtouren"},"content":{"rendered":"\n<p class=\"has-text-align-center\">Spa\u00dfig. Einfach. Geeignet f\u00fcr alle. Das Juwel des Wintersports. Das ist Schneeschuhwandern. Diese einfache Aktivit\u00e4t eignet sich perfekt zum Trainieren oder f\u00fcr entspannte Ausfl\u00fcge. Bei einer Schneeschuhwanderung kommt man am besten auf seine Kosten, wenn man seinen eigenen Pfad durch den verschneiten Wald geht. Koli eignet sich besonders gut zum Schneeschuhwandern. Mit seinen H\u00f6henunterschieden, der dicken Schneedecke und oft belohnenden verschneiten Landschaften bietet Koli ausgezeichnetes Terrain f\u00fcr das Schneeschuhwandern. Schneeschuhwandern ist in Koli tats\u00e4chlich eine der beliebtesten Aktivit\u00e4ten im Winter. Es kommen auch gr\u00f6\u00dfere Gruppen, sodass manchmal fast hundert Personen gleichzeitig Schneeschuhwandern gehen.<\/p>\n\n\n\n<figure class=\"wp-block-image aligncenter size-large is-resized\"><img loading=\"lazy\" decoding=\"async\" width=\"1024\" height=\"683\" src=\"https:\/\/www.koli.fi\/wp-content\/uploads\/2023\/12\/Koli-Active-hiihtoloma-1024x683.jpg\" alt=\"\" class=\"wp-image-12613\" style=\"width:900px;height:auto\" srcset=\"https:\/\/www.koli.fi\/wp-content\/uploads\/2023\/12\/Koli-Active-hiihtoloma-1024x683.jpg 1024w, https:\/\/www.koli.fi\/wp-content\/uploads\/2023\/12\/Koli-Active-hiihtoloma-300x200.jpg 300w, https:\/\/www.koli.fi\/wp-content\/uploads\/2023\/12\/Koli-Active-hiihtoloma-768x512.jpg 768w, https:\/\/www.koli.fi\/wp-content\/uploads\/2023\/12\/Koli-Active-hiihtoloma-1536x1024.jpg 1536w, https:\/\/www.koli.fi\/wp-content\/uploads\/2023\/12\/Koli-Active-hiihtoloma-2048x1365.jpg 2048w, https:\/\/www.koli.fi\/wp-content\/uploads\/2023\/12\/Koli-Active-hiihtoloma-1920x1280.jpg 1920w, https:\/\/www.koli.fi\/wp-content\/uploads\/2023\/12\/Koli-Active-hiihtoloma-1600x1067.jpg 1600w\" sizes=\"auto, (max-width: 1024px) 100vw, 1024px\"><\/figure>\n\n\n\n<div style=\"height:55px\" aria-hidden=\"true\" class=\"wp-block-spacer\"><\/div>\n\n\n\n<p class=\"has-text-align-center\">Traditionelle Schneeschuhe eignen sich selbst f\u00fcr steilere Gipfel von Koli, aber Gleitschneeschuhe sind besser f\u00fcr sanfteres Gel\u00e4nde geeignet. Gute Ziele f\u00fcr Gleitschneeschuhe sind zum Beispiel R\u00e4s\u00e4vaara, die H\u00fcgel von Loma-Koli oder die s\u00fcdlichen H\u00fcgel des Koli-Nationalparks. Gleitschneeschuhe gleiten m\u00fchelos durch weichen Schnee.<\/p>\n\n\n\n<p class=\"has-text-align-center\">Du brauchst nicht unbedingt deine eigenen Schneeschuhe, denn in den Verleihl\u00e4den von Koli gibt es sowohl Schneeschuhe und St\u00f6cke als auch Gleitschneeschuhe.<\/p>\n\n\n\n<p class=\"has-text-align-center\">Schneeschuhwanderungen und Ausr\u00fcstungsverleih in Koli werden von<strong> Retkipaikka <\/strong>angeboten.<\/p>\n\n\n\n<div style=\"height:50px\" aria-hidden=\"true\" class=\"wp-block-spacer\"><\/div>\n\n\n\n<h4 class=\"wp-block-heading\">Schneeschuhtouren in Koli<\/h4>\n\n\n\n<div class=\"wp-block-columns is-layout-flex wp-container-core-columns-is-layout-28f84493 wp-block-columns-is-layout-flex\">\n<div class=\"wp-block-column is-layout-flow wp-block-column-is-layout-flow\" style=\"flex-basis:33.33%\">\n<h6 class=\"wp-block-heading\">Koli-Gipfel Schneeschuhwanderweg, ein 1,5 km langer Rundweg<\/h6>\n<\/div>\n\n\n\n<div class=\"wp-block-column is-layout-flow wp-block-column-is-layout-flow\" style=\"flex-basis:66.66%\">\n<p>Dieser ca. 1.5 km lange Rundweg ist mit orangen und roten B\u00e4ndern und Punkten markiert. Eine Karte ist nicht notwendig. Der Rundweg ist ausschliesslich f\u00fcr Schneesschuhwanderer gemacht und geeignet f\u00fcr Anf\u00e4nger, wie auch f\u00fcr Fortgeschrittene.<\/p>\n\n\n\n<p>Feuerstellen befinden sich in Vaaralanaho und Ikolanaho. Brennholz kann im Besucherzentrum Ukko gekauft werden.\u00a0<\/p>\n\n\n\n<p><strong>Erg\u00e4nzende Informationen: <\/strong>Koli Nature Centre Ukko, Tel. 040 773 2442, ukko@retkipaikka.fi.<\/p>\n<\/div>\n<\/div>\n\n\n\n<div style=\"height:50px\" aria-hidden=\"true\" class=\"wp-block-spacer\"><\/div>\n\n\n\n<h4 class=\"wp-block-heading\">Verleih von Ausr\u00fcstung und gef\u00fchrte Touren<\/h4>\n\n\n\n<div id=\"pagelinks-block_c193140efe5aa08fe55b05263fe6770c\" class=\"pagelinks-block\">\n\n\t\t\t<div class=\"pagelinks-block__pagelinks grid\" data-size=\"\" data-links=\"[9288,13179,9325]\">\n\t\t<\/div><!-- .pagelinks-block__pagelinks -->\n\n\t\t\n\t<\/div>\n\n\n\n<div style=\"height:50px\" aria-hidden=\"true\" class=\"wp-block-spacer\"><\/div>\n\n\n\n<figure class=\"wp-block-embed is-type-video is-provider-youtube wp-block-embed-youtube wp-embed-aspect-16-9 wp-has-aspect-ratio\"><div class=\"wp-block-embed__wrapper\">\n<iframe loading=\"lazy\" title=\"Kolin kansallispuisto\/Koli National Park\" width=\"640\" height=\"360\" src=\"https:\/\/www.youtube.com\/embed\/j6COrFrzjdg?feature=oembed\" frameborder=\"0\" allow=\"accelerometer; autoplay; clipboard-write; encrypted-media; gyroscope; picture-in-picture; web-share\" referrerpolicy=\"strict-origin-when-cross-origin\" allowfullscreen><\/iframe>\n<\/div><\/figure>\n","protected":false},"excerpt":{"rendered":"<p>Spa\u00dfig. Einfach. Geeignet f\u00fcr alle. Das Juwel des Wintersports. Das ist Schneeschuhwandern. Diese einfache Aktivit\u00e4t eignet sich perfekt zum Trainieren oder f\u00fcr entspannte Ausfl\u00fcge. Bei einer Schneeschuhwanderung kommt man am besten auf seine Kosten, wenn man seinen eigenen Pfad durch den verschneiten Wald geht. Koli eignet sich besonders gut zum Schneeschuhwandern. Mit seinen H\u00f6henunterschieden, der [&hellip;]<\/p>\n","protected":false},"author":20,"featured_media":0,"parent":8362,"menu_order":0,"comment_status":"closed","ping_status":"closed","template":"","meta":{"_acf_changed":false,"footnotes":""},"servicecategories":[268],"class_list":["post-10696","page","type-page","status-publish","hentry","servicecategory-aktivitaten"],"acf":{"hero_type":"image","hero_image":8034,"hero_video":null,"hero_title_upper":"","hero_title":"Schneeschuhtouren","hero_text":"Fasziniert von Schnee","hero_link":"","use_summer":"no","hero_type_summer":"image","hero_image_summer":null,"hero_video_summer":null,"hero_title_upper_summer":"","hero_title_summer":"","hero_text_summer":"","hero_link_summer":[""],"use_winter":"no","hero_type_winter":"image","hero_image_winter":null,"hero_video_winter":null,"hero_title_upper_winter":"","hero_title_winter":"","hero_text_winter":"","hero_link_winter":[""]},"_links":{"self":[{"href":"https:\/\/www.koli.fi\/de\/wp-json\/wp\/v2\/pages\/10696","targetHints":{"allow":["GET"]}}],"collection":[{"href":"https:\/\/www.koli.fi\/de\/wp-json\/wp\/v2\/pages"}],"about":[{"href":"https:\/\/www.koli.fi\/de\/wp-json\/wp\/v2\/types\/page"}],"author":[{"embeddable":true,"href":"https:\/\/www.koli.fi\/de\/wp-json\/wp\/v2\/users\/20"}],"replies":[{"embeddable":true,"href":"https:\/\/www.koli.fi\/de\/wp-json\/wp\/v2\/comments?post=10696"}],"version-history":[{"count":12,"href":"https:\/\/www.koli.fi\/de\/wp-json\/wp\/v2\/pages\/10696\/revisions"}],"predecessor-version":[{"id":31056,"href":"https:\/\/www.koli.fi\/de\/wp-json\/wp\/v2\/pages\/10696\/revisions\/31056"}],"up":[{"embeddable":true,"href":"https:\/\/www.koli.fi\/de\/wp-json\/wp\/v2\/pages\/8362"}],"wp:attachment":[{"href":"https:\/\/www.koli.fi\/de\/wp-json\/wp\/v2\/media?parent=10696"}],"wp:term":[{"taxonomy":"servicecategory","embeddable":true,"href":"https:\/\/www.koli.fi\/de\/wp-json\/wp\/v2\/servicecategories?post=10696"}],"curies":[{"name":"wp","href":"https:\/\/api.w.org\/{rel}","templated":true}]}}