{"id":10705,"date":"2023-09-08T10:34:14","date_gmt":"2023-09-08T07:34:14","guid":{"rendered":"https:\/\/www.koli.fi\/?page_id=10705"},"modified":"2024-02-23T11:46:52","modified_gmt":"2024-02-23T09:46:52","slug":"rodeln-skating-kinder-spielplatz","status":"publish","type":"page","link":"https:\/\/www.koli.fi\/de\/entdeckungen\/aktivitaeten\/rodeln-skating-kinder-spielplatz\/","title":{"rendered":"Rodelhang, Eisring &#038; Kinder-Spielplatz"},"content":{"rendered":"\n<p class=\"has-text-align-center\">Die Euro-Arena Koli bietet eine Kinderrutsche, einen kleinen Ski Park und eine \u00fcberdachte Grillstelle, sie befindet sich ungef\u00e4hr 1 km ausserhalb des Dorfes Koli in Richtung Ukko-Koli. Der Eisring ist offen f\u00fcr Jedermann, Einheimische und G\u00e4ste. Schlittschuhe k\u00f6nnen zur kostenlosen Verwendung aus der sich beim Eingang befindlichen Box genommen werden. Der Rodelhang und der Eisring werden durch die Koli Ipati Sport Vereinigung unterhalten.<\/p>\n\n\n\n<p class=\"has-text-align-center\"><strong>Koli Euro Arena<\/strong>, Yl\u00e4-Kolintie 10, Koli.<\/p>\n\n\n\n<div style=\"height:50px\" aria-hidden=\"true\" class=\"wp-block-spacer\"><\/div>\n\n\n\n<h4 class=\"wp-block-heading\">Erkunden Sie auch diese<\/h4>\n\n\n\n<div id=\"pagelinks-block_911ae941d68b732781eedcd51991b9ae\" class=\"pagelinks-block\">\n\n\t\t\t<div class=\"pagelinks-block__pagelinks grid\"\n\t\t\tdata-size=\"\"\n\t\t\tdata-links=\"[10510,10696,8438]\">\n\t\t<\/div><!-- .pagelinks-block__pagelinks -->\n\n\t\t\n\t<\/div>\n\n\n\n<div style=\"height:100px\" aria-hidden=\"true\" class=\"wp-block-spacer\"><\/div>\n","protected":false},"excerpt":{"rendered":"<p>Die Euro-Arena Koli bietet eine Kinderrutsche, einen kleinen Ski Park und eine \u00fcberdachte Grillstelle, sie befindet sich ungef\u00e4hr 1 km ausserhalb des Dorfes Koli in Richtung Ukko-Koli. Der Eisring ist offen f\u00fcr Jedermann, Einheimische und G\u00e4ste. Schlittschuhe k\u00f6nnen zur kostenlosen Verwendung aus der sich beim Eingang befindlichen Box genommen werden. Der Rodelhang und der Eisring [&hellip;]<\/p>\n","protected":false},"author":20,"featured_media":0,"parent":8362,"menu_order":0,"comment_status":"closed","ping_status":"closed","template":"","meta":{"_acf_changed":false,"footnotes":""},"servicecategories":[268],"class_list":["post-10705","page","type-page","status-publish","hentry","servicecategory-aktivitaten"],"acf":{"hero_type":"image","hero_image":11622,"hero_video":null,"hero_title_upper":"","hero_title":"Rodelhang, Eisring & Kinder-Spielplatz","hero_text":"Spa\u00df im Schnee f\u00fcr die ganze Familie","hero_link":"","use_summer":"no","hero_type_summer":"image","hero_image_summer":null,"hero_video_summer":null,"hero_title_upper_summer":"","hero_title_summer":"","hero_text_summer":"","hero_link_summer":null,"use_winter":"no","hero_type_winter":"image","hero_image_winter":null,"hero_video_winter":null,"hero_title_upper_winter":"","hero_title_winter":"","hero_text_winter":"","hero_link_winter":null},"_links":{"self":[{"href":"https:\/\/www.koli.fi\/de\/wp-json\/wp\/v2\/pages\/10705","targetHints":{"allow":["GET"]}}],"collection":[{"href":"https:\/\/www.koli.fi\/de\/wp-json\/wp\/v2\/pages"}],"about":[{"href":"https:\/\/www.koli.fi\/de\/wp-json\/wp\/v2\/types\/page"}],"author":[{"embeddable":true,"href":"https:\/\/www.koli.fi\/de\/wp-json\/wp\/v2\/users\/20"}],"replies":[{"embeddable":true,"href":"https:\/\/www.koli.fi\/de\/wp-json\/wp\/v2\/comments?post=10705"}],"version-history":[{"count":7,"href":"https:\/\/www.koli.fi\/de\/wp-json\/wp\/v2\/pages\/10705\/revisions"}],"predecessor-version":[{"id":14869,"href":"https:\/\/www.koli.fi\/de\/wp-json\/wp\/v2\/pages\/10705\/revisions\/14869"}],"up":[{"embeddable":true,"href":"https:\/\/www.koli.fi\/de\/wp-json\/wp\/v2\/pages\/8362"}],"wp:attachment":[{"href":"https:\/\/www.koli.fi\/de\/wp-json\/wp\/v2\/media?parent=10705"}],"wp:term":[{"taxonomy":"servicecategory","embeddable":true,"href":"https:\/\/www.koli.fi\/de\/wp-json\/wp\/v2\/servicecategories?post=10705"}],"curies":[{"name":"wp","href":"https:\/\/api.w.org\/{rel}","templated":true}]}}