{"id":10745,"date":"2023-09-13T11:35:01","date_gmt":"2023-09-13T08:35:01","guid":{"rendered":"https:\/\/www.koli.fi\/?page_id=10745"},"modified":"2023-12-15T14:44:46","modified_gmt":"2023-12-15T12:44:46","slug":"koli-jazz","status":"publish","type":"page","link":"https:\/\/www.koli.fi\/de\/entdeckungen\/veranstaltungen\/koli-jazz\/","title":{"rendered":"Koli Jazz"},"content":{"rendered":"\n<p>Die traditionellen Koli Jazz-Abende sind ein &#8222;Must&#8220;, ein musikalisches Wochenende, organisiert von Koli und der Joensuu Jazz Club Vereinigung.<\/p>\n\n\n\n<p>Die Kolis Gipfel bieten eine hervorragende B\u00fchne f\u00fcr Finnlands beste Musiker. Jazzkl\u00e4nge schaffen eine warme Atmosph\u00e4re in der Januar-Winterlandschaft.<\/p>\n\n\n\n<p>Koli Jazz bietet ein abwechslungsreiches Programm, das verschiedene Genres des Jazz sowie des Blues abdeckt. Auf dem Festival treten sowohl erstklassige finnische als auch internationale Musiker auf und es erwarten Sie gro\u00dfartige Live-Auftritte in einer wundersch\u00f6nen Umgebung im Freien.<\/p>\n\n\n\n<p>Das n\u00e4chste Koli Jazz findet am 19. und 20. Januar 2024 statt.<\/p>\n","protected":false},"excerpt":{"rendered":"<p>Die traditionellen Koli Jazz-Abende sind ein &#8222;Must&#8220;, ein musikalisches Wochenende, organisiert von Koli und der Joensuu Jazz Club Vereinigung. Die Kolis Gipfel bieten eine hervorragende B\u00fchne f\u00fcr Finnlands beste Musiker. Jazzkl\u00e4nge schaffen eine warme Atmosph\u00e4re in der Januar-Winterlandschaft. Koli Jazz bietet ein abwechslungsreiches Programm, das verschiedene Genres des Jazz sowie des Blues abdeckt. Auf dem [&hellip;]<\/p>\n","protected":false},"author":20,"featured_media":0,"parent":10743,"menu_order":0,"comment_status":"closed","ping_status":"closed","template":"","meta":{"_acf_changed":false,"footnotes":""},"servicecategories":[],"class_list":["post-10745","page","type-page","status-publish","hentry"],"acf":{"hero_type":"image","hero_image":13755,"hero_video":null,"hero_title_upper":"","hero_title":"","hero_text":"","hero_link":"","use_summer":"no","hero_type_summer":"image","hero_image_summer":null,"hero_video_summer":null,"hero_title_upper_summer":"","hero_title_summer":"","hero_text_summer":"","hero_link_summer":null,"use_winter":"no","hero_type_winter":"image","hero_image_winter":null,"hero_video_winter":null,"hero_title_upper_winter":"","hero_title_winter":"","hero_text_winter":"","hero_link_winter":null},"_links":{"self":[{"href":"https:\/\/www.koli.fi\/de\/wp-json\/wp\/v2\/pages\/10745","targetHints":{"allow":["GET"]}}],"collection":[{"href":"https:\/\/www.koli.fi\/de\/wp-json\/wp\/v2\/pages"}],"about":[{"href":"https:\/\/www.koli.fi\/de\/wp-json\/wp\/v2\/types\/page"}],"author":[{"embeddable":true,"href":"https:\/\/www.koli.fi\/de\/wp-json\/wp\/v2\/users\/20"}],"replies":[{"embeddable":true,"href":"https:\/\/www.koli.fi\/de\/wp-json\/wp\/v2\/comments?post=10745"}],"version-history":[{"count":2,"href":"https:\/\/www.koli.fi\/de\/wp-json\/wp\/v2\/pages\/10745\/revisions"}],"predecessor-version":[{"id":13759,"href":"https:\/\/www.koli.fi\/de\/wp-json\/wp\/v2\/pages\/10745\/revisions\/13759"}],"up":[{"embeddable":true,"href":"https:\/\/www.koli.fi\/de\/wp-json\/wp\/v2\/pages\/10743"}],"wp:attachment":[{"href":"https:\/\/www.koli.fi\/de\/wp-json\/wp\/v2\/media?parent=10745"}],"wp:term":[{"taxonomy":"servicecategory","embeddable":true,"href":"https:\/\/www.koli.fi\/de\/wp-json\/wp\/v2\/servicecategories?post=10745"}],"curies":[{"name":"wp","href":"https:\/\/api.w.org\/{rel}","templated":true}]}}