{"id":10747,"date":"2023-09-13T11:13:38","date_gmt":"2023-09-13T08:13:38","guid":{"rendered":"https:\/\/www.koli.fi\/?page_id=10747"},"modified":"2023-12-15T14:47:50","modified_gmt":"2023-12-15T12:47:50","slug":"koli-ruska-blues","status":"publish","type":"page","link":"https:\/\/www.koli.fi\/de\/entdeckungen\/veranstaltungen\/koli-ruska-blues\/","title":{"rendered":"Koli Ruska-Blues"},"content":{"rendered":"\n<p>Kolis legend\u00e4rste Veranstaltung, Ruska Blues (\u00fcbersetzt Herbst Blues), wird im Herbst erneut pr\u00e4sentiert, um mit schwungvollen Kl\u00e4ngen die H\u00fcgel von Koli zu erobern. Das Break Sokos Hotel Koli ist der ideale Ort f\u00fcr Konzerte, Essen und Spa\u00df.<\/p>\n\n\n\n<p>Im September 2023 feierte die Veranstaltung ihr 20-j\u00e4hriges Jubil\u00e4um.<\/p>\n\n\n\n<p>Koli Ruska Blues ist mehr als nur ein Musikereignis; Es ist ein Erlebnis, das die Kraft der Natur und der Musik vereint. Lassen Sie sich diese einmalige Gelegenheit nicht entgehen, gleichzeitig die Sch\u00f6nheit von Kolis Herbst und die Magie des Blues zu genie\u00dfen.<\/p>\n","protected":false},"excerpt":{"rendered":"<p>Kolis legend\u00e4rste Veranstaltung, Ruska Blues (\u00fcbersetzt Herbst Blues), wird im Herbst erneut pr\u00e4sentiert, um mit schwungvollen Kl\u00e4ngen die H\u00fcgel von Koli zu erobern. Das Break Sokos Hotel Koli ist der ideale Ort f\u00fcr Konzerte, Essen und Spa\u00df. Im September 2023 feierte die Veranstaltung ihr 20-j\u00e4hriges Jubil\u00e4um. Koli Ruska Blues ist mehr als nur ein Musikereignis; [&hellip;]<\/p>\n","protected":false},"author":20,"featured_media":0,"parent":10743,"menu_order":0,"comment_status":"closed","ping_status":"closed","template":"","meta":{"_acf_changed":false,"footnotes":""},"servicecategories":[],"class_list":["post-10747","page","type-page","status-publish","hentry"],"acf":{"hero_type":"image","hero_image":13762,"hero_video":null,"hero_title_upper":"","hero_title":"","hero_text":"","hero_link":"","use_summer":"no","hero_type_summer":"image","hero_image_summer":null,"hero_video_summer":null,"hero_title_upper_summer":"","hero_title_summer":"","hero_text_summer":"","hero_link_summer":null,"use_winter":"no","hero_type_winter":"image","hero_image_winter":null,"hero_video_winter":null,"hero_title_upper_winter":"","hero_title_winter":"","hero_text_winter":"","hero_link_winter":null},"_links":{"self":[{"href":"https:\/\/www.koli.fi\/de\/wp-json\/wp\/v2\/pages\/10747","targetHints":{"allow":["GET"]}}],"collection":[{"href":"https:\/\/www.koli.fi\/de\/wp-json\/wp\/v2\/pages"}],"about":[{"href":"https:\/\/www.koli.fi\/de\/wp-json\/wp\/v2\/types\/page"}],"author":[{"embeddable":true,"href":"https:\/\/www.koli.fi\/de\/wp-json\/wp\/v2\/users\/20"}],"replies":[{"embeddable":true,"href":"https:\/\/www.koli.fi\/de\/wp-json\/wp\/v2\/comments?post=10747"}],"version-history":[{"count":2,"href":"https:\/\/www.koli.fi\/de\/wp-json\/wp\/v2\/pages\/10747\/revisions"}],"predecessor-version":[{"id":13766,"href":"https:\/\/www.koli.fi\/de\/wp-json\/wp\/v2\/pages\/10747\/revisions\/13766"}],"up":[{"embeddable":true,"href":"https:\/\/www.koli.fi\/de\/wp-json\/wp\/v2\/pages\/10743"}],"wp:attachment":[{"href":"https:\/\/www.koli.fi\/de\/wp-json\/wp\/v2\/media?parent=10747"}],"wp:term":[{"taxonomy":"servicecategory","embeddable":true,"href":"https:\/\/www.koli.fi\/de\/wp-json\/wp\/v2\/servicecategories?post=10747"}],"curies":[{"name":"wp","href":"https:\/\/api.w.org\/{rel}","templated":true}]}}