{"id":10774,"date":"2023-09-28T10:33:06","date_gmt":"2023-09-28T07:33:06","guid":{"rendered":"https:\/\/www.koli.fi\/?page_id=10774"},"modified":"2024-07-22T11:25:55","modified_gmt":"2024-07-22T08:25:55","slug":"karelische-gastfreundschaft","status":"publish","type":"page","link":"https:\/\/www.koli.fi\/de\/liebe\/karelische-gastfreundschaft\/","title":{"rendered":"Karelische Gastfreundschaft"},"content":{"rendered":"\n<p>\u201eKommen Sie herein und w\u00e4rmen Sie sich auf, hier gibt es keinen Stress, kommen Sie und plaudern Sie. Herzlich willkommen. Treten Sie ins Haus. Ich habe einige Kuchen gemacht. Nehmen Sie, nehmen Sie. Schmeckt es Ihnen? Nehmen Sie noch mehr.\u201c<\/p>\n\n\n\n<p>Diese Worte h\u00f6rend, hat der Gast bereits einen ersten Eindruck von der karelischen Gastfreundschaft bekommen, die zu reich gedeckten Tischen f\u00fchrt. Der Gast wird herzlich empfangen und wie ein Familienmitglied behandelt.<\/p>\n\n\n\n<figure class=\"wp-block-image aligncenter size-large\"><img loading=\"lazy\" decoding=\"async\" width=\"1024\" height=\"683\" src=\"https:\/\/www.koli.fi\/wp-content\/uploads\/2023\/11\/kasvisruokaa-Herranniemi-1024x683.jpg\" alt=\"\" class=\"wp-image-11803\" srcset=\"https:\/\/www.koli.fi\/wp-content\/uploads\/2023\/11\/kasvisruokaa-Herranniemi-1024x683.jpg 1024w, https:\/\/www.koli.fi\/wp-content\/uploads\/2023\/11\/kasvisruokaa-Herranniemi-300x200.jpg 300w, https:\/\/www.koli.fi\/wp-content\/uploads\/2023\/11\/kasvisruokaa-Herranniemi-768x512.jpg 768w, https:\/\/www.koli.fi\/wp-content\/uploads\/2023\/11\/kasvisruokaa-Herranniemi-1536x1024.jpg 1536w, https:\/\/www.koli.fi\/wp-content\/uploads\/2023\/11\/kasvisruokaa-Herranniemi-2048x1365.jpg 2048w, https:\/\/www.koli.fi\/wp-content\/uploads\/2023\/11\/kasvisruokaa-Herranniemi-1920x1280.jpg 1920w, https:\/\/www.koli.fi\/wp-content\/uploads\/2023\/11\/kasvisruokaa-Herranniemi-1600x1067.jpg 1600w\" sizes=\"auto, (max-width: 1024px) 100vw, 1024px\"><\/figure>\n\n\n\n<p>Ein wichtiges Merkmal der karelischen Gastfreundschaft ist die bedeutende Rolle der Essens- und Kaffeekultur. Zur karelischen Esskultur geh\u00f6rt die Wertsch\u00e4tzung und Nutzung der nat\u00fcrlichen Ressourcen wie Pilze, Beeren, Fische und Fleisch beim Kochen. Diese Sch\u00e4tze verwandeln sich traditionell im Ofen geschmort oder gebacken in k\u00f6stliche Gerichte. Diese Aromen hinterlassen einen ewigen Geschmackseindruck bei denjenigen, die diese Delikatessen kosten. Man darf auch die herzhaften und s\u00fc\u00dfen Backwaren, die die Kaffeetische f\u00fcllen, nicht vergessen. Br\u00f6tchen, Kuchen, Karelische Piroggen und Kukkoset, sowie das Roggenbrot, sind ein wichtiger Teil der Esskultur, die den Gast zufrieden und lange satt h\u00e4lt.<\/p>\n\n\n\n<p>Zur karelischen Gastfreundschaft geh\u00f6rt auch lebhafte Plauderei. Karelier und ihre Nachkommen sind oft gespr\u00e4chig und erz\u00e4hlen Geschichten zu jedem Thema. Bald bemerkt auch der Gast, dass er seine ganze Geschichte unbewusst erz\u00e4hlt hat. Die Plauderei kann den Gast auch in die Sauna f\u00fchren, wo m\u00f6gliche Sorgen im Dampf des Ofens verschwinden und man mit einer leichteren Seele in die Au\u00dfenwelt zur\u00fcckkehrt.<\/p>\n\n\n\n<div style=\"height:50px\" aria-hidden=\"true\" class=\"wp-block-spacer\"><\/div>\n\n\n\n<figure class=\"wp-block-gallery has-nested-images columns-default is-cropped wp-block-gallery-1 is-layout-flex wp-block-gallery-is-layout-flex\">\n<figure class=\"wp-block-image size-large\"><img loading=\"lazy\" decoding=\"async\" width=\"1024\" height=\"683\" data-id=\"11797\" src=\"https:\/\/www.koli.fi\/wp-content\/uploads\/2023\/11\/visitkarelia-Pielisen-Karjala-Kestikievari-Herranniemi-by-Jarno-Artika-5-of-5-1024x683.jpg\" alt=\"\" class=\"wp-image-11797\" srcset=\"https:\/\/www.koli.fi\/wp-content\/uploads\/2023\/11\/visitkarelia-Pielisen-Karjala-Kestikievari-Herranniemi-by-Jarno-Artika-5-of-5-1024x683.jpg 1024w, https:\/\/www.koli.fi\/wp-content\/uploads\/2023\/11\/visitkarelia-Pielisen-Karjala-Kestikievari-Herranniemi-by-Jarno-Artika-5-of-5-300x200.jpg 300w, https:\/\/www.koli.fi\/wp-content\/uploads\/2023\/11\/visitkarelia-Pielisen-Karjala-Kestikievari-Herranniemi-by-Jarno-Artika-5-of-5-768x512.jpg 768w, https:\/\/www.koli.fi\/wp-content\/uploads\/2023\/11\/visitkarelia-Pielisen-Karjala-Kestikievari-Herranniemi-by-Jarno-Artika-5-of-5-1536x1024.jpg 1536w, https:\/\/www.koli.fi\/wp-content\/uploads\/2023\/11\/visitkarelia-Pielisen-Karjala-Kestikievari-Herranniemi-by-Jarno-Artika-5-of-5-2048x1365.jpg 2048w, https:\/\/www.koli.fi\/wp-content\/uploads\/2023\/11\/visitkarelia-Pielisen-Karjala-Kestikievari-Herranniemi-by-Jarno-Artika-5-of-5-1920x1280.jpg 1920w, https:\/\/www.koli.fi\/wp-content\/uploads\/2023\/11\/visitkarelia-Pielisen-Karjala-Kestikievari-Herranniemi-by-Jarno-Artika-5-of-5-1600x1067.jpg 1600w\" sizes=\"auto, (max-width: 1024px) 100vw, 1024px\"><\/figure>\n\n\n\n<figure class=\"wp-block-image size-large\"><img loading=\"lazy\" decoding=\"async\" width=\"1024\" height=\"683\" data-id=\"11794\" src=\"https:\/\/www.koli.fi\/wp-content\/uploads\/2023\/11\/visitkarelia-Pielisen-Karjala-Kestikievari-Herranniemi-by-Jarno-Artika-3-of-5-1024x683.jpg\" alt=\"\" class=\"wp-image-11794\" srcset=\"https:\/\/www.koli.fi\/wp-content\/uploads\/2023\/11\/visitkarelia-Pielisen-Karjala-Kestikievari-Herranniemi-by-Jarno-Artika-3-of-5-1024x683.jpg 1024w, https:\/\/www.koli.fi\/wp-content\/uploads\/2023\/11\/visitkarelia-Pielisen-Karjala-Kestikievari-Herranniemi-by-Jarno-Artika-3-of-5-300x200.jpg 300w, https:\/\/www.koli.fi\/wp-content\/uploads\/2023\/11\/visitkarelia-Pielisen-Karjala-Kestikievari-Herranniemi-by-Jarno-Artika-3-of-5-768x512.jpg 768w, https:\/\/www.koli.fi\/wp-content\/uploads\/2023\/11\/visitkarelia-Pielisen-Karjala-Kestikievari-Herranniemi-by-Jarno-Artika-3-of-5-1536x1024.jpg 1536w, https:\/\/www.koli.fi\/wp-content\/uploads\/2023\/11\/visitkarelia-Pielisen-Karjala-Kestikievari-Herranniemi-by-Jarno-Artika-3-of-5-2048x1365.jpg 2048w, https:\/\/www.koli.fi\/wp-content\/uploads\/2023\/11\/visitkarelia-Pielisen-Karjala-Kestikievari-Herranniemi-by-Jarno-Artika-3-of-5-1920x1280.jpg 1920w, https:\/\/www.koli.fi\/wp-content\/uploads\/2023\/11\/visitkarelia-Pielisen-Karjala-Kestikievari-Herranniemi-by-Jarno-Artika-3-of-5-1600x1067.jpg 1600w\" sizes=\"auto, (max-width: 1024px) 100vw, 1024px\"><\/figure>\n<\/figure>\n\n\n\n<div style=\"height:50px\" aria-hidden=\"true\" class=\"wp-block-spacer\"><\/div>\n\n\n\n<p>Die Tradition der karelischen Gastfreundschaft verbreitete sich mit den karelischen Evakuierten im ganzen Land, aber insbesondere in Nordkarelien lebt sie weiter und gedeiht. Traditionen und Br\u00e4uche haben sich im Laufe der Zeit ver\u00e4ndert, dennoch bleiben sie ein starker Bestandteil der Identit\u00e4t der karelischen Nachkommen und ihrer herzlichen Art, Menschen zu begegnen.<\/p>\n\n\n\n<p>Wenn Sie mit karelischer Gastfreundschaft in Ber\u00fchrung kommen, wissen Sie nie, wohin die Reise f\u00fchren wird. Wohin auch immer sie f\u00fchrt, Sie werden die Erfahrung niemals vergessen. Die fr\u00f6hlichen, gespr\u00e4chigen und gro\u00dfz\u00fcgigen Karelier werden f\u00fcr immer in Ihrem Herzen bleiben.<\/p>\n\n\n\n<div style=\"height:50px\" aria-hidden=\"true\" class=\"wp-block-spacer\"><\/div>\n\n\n\n<h2 class=\"wp-block-heading\">Restaurants in der Umgebung<\/h2>\n\n\n\n<div id=\"categories-block_7b3f67f8bc62eb133a7a730a127439aa\" class=\"categories-block\">\n\n\t\t\n\t\t\n\t\t\n\t\t<div class=\"categories-block__services\" id=\"categories-area-categories-block_7b3f67f8bc62eb133a7a730a127439aa\" data-categories=\"[171]\" data-area=\"allnofilters\" data-season=\"allnofilters\">\n\t\t<\/div><!-- .categories-block__services -->\n\n\t\n<\/div>\n\n\n\n<div style=\"height:50px\" aria-hidden=\"true\" class=\"wp-block-spacer\"><\/div>\n","protected":false},"excerpt":{"rendered":"<p>&#8222;Kommen Sie herein und w\u00e4rmen Sie sich auf, hier gibt es keinen Stress, kommen Sie und plaudern Sie. Herzlich willkommen. Treten Sie ins Haus. Ich habe einige Kuchen gemacht. Nehmen Sie, nehmen Sie. Schmeckt es Ihnen? Nehmen Sie noch mehr.&#8220; Diese Worte h\u00f6rend, hat der Gast bereits einen ersten Eindruck von der karelischen Gastfreundschaft bekommen, [&hellip;]<\/p>\n","protected":false},"author":20,"featured_media":0,"parent":8682,"menu_order":0,"comment_status":"closed","ping_status":"closed","template":"","meta":{"_acf_changed":false,"footnotes":""},"servicecategories":[],"class_list":["post-10774","page","type-page","status-publish","hentry"],"acf":{"hero_type":"image","hero_image":10596,"hero_video":null,"hero_title_upper":"","hero_title":"Karelische Gastfreundschaft","hero_text":"Lassen Sie sich von den karelischen Gastgebern verzaubern!","hero_link":"","use_summer":"no","hero_type_summer":"image","hero_image_summer":null,"hero_video_summer":null,"hero_title_upper_summer":"","hero_title_summer":"","hero_text_summer":"","hero_link_summer":null,"use_winter":"no","hero_type_winter":"image","hero_image_winter":null,"hero_video_winter":null,"hero_title_upper_winter":"","hero_title_winter":"","hero_text_winter":"","hero_link_winter":null},"_links":{"self":[{"href":"https:\/\/www.koli.fi\/de\/wp-json\/wp\/v2\/pages\/10774","targetHints":{"allow":["GET"]}}],"collection":[{"href":"https:\/\/www.koli.fi\/de\/wp-json\/wp\/v2\/pages"}],"about":[{"href":"https:\/\/www.koli.fi\/de\/wp-json\/wp\/v2\/types\/page"}],"author":[{"embeddable":true,"href":"https:\/\/www.koli.fi\/de\/wp-json\/wp\/v2\/users\/20"}],"replies":[{"embeddable":true,"href":"https:\/\/www.koli.fi\/de\/wp-json\/wp\/v2\/comments?post=10774"}],"version-history":[{"count":6,"href":"https:\/\/www.koli.fi\/de\/wp-json\/wp\/v2\/pages\/10774\/revisions"}],"predecessor-version":[{"id":16298,"href":"https:\/\/www.koli.fi\/de\/wp-json\/wp\/v2\/pages\/10774\/revisions\/16298"}],"up":[{"embeddable":true,"href":"https:\/\/www.koli.fi\/de\/wp-json\/wp\/v2\/pages\/8682"}],"wp:attachment":[{"href":"https:\/\/www.koli.fi\/de\/wp-json\/wp\/v2\/media?parent=10774"}],"wp:term":[{"taxonomy":"servicecategory","embeddable":true,"href":"https:\/\/www.koli.fi\/de\/wp-json\/wp\/v2\/servicecategories?post=10774"}],"curies":[{"name":"wp","href":"https:\/\/api.w.org\/{rel}","templated":true}]}}