{"id":10780,"date":"2023-09-28T10:32:06","date_gmt":"2023-09-28T07:32:06","guid":{"rendered":"https:\/\/www.koli.fi\/?page_id=10780"},"modified":"2024-12-05T15:06:38","modified_gmt":"2024-12-05T13:06:38","slug":"nationalparks","status":"publish","type":"page","link":"https:\/\/www.koli.fi\/de\/liebe\/nationalparks\/","title":{"rendered":"Nationalparks"},"content":{"rendered":"\n<p>Die Natur ist Finnlands nationaler Schatz \u2013 Finnlands gr\u00fcnes Gold. Die Vielfalt und Sch\u00f6nheit der Landschaften bieten Ihnen endlose M\u00f6glichkeiten und sind eine Quelle des Wohlbefindens. Besonders in den abwechslungsreichen Nationalparks genie\u00dfen Sie die finnische Natur in ihrer reinsten Form und lassen sich von den besonderen Erlebnissen verzaubern.<\/p>\n\n\n\n<p>Die Nationalparks der Region zeichnen sich vor allem durch waldreiche Landschaften aus, gepr\u00e4gt von Sandstr\u00e4nden, S\u00fcmpfen, Nadelw\u00e4ldern und gro\u00dfen Seengebieten. Im Koli-Nationalpark genie\u00dfen Sie die Sandinseln, im Patvinsuo-Nationalpark erkunden Sie die Sumpfgebiete und im Petkelj\u00e4rvi-Nationalpark bewundern Sie die Wildnis der Gebirgsk\u00e4mme.<\/p>\n\n\n\n<figure class=\"wp-block-image aligncenter size-large\"><img loading=\"lazy\" decoding=\"async\" width=\"1024\" height=\"430\" src=\"https:\/\/www.koli.fi\/wp-content\/uploads\/2023\/11\/IMG_20210704_134317-PANO-1024x430.jpg\" alt=\"\" class=\"wp-image-11815\" srcset=\"https:\/\/www.koli.fi\/wp-content\/uploads\/2023\/11\/IMG_20210704_134317-PANO-1024x430.jpg 1024w, https:\/\/www.koli.fi\/wp-content\/uploads\/2023\/11\/IMG_20210704_134317-PANO-300x126.jpg 300w, https:\/\/www.koli.fi\/wp-content\/uploads\/2023\/11\/IMG_20210704_134317-PANO-768x322.jpg 768w, https:\/\/www.koli.fi\/wp-content\/uploads\/2023\/11\/IMG_20210704_134317-PANO-1536x645.jpg 1536w, https:\/\/www.koli.fi\/wp-content\/uploads\/2023\/11\/IMG_20210704_134317-PANO-2048x859.jpg 2048w, https:\/\/www.koli.fi\/wp-content\/uploads\/2023\/11\/IMG_20210704_134317-PANO-1920x806.jpg 1920w, https:\/\/www.koli.fi\/wp-content\/uploads\/2023\/11\/IMG_20210704_134317-PANO-1600x671.jpg 1600w\" sizes=\"auto, (max-width: 1024px) 100vw, 1024px\"><\/figure>\n\n\n\n<div style=\"height:70px\" aria-hidden=\"true\" class=\"wp-block-spacer\"><\/div>\n\n\n\n<h4 class=\"wp-block-heading\">Koli Nationalpark<\/h4>\n\n\n\n<p>Der Nationalpark Koli wurde am 10. April 1991 gegr\u00fcndet. Er befindet sich \u00f6stlich der Autobahn 6 und am westlichen Ufer des Pielinen-Sees. Die Entfernung von Joensuu zum Nationalpark Koli betr\u00e4gt etwa 63 Kilometer. Unsere Nationallandschaft, die vor 2-3 Milliarden Jahren aus den \u00dcberresten der alten Kareliden-Gebirgskette entstanden ist, verzaubert Jahr f\u00fcr Jahr ihre Besucher. Die vielf\u00e4ltige Natur des Nationalparks Koli bietet zu allen Jahreszeiten Sehensw\u00fcrdigkeiten und Erlebnisse.<\/p>\n\n\n\n<p>Im Nationalpark Koli k\u00f6nnen Sie neben der Bewunderung der majest\u00e4tischen Ukko-Koli, Akka-Koli und Paha-Koli sowie des Pielinen-Sees auch traditionelle Landschaften durch Wiesen, Haine und W\u00e4lder genie\u00dfen. Die reiche Tier-, Pflanzen- und Vogelwelt in der Koli-Region erfreut Naturfreunde endlos. Im Sommer sorgen Pferde, K\u00fche und Finnische Schafe f\u00fcr das Wohl der Natur. Koli ist auch der s\u00fcdlichste Ort in Finnland, an dem man im Winter B\u00e4ume bewundern kann, die unter dickem Schnee schlafen. Die hohen H\u00fcgel \u00fcber der Wolkendecke bieten auch eine gro\u00dfartige B\u00fchne f\u00fcr die Beobachtung des Sternenhimmels und die Bewunderung der Nordlichter.<\/p>\n\n\n\n<p>Die N\u00e4he des Pielinen-Sees bietet Wassersportlern im Sommer einen gro\u00dfartigen Spielplatz. In Koli k\u00f6nnen Sie Kanu fahren, Boot fahren, Stand-up-Paddeln und nat\u00fcrlich schwimmen. Im Winter friert der Pielinen-See zu und bietet weitere M\u00f6glichkeiten, das Wasserelement zu genie\u00dfen. W\u00e4hrend der Wintersaison k\u00f6nnen Sie auf dem Pielinen-See Ski fahren, Schlittschuh laufen, Eisbaden und sogar Auto fahren. Sie k\u00f6nnen tiefer in die Natur von Koli auf guten Wegen eintauchen, indem Sie reiten, radfahren oder Schneeschuhwandern. Die Wege sind vielf\u00e4ltig, und jeder findet eine passende Art und Route, um die Natur von Koli zu genie\u00dfen. Auf Tagesausfl\u00fcgen k\u00f6nnen Sie viele Natursehensw\u00fcrdigkeiten erkunden: in die H\u00f6hle von Pirunkirkko schl\u00fcpfen, die Aussicht von M\u00e4kr\u00e4vaara bewundern oder den Aussichtsturm von R\u00e4s\u00e4vaara besteigen. Auch anspruchsvolle Sportler und Wanderer finden im Nationalpark Koli Herausforderungen, zum Beispiel auf der Heraj\u00e4rvi-Runde, wo Sie das vielf\u00e4ltige Terrain von Koli erleben und Ihre eigene Ausdauer herausfordern k\u00f6nnen.<\/p>\n\n\n\n<p>Kulturelle Angebote sind besonders im Sommer vielf\u00e4ltig im Dorf Koli und in der Umgebung verf\u00fcgbar. In der Wintersaison bietet das Ukko-Naturzentrum kulturhungrigen Besuchern durch verschiedene Ausstellungen Nahrung. Die Landschaft von Koli, die vor \u00fcber hundert Jahren zum Symbol des Finnischen wurde, hat K\u00fcnstler und die \u00d6ffentlichkeit seit Jahrzehnten von Generation zu Generation verzaubert, und ihr kulturelles Erbe setzt sich durch zeitgen\u00f6ssische K\u00fcnstler fort.<\/p>\n\n\n\n<p>Es lohnt sich, Zeit zu investieren, um die Koli-Region zu erkunden, und das vielf\u00e4ltige und abwechslungsreiche Unterkunftsangebot macht dies m\u00f6glich. In der N\u00e4he des Nationalparks finden Sie das ganze Jahr \u00fcber eine breite Palette von Unterk\u00fcnften, von Glas-Iglus \u00fcber H\u00fctten, Gasth\u00f6fe, Hotels bis hin zu Mietunterk\u00fcnften.<\/p>\n\n\n\n<div style=\"height:50px\" aria-hidden=\"true\" class=\"wp-block-spacer\"><\/div>\n\n\n\n<div id=\"pagelinks-block_cd31e8d413c2bbf5b88e5b6310ad8b92\" class=\"pagelinks-block\">\n\n\t\t\t<div class=\"pagelinks-block__pagelinks grid\" data-size=\"\" data-links=\"[10776,8416,5207]\">\n\t\t<\/div><!-- .pagelinks-block__pagelinks -->\n\n\t\t\n\t<\/div>\n\n\n\n<div style=\"height:70px\" aria-hidden=\"true\" class=\"wp-block-spacer\"><\/div>\n\n\n\n<h4 class=\"wp-block-heading\">Patvinsuo Nationalpark<\/h4>\n\n\n\n<p>Der Nationalpark Patvinsuo liegt \u00f6stlich der Hauptstra\u00dfe 73. Die Entfernung von Joensuu \u00fcber Uimaharju betr\u00e4gt 90 Kilometer und von Koli etwa 80 Kilometer. Der Nationalpark Patvinsuo wurde 1982 gegr\u00fcndet. Im Nationalpark Patvinsuo k\u00f6nnen Sie Wildnisgebiete, Urw\u00e4lder und ausgedehnte Moorlandschaften bewundern.<\/p>\n\n\n\n<p>Die Moorgebiete des Nationalparks Patvinsuo sind vielf\u00e4ltig und besonders zur Moltebeerenzeit reizvoll. Auf Bohlenwegen k\u00f6nnen Sie verschiedene Moorgebiete bewundern. Sie k\u00f6nnen Hochmoore, Aapamoore und Sumpfw\u00e4lder erkunden. \u00dcber die H\u00e4lfte der Parkfl\u00e4che besteht aus Moor. Beim Pfl\u00fccken von Moltebeeren und Moosbeeren k\u00f6nnen Sie das Leben der Moorv\u00f6gel beobachten.<\/p>\n\n\n\n<p>Die Natur im Patvinsuo-Gebiet ist sehr vielf\u00e4ltig und bietet vielen Tier- und Pflanzenarten ein Zuhause. Auch die Gro\u00dfraubtierpopulation von B\u00e4ren bis zu Vielfra\u00dfen und Luchsen ist gesund. Die Urw\u00e4lder haben sich seit \u00fcber hundert Jahren ungest\u00f6rt entwickelt. Zwischen bemoosten Fichten, alten Kiefern und gro\u00dfen Espen kann der Besucher den nat\u00fcrlichen Kreislauf beobachten, da die Zersetzung alter B\u00e4ume und das Wachstum neuer Setzlinge \u00fcberall pr\u00e4sent sind. Bartflechten, Pilze, Baumschw\u00e4mme, Insekten und seltene Zwergschn\u00e4pper leben bequem in den W\u00e4ldern des Patvinsuo.<\/p>\n\n\n\n<p>W\u00e4hrend Sie die Urw\u00e4lder bewundern, k\u00f6nnen Sie Ihre Zehen in den Sandstrand entlang der 24 Kilometer langen K\u00fcstenlinie des Nationalparks Patvinsuo eintauchen und sogar im See Suomunj\u00e4rvi baden. Der See Suomunj\u00e4rvi liegt in einem w\u00e4hrend der letzten Eiszeit entstandenen H\u00fcgelgebiet, und sein Fischbestand ist ebenfalls vielf\u00e4ltig, so dass man den See auch beim Angeln genie\u00dfen kann. Den See kann man auch auf dem Suomunkierto-Rundweg bewundern, der um den See f\u00fchrt. Im n\u00f6rdlichen Teil des Gebiets befindet sich auch der Iso Hietaj\u00e4rvi, ein klarer und sandiger See. Aus Forschungsgr\u00fcnden wird versucht, den menschlichen Einfluss minimal zu halten, so dass man den naturbelassenen Iso Hietaj\u00e4rvi nur eingeschr\u00e4nkt bewundern kann.<\/p>\n\n\n\n<p>Neben den Naturerlebnissen lohnt sich im Nationalpark Patvinsuo ein Besuch des Kohlenmeilers und des Opferbaums. Die Naturh\u00fctte Suomunj\u00e4rvi bedient Wanderer in der N\u00e4he des Sees Suomunj\u00e4rvi und bietet Informationen, Unterkunft und Verpflegung.<\/p>\n\n\n\n<div style=\"height:50px\" aria-hidden=\"true\" class=\"wp-block-spacer\"><\/div>\n\n\n\n<div id=\"pagelinks-block_78b8b1909ab196e23a48d6b3ddbd9c4f\" class=\"pagelinks-block\">\n\n\t\t\t<div class=\"pagelinks-block__pagelinks grid\" data-size=\"\" data-links=\"[5221,8706,5207]\">\n\t\t<\/div><!-- .pagelinks-block__pagelinks -->\n\n\t\t\n\t<\/div>\n\n\n\n<div style=\"height:70px\" aria-hidden=\"true\" class=\"wp-block-spacer\"><\/div>\n\n\n\n<h4 class=\"wp-block-heading\">Petkelj\u00e4rvi Nationalpark<\/h4>\n\n\n\n<p>Der Nationalpark Petkelj\u00e4rvi liegt etwa 20 Kilometer von der finnisch-russischen Grenze entfernt, \u00f6stlich der Hauptstra\u00dfe 74. Die Entfernung von Joensuu zum Nationalpark Petkelj\u00e4rvi betr\u00e4gt 90 Kilometer und von Ilomantsi 23 Kilometer. Der Nationalpark wurde 1956 gegr\u00fcndet und ist einer der \u00e4ltesten Nationalparks Finnlands. Die H\u00f6henr\u00fcckenlandschaften von Petkelj\u00e4rvi wurden vor 10.000 Jahren beim Schmelzen des kontinentalen Eisschilds der Eiszeit geformt. Durch diesen Schmelzvorgang entstanden Seen und von Kiefern bewachsene H\u00f6henr\u00fccken, die wir heute bewundern k\u00f6nnen.<\/p>\n\n\n\n<p>Neben der Bewunderung der Natur bietet Petkelj\u00e4rvi auch hervorragende Einrichtungen f\u00fcr Outdoor-Aktivit\u00e4ten. Es gibt mehrere markierte Wege in der Gegend. Der \u00e4lteste Wanderweg in Nordkarelien, Taitajan taival, der 31 Kilometer lang ist, f\u00fchrt ebenfalls durch das Petkelj\u00e4rvi-Gebiet. Neben dem Wandern k\u00f6nnen Sie in Petkelj\u00e4rvi Aktivit\u00e4ten wie Kanufahren, Angeln, Schwimmen, Radfahren und im Winter Skifahren genie\u00dfen. Der Nationalpark Petkelj\u00e4rvi bietet auch Einblicke in die Milit\u00e4rgeschichte. Dort gibt es \u00dcberreste aus dem Zweiten Weltkrieg, darunter einen Bunker und Sch\u00fctzengr\u00e4ben.<\/p>\n\n\n\n<p>Die Petkelj\u00e4rvi-Naturh\u00fctte bietet Wanderern eine Vielzahl von Dienstleistungen. In der Naturh\u00fctte k\u00f6nnen Sie Ratschl\u00e4ge einholen, Ausr\u00fcstung mieten, Kaffee trinken, Souvenirs kaufen und durch eine Ausstellung die Geschichte des Nationalparks kennenlernen. Das Petkelj\u00e4rvi-Wanderzentrum bietet \u00dcbernachtungsm\u00f6glichkeiten, so dass Sie den Nationalpark in aller Ruhe erkunden k\u00f6nnen.<\/p>\n\n\n\n<p>Als Teil des UNESCO-Programms \u201eDer Mensch und die Biosph\u00e4re\u201c ist der Nationalpark ein raues Wildnisziel, das unvergessliche Erlebnisse bietet.<\/p>\n\n\n\n<div style=\"height:70px\" aria-hidden=\"true\" class=\"wp-block-spacer\"><\/div>\n","protected":false},"excerpt":{"rendered":"<p>Die Natur ist Finnlands nationaler Schatz \u2013 Finnlands gr\u00fcnes Gold. Die Vielfalt und Sch\u00f6nheit der Landschaften bieten Ihnen endlose M\u00f6glichkeiten und sind eine Quelle des Wohlbefindens. Besonders in den abwechslungsreichen Nationalparks genie\u00dfen Sie die finnische Natur in ihrer reinsten Form und lassen sich von den besonderen Erlebnissen verzaubern. Die Nationalparks der Region zeichnen sich vor [&hellip;]<\/p>\n","protected":false},"author":20,"featured_media":0,"parent":8682,"menu_order":0,"comment_status":"closed","ping_status":"closed","template":"","meta":{"_acf_changed":false,"footnotes":""},"servicecategories":[],"class_list":["post-10780","page","type-page","status-publish","hentry"],"acf":{"hero_type":"image","hero_image":4414,"hero_video":null,"hero_title_upper":"","hero_title":"Nationalparks","hero_text":"Erlebnisse, Wohlbefinden und Achtung der Werte der Natur","hero_link":[""],"use_summer":"yes","hero_type_summer":"image","hero_image_summer":4414,"hero_video_summer":null,"hero_title_upper_summer":"","hero_title_summer":"Nationalparks","hero_text_summer":"Erlebnisse, Wohlbefinden und Achtung der Werte der Natur","hero_link_summer":[""],"use_winter":"yes","hero_type_winter":"image","hero_image_winter":10580,"hero_video_winter":null,"hero_title_upper_winter":"","hero_title_winter":"Nationalparks","hero_text_winter":"Erlebnisse, Wohlbefinden und Achtung der Werte der Natur","hero_link_winter":[""]},"_links":{"self":[{"href":"https:\/\/www.koli.fi\/de\/wp-json\/wp\/v2\/pages\/10780","targetHints":{"allow":["GET"]}}],"collection":[{"href":"https:\/\/www.koli.fi\/de\/wp-json\/wp\/v2\/pages"}],"about":[{"href":"https:\/\/www.koli.fi\/de\/wp-json\/wp\/v2\/types\/page"}],"author":[{"embeddable":true,"href":"https:\/\/www.koli.fi\/de\/wp-json\/wp\/v2\/users\/20"}],"replies":[{"embeddable":true,"href":"https:\/\/www.koli.fi\/de\/wp-json\/wp\/v2\/comments?post=10780"}],"version-history":[{"count":12,"href":"https:\/\/www.koli.fi\/de\/wp-json\/wp\/v2\/pages\/10780\/revisions"}],"predecessor-version":[{"id":18098,"href":"https:\/\/www.koli.fi\/de\/wp-json\/wp\/v2\/pages\/10780\/revisions\/18098"}],"up":[{"embeddable":true,"href":"https:\/\/www.koli.fi\/de\/wp-json\/wp\/v2\/pages\/8682"}],"wp:attachment":[{"href":"https:\/\/www.koli.fi\/de\/wp-json\/wp\/v2\/media?parent=10780"}],"wp:term":[{"taxonomy":"servicecategory","embeddable":true,"href":"https:\/\/www.koli.fi\/de\/wp-json\/wp\/v2\/servicecategories?post=10780"}],"curies":[{"name":"wp","href":"https:\/\/api.w.org\/{rel}","templated":true}]}}