{"id":10999,"date":"2023-09-11T10:40:10","date_gmt":"2023-09-11T07:40:10","guid":{"rendered":"https:\/\/www.koli.fi\/?page_id=10999"},"modified":"2026-03-30T13:56:43","modified_gmt":"2026-03-30T10:56:43","slug":"kontakt","status":"publish","type":"page","link":"https:\/\/www.koli.fi\/de\/reiseplaene\/kontakt\/","title":{"rendered":"Kontakt"},"content":{"rendered":"\n<div class=\"wp-block-columns is-layout-flex wp-container-core-columns-is-layout-28f84493 wp-block-columns-is-layout-flex\">\n<div class=\"wp-block-column is-layout-flow wp-block-column-is-layout-flow\" style=\"flex-basis:33.33%\">\n<h5 class=\"wp-block-heading\">Touristeninformation Koli<\/h5>\n<\/div>\n\n\n\n<div class=\"wp-block-column is-layout-flow wp-block-column-is-layout-flow\" style=\"flex-basis:66.66%\">\n<p><strong>Kolintie 94 A<br>83960 Koli<br>+358 45 138 7429, info@koli.fi<br>Facebook:&nbsp;<a href=\"https:\/\/www.facebook.com\/Koli.fi\/\" target=\"_blank\" rel=\"noreferrer noopener\">Koli.fi<\/a><br>Instagram:&nbsp;<a href=\"https:\/\/www.instagram.com\/showyourkoli\/\" target=\"_blank\" rel=\"noreferrer noopener\">showyourkoli<\/a><\/strong><\/p>\n\n\n\n<ul class=\"wp-block-list\">\n<li>Touristeninformation<\/li>\n\n\n\n<li>Verkauf von Landkarten, Postkarten, Kreuzfahrten und Unterk\u00fcnften<\/li>\n\n\n\n<li>Souvenirladen, Koli-Souvenirs und lokales Kunsthandwerk<\/li>\n<\/ul>\n\n\n\n<p><strong>Touristeninformation und Gesch\u00e4ft ge\u00f6ffnet:<\/strong><br>Fr &#8211; Sa 10-15<\/p>\n\n\n\n<p>Zu anderen Zeiten an Wochentagen k\u00f6nnen Sie uns telefonisch oder per E-Mail erreichen.<\/p>\n\n\n\n<p>Informationen zum Tourismus in Koli werden von Kolin Matkailu Oy bereitgestellt.<\/p>\n<\/div>\n<\/div>\n\n\n\n<div style=\"height:50px\" aria-hidden=\"true\" class=\"wp-block-spacer\"><\/div>\n\n\n\n<div class=\"wp-block-columns is-layout-flex wp-container-core-columns-is-layout-28f84493 wp-block-columns-is-layout-flex\">\n<div class=\"wp-block-column is-layout-flow wp-block-column-is-layout-flow\" style=\"flex-basis:33.33%\">\n<h5 class=\"wp-block-heading\">Das Personal von Kolin Matkailu Oy<\/h5>\n<\/div>\n\n\n\n<div class=\"wp-block-column is-layout-flow wp-block-column-is-layout-flow\" style=\"flex-basis:66.66%\">\n<p><strong>Jason Koukku<\/strong><br>Gesch\u00e4ftsf\u00fchrender Direktor<br>jason.koukku@koli.fi<\/p>\n\n\n\n<p><strong>Leena Tervakorpi<\/strong><br>Verkaufsleiterin<br>leena.tervakorpi@koli.fi<br>Tel. +358 50 478 6989<\/p>\n\n\n\n<p><strong>Jenny Huolman<\/strong><br>Gruppenreisevertrieb, Touristeninformation<br>sales@koli.fi<br>p. 050 553 3023<\/p>\n\n\n\n<p><strong>Elina Aittamaa<\/strong><br>Touristeninformation<br>elina.aittamaa@koli.fi \/ info@koli.fi<br>Tel. +358 45 138 7429<\/p>\n<\/div>\n<\/div>\n\n\n\n<div style=\"height:50px\" aria-hidden=\"true\" class=\"wp-block-spacer\"><\/div>\n\n\n\n<div class=\"wp-block-columns is-layout-flex wp-container-core-columns-is-layout-28f84493 wp-block-columns-is-layout-flex\">\n<div class=\"wp-block-column is-layout-flow wp-block-column-is-layout-flow\" style=\"flex-basis:33.33%\">\n<h5 class=\"wp-block-heading\">Verkaufsabteilung<\/h5>\n<\/div>\n\n\n\n<div class=\"wp-block-column is-layout-flow wp-block-column-is-layout-flow\" style=\"flex-basis:66.66%\">\n<ul class=\"wp-block-list\">\n<li>Verkauf von Unterk\u00fcnften, Aktivit\u00e4ten und Transport f\u00fcr Gruppen und individuelle Reisende.<\/li>\n\n\n\n<li>Kolin Matkailu Oy ist ein gesicherter, registrierter Reiseveranstalter (889\/21\/Mj).<\/li>\n<\/ul>\n\n\n\n<p><strong>Kontakt:<\/strong> E-Mail: sales@koli.fi<\/p>\n<\/div>\n<\/div>\n\n\n\n<div id=\"pagelinks-block_dfb959ed3c850cae7c3fbb89ff7d2cc6\" class=\"pagelinks-block\">\n\n\t\t\t<div class=\"pagelinks-block__pagelinks carousel\"\n\t\t\tdata-size=\"big\"\n\t\t\tdata-links=\"[5893]\">\n\t\t<\/div><!-- .pagelinks-block__pagelinks -->\n\n\t\t\n\t<\/div>\n\n\n\n<div style=\"height:50px\" aria-hidden=\"true\" class=\"wp-block-spacer\"><\/div>\n\n\n\n<div class=\"wp-block-columns is-layout-flex wp-container-core-columns-is-layout-28f84493 wp-block-columns-is-layout-flex\">\n<div class=\"wp-block-column is-layout-flow wp-block-column-is-layout-flow\" style=\"flex-basis:33.33%\">\n<h5 class=\"wp-block-heading\">Koli Naturzentrum Ukko \/ Retkipaikka<\/h5>\n<\/div>\n\n\n\n<div class=\"wp-block-column is-layout-flow wp-block-column-is-layout-flow\" style=\"flex-basis:66.66%\">\n<p><strong>Yl\u00e4-Kolintie 39<br>83960 Koli<br>+358 40 773 2442, ukko@retkipaikka.fi<\/strong><\/p>\n\n\n\n<ul class=\"wp-block-list\">\n<li>Wanderinformationen, Informationen \u00fcber den Koli-Nationalpark und andere Schutzgebiete in Nordkarelien<\/li>\n\n\n\n<li>Souvenirgesch\u00e4ft<\/li>\n\n\n\n<li>Vermietung, z.B. Wanderausr\u00fcstung, Schneeschuhe<\/li>\n\n\n\n<li>Reservierungen und Informationen zu Mieth\u00fctten im Koli-Nationalpark<\/li>\n\n\n\n<li>Konferenz- und Tagungseinrichtungen und -dienste<\/li>\n<\/ul>\n<\/div>\n<\/div>\n\n\n\n<div style=\"height:50px\" aria-hidden=\"true\" class=\"wp-block-spacer\"><\/div>\n\n\n\n<div class=\"wp-block-columns is-layout-flex wp-container-core-columns-is-layout-28f84493 wp-block-columns-is-layout-flex\">\n<div class=\"wp-block-column is-layout-flow wp-block-column-is-layout-flow\" style=\"flex-basis:33.33%\">\n<h5 class=\"wp-block-heading\">Touristeninformation Lieksa<\/h5>\n<\/div>\n\n\n\n<div class=\"wp-block-column is-layout-flow wp-block-column-is-layout-flow\" style=\"flex-basis:66.66%\">\n<p><strong>Pielisentie 3<br>81700 Lieksa<br>040 1044 680, asiakaspalvelu@lieksa.fi<br><a href=\"https:\/\/www.lieksa.fi\/matkailu-tourism\" target=\"_blank\" rel=\"noreferrer noopener\">www.lieksa.fi<\/a><\/strong><\/p>\n\n\n\n<p><strong>Ge\u00f6ffnet:<\/strong> Mo\u2013Fr von 9 bis 15 Uhr<\/p>\n<\/div>\n<\/div>\n\n\n\n<div style=\"height:50px\" aria-hidden=\"true\" class=\"wp-block-spacer\"><\/div>\n\n\n\n<div class=\"wp-block-columns is-layout-flex wp-container-core-columns-is-layout-28f84493 wp-block-columns-is-layout-flex\">\n<div class=\"wp-block-column is-layout-flow wp-block-column-is-layout-flow\" style=\"flex-basis:33.33%\">\n<h5 class=\"wp-block-heading\">Touristeninformation Juuka<\/h5>\n<\/div>\n\n\n\n<div class=\"wp-block-column is-layout-flow wp-block-column-is-layout-flow\" style=\"flex-basis:66.66%\">\n<p><strong>040 1042 865<br>neuvonta@juuka.fi<br><a href=\"https:\/\/www.juuka.fi\/\" target=\"_blank\" rel=\"noopener\">www.juuka.fi<\/a><\/strong><\/p>\n\n\n\n<p><strong>Ge\u00f6ffnet:<\/strong> Mo-Fr von 9 bis 11 Uhr und von 12 bis 15 Uhr<\/p>\n<\/div>\n<\/div>\n\n\n\n<div style=\"height:50px\" aria-hidden=\"true\" class=\"wp-block-spacer\"><\/div>\n\n\n\n<div id=\"pagelinks-block_139dba3955f8e26d56c2e656f4476f4e\" class=\"pagelinks-block\">\n\n\t\t\t<div class=\"pagelinks-block__pagelinks grid\"\n\t\t\tdata-size=\"\"\n\t\t\tdata-links=\"[8506,8919,11104]\">\n\t\t<\/div><!-- .pagelinks-block__pagelinks -->\n\n\t\t\n\t<\/div>\n\n\n\n<div style=\"height:100px\" aria-hidden=\"true\" class=\"wp-block-spacer\"><\/div>\n","protected":false},"excerpt":{"rendered":"<p>Touristeninformation Koli Kolintie 94 A83960 Koli+358 45 138 7429, info@koli.fiFacebook:&nbsp;Koli.fiInstagram:&nbsp;showyourkoli Touristeninformation und Gesch\u00e4ft ge\u00f6ffnet:Fr &#8211; Sa 10-15 Zu anderen Zeiten an Wochentagen k\u00f6nnen Sie uns telefonisch oder per E-Mail erreichen. Informationen zum Tourismus in Koli werden von Kolin Matkailu Oy bereitgestellt. Das Personal von Kolin Matkailu Oy Jason KoukkuGesch\u00e4ftsf\u00fchrender Direktorjason.koukku@koli.fi Leena TervakorpiVerkaufsleiterinleena.tervakorpi@koli.fiTel. +358 50 478 [&hellip;]<\/p>\n","protected":false},"author":20,"featured_media":0,"parent":10991,"menu_order":0,"comment_status":"closed","ping_status":"closed","template":"","meta":{"_acf_changed":false,"footnotes":""},"servicecategories":[],"class_list":["post-10999","page","type-page","status-publish","hentry"],"acf":{"hero_type":"image","hero_image":15284,"hero_video":null,"hero_title_upper":"","hero_title":"","hero_text":"","hero_link":null,"use_summer":"yes","hero_type_summer":"image","hero_image_summer":15284,"hero_video_summer":null,"hero_title_upper_summer":"","hero_title_summer":"","hero_text_summer":"","hero_link_summer":null,"use_winter":"yes","hero_type_winter":"image","hero_image_winter":16583,"hero_video_winter":null,"hero_title_upper_winter":"","hero_title_winter":"","hero_text_winter":"","hero_link_winter":null},"_links":{"self":[{"href":"https:\/\/www.koli.fi\/de\/wp-json\/wp\/v2\/pages\/10999","targetHints":{"allow":["GET"]}}],"collection":[{"href":"https:\/\/www.koli.fi\/de\/wp-json\/wp\/v2\/pages"}],"about":[{"href":"https:\/\/www.koli.fi\/de\/wp-json\/wp\/v2\/types\/page"}],"author":[{"embeddable":true,"href":"https:\/\/www.koli.fi\/de\/wp-json\/wp\/v2\/users\/20"}],"replies":[{"embeddable":true,"href":"https:\/\/www.koli.fi\/de\/wp-json\/wp\/v2\/comments?post=10999"}],"version-history":[{"count":19,"href":"https:\/\/www.koli.fi\/de\/wp-json\/wp\/v2\/pages\/10999\/revisions"}],"predecessor-version":[{"id":31727,"href":"https:\/\/www.koli.fi\/de\/wp-json\/wp\/v2\/pages\/10999\/revisions\/31727"}],"up":[{"embeddable":true,"href":"https:\/\/www.koli.fi\/de\/wp-json\/wp\/v2\/pages\/10991"}],"wp:attachment":[{"href":"https:\/\/www.koli.fi\/de\/wp-json\/wp\/v2\/media?parent=10999"}],"wp:term":[{"taxonomy":"servicecategory","embeddable":true,"href":"https:\/\/www.koli.fi\/de\/wp-json\/wp\/v2\/servicecategories?post=10999"}],"curies":[{"name":"wp","href":"https:\/\/api.w.org\/{rel}","templated":true}]}}