{"id":11132,"date":"2023-11-23T08:42:20","date_gmt":"2023-11-23T06:42:20","guid":{"rendered":"https:\/\/www.koli.fi\/?page_id=11132"},"modified":"2023-11-23T08:47:00","modified_gmt":"2023-11-23T06:47:00","slug":"tagungs-und-veranstaltungsraeume","status":"publish","type":"page","link":"https:\/\/www.koli.fi\/de\/gruppen-und-treffen\/tagungs-und-veranstaltungsraeume\/","title":{"rendered":"Tagungs- und Veranstaltungsr\u00e4ume"},"content":{"rendered":"\n<p class=\"has-text-align-center\">Das Koli-Touristengebiet bietet inspirierende Rahmenbedingungen sowohl f\u00fcr Arbeitsbesprechungen als auch f\u00fcr unvergessliche Feiern. Ob es sich um eine intime Feier im Kreise der Familie oder um eine gr\u00f6\u00dfere Firmenveranstaltung handelt, wirst du sicherlich den passenden Raum in Koli oder in der Umgebung von Koli finden, der deinen Bed\u00fcrfnissen entspricht. Schau dir die unten stehenden Optionen an und buche eine einzigartige Veranstaltungsst\u00e4tte in der atemberaubenden Landschaft von Koli!<\/p>\n\n\n\n<div id=\"categories-block_61268be53df4ce379d57b1f81c3bfd3c\" class=\"categories-block\">\n\n\t\t\n\t\t\t\t\t<div class=\"filters-section\">\n\n\t\t\t\t\t\t\t\t\t\n\t\t\t\t\t<div class=\"filters-section__results\">\n\t\t\t\t\t\t<span class=\"text\">Resultate:<\/span>\n\t\t\t\t\t\t<span class=\"count\"><\/span>\n\t\t\t\t\t<\/div><!-- .filters-section__results -->\n\n\t\t\t\t\t<button class=\"popup-filters-button\"\n\t\t\t\t\t\taria-haspopup=\"true\"\n\t\t\t\t\t\taria-controls=\"filters-popup-categories-block_61268be53df4ce379d57b1f81c3bfd3c\">\n\t\t\t\t\t\t<span>Filter<\/span>\n\t\t\t\t\t\t\n\n<svg version=\"1.1\" xmlns=\"http:\/\/www.w3.org\/2000\/svg\" xmlns:xlink=\"http:\/\/www.w3.org\/1999\/xlink\" x=\"0px\" y=\"0px\"\n\t viewBox=\"0 0 63.24 58.76\" xml:space=\"preserve\">\n\n<g>\n\t<g>\n\t\t<path class=\"st0\" d=\"M33.58,45.87c0-5.37,4.35-9.73,9.73-9.73s9.72,4.35,9.72,9.73c0,5.37-4.35,9.72-9.72,9.72\n\t\t\tS33.58,51.24,33.58,45.87 M30.52,44.35H0v2.83h30.48c-0.04-0.43-0.07-0.87-0.07-1.31c0,7.12,5.77,12.89,12.89,12.89\n\t\t\ts12.89-5.77,12.89-12.89c0,0.44-0.02,0.88-0.07,1.31h7.11v-2.83h-7.14c-0.76-6.4-6.19-11.36-12.79-11.36S31.27,37.95,30.52,44.35\n\t\t\tL30.52,44.35 M32.82,12.67c0,0.04-0.01,0.07-0.01,0.11c0-0.29-0.02-0.58-0.04-0.87C32.79,12.16,32.82,12.41,32.82,12.67\n\t\t\t M29.46,12.6c0,5.37-4.27,9.73-9.53,9.73s-9.53-4.35-9.53-9.73s4.27-9.73,9.53-9.73S29.46,7.23,29.46,12.6 M7.09,11.91\n\t\t\tc-0.02,0.29-0.04,0.58-0.05,0.87c0-0.03-0.01-0.07-0.01-0.11C7.04,12.41,7.08,12.16,7.09,11.91 M63.24,13.98v-2.83H32.72\n\t\t\tc0.01,0.12,0.01,0.25,0.02,0.37C32.06,5.04,26.58,0,19.93,0S7.8,5.04,7.12,11.51c0.01-0.12,0.01-0.25,0.02-0.37H0v2.83h7.1\n\t\t\tc0.56,6.6,6.09,11.79,12.83,11.79c6.75,0,12.27-5.19,12.83-11.79H63.24z\"\/>\n\t<\/g>\n<\/g>\n<\/svg>\n\t\t\t\t\t<\/button>\n\n\t\t\t\t\t<dialog class=\"filters-popup\" id=\"filters-popup-categories-block_61268be53df4ce379d57b1f81c3bfd3c\">\n\n\t\t\t\t\t\t<div class=\"filters-popup__top\">\n\t\t\t\t\t\t\t<p class=\"heading\">Filter<\/p>\n\t\t\t\t\t\t\t<button class=\"close-filters-popup popup-filters-close\" title=\"Close popup\" aria-label=\"Close popup\">\u2716<\/button>\n\t\t\t\t\t\t<\/div><!-- .filters-popup__top -->\n\n\t\t\t\t\t\t<div class=\"filters-popup__content\">\n\t\t\t\t\t\t\t\n\t\t\t\t\t\t\t\t\t\t\t\t\t\t\t<div class=\"filters-popup__content__group area-filters\">\n\t\t\t\t\t\t\t\t\t<p>Nach Bereich filtern<\/p>\n\t\t\t\t\t\t\t\t\t<div class=\"filters-popup__content__group__buttons\">\n\t\t\t\t\t\t\t\t\t\t<button aria-controls=\"categories-area-categories-block_61268be53df4ce379d57b1f81c3bfd3c\" aria-checked=\"false\" data-area=\"koli\">Koli<\/button>\n\t\t\t\t\t\t\t\t\t\t<button aria-controls=\"categories-area-categories-block_61268be53df4ce379d57b1f81c3bfd3c\" aria-checked=\"false\" data-area=\"lieksa\">Lieksa<\/button>\n\t\t\t\t\t\t\t\t\t\t<button aria-controls=\"categories-area-categories-block_61268be53df4ce379d57b1f81c3bfd3c\" aria-checked=\"false\" data-area=\"juuka\">Juuka<\/button>\n\t\t\t\t\t\t\t\t\t<\/div><!-- .filters-popup__content__group__buttons -->\n\t\t\t\t\t\t\t\t<\/div><!-- .filters-popup__content__group -->\n\t\t\t\t\t\t\t\n\t\t\t\t\t\t\t\t\t\t\t\t\t<\/div><!-- .filters-popup__content -->\n\n\t\t\t\t\t\t<div class=\"filters-popup__bottom\">\n\t\t\t\t\t\t\t<button class=\"popup-filters-close\">Ergebnisse anzeigen <span>(0)<\/span><\/button>\n\t\t\t\t\t\t<\/div><!-- .filters-popup__bottom -->\n\t\t\t\t\t<\/dialog><!-- .filters-popup -->\n\t\t\t\t\n\t\t\t\t\n\t\t\t<\/div><!-- .filters-section -->\n\t\t\n\t\t\n\t\t<div class=\"categories-block__services\"\n\t\t\tid=\"categories-area-categories-block_61268be53df4ce379d57b1f81c3bfd3c\"\n\t\t\tdata-categories=\"[274]\"\n\t\t\tdata-area=\"allfilters\"\n\t\t\tdata-season=\"allnofilters\">\n\t\t<\/div><!-- .categories-block__services -->\n\n\t\n<\/div>\n","protected":false},"excerpt":{"rendered":"<p>Das Koli-Touristengebiet bietet inspirierende Rahmenbedingungen sowohl f\u00fcr Arbeitsbesprechungen als auch f\u00fcr unvergessliche Feiern. Ob es sich um eine intime Feier im Kreise der Familie oder um eine gr\u00f6\u00dfere Firmenveranstaltung handelt, wirst du sicherlich den passenden Raum in Koli oder in der Umgebung von Koli finden, der deinen Bed\u00fcrfnissen entspricht. Schau dir die unten stehenden Optionen [&hellip;]<\/p>\n","protected":false},"author":18,"featured_media":0,"parent":5893,"menu_order":0,"comment_status":"closed","ping_status":"closed","template":"","meta":{"_acf_changed":false,"footnotes":""},"servicecategories":[],"class_list":["post-11132","page","type-page","status-publish","hentry"],"acf":{"hero_type":"image","hero_image":{"ID":11142,"id":11142,"title":"satama","filename":"satama.jpg","filesize":152433,"url":"https:\/\/www.koli.fi\/wp-content\/uploads\/2023\/11\/satama.jpg","link":"https:\/\/www.koli.fi\/en\/groups-and-meetings\/meeting-and-event-venues\/satama\/","alt":"","author":18,"description":"","caption":"","name":"satama","status":"inherit","uploaded_to":11129,"date":"2023-11-23 06:49:54","modified":"2023-11-23 06:49:54","menu_order":0,"mime_type":"image\/jpeg","type":"image","subtype":"jpeg","icon":"https:\/\/www.koli.fi\/wp-includes\/images\/media\/default.svg","width":1544,"height":1025,"sizes":{"thumbnail":"https:\/\/www.koli.fi\/wp-content\/uploads\/2023\/11\/satama-150x150.jpg","thumbnail-width":150,"thumbnail-height":150,"medium":"https:\/\/www.koli.fi\/wp-content\/uploads\/2023\/11\/satama-300x199.jpg","medium-width":300,"medium-height":199,"medium_large":"https:\/\/www.koli.fi\/wp-content\/uploads\/2023\/11\/satama-768x510.jpg","medium_large-width":640,"medium_large-height":425,"large":"https:\/\/www.koli.fi\/wp-content\/uploads\/2023\/11\/satama-1024x680.jpg","large-width":640,"large-height":425,"1536x1536":"https:\/\/www.koli.fi\/wp-content\/uploads\/2023\/11\/satama-1536x1020.jpg","1536x1536-width":640,"1536x1536-height":425,"2048x2048":"https:\/\/www.koli.fi\/wp-content\/uploads\/2023\/11\/satama.jpg","2048x2048-width":640,"2048x2048-height":425,"full-hd":"https:\/\/www.koli.fi\/wp-content\/uploads\/2023\/11\/satama.jpg","full-hd-width":640,"full-hd-height":425,"extra-large":"https:\/\/www.koli.fi\/wp-content\/uploads\/2023\/11\/satama.jpg","extra-large-width":640,"extra-large-height":425}},"hero_video":null,"hero_title_upper":"","hero_title":"","hero_text":"","hero_link":"","use_summer":"no","hero_type_summer":"image","hero_image_summer":null,"hero_video_summer":null,"hero_title_upper_summer":"","hero_title_summer":"","hero_text_summer":"","hero_link_summer":null,"use_winter":"no","hero_type_winter":"image","hero_image_winter":null,"hero_video_winter":null,"hero_title_upper_winter":"","hero_title_winter":"","hero_text_winter":"","hero_link_winter":null},"_links":{"self":[{"href":"https:\/\/www.koli.fi\/de\/wp-json\/wp\/v2\/pages\/11132","targetHints":{"allow":["GET"]}}],"collection":[{"href":"https:\/\/www.koli.fi\/de\/wp-json\/wp\/v2\/pages"}],"about":[{"href":"https:\/\/www.koli.fi\/de\/wp-json\/wp\/v2\/types\/page"}],"author":[{"embeddable":true,"href":"https:\/\/www.koli.fi\/de\/wp-json\/wp\/v2\/users\/18"}],"replies":[{"embeddable":true,"href":"https:\/\/www.koli.fi\/de\/wp-json\/wp\/v2\/comments?post=11132"}],"version-history":[{"count":3,"href":"https:\/\/www.koli.fi\/de\/wp-json\/wp\/v2\/pages\/11132\/revisions"}],"predecessor-version":[{"id":11136,"href":"https:\/\/www.koli.fi\/de\/wp-json\/wp\/v2\/pages\/11132\/revisions\/11136"}],"up":[{"embeddable":true,"href":"https:\/\/www.koli.fi\/de\/wp-json\/wp\/v2\/pages\/5893"}],"wp:attachment":[{"href":"https:\/\/www.koli.fi\/de\/wp-json\/wp\/v2\/media?parent=11132"}],"wp:term":[{"taxonomy":"servicecategory","embeddable":true,"href":"https:\/\/www.koli.fi\/de\/wp-json\/wp\/v2\/servicecategories?post=11132"}],"curies":[{"name":"wp","href":"https:\/\/api.w.org\/{rel}","templated":true}]}}