{"id":13109,"date":"2023-12-04T15:15:30","date_gmt":"2023-12-04T13:15:30","guid":{"rendered":"https:\/\/www.koli.fi\/?page_id=13109"},"modified":"2024-09-09T14:18:01","modified_gmt":"2024-09-09T11:18:01","slug":"abfahrtski","status":"publish","type":"page","link":"https:\/\/www.koli.fi\/de\/entdeckungen\/aktivitaeten\/abfahrtski\/","title":{"rendered":"Abfahrtski"},"content":{"rendered":"\n<p class=\"has-text-align-center\">Auf diesen ewigen Felspisten haben bereits vor 80 Jahren die ersten Wagemutigen Ski gefahren. Jetzt bist du dran, einen unvergesslichen Tag auf den Pisten zu verbringen. Traust du dich, die steile schwarze Piste auszuprobieren? Am Ukko-Koli gibt es f\u00fcr Skifahrer aller K\u00f6nnensstufen Auswahlm\u00f6glichkeiten. Die sieben Pisten des Skigebiets erstrecken sich direkt vom Gipfel aus direkt vor der T\u00fcr des Break Sokos Hotel Koli und werden von vier Liften zur\u00fcck nach oben bef\u00f6rdert.<\/p>\n\n\n\n<p class=\"has-text-align-center\">An der unteren Station von Koli Ski gibt es Ticketverkauf, ein Pistencaf\u00e9, Verleih von Ausr\u00fcstung und Wartungsdienste. Die untere Station der Skipiste befindet sich unter der Adresse: <strong>Rantatie 27, Koli<\/strong><\/p>\n\n\n\n<p class=\"has-text-align-center\"><strong>Weitere Informationen und \u00d6ffnungszeiten: <a href=\"https:\/\/koliski.fi\/\" target=\"_blank\" rel=\"noreferrer noopener\">Koli Ski<\/a><\/strong><\/p>\n\n\n\n<div style=\"height:50px\" aria-hidden=\"true\" class=\"wp-block-spacer\"><\/div>\n\n\n\n<h4 class=\"wp-block-heading\">Dienstleistungen in der N\u00e4he der Pisten<\/h4>\n\n\n\n<div id=\"pagelinks-block_bb50d247414a4de503e419af5da951fd\" class=\"pagelinks-block\">\n\n\t\t\t<div class=\"pagelinks-block__pagelinks carousel\"\n\t\t\tdata-size=\"small\"\n\t\t\tdata-links=\"[10938,10939,11346,10937,10932,11006,8506]\">\n\t\t<\/div><!-- .pagelinks-block__pagelinks -->\n\n\t\t\t\t\t<div class=\"pagelinks-block__arrows\">\n\t\t\t\t<p><span class=\"current\">1<\/span> \/ <span class=\"total\">7<\/span><\/p>\n\t\t\t<\/div><!-- .pagelinks-block__arrows -->\n\t\t\n\t<\/div>\n\n\n\n<div style=\"height:100px\" aria-hidden=\"true\" class=\"wp-block-spacer\"><\/div>\n","protected":false},"excerpt":{"rendered":"<p>Auf diesen ewigen Felspisten haben bereits vor 80 Jahren die ersten Wagemutigen Ski gefahren. Jetzt bist du dran, einen unvergesslichen Tag auf den Pisten zu verbringen. Traust du dich, die steile schwarze Piste auszuprobieren? Am Ukko-Koli gibt es f\u00fcr Skifahrer aller K\u00f6nnensstufen Auswahlm\u00f6glichkeiten. Die sieben Pisten des Skigebiets erstrecken sich direkt vom Gipfel aus direkt [&hellip;]<\/p>\n","protected":false},"author":18,"featured_media":0,"parent":8362,"menu_order":0,"comment_status":"closed","ping_status":"closed","template":"","meta":{"_acf_changed":false,"footnotes":""},"servicecategories":[268],"class_list":["post-13109","page","type-page","status-publish","hentry","servicecategory-aktivitaten"],"acf":{"hero_type":"image","hero_image":13104,"hero_video":null,"hero_title_upper":"","hero_title":"Abfahrtski","hero_text":"Geschwindigkeitsrausch im Schnee genie\u00dfen","hero_link":"","use_summer":"no","hero_type_summer":"image","hero_image_summer":null,"hero_video_summer":null,"hero_title_upper_summer":"","hero_title_summer":"","hero_text_summer":"","hero_link_summer":null,"use_winter":"no","hero_type_winter":"image","hero_image_winter":null,"hero_video_winter":null,"hero_title_upper_winter":"","hero_title_winter":"","hero_text_winter":"","hero_link_winter":null},"_links":{"self":[{"href":"https:\/\/www.koli.fi\/de\/wp-json\/wp\/v2\/pages\/13109","targetHints":{"allow":["GET"]}}],"collection":[{"href":"https:\/\/www.koli.fi\/de\/wp-json\/wp\/v2\/pages"}],"about":[{"href":"https:\/\/www.koli.fi\/de\/wp-json\/wp\/v2\/types\/page"}],"author":[{"embeddable":true,"href":"https:\/\/www.koli.fi\/de\/wp-json\/wp\/v2\/users\/18"}],"replies":[{"embeddable":true,"href":"https:\/\/www.koli.fi\/de\/wp-json\/wp\/v2\/comments?post=13109"}],"version-history":[{"count":6,"href":"https:\/\/www.koli.fi\/de\/wp-json\/wp\/v2\/pages\/13109\/revisions"}],"predecessor-version":[{"id":16756,"href":"https:\/\/www.koli.fi\/de\/wp-json\/wp\/v2\/pages\/13109\/revisions\/16756"}],"up":[{"embeddable":true,"href":"https:\/\/www.koli.fi\/de\/wp-json\/wp\/v2\/pages\/8362"}],"wp:attachment":[{"href":"https:\/\/www.koli.fi\/de\/wp-json\/wp\/v2\/media?parent=13109"}],"wp:term":[{"taxonomy":"servicecategory","embeddable":true,"href":"https:\/\/www.koli.fi\/de\/wp-json\/wp\/v2\/servicecategories?post=13109"}],"curies":[{"name":"wp","href":"https:\/\/api.w.org\/{rel}","templated":true}]}}