{"id":13256,"date":"2023-11-06T10:06:19","date_gmt":"2023-11-06T08:06:19","guid":{"rendered":"https:\/\/www.koli.fi\/?page_id=13256"},"modified":"2023-12-05T07:58:35","modified_gmt":"2023-12-05T05:58:35","slug":"kolin-matkailu-oy","status":"publish","type":"page","link":"https:\/\/www.koli.fi\/de\/kolin-matkailu-oy\/","title":{"rendered":"Kolin Matkailu Oy"},"content":{"rendered":"\n<div class=\"wp-block-columns is-layout-flex wp-container-core-columns-is-layout-28f84493 wp-block-columns-is-layout-flex\">\n<div class=\"wp-block-column is-layout-flow wp-block-column-is-layout-flow\" style=\"flex-basis:33.33%\">\n<h4 class=\"wp-block-heading\">Information \u00fcber uns<\/h4>\n<\/div>\n\n\n\n<div class=\"wp-block-column is-layout-flow wp-block-column-is-layout-flow\" style=\"flex-basis:66.66%\">\n<p>Die Kolin Matkailu Oy wurde am 1. Juli 2018 gegr\u00fcndet, um das gemeinsame Marketing f\u00fcr Koli durchzuf\u00fchren und ersetzte dabei den Kolin matkailuyhdistys ry (Koli Tourismusverband). Bis zum 30. Mai 2022 geh\u00f6rte die Kolin Matkailu Oy vollst\u00e4ndig dem Kolin matkailuyhdistys ry. Allerdings erfolgte im Fr\u00fchjahr 2022 eine Aktienemission des Unternehmens, und nach der Hauptversammlung am 31. Mai 2022 geh\u00f6rten die Stadt Lieksa, die Gemeinde Juuka und etwa 40 Tourismusunternehmen in der Region zu den Eigent\u00fcmern. Die Anzahl der Aktion\u00e4re des Unternehmens w\u00e4chst, und bis Ende 2023 werden neben den beiden St\u00e4dten etwa 70 Tourismusunternehmen Anteile an dem Unternehmen besitzen.<\/p>\n\n\n\n<p>Nach der Neuausrichtung seiner Aktivit\u00e4ten fungiert die Kolin Matkailu Oy als Entwicklungs-, Marketing- und Vertriebsunternehmen f\u00fcr das Tourismusgebiet Koli. Ihre Aktivit\u00e4ten zielen auf professionellen Vertrieb, wirkungsvolles Marketing in digitalen und gedruckten Umgebungen sowie wachstumsorientierte Strategien im Einklang mit den Interessen der Aktion\u00e4re ab. Unsere Kernwerte umfassen Kundenorientierung, Verantwortung, Rentabilit\u00e4t und das Wohlergehen der Mitarbeiter.<\/p>\n<\/div>\n<\/div>\n\n\n\n<div style=\"height:50px\" aria-hidden=\"true\" class=\"wp-block-spacer\"><\/div>\n\n\n\n<h4 class=\"wp-block-heading\">Kontaktiere uns<\/h4>\n\n\n\n<div id=\"pagelinks-block_bd98e31168bb8aa3d229d0d5ca1d852b\" class=\"pagelinks-block\">\n\n\t\t\t<div class=\"pagelinks-block__pagelinks carousel\"\n\t\t\tdata-size=\"medium\"\n\t\t\tdata-links=\"[10999,5893]\">\n\t\t<\/div><!-- .pagelinks-block__pagelinks -->\n\n\t\t\t\t\t<div class=\"pagelinks-block__arrows\">\n\t\t\t\t<p><span class=\"current\">1<\/span> \/ <span class=\"total\">2<\/span><\/p>\n\t\t\t<\/div><!-- .pagelinks-block__arrows -->\n\t\t\n\t<\/div>\n\n\n\n<div style=\"height:100px\" aria-hidden=\"true\" class=\"wp-block-spacer\"><\/div>\n","protected":false},"excerpt":{"rendered":"<p>Information \u00fcber uns Die Kolin Matkailu Oy wurde am 1. Juli 2018 gegr\u00fcndet, um das gemeinsame Marketing f\u00fcr Koli durchzuf\u00fchren und ersetzte dabei den Kolin matkailuyhdistys ry (Koli Tourismusverband). Bis zum 30. Mai 2022 geh\u00f6rte die Kolin Matkailu Oy vollst\u00e4ndig dem Kolin matkailuyhdistys ry. Allerdings erfolgte im Fr\u00fchjahr 2022 eine Aktienemission des Unternehmens, und nach [&hellip;]<\/p>\n","protected":false},"author":18,"featured_media":0,"parent":0,"menu_order":0,"comment_status":"closed","ping_status":"closed","template":"","meta":{"_acf_changed":false,"footnotes":""},"servicecategories":[],"class_list":["post-13256","page","type-page","status-publish","hentry"],"acf":{"hero_type":"image","hero_image":13252,"hero_video":null,"hero_title_upper":"","hero_title":"Kolin Matkailu Oy","hero_text":"","hero_link":"","use_summer":"no","hero_type_summer":"image","hero_image_summer":null,"hero_video_summer":null,"hero_title_upper_summer":"","hero_title_summer":"","hero_text_summer":"","hero_link_summer":null,"use_winter":"no","hero_type_winter":"image","hero_image_winter":null,"hero_video_winter":null,"hero_title_upper_winter":"","hero_title_winter":"","hero_text_winter":"","hero_link_winter":null},"_links":{"self":[{"href":"https:\/\/www.koli.fi\/de\/wp-json\/wp\/v2\/pages\/13256","targetHints":{"allow":["GET"]}}],"collection":[{"href":"https:\/\/www.koli.fi\/de\/wp-json\/wp\/v2\/pages"}],"about":[{"href":"https:\/\/www.koli.fi\/de\/wp-json\/wp\/v2\/types\/page"}],"author":[{"embeddable":true,"href":"https:\/\/www.koli.fi\/de\/wp-json\/wp\/v2\/users\/18"}],"replies":[{"embeddable":true,"href":"https:\/\/www.koli.fi\/de\/wp-json\/wp\/v2\/comments?post=13256"}],"version-history":[{"count":4,"href":"https:\/\/www.koli.fi\/de\/wp-json\/wp\/v2\/pages\/13256\/revisions"}],"predecessor-version":[{"id":13274,"href":"https:\/\/www.koli.fi\/de\/wp-json\/wp\/v2\/pages\/13256\/revisions\/13274"}],"wp:attachment":[{"href":"https:\/\/www.koli.fi\/de\/wp-json\/wp\/v2\/media?parent=13256"}],"wp:term":[{"taxonomy":"servicecategory","embeddable":true,"href":"https:\/\/www.koli.fi\/de\/wp-json\/wp\/v2\/servicecategories?post=13256"}],"curies":[{"name":"wp","href":"https:\/\/api.w.org\/{rel}","templated":true}]}}