{"id":14952,"date":"2023-12-12T13:42:57","date_gmt":"2023-12-12T11:42:57","guid":{"rendered":"https:\/\/www.koli.fi\/?page_id=14952"},"modified":"2024-06-27T10:17:44","modified_gmt":"2024-06-27T07:17:44","slug":"wanderwegespende","status":"publish","type":"page","link":"https:\/\/www.koli.fi\/de\/wanderwegespende\/","title":{"rendered":"Wanderwegespende"},"content":{"rendered":"\n<p>Die Wanderwegespende f\u00fcr Koli ist eine freiwillige Unterst\u00fctzungsgeb\u00fchr, die zur Deckung der Wartung von Ski-, Rad- und anderen Au\u00dfenwegen sowie zur Holzversorgung f\u00fcr Unterst\u00e4nde und Ursan Kota, zur R\u00e4umung von Parkpl\u00e4tzen, zur Beschilderung und zur Echtzeitverfolgung der Wegewartung verwendet wird. Die Wanderwegespende werden vollst\u00e4ndig f\u00fcr die Wartung, Pflege und Entwicklung ganzj\u00e4hriger Au\u00dfenwege in Koli verwendet.<\/p>\n\n\n\n<div style=\"height:50px\" aria-hidden=\"true\" class=\"wp-block-spacer\"><\/div>\n\n\n\n<div class=\"wp-block-columns is-layout-flex wp-container-core-columns-is-layout-28f84493 wp-block-columns-is-layout-flex\">\n<div class=\"wp-block-column is-layout-flow wp-block-column-is-layout-flow\" style=\"flex-basis:66.66%\">\n<h2 class=\"wp-block-heading\">Unterst\u00fctzermarke f\u00fcr Kolis wanderwege<\/h2>\n\n\n\n<p>Die Unternehmen in der Region, die sich an den Routenpflegeaktionen beteiligen, k\u00f6nnen anhand dieses Koli-Routenunterst\u00fctzungszeichens identifiziert werden. Das Zeichen steht f\u00fcr verantwortungsbewusstes und gemeinschaftsorientiertes Gesch\u00e4ftsgebaren sowie f\u00fcr Dankbarkeit f\u00fcr die Teilnahme an gemeinsamen Anstrengungen. Wir ver\u00f6ffentlichen auch eine aktualisierte Liste der Unternehmen, die das Routensystem auf diesen Seiten unterst\u00fctzen.<\/p>\n\n\n\n<p>Auch Unternehmen an anderen Standorten k\u00f6nnen teilnehmen, da wir entlang der Strecke anpassbare Sponsorentafeln anbieten. Wenn Ihr Unternehmen daran interessiert ist, verantwortliche Routenarbeit in Finnlands beliebtestem Besucherziel zu unterst\u00fctzen, oder wenn Sie weitere Informationen zum Thema w\u00fcnschen, kontaktieren Sie uns bitte: <a>info@koli.fi<\/a>.<\/p>\n\n\n\n<p>Als Einzelperson k\u00f6nnen Sie auch an den Anstrengungen teilnehmen und das Emblem f\u00fcr sich selbst erhalten!<\/p>\n<\/div>\n\n\n\n<div class=\"wp-block-column is-layout-flow wp-block-column-is-layout-flow\" style=\"flex-basis:33.33%\">\n<figure class=\"wp-block-image size-full\"><img loading=\"lazy\" decoding=\"async\" width=\"726\" height=\"959\" src=\"https:\/\/www.koli.fi\/wp-content\/uploads\/2024\/03\/Kannatusmerkki_ger.png\" alt=\"\" class=\"wp-image-15059\" srcset=\"https:\/\/www.koli.fi\/wp-content\/uploads\/2024\/03\/Kannatusmerkki_ger.png 726w, https:\/\/www.koli.fi\/wp-content\/uploads\/2024\/03\/Kannatusmerkki_ger-227x300.png 227w\" sizes=\"auto, (max-width: 726px) 100vw, 726px\"><\/figure>\n<\/div>\n<\/div>\n\n\n\n<div style=\"height:50px\" aria-hidden=\"true\" class=\"wp-block-spacer\"><\/div>\n\n\n\n<h2 class=\"wp-block-heading\">Wie kann ich die Wanderwegespende bezahlen?<\/h2>\n\n\n\n<p>Sie k\u00f6nnen die freiwillige Routengeb\u00fchr f\u00fcr Koli ganz einfach entweder \u00fcber unseren Online-Shop oder im Koli Tourist Information Office (Kolintie 94A) bezahlen. <\/p>\n\n\n\n<p><strong>Im Winter:<\/strong> Wenn Sie 18 Euro oder mehr bezahlen, erhalten Sie eine Routenkarte vom Koli Tourist Information Office oder vom Naturzentrum Ukko (Yl\u00e4-Kolintie 39), einen Echtzeit-Blick auf die Routenwartung auf unserer Website und einen Unterst\u00fctzungsaufkleber f\u00fcr die Strecke! Sie k\u00f6nnen entweder die vollen 18 Euro oder einen beliebigen Betrag Ihrer Wahl bezahlen.<\/p>\n\n\n\n<p><strong>Im Sommer:<\/strong> Wenn Sie 12 Euro oder mehr bezahlen, erhalten Sie eine Service- und Wanderkarte sowie einen Unterst\u00fctzungsaufkleber f\u00fcr die Strecke im Koli Tourist Information Office oder im Naturzentrum Ukko (Yl\u00e4-Kolintie 39)! Sie k\u00f6nnen entweder die vollen 12 Euro oder einen beliebigen Betrag Ihrer Wahl bezahlen.<\/p>\n\n\n\n<div id=\"johku-block_d9a8cfc14a7672b86852b66175cf29ae\" class=\"johku-block\">\n\n\t\n\t\t<div class=\"johku-block__content\">\n\t\t\t<johku-widget id=\"kolidmc\/c327e7cc33d54b69\" locale=\"fi_FI\"><\/johku-widget>\t\t<\/div><!-- .johku-block__content -->\n\n\t\n\n<\/div>\n\n\n\n<div style=\"height:50px\" aria-hidden=\"true\" class=\"wp-block-spacer\"><\/div>\n\n\n\n<h2 class=\"wp-block-heading\">Die Koli-Routen werden im Zeitraum 2023-2024 von folgenden Unternehmen unterst\u00fctzt:<\/h2>\n\n\n\n<div class=\"wp-block-columns is-layout-flex wp-container-core-columns-is-layout-28f84493 wp-block-columns-is-layout-flex\">\n<div class=\"wp-block-column is-layout-flow wp-block-column-is-layout-flow\">\n<p>Lieksan kaupunki<br>Juuan kunta<br>Mets\u00e4hallitus<br>Pohjois-Karjalan Osuuskauppa<br>ISI-Kiinteist\u00f6t Oy<br>Joensuun Metallity\u00f6v\u00e4en ammattiosasto<br>Kiinteist\u00f6korjaus H. K\u00e4rki Oy<br>Kiinteist\u00f6 Oli Oy<br>Maatilamatkailu Paimentupa Oy<br>Pohjois-Karjalan S\u00e4hk\u00f6 Oy<br>P\u00e4\u00e4llyst\u00f6liitto ry<br>Saimaa Terminals Oy<br>Tecalemit Oy<br>Tietoala ry<\/p>\n<\/div>\n\n\n\n<div class=\"wp-block-column is-layout-flow wp-block-column-is-layout-flow\">\n<p>Kiinteist\u00f6 Oy Tunnelmatuvat<br>Oy Lomarengas Ab, Ltd<br>Seppo Hattunen \/ Hiisiranta B3 ja C1<br>Asunto Kolin Kolo<br>Ukko-Kolin Rantam\u00f6kit<br>Welhotar<br>Feel Koli -retket<br>Vaara-Karjalan Osuuspankki<br>Lemmikkiruuat Tessu Oy<br>Kiinteist\u00f6 Oy Kolin \u00c4ss\u00e4t<br>Kello-Kulta Suninen Oy<br>Jotuca Oy \/ Retkipaikka<br>Markku Meht\u00e4l\u00e4 \/ Koli Osuma<br>Kolin Taksipalvelu Oy<br>Savilahden Rantamajat<\/p>\n<\/div>\n\n\n\n<div class=\"wp-block-column is-layout-flow wp-block-column-is-layout-flow\">\n<figure class=\"wp-block-image size-full\"><img loading=\"lazy\" decoding=\"async\" width=\"726\" height=\"959\" src=\"https:\/\/www.koli.fi\/wp-content\/uploads\/2024\/03\/Kannatusmerkki_ger-1.png\" alt=\"\" class=\"wp-image-15066\" srcset=\"https:\/\/www.koli.fi\/wp-content\/uploads\/2024\/03\/Kannatusmerkki_ger-1.png 726w, https:\/\/www.koli.fi\/wp-content\/uploads\/2024\/03\/Kannatusmerkki_ger-1-227x300.png 227w\" sizes=\"auto, (max-width: 726px) 100vw, 726px\"><\/figure>\n<\/div>\n<\/div>\n\n\n\n<div style=\"height:50px\" aria-hidden=\"true\" class=\"wp-block-spacer\"><\/div>\n\n\n\n<h4 class=\"wp-block-heading has-text-align-center\">Ein herzliches Dankesch\u00f6n an alle, die unsere Arbeit auf den Wanderwegen unterst\u00fctzen \u2013 Ihre Hilfe ist unerl\u00e4sslich!<\/h4>\n\n\n\n<figure class=\"wp-block-gallery has-nested-images columns-default is-cropped wp-block-gallery-1 is-layout-flex wp-block-gallery-is-layout-flex\">\n<figure class=\"wp-block-image size-large\"><img loading=\"lazy\" decoding=\"async\" width=\"1024\" height=\"683\" data-id=\"13129\" src=\"https:\/\/www.koli.fi\/wp-content\/uploads\/2023\/12\/Lumikenkailija-vauhdissa-1024x683.jpg\" alt=\"\" class=\"wp-image-13129\" srcset=\"https:\/\/www.koli.fi\/wp-content\/uploads\/2023\/12\/Lumikenkailija-vauhdissa-1024x683.jpg 1024w, https:\/\/www.koli.fi\/wp-content\/uploads\/2023\/12\/Lumikenkailija-vauhdissa-300x200.jpg 300w, https:\/\/www.koli.fi\/wp-content\/uploads\/2023\/12\/Lumikenkailija-vauhdissa-768x512.jpg 768w, https:\/\/www.koli.fi\/wp-content\/uploads\/2023\/12\/Lumikenkailija-vauhdissa-1536x1024.jpg 1536w, https:\/\/www.koli.fi\/wp-content\/uploads\/2023\/12\/Lumikenkailija-vauhdissa-2048x1365.jpg 2048w, https:\/\/www.koli.fi\/wp-content\/uploads\/2023\/12\/Lumikenkailija-vauhdissa-1920x1280.jpg 1920w, https:\/\/www.koli.fi\/wp-content\/uploads\/2023\/12\/Lumikenkailija-vauhdissa-1600x1067.jpg 1600w\" sizes=\"auto, (max-width: 1024px) 100vw, 1024px\"><\/figure>\n\n\n\n<figure class=\"wp-block-image size-large\"><img loading=\"lazy\" decoding=\"async\" width=\"1024\" height=\"683\" data-id=\"12161\" src=\"https:\/\/www.koli.fi\/wp-content\/uploads\/2023\/11\/Koli_gravel-9_edit_2-1024x683.jpg\" alt=\"\" class=\"wp-image-12161\" srcset=\"https:\/\/www.koli.fi\/wp-content\/uploads\/2023\/11\/Koli_gravel-9_edit_2-1024x683.jpg 1024w, https:\/\/www.koli.fi\/wp-content\/uploads\/2023\/11\/Koli_gravel-9_edit_2-300x200.jpg 300w, https:\/\/www.koli.fi\/wp-content\/uploads\/2023\/11\/Koli_gravel-9_edit_2-768x512.jpg 768w, https:\/\/www.koli.fi\/wp-content\/uploads\/2023\/11\/Koli_gravel-9_edit_2-1536x1024.jpg 1536w, https:\/\/www.koli.fi\/wp-content\/uploads\/2023\/11\/Koli_gravel-9_edit_2-2048x1365.jpg 2048w, https:\/\/www.koli.fi\/wp-content\/uploads\/2023\/11\/Koli_gravel-9_edit_2-1920x1280.jpg 1920w, https:\/\/www.koli.fi\/wp-content\/uploads\/2023\/11\/Koli_gravel-9_edit_2-1600x1067.jpg 1600w\" sizes=\"auto, (max-width: 1024px) 100vw, 1024px\"><\/figure>\n\n\n\n<figure class=\"wp-block-image size-large\"><img loading=\"lazy\" decoding=\"async\" width=\"1024\" height=\"768\" data-id=\"11383\" src=\"https:\/\/www.koli.fi\/wp-content\/uploads\/2023\/11\/AE6BA27F-E370-41FF-93C3-41C1E27BAA05-1024x768.jpeg\" alt=\"\" class=\"wp-image-11383\" srcset=\"https:\/\/www.koli.fi\/wp-content\/uploads\/2023\/11\/AE6BA27F-E370-41FF-93C3-41C1E27BAA05-1024x768.jpeg 1024w, https:\/\/www.koli.fi\/wp-content\/uploads\/2023\/11\/AE6BA27F-E370-41FF-93C3-41C1E27BAA05-300x225.jpeg 300w, https:\/\/www.koli.fi\/wp-content\/uploads\/2023\/11\/AE6BA27F-E370-41FF-93C3-41C1E27BAA05-768x576.jpeg 768w, https:\/\/www.koli.fi\/wp-content\/uploads\/2023\/11\/AE6BA27F-E370-41FF-93C3-41C1E27BAA05-1536x1152.jpeg 1536w, https:\/\/www.koli.fi\/wp-content\/uploads\/2023\/11\/AE6BA27F-E370-41FF-93C3-41C1E27BAA05-2048x1536.jpeg 2048w, https:\/\/www.koli.fi\/wp-content\/uploads\/2023\/11\/AE6BA27F-E370-41FF-93C3-41C1E27BAA05-1920x1440.jpeg 1920w, https:\/\/www.koli.fi\/wp-content\/uploads\/2023\/11\/AE6BA27F-E370-41FF-93C3-41C1E27BAA05-1600x1200.jpeg 1600w\" sizes=\"auto, (max-width: 1024px) 100vw, 1024px\"><\/figure>\n\n\n\n<figure class=\"wp-block-image size-large\"><img loading=\"lazy\" decoding=\"async\" width=\"1024\" height=\"768\" data-id=\"13706\" src=\"https:\/\/www.koli.fi\/wp-content\/uploads\/2023\/12\/5E863C30-794B-47D6-889F-B5491521B5CE-1024x768.jpeg\" alt=\"\" class=\"wp-image-13706\" srcset=\"https:\/\/www.koli.fi\/wp-content\/uploads\/2023\/12\/5E863C30-794B-47D6-889F-B5491521B5CE-1024x768.jpeg 1024w, https:\/\/www.koli.fi\/wp-content\/uploads\/2023\/12\/5E863C30-794B-47D6-889F-B5491521B5CE-300x225.jpeg 300w, https:\/\/www.koli.fi\/wp-content\/uploads\/2023\/12\/5E863C30-794B-47D6-889F-B5491521B5CE-768x576.jpeg 768w, https:\/\/www.koli.fi\/wp-content\/uploads\/2023\/12\/5E863C30-794B-47D6-889F-B5491521B5CE-1536x1152.jpeg 1536w, https:\/\/www.koli.fi\/wp-content\/uploads\/2023\/12\/5E863C30-794B-47D6-889F-B5491521B5CE-2048x1536.jpeg 2048w, https:\/\/www.koli.fi\/wp-content\/uploads\/2023\/12\/5E863C30-794B-47D6-889F-B5491521B5CE-1920x1440.jpeg 1920w, https:\/\/www.koli.fi\/wp-content\/uploads\/2023\/12\/5E863C30-794B-47D6-889F-B5491521B5CE-1600x1200.jpeg 1600w\" sizes=\"auto, (max-width: 1024px) 100vw, 1024px\"><\/figure>\n\n\n\n<figure class=\"wp-block-image size-large\"><img loading=\"lazy\" decoding=\"async\" width=\"1024\" height=\"683\" data-id=\"13709\" src=\"https:\/\/www.koli.fi\/wp-content\/uploads\/2023\/12\/hiihto-ja-lask-6-1024x683.jpg\" alt=\"\" class=\"wp-image-13709\" srcset=\"https:\/\/www.koli.fi\/wp-content\/uploads\/2023\/12\/hiihto-ja-lask-6-1024x683.jpg 1024w, https:\/\/www.koli.fi\/wp-content\/uploads\/2023\/12\/hiihto-ja-lask-6-300x200.jpg 300w, https:\/\/www.koli.fi\/wp-content\/uploads\/2023\/12\/hiihto-ja-lask-6-768x512.jpg 768w, https:\/\/www.koli.fi\/wp-content\/uploads\/2023\/12\/hiihto-ja-lask-6-1536x1024.jpg 1536w, https:\/\/www.koli.fi\/wp-content\/uploads\/2023\/12\/hiihto-ja-lask-6-2048x1365.jpg 2048w, https:\/\/www.koli.fi\/wp-content\/uploads\/2023\/12\/hiihto-ja-lask-6-1920x1280.jpg 1920w, https:\/\/www.koli.fi\/wp-content\/uploads\/2023\/12\/hiihto-ja-lask-6-1600x1067.jpg 1600w\" sizes=\"auto, (max-width: 1024px) 100vw, 1024px\"><\/figure>\n\n\n\n<figure class=\"wp-block-image size-large\"><img loading=\"lazy\" decoding=\"async\" width=\"1024\" height=\"683\" data-id=\"13712\" src=\"https:\/\/www.koli.fi\/wp-content\/uploads\/2023\/12\/Koli_polkujuoksu-2-1024x683.jpg\" alt=\"\" class=\"wp-image-13712\" srcset=\"https:\/\/www.koli.fi\/wp-content\/uploads\/2023\/12\/Koli_polkujuoksu-2-1024x683.jpg 1024w, https:\/\/www.koli.fi\/wp-content\/uploads\/2023\/12\/Koli_polkujuoksu-2-300x200.jpg 300w, https:\/\/www.koli.fi\/wp-content\/uploads\/2023\/12\/Koli_polkujuoksu-2-768x512.jpg 768w, https:\/\/www.koli.fi\/wp-content\/uploads\/2023\/12\/Koli_polkujuoksu-2-1536x1024.jpg 1536w, https:\/\/www.koli.fi\/wp-content\/uploads\/2023\/12\/Koli_polkujuoksu-2-2048x1365.jpg 2048w, https:\/\/www.koli.fi\/wp-content\/uploads\/2023\/12\/Koli_polkujuoksu-2-1920x1280.jpg 1920w, https:\/\/www.koli.fi\/wp-content\/uploads\/2023\/12\/Koli_polkujuoksu-2-1600x1067.jpg 1600w\" sizes=\"auto, (max-width: 1024px) 100vw, 1024px\"><\/figure>\n<\/figure>\n\n\n\n<div style=\"height:100px\" aria-hidden=\"true\" class=\"wp-block-spacer\"><\/div>\n","protected":false},"excerpt":{"rendered":"<p>Die Wanderwegespende f\u00fcr Koli ist eine freiwillige Unterst\u00fctzungsgeb\u00fchr, die zur Deckung der Wartung von Ski-, Rad- und anderen Au\u00dfenwegen sowie zur Holzversorgung f\u00fcr Unterst\u00e4nde und Ursan Kota, zur R\u00e4umung von Parkpl\u00e4tzen, zur Beschilderung und zur Echtzeitverfolgung der Wegewartung verwendet wird. Die Wanderwegespende werden vollst\u00e4ndig f\u00fcr die Wartung, Pflege und Entwicklung ganzj\u00e4hriger Au\u00dfenwege in Koli verwendet. [&hellip;]<\/p>\n","protected":false},"author":18,"featured_media":0,"parent":0,"menu_order":0,"comment_status":"closed","ping_status":"closed","template":"","meta":{"_acf_changed":false,"footnotes":""},"servicecategories":[],"class_list":["post-14952","page","type-page","status-publish","hentry"],"acf":{"hero_type":"image","hero_image":12150,"hero_video":null,"hero_title_upper":"","hero_title":"","hero_text":"","hero_link":"","use_summer":"no","hero_type_summer":"image","hero_image_summer":null,"hero_video_summer":null,"hero_title_upper_summer":"","hero_title_summer":"","hero_text_summer":"","hero_link_summer":null,"use_winter":"no","hero_type_winter":"image","hero_image_winter":null,"hero_video_winter":null,"hero_title_upper_winter":"","hero_title_winter":"","hero_text_winter":"","hero_link_winter":null},"_links":{"self":[{"href":"https:\/\/www.koli.fi\/de\/wp-json\/wp\/v2\/pages\/14952","targetHints":{"allow":["GET"]}}],"collection":[{"href":"https:\/\/www.koli.fi\/de\/wp-json\/wp\/v2\/pages"}],"about":[{"href":"https:\/\/www.koli.fi\/de\/wp-json\/wp\/v2\/types\/page"}],"author":[{"embeddable":true,"href":"https:\/\/www.koli.fi\/de\/wp-json\/wp\/v2\/users\/18"}],"replies":[{"embeddable":true,"href":"https:\/\/www.koli.fi\/de\/wp-json\/wp\/v2\/comments?post=14952"}],"version-history":[{"count":3,"href":"https:\/\/www.koli.fi\/de\/wp-json\/wp\/v2\/pages\/14952\/revisions"}],"predecessor-version":[{"id":16077,"href":"https:\/\/www.koli.fi\/de\/wp-json\/wp\/v2\/pages\/14952\/revisions\/16077"}],"wp:attachment":[{"href":"https:\/\/www.koli.fi\/de\/wp-json\/wp\/v2\/media?parent=14952"}],"wp:term":[{"taxonomy":"servicecategory","embeddable":true,"href":"https:\/\/www.koli.fi\/de\/wp-json\/wp\/v2\/servicecategories?post=14952"}],"curies":[{"name":"wp","href":"https:\/\/api.w.org\/{rel}","templated":true}]}}