{"id":14958,"date":"2024-02-21T16:12:43","date_gmt":"2024-02-21T14:12:43","guid":{"rendered":"https:\/\/www.koli.fi\/?page_id=14958"},"modified":"2024-03-26T11:27:04","modified_gmt":"2024-03-26T09:27:04","slug":"wegpflege","status":"publish","type":"page","link":"https:\/\/www.koli.fi\/de\/wegpflege\/","title":{"rendered":"Wegpflege"},"content":{"rendered":"\n<p>Die Umgebung von Koli bietet das ganze Jahr \u00fcber zahlreiche M\u00f6glichkeiten f\u00fcr Outdoor-Aktivit\u00e4ten. Erleben Sie das herrliche Koli zu verschiedenen Jahreszeiten beim Wandern, Skifahren, Schneeschuhwandern oder Radfahren.<\/p>\n\n\n\n<p>Im Winter k\u00f6nnen Sie sich hier \u00fcber den aktuellen Wartungszustand der Wanderwege informieren. Die Farbe der Loipe zeigt an, wann sie zuletzt gewartet wurde.<\/p>\n\n\n\n<p><strong>Die Skiwanderwege sind f\u00fcr Ostern 2024 ge\u00f6ffnet und gepflegt, danach endet die Wartung f\u00fcr diese Saison.<\/strong><\/p>\n\n\n\n<div style=\"height:25px\" aria-hidden=\"true\" class=\"wp-block-spacer\"><\/div>\n\n\n\n<div id=\"infomap-block_17e95609a7a853faaf53184d4fb94910\" class=\"infomap-block\">\n\n\t\n\t\t<div class=\"infomap-block__map\">\n\t\t\t\n\t\t\t\n\t\t\t\t<iframe src=\"https:\/\/www.infogis.fi\/lieksa\/iframe-kaikki.php?link=fFllxCn32w&#038;lang=de\" loading=\"lazy\"><\/iframe>\n\n\t\t\t\n\t\t<\/div><!-- .infomap-block__map -->\n\n\t<\/div>\n\n\n\n<div style=\"height:50px\" aria-hidden=\"true\" class=\"wp-block-spacer\"><\/div>\n\n\n\n<h4 class=\"wp-block-heading\">Siehe auch diese<\/h4>\n\n\n\n<div id=\"pagelinks-block_2572a577131ab5ff2923fe336ec4da60\" class=\"pagelinks-block\">\n\n\t\t\t<div class=\"pagelinks-block__pagelinks carousel\"\n\t\t\tdata-size=\"small\"\n\t\t\tdata-links=\"[14952,10510,6341,10696]\">\n\t\t<\/div><!-- .pagelinks-block__pagelinks -->\n\n\t\t\t\t\t<div class=\"pagelinks-block__arrows\">\n\t\t\t\t<p><span class=\"current\">1<\/span> \/ <span class=\"total\">4<\/span><\/p>\n\t\t\t<\/div><!-- .pagelinks-block__arrows -->\n\t\t\n\t<\/div>\n\n\n\n<div style=\"height:100px\" aria-hidden=\"true\" class=\"wp-block-spacer\"><\/div>\n","protected":false},"excerpt":{"rendered":"<p>Die Umgebung von Koli bietet das ganze Jahr \u00fcber zahlreiche M\u00f6glichkeiten f\u00fcr Outdoor-Aktivit\u00e4ten. Erleben Sie das herrliche Koli zu verschiedenen Jahreszeiten beim Wandern, Skifahren, Schneeschuhwandern oder Radfahren. Im Winter k\u00f6nnen Sie sich hier \u00fcber den aktuellen Wartungszustand der Wanderwege informieren. Die Farbe der Loipe zeigt an, wann sie zuletzt gewartet wurde. Die Skiwanderwege sind f\u00fcr [&hellip;]<\/p>\n","protected":false},"author":18,"featured_media":0,"parent":0,"menu_order":0,"comment_status":"closed","ping_status":"closed","template":"","meta":{"_acf_changed":false,"footnotes":""},"servicecategories":[],"class_list":["post-14958","page","type-page","status-publish","hentry"],"acf":{"hero_type":"image","hero_image":14761,"hero_video":null,"hero_title_upper":"","hero_title":"Wegpflege","hero_text":"Aktueller Stand der Instandhaltung der Koli-Routen","hero_link":"","use_summer":"no","hero_type_summer":"image","hero_image_summer":null,"hero_video_summer":null,"hero_title_upper_summer":"","hero_title_summer":"","hero_text_summer":"","hero_link_summer":null,"use_winter":"no","hero_type_winter":"image","hero_image_winter":null,"hero_video_winter":null,"hero_title_upper_winter":"","hero_title_winter":"","hero_text_winter":"","hero_link_winter":null},"_links":{"self":[{"href":"https:\/\/www.koli.fi\/de\/wp-json\/wp\/v2\/pages\/14958","targetHints":{"allow":["GET"]}}],"collection":[{"href":"https:\/\/www.koli.fi\/de\/wp-json\/wp\/v2\/pages"}],"about":[{"href":"https:\/\/www.koli.fi\/de\/wp-json\/wp\/v2\/types\/page"}],"author":[{"embeddable":true,"href":"https:\/\/www.koli.fi\/de\/wp-json\/wp\/v2\/users\/18"}],"replies":[{"embeddable":true,"href":"https:\/\/www.koli.fi\/de\/wp-json\/wp\/v2\/comments?post=14958"}],"version-history":[{"count":2,"href":"https:\/\/www.koli.fi\/de\/wp-json\/wp\/v2\/pages\/14958\/revisions"}],"predecessor-version":[{"id":15098,"href":"https:\/\/www.koli.fi\/de\/wp-json\/wp\/v2\/pages\/14958\/revisions\/15098"}],"wp:attachment":[{"href":"https:\/\/www.koli.fi\/de\/wp-json\/wp\/v2\/media?parent=14958"}],"wp:term":[{"taxonomy":"servicecategory","embeddable":true,"href":"https:\/\/www.koli.fi\/de\/wp-json\/wp\/v2\/servicecategories?post=14958"}],"curies":[{"name":"wp","href":"https:\/\/api.w.org\/{rel}","templated":true}]}}