{"id":16555,"date":"2024-08-15T09:05:49","date_gmt":"2024-08-15T06:05:49","guid":{"rendered":"https:\/\/www.koli.fi\/?page_id=16555"},"modified":"2024-09-03T15:51:17","modified_gmt":"2024-09-03T12:51:17","slug":"willkommen-in-koli","status":"publish","type":"page","link":"https:\/\/www.koli.fi\/de\/willkommen-in-koli\/","title":{"rendered":"Herzlich willkommen in Koli"},"content":{"rendered":"\n<h2 class=\"wp-block-heading\">In Koli warten Finnlands beste Natuerlebnisse auf Sie<\/h2>\n\n\n\n<p>Die Region Koli ist Finnlands geheimes Juwel, das Sie zu unvergesslichen Urlaubsmomenten in der atemberaubenden Landschaft Nordkareliens einl\u00e4dt. Ob Sie nun ein aktiver Naturliebhaber oder ein Reisender auf der Suche nach Ruhe und Frieden sind, Koli bietet Ihnen einen R\u00fcckszugsort fernab des Alltags oder auch abwechslungsreiche Aktivit\u00e4ten inmitten der finnischen Natur. Lassen Sie sich von Kolis Landschaft verzaubern \u2013 egal zu welcher Jahreszeit. Erleben Sie Koli \u2013 ein Ort, an dem die Ruhe der Natur und das Abenteuer der finnischen Wildnis aufeinandertreffen!<\/p>\n\n\n\n<div id=\"distances-block_caa300a3250c2829cc6e1c2dab9b46d1\" class=\"distances-block\">\n\n\t<div class=\"distances-block__main\">\n\t\t\t\t\t<h3><span>Anreise nach Koli<\/span><br>Wir sind nicht weit weg.<br>\nSind Sie bereit f\u00fcr Ihre Reise?<\/h3>\n\t\t\n\t\t\n\t\t\t\t\t<div class=\"distances-block__main__filters\">\n\t\t\t\t\t\t\t\t\t\n\t\t\t\t\t<button aria-pressed=\"false\" data-filter=\"mit-dem-auto\">Mit dem Auto<\/button>\n\t\t\t\t\t\t\t\t\t\n\t\t\t\t\t<button aria-pressed=\"false\" data-filter=\"mit-dem-zug\">Mit dem Zug<\/button>\n\t\t\t\t\t\t\t\t\t\n\t\t\t\t\t<button aria-pressed=\"false\" data-filter=\"mit-dem-flugzeug\">Mit dem Flugzeug<\/button>\n\t\t\t\t\t\t\t<\/div><!-- .distances-block__main__filters -->\n\t\t\t<\/div><!-- .distances-block__main -->\n\n\n\t\t\t\t\t\t\n\t\t\t<div class=\"distances-block__arrival__text\" aria-hidden=\"false\" data-arrival=\"mit-dem-auto\">\n\n\t\t\t\t\t\t\t\t\t<p class=\"heading\">Mit dem Auto<\/p>\n\t\t\t\t\n\t\t\t\t\t\t\t\t\t<p class=\"hyphenate\">Schnell und einfach. Reisen Sie in Ihrem eigenen Tempo und entdecken Sie die Region ohne Fahrpl\u00e4ne. Wir sind nur eine Kaffeepause und einen Tank entfernt.<\/p>\n\t\t\t\t\t\t\t<\/div><!-- .distances-block__arrival__text -->\n\n\t\t\t\t\t\t\t\t\t<div class=\"distances-block__arrival__image\" aria-hidden=\"false\" data-arrival=\"mit-dem-auto\">\n\t\t\t\t\t\t<img decoding=\"async\" src=\"https:\/\/www.koli.fi\/wp-content\/uploads\/2023\/10\/map-autoyhteydet-koli.svg\" loading=\"lazy\" width=\"501\" height=\"878\" srcset=\"\" alt=\"\">\n\t\t\t\t\t<\/div><!-- .distances-block__arrival__image -->\n\t\t\t\t\n\t\t\t\t\t\t\t<div class=\"distances-block__arrival__distances\" aria-hidden=\"false\" data-arrival=\"mit-dem-auto\">\n\t\t\t\t\t\t\t\t\t\t\t\n\t\t\t\t\t\t<div class=\"distances-block__arrival__distances__distance\">\n\t\t\t\t\t\t\t<p>Kuopio<\/p>\n\t\t\t\t\t\t\t<p>Koli &amp; Lieksa<\/p>\n\t\t\t\t\t\t\t<p>184 km ( 2 h 14 min )<\/p>\n\t\t\t\t\t\t<\/div><!-- .distances-block__arrival__distances__distance -->\n\n\t\t\t\t\t\t\t\t\t\t\t\n\t\t\t\t\t\t<div class=\"distances-block__arrival__distances__distance\">\n\t\t\t\t\t\t\t<p>Jyv\u00e4skyl\u00e4<\/p>\n\t\t\t\t\t\t\t<p>Koli &amp; Lieksa<\/p>\n\t\t\t\t\t\t\t<p>329 km ( 4 h 2 min )<\/p>\n\t\t\t\t\t\t<\/div><!-- .distances-block__arrival__distances__distance -->\n\n\t\t\t\t\t\t\t\t\t\t\t\n\t\t\t\t\t\t<div class=\"distances-block__arrival__distances__distance\">\n\t\t\t\t\t\t\t<p>Oulu<\/p>\n\t\t\t\t\t\t\t<p>Koli &amp; Lieksa<\/p>\n\t\t\t\t\t\t\t<p>332 km ( 4 h 15 min )<\/p>\n\t\t\t\t\t\t<\/div><!-- .distances-block__arrival__distances__distance -->\n\n\t\t\t\t\t\t\t\t\t\t\t\n\t\t\t\t\t\t<div class=\"distances-block__arrival__distances__distance\">\n\t\t\t\t\t\t\t<p>Tampere<\/p>\n\t\t\t\t\t\t\t<p>Koli &amp; Lieksa<\/p>\n\t\t\t\t\t\t\t<p>477 km ( 5 h 53 min )<\/p>\n\t\t\t\t\t\t<\/div><!-- .distances-block__arrival__distances__distance -->\n\n\t\t\t\t\t\t\t\t\t\t\t\n\t\t\t\t\t\t<div class=\"distances-block__arrival__distances__distance\">\n\t\t\t\t\t\t\t<p>Helsinki<\/p>\n\t\t\t\t\t\t\t<p>Koli &amp; Lieksa<\/p>\n\t\t\t\t\t\t\t<p>528 km ( 6 h 15 min )<\/p>\n\t\t\t\t\t\t<\/div><!-- .distances-block__arrival__distances__distance -->\n\n\t\t\t\t\t\t\t\t\t\t\t\n\t\t\t\t\t\t<div class=\"distances-block__arrival__distances__distance\">\n\t\t\t\t\t\t\t<p>Joensuu<\/p>\n\t\t\t\t\t\t\t<p>Koli &amp; Lieksa<\/p>\n\t\t\t\t\t\t\t<p>70 km ( 1 h )<\/p>\n\t\t\t\t\t\t<\/div><!-- .distances-block__arrival__distances__distance -->\n\n\t\t\t\t\t\t\t\t\t<\/div><!-- .distances-block__arrival__distances -->\n\t\t\t\n\n\t\t\t\t\t\n\t\t\t<div class=\"distances-block__arrival__text\" aria-hidden=\"false\" data-arrival=\"mit-dem-zug\">\n\n\t\t\t\t\t\t\t\t\t<p class=\"heading\">Mit dem Zug<\/p>\n\t\t\t\t\n\t\t\t\t\t\t\t\t\t<p class=\"hyphenate\">Zugreisen sind umweltfreundlich und preisg\u00fcnstig. Lieksa erreichen Sie mit nur einem Umstieg. F\u00fcr Fahrr\u00e4der und gro\u00dfes Gep\u00e4ck bieten die Z\u00fcge ausreichend Stauraum. Alle Informationen zu Fahrpl\u00e4nen und Tickets finden Sie auf vr.fi\/en (Englisch).<\/p>\n\t\t\t\t\t\t\t<\/div><!-- .distances-block__arrival__text -->\n\n\t\t\t\t\t\t\t\t\t<div class=\"distances-block__arrival__image\" aria-hidden=\"false\" data-arrival=\"mit-dem-zug\">\n\t\t\t\t\t\t<img decoding=\"async\" src=\"https:\/\/www.koli.fi\/wp-content\/uploads\/2023\/10\/map-junayhteydet-koli.svg\" loading=\"lazy\" width=\"501\" height=\"878\" srcset=\"\" alt=\"\">\n\t\t\t\t\t<\/div><!-- .distances-block__arrival__image -->\n\t\t\t\t\n\t\t\t\t\t\t\t<div class=\"distances-block__arrival__distances\" aria-hidden=\"false\" data-arrival=\"mit-dem-zug\">\n\t\t\t\t\t\t\t\t\t\t\t\n\t\t\t\t\t\t<div class=\"distances-block__arrival__distances__distance\">\n\t\t\t\t\t\t\t<p>Helsinki<\/p>\n\t\t\t\t\t\t\t<p>Lieksa<\/p>\n\t\t\t\t\t\t\t<p>6 h 16 min, 1 ein Umstieg<\/p>\n\t\t\t\t\t\t<\/div><!-- .distances-block__arrival__distances__distance -->\n\n\t\t\t\t\t\t\t\t\t\t\t\n\t\t\t\t\t\t<div class=\"distances-block__arrival__distances__distance\">\n\t\t\t\t\t\t\t<p>Tampere<\/p>\n\t\t\t\t\t\t\t<p>Lieksa<\/p>\n\t\t\t\t\t\t\t<p>7 h 28 min, 2 zwei Umstiege<\/p>\n\t\t\t\t\t\t<\/div><!-- .distances-block__arrival__distances__distance -->\n\n\t\t\t\t\t\t\t\t\t\t\t\n\t\t\t\t\t\t<div class=\"distances-block__arrival__distances__distance\">\n\t\t\t\t\t\t\t<p>Kuopio<\/p>\n\t\t\t\t\t\t\t<p>Lieksa<\/p>\n\t\t\t\t\t\t\t<p>7 h 41 min, 2 zwei Umstiege<\/p>\n\t\t\t\t\t\t<\/div><!-- .distances-block__arrival__distances__distance -->\n\n\t\t\t\t\t\t\t\t\t\t\t\n\t\t\t\t\t\t<div class=\"distances-block__arrival__distances__distance\">\n\t\t\t\t\t\t\t<p>Oulu<\/p>\n\t\t\t\t\t\t\t<p>Lieksa<\/p>\n\t\t\t\t\t\t\t<p>11 h 30 min, 2 zwei Umstiege<\/p>\n\t\t\t\t\t\t<\/div><!-- .distances-block__arrival__distances__distance -->\n\n\t\t\t\t\t\t\t\t\t<\/div><!-- .distances-block__arrival__distances -->\n\t\t\t\n\n\t\t\t\t\t\n\t\t\t<div class=\"distances-block__arrival__text\" aria-hidden=\"false\" data-arrival=\"mit-dem-flugzeug\">\n\n\t\t\t\t\t\t\t\t\t<p class=\"heading\">Mit dem Flugzeug<\/p>\n\t\t\t\t\n\t\t\t\t\t\t\t\t\t<p class=\"hyphenate\">Fliegen ist der schnellste Weg zu uns. Die n\u00e4chstgelegenen Flugh\u00e4fen sind Joensuu, Kajaani und Kuopio.<\/p>\n\t\t\t\t\t\t\t<\/div><!-- .distances-block__arrival__text -->\n\n\t\t\t\t\t\t\t\t\t<div class=\"distances-block__arrival__image\" aria-hidden=\"false\" data-arrival=\"mit-dem-flugzeug\">\n\t\t\t\t\t\t<img decoding=\"async\" src=\"https:\/\/www.koli.fi\/wp-content\/uploads\/2023\/10\/map-lentoyhteydet-koli.svg\" loading=\"lazy\" width=\"501\" height=\"878\" srcset=\"\" alt=\"\">\n\t\t\t\t\t<\/div><!-- .distances-block__arrival__image -->\n\t\t\t\t\n\t\t\t\t\t\t\t<div class=\"distances-block__arrival__distances\" aria-hidden=\"false\" data-arrival=\"mit-dem-flugzeug\">\n\t\t\t\t\t\t\t\t\t\t\t\n\t\t\t\t\t\t<div class=\"distances-block__arrival__distances__distance\">\n\t\t\t\t\t\t\t<p>Helsinki<\/p>\n\t\t\t\t\t\t\t<p>Kuopio<\/p>\n\t\t\t\t\t\t\t<p>1 h 00 min<\/p>\n\t\t\t\t\t\t<\/div><!-- .distances-block__arrival__distances__distance -->\n\n\t\t\t\t\t\t\t\t\t\t\t\n\t\t\t\t\t\t<div class=\"distances-block__arrival__distances__distance\">\n\t\t\t\t\t\t\t<p>Helsinki<\/p>\n\t\t\t\t\t\t\t<p>Joensuu<\/p>\n\t\t\t\t\t\t\t<p>1 h 5 min<\/p>\n\t\t\t\t\t\t<\/div><!-- .distances-block__arrival__distances__distance -->\n\n\t\t\t\t\t\t\t\t\t\t\t\n\t\t\t\t\t\t<div class=\"distances-block__arrival__distances__distance\">\n\t\t\t\t\t\t\t<p>Helsinki<\/p>\n\t\t\t\t\t\t\t<p>Kajaani<\/p>\n\t\t\t\t\t\t\t<p>1 h 25 min<\/p>\n\t\t\t\t\t\t<\/div><!-- .distances-block__arrival__distances__distance -->\n\n\t\t\t\t\t\t\t\t\t<\/div><!-- .distances-block__arrival__distances -->\n\t\t\t\n\n\t\t\t\n\n<\/div>\n\n\n\n<div style=\"height:50px\" aria-hidden=\"true\" class=\"wp-block-spacer\"><\/div>\n\n\n\n<h3 class=\"wp-block-heading\">Winterzauber in Koli<\/h3>\n\n\n\n<p>Im Winter verwandelt sich die Urlaubsregion Koli in ein magisches Winterwunderland. Stellen Sie sich vor, Sie sind auf verschneiten Waldwegen unterwegs und k\u00f6nnen die Stille genie\u00dfen, die nur durch das Knirschen des Schnees unter Ihren Stiefeln unterbrochen wird. Beim Motorschlittenfahren erleben Sie den Nervenkitzel der Geschwindigkeit, w\u00e4hrend Sie beim Schlittschuhlaufen auf einem See die Magie des Winters auf eine ganz neue Art erleben k\u00f6nnen. Der finnische Winter ist rein und sch\u00f6n \u2013 und Koli ist der Ort, an dem man ihn in vollen Z\u00fcgen genie\u00dfen kann.<\/p>\n\n\n\n<div id=\"pagelinks-block_86649cc9615e215a0da07463520a158f\" class=\"pagelinks-block\">\n\n\t\t\t<div class=\"pagelinks-block__pagelinks carousel\" data-size=\"small\" data-links=\"[13109,8472,8413,10510,8438,10655,8449,6341,8410,8383,10705,10666,10696,8359]\">\n\t\t<\/div><!-- .pagelinks-block__pagelinks -->\n\n\t\t\t\t\t<div class=\"pagelinks-block__arrows\">\n\t\t\t\t<p><span class=\"current\">1<\/span> \/ <span class=\"total\">14<\/span><\/p>\n\t\t\t<\/div><!-- .pagelinks-block__arrows -->\n\t\t\n\t<\/div>\n\n\n\n<div style=\"height:100px\" aria-hidden=\"true\" class=\"wp-block-spacer\"><\/div>\n\n\n\n<h3 class=\"wp-block-heading\">Wunder und Abenteuer des Sommers<\/h3>\n\n\n\n<p>Im Sommer erwacht die Koli-Region zum Leben: \u00fcppige W\u00e4lder und klare Seen bieten endlose M\u00f6glichkeiten f\u00fcr Aktivit\u00e4ten im Freien. Die atemberaubende Landschaft des Koli-Nationalparks l\u00e4dt Sie zu abwechslungsreichen Wanderungen auf den zahlreichen Wegen ein. Dabei geht es entlang der Seeufer oder hinauf zu den Gipfeln mit atemberaubender Aussicht. Auch bei einer Kanufahrt auf dem Pielinen oder einer Radtour durch die W\u00e4lder haben Sie die M\u00f6glichkeit, die Vielfalt und Reinheit der Natur von Koli hautnah zu erleben.<\/p>\n\n\n\n<div id=\"pagelinks-block_b886b50867e34551f137ff7090092fed\" class=\"pagelinks-block\">\n\n\t\t\t<div class=\"pagelinks-block__pagelinks carousel\" data-size=\"small\" data-links=\"[7466,8404,8514,8407,10655,10609,6341,8410,8383,10666,8359,8416]\">\n\t\t<\/div><!-- .pagelinks-block__pagelinks -->\n\n\t\t\t\t\t<div class=\"pagelinks-block__arrows\">\n\t\t\t\t<p><span class=\"current\">1<\/span> \/ <span class=\"total\">12<\/span><\/p>\n\t\t\t<\/div><!-- .pagelinks-block__arrows -->\n\t\t\n\t<\/div>\n\n\n\n<div style=\"height:100px\" aria-hidden=\"true\" class=\"wp-block-spacer\"><\/div>\n\n\n\n<h3 class=\"wp-block-heading\">Komfortabel urlauben \u2013 Optionen f\u00fcr jeden Geschmack<\/h3>\n\n\n\n<p>In der Urlaubsregion Koli finden Sie eine breite Palette an verschiedenen Unterkunftsm\u00f6glichkeiten. Sie k\u00f6nnen sich f\u00fcr ein komfortables Hotel, ein gem\u00fctliches Ferienh\u00e4uschen inmitten der Natur oder ein traditionelles Gasthaus mit echter finnischer Gastfreundschaft entscheiden. In unseren Unterk\u00fcnften k\u00f6nnen Sie sich wohlf\u00fchlen, entspannen und Ihren Urlaub in vollen Z\u00fcgen genie\u00dfen.<\/p>\n\n\n\n<p><strong>Entdecken Sie die komfortablen Hotels, attraktiven Ferienh\u00e4user und gem\u00fctlichen Gasth\u00e4user der Region<\/strong><\/p>\n\n\n\n<div id=\"pagelinks-block_6178d337cb8dcb66e8f8203b44ad43dd\" class=\"pagelinks-block\">\n\n\t\t\t<div class=\"pagelinks-block__pagelinks carousel\" data-size=\"small\" data-links=\"[10932,10931,11001,9199,11053,10918,11347,9383,10930,14634,11350,11352,11357,10925,10913,11012,10923,8534,11052,15232,8532,8530,10922,8542,10927,10919,11348,11051,10929]\">\n\t\t<\/div><!-- .pagelinks-block__pagelinks -->\n\n\t\t\t\t\t<div class=\"pagelinks-block__arrows\">\n\t\t\t\t<p><span class=\"current\">1<\/span> \/ <span class=\"total\">29<\/span><\/p>\n\t\t\t<\/div><!-- .pagelinks-block__arrows -->\n\t\t\n\t<\/div>\n\n\n\n<div style=\"height:100px\" aria-hidden=\"true\" class=\"wp-block-spacer\"><\/div>\n\n\n\n<h3 class=\"wp-block-heading\">Veranstaltungen<\/h3>\n\n\n\n<p><strong>Vaarojen Maraton 4.-5.10.2024<\/strong> \u2013 Dieser Marathon in Koli ist ein anspruchsvolles Trailrunning-Event in den zerkl\u00fcfteten Landschaften Nordkareliens, das die Teilnehmer in der atemberaubenden H\u00fcgellandschaft und auf den abwechslungsreichen Pfaden des Koli-Nationalparks herausfordert. Der Marathon bietet den L\u00e4ufern ein unvergessliches Erlebnis inmitten der Natur, mit steilen Auf- und Abstiegen.<br><strong>Biathlon Weltcup in Kontiolahti vom 30.11.-8.12.2024<\/strong> \u2013 Der Biathlon Weltcup in Kontiolahti ist eine prestigetr\u00e4chtige Wintersportveranstaltung, bei der sich die weltbesten Biathlonsportler auf anspruchsvollen und abwechslungsreichen Langlauf- und Schie\u00dfstrecken messen. Der Wettkampf findet in der wundersch\u00f6nen Winterlandschaft Nordkareliens statt und bietet sowohl vor Ort als auch im Fernsehen Spannung und Spitzensport.<br><strong>Koli-Langlauf im Februar<\/strong> \u2013 Der Koli-Langlauf im Februar ist eine Langlaufveranstaltung in der atemberaubenden Landschaft des Koli-Nationalparks, die sowohl Fitnessbegeisterte als auch Naturliebhaber anlockt. Die abwechslungsreichen Loipen bieten eine einzigartige Gelegenheit, inmitten majest\u00e4tischer Gefahren und wundersch\u00f6ner Winterlandschaften Skilanglauf zu praktizieren.<br><strong>Mittsommer 20.-22.6.2025 <\/strong>\u2013 Mittsommer ist das finnische Sommerfest, bei dem sich die Menschen in ihre Ferienh\u00e4user an den Seen begeben, um die hellen N\u00e4chte zu genie\u00dfen. Zu den Traditionen geh\u00f6ren das Anz\u00fcnden von Lagerfeuern, Saunabesuche, das Schwimmen in klaren Seen und das Zusammensein mit Familie und Freunden. Mittsommer ist ein einzigartiges Erlebnis, bei dem das Licht, die Natur und der H\u00f6hepunkt des Sommers gefeiert werden.<\/p>\n\n\n\n<div id=\"pagelinks-block_05c1d23fc2949722ba14519018c04409\" class=\"pagelinks-block\">\n\n\t\t\t<div class=\"pagelinks-block__pagelinks carousel\" data-size=\"small\" data-links=\"[10749,10745,10747,10751,15373,10753]\">\n\t\t<\/div><!-- .pagelinks-block__pagelinks -->\n\n\t\t\t\t\t<div class=\"pagelinks-block__arrows\">\n\t\t\t\t<p><span class=\"current\">1<\/span> \/ <span class=\"total\">6<\/span><\/p>\n\t\t\t<\/div><!-- .pagelinks-block__arrows -->\n\t\t\n\t<\/div>\n\n\n\n<div style=\"height:100px\" aria-hidden=\"true\" class=\"wp-block-spacer\"><\/div>\n\n\n\n<div id=\"pagelinks-block_4e1a9fcba60203a153aa7dda44c18a76\" class=\"pagelinks-block\">\n\n\t\t\t<div class=\"pagelinks-block__pagelinks carousel\" data-size=\"big\" data-links=\"[10993]\">\n\t\t<\/div><!-- .pagelinks-block__pagelinks -->\n\n\t\t\n\t<\/div>\n\n\n\n<div style=\"height:50px\" aria-hidden=\"true\" class=\"wp-block-spacer\"><\/div>\n\n\n\n<h3 class=\"wp-block-heading\">Brauchen Sie Hilfe bei der Planung Ihres Urlaubs?<\/h3>\n\n\n\n<p>Wir k\u00f6nnen einen Urlaub nach Ihren W\u00fcnschen planen, einschlie\u00dflich Unterkunft, Aktivit\u00e4ten und Verpflegung. Kontaktieren Sie unseren Verkaufsservice<\/p>\n\n\n\n<div class=\"wp-block-buttons is-layout-flex wp-block-buttons-is-layout-flex\">\n<div class=\"wp-block-button\"><a class=\"wp-block-button__link wp-element-button\">sales@koli.fi<\/a><\/div>\n<\/div>\n\n\n\n<div style=\"height:100px\" aria-hidden=\"true\" class=\"wp-block-spacer\"><\/div>\n","protected":false},"excerpt":{"rendered":"<p>In Koli warten Finnlands beste Natuerlebnisse auf Sie Die Region Koli ist Finnlands geheimes Juwel, das Sie zu unvergesslichen Urlaubsmomenten in der atemberaubenden Landschaft Nordkareliens einl\u00e4dt. Ob Sie nun ein aktiver Naturliebhaber oder ein Reisender auf der Suche nach Ruhe und Frieden sind, Koli bietet Ihnen einen R\u00fcckszugsort fernab des Alltags oder auch abwechslungsreiche Aktivit\u00e4ten [&hellip;]<\/p>\n","protected":false},"author":18,"featured_media":0,"parent":0,"menu_order":0,"comment_status":"closed","ping_status":"closed","template":"","meta":{"_acf_changed":false,"footnotes":""},"servicecategories":[],"class_list":["post-16555","page","type-page","status-publish","hentry"],"acf":{"hero_type":"video","hero_image":16583,"hero_video":16744,"hero_title_upper":"","hero_title":"Willkommen in Koli","hero_text":"Die Ruhe der Natur und das Abenteuer der finnischen Wildnis in Finnlands einzigartiger Seenlandschaft","hero_link":"","use_summer":"no","hero_type_summer":"image","hero_image_summer":null,"hero_video_summer":null,"hero_title_upper_summer":"","hero_title_summer":"","hero_text_summer":"","hero_link_summer":null,"use_winter":"no","hero_type_winter":"image","hero_image_winter":null,"hero_video_winter":null,"hero_title_upper_winter":"","hero_title_winter":"","hero_text_winter":"","hero_link_winter":null},"_links":{"self":[{"href":"https:\/\/www.koli.fi\/de\/wp-json\/wp\/v2\/pages\/16555","targetHints":{"allow":["GET"]}}],"collection":[{"href":"https:\/\/www.koli.fi\/de\/wp-json\/wp\/v2\/pages"}],"about":[{"href":"https:\/\/www.koli.fi\/de\/wp-json\/wp\/v2\/types\/page"}],"author":[{"embeddable":true,"href":"https:\/\/www.koli.fi\/de\/wp-json\/wp\/v2\/users\/18"}],"replies":[{"embeddable":true,"href":"https:\/\/www.koli.fi\/de\/wp-json\/wp\/v2\/comments?post=16555"}],"version-history":[{"count":10,"href":"https:\/\/www.koli.fi\/de\/wp-json\/wp\/v2\/pages\/16555\/revisions"}],"predecessor-version":[{"id":16747,"href":"https:\/\/www.koli.fi\/de\/wp-json\/wp\/v2\/pages\/16555\/revisions\/16747"}],"wp:attachment":[{"href":"https:\/\/www.koli.fi\/de\/wp-json\/wp\/v2\/media?parent=16555"}],"wp:term":[{"taxonomy":"servicecategory","embeddable":true,"href":"https:\/\/www.koli.fi\/de\/wp-json\/wp\/v2\/servicecategories?post=16555"}],"curies":[{"name":"wp","href":"https:\/\/api.w.org\/{rel}","templated":true}]}}