{"id":20155,"date":"2025-03-14T11:16:33","date_gmt":"2025-03-14T09:16:33","guid":{"rendered":"https:\/\/www.koli.fi\/mokkiloma-kolilla\/"},"modified":"2025-04-02T12:07:39","modified_gmt":"2025-04-02T09:07:39","slug":"ferienhausurlaub-in-koli","status":"publish","type":"page","link":"https:\/\/www.koli.fi\/de\/ferienhausurlaub-in-koli\/","title":{"rendered":"Ferienhausurlaub in Koli\u00a0"},"content":{"rendered":"\n<p>Erleben Sie den Zauber des finnischen \u201eM\u00f6kki\u201c-lebens in Koli, wo Sie unber\u00fchrte Natur und ultimative Entspannung erwarten. Eingebettet in die atemberaubende Landschaft des Koli-Nationalparks bieten unsere gem\u00fctlichen Ferienh\u00e4user einen perfekten R\u00fcckzugsort von der hektischen Welt.\u00a0<\/p>\n\n\n\n<p>Wachen Sie mit Blick auf den See auf, erkunden Sie malerische Wanderwege und tauchen Sie ein in die friedliche Sch\u00f6nheit der unber\u00fchrten Wildnis. Nach einem Tag voller Abenteuer k\u00f6nnen Sie sich in einer traditionellen finnischen Sauna entspannen, die ein wesentlicher Bestandteil der lokalen Kultur ist, bevor Sie sich in einem erfrischenden See abk\u00fchlen.\u00a0<\/p>\n\n\n\n<p>Ob Sie nun auf der Suche nach aufregenden Erlebnissen in der Natur oder nach purer Ruhe sind, ein Ferienhausurlaub in Koli ist eine unvergessliche Flucht in das Herz der finnischen Naturwunder.\u00a0<\/p>\n\n\n\n<div style=\"height:100px\" aria-hidden=\"true\" class=\"wp-block-spacer\"><\/div>\n\n\n\n<h2 class=\"wp-block-heading\">Unterkunft\u00a0<\/h2>\n\n\n\n<p>Koli bietet eine Vielzahl von Unterkunftsm\u00f6glichkeiten f\u00fcr jeden Reisenden, von gem\u00fctlichen H\u00fctten am Seeufer \u00fcber traditionelle Gasth\u00e4user bis hin zu modernen Apartments mit atemberaubender Aussicht.\u00a0<\/p>\n\n\n\n<div id=\"pagelinks-block_b57bda56c6c0707ac9482e1db6e6eeee\" class=\"pagelinks-block\">\n\n\t\t\t<div class=\"pagelinks-block__pagelinks carousel\" data-size=\"small\" data-links=\"[11001,9383,10922,8530,11012,10923,11051,8523,10919,10930]\">\n\t\t<\/div><!-- .pagelinks-block__pagelinks -->\n\n\t\t\t\t\t<div class=\"pagelinks-block__arrows\">\n\t\t\t\t<p><span class=\"current\">1<\/span> \/ <span class=\"total\">10<\/span><\/p>\n\t\t\t<\/div><!-- .pagelinks-block__arrows -->\n\t\t\n\t<\/div>\n\n\n\n<div style=\"height:100px\" aria-hidden=\"true\" class=\"wp-block-spacer\"><\/div>\n\n\n\n<h2 class=\"wp-block-heading\">Aktivit\u00e4ten\u00a0<\/h2>\n\n\n\n<p>Koli bietet ein breites Spektrum an Outdoor-Aktivit\u00e4ten f\u00fcr Naturliebhaber und Abenteuerlustige. Wandern Sie auf den malerischen Pfaden des Koli-Nationalparks, machen Sie eine entspannende Bootsfahrt auf dem riesigen Pielinen-See oder erkunden Sie die atemberaubenden Landschaften der Gegend mit dem Fahrrad.\u00a0<\/p>\n\n\n\n<div id=\"pagelinks-block_0a44e3794cbe0d7cadea80597145825c\" class=\"pagelinks-block\">\n\n\t\t\t<div class=\"pagelinks-block__pagelinks carousel\" data-size=\"small\" data-links=\"[8416,10609,5207,15954,8509,6341,8413,13580]\">\n\t\t<\/div><!-- .pagelinks-block__pagelinks -->\n\n\t\t\t\t\t<div class=\"pagelinks-block__arrows\">\n\t\t\t\t<p><span class=\"current\">1<\/span> \/ <span class=\"total\">8<\/span><\/p>\n\t\t\t<\/div><!-- .pagelinks-block__arrows -->\n\t\t\n\t<\/div>\n\n\n\n<div style=\"height:100px\" aria-hidden=\"true\" class=\"wp-block-spacer\"><\/div>\n\n\n\n<h2 class=\"wp-block-heading\">Beispielhafte Reiseroute f\u00fcr einen Urlaub in einem Ferienhaus in Koli\u00a0<\/h2>\n\n\n\n<div class=\"wp-block-columns is-layout-flex wp-container-core-columns-is-layout-28f84493 wp-block-columns-is-layout-flex\">\n<div class=\"wp-block-column is-layout-flow wp-block-column-is-layout-flow\">\n<p><strong>Tag 1: Ankunft und Entspannung\u00a0<\/strong><br>Willkommen in Koli! Kommen Sie in Ihrem gem\u00fctlichen Ferienhaus am See an und richten Sie sich ein. Genie\u00dfen Sie die friedliche Umgebung und entspannen Sie sich von Ihrer Anreise. Genie\u00dfen Sie am Abend die W\u00e4rme Ihrer Privatsauna, gefolgt von einer erholsamen Nacht unter dem sanften Schein der finnischen Sommerd\u00e4mmerung.\u00a0<\/p>\n<\/div>\n\n\n\n<div class=\"wp-block-column is-layout-flow wp-block-column-is-layout-flow\">\n<figure class=\"wp-block-image size-large\"><img loading=\"lazy\" decoding=\"async\" width=\"1024\" height=\"768\" src=\"https:\/\/www.koli.fi\/wp-content\/uploads\/2025\/03\/Ukko-Kolin-rantamokit_mantyniemi61-1024x768.jpg\" alt=\"\" class=\"wp-image-19829\" srcset=\"https:\/\/www.koli.fi\/wp-content\/uploads\/2025\/03\/Ukko-Kolin-rantamokit_mantyniemi61-1024x768.jpg 1024w, https:\/\/www.koli.fi\/wp-content\/uploads\/2025\/03\/Ukko-Kolin-rantamokit_mantyniemi61-300x225.jpg 300w, https:\/\/www.koli.fi\/wp-content\/uploads\/2025\/03\/Ukko-Kolin-rantamokit_mantyniemi61-768x576.jpg 768w, https:\/\/www.koli.fi\/wp-content\/uploads\/2025\/03\/Ukko-Kolin-rantamokit_mantyniemi61-1536x1152.jpg 1536w, https:\/\/www.koli.fi\/wp-content\/uploads\/2025\/03\/Ukko-Kolin-rantamokit_mantyniemi61-1600x1200.jpg 1600w, https:\/\/www.koli.fi\/wp-content\/uploads\/2025\/03\/Ukko-Kolin-rantamokit_mantyniemi61.jpg 1750w\" sizes=\"auto, (max-width: 1024px) 100vw, 1024px\"><\/figure>\n<\/div>\n<\/div>\n\n\n\n<div class=\"wp-block-columns is-layout-flex wp-container-core-columns-is-layout-28f84493 wp-block-columns-is-layout-flex\">\n<div class=\"wp-block-column is-layout-flow wp-block-column-is-layout-flow\">\n<p><strong>Tag 2: Wandern und Rundfahrt\u00a0<\/strong><br>Beginnen Sie den Tag mit der Erkundung von Kolis ikonischen Gipfeln und atemberaubenden Aussichten. Verbringen Sie den Nachmittag mit einer Wanderung durch den Koli-Nationalpark und tauchen Sie ein in seine unber\u00fchrte Natur. Am Abend gehen Sie an Bord einer malerischen Schifffahrt auf dem Pielinen-See und lassen sich k\u00f6stliche Speisen schmecken, w\u00e4hrend Sie das ruhige Wasser und die atemberaubende Landschaft genie\u00dfen.\u00a0<\/p>\n<\/div>\n\n\n\n<div class=\"wp-block-column is-layout-flow wp-block-column-is-layout-flow\">\n<figure class=\"wp-block-image size-large\"><img loading=\"lazy\" decoding=\"async\" width=\"1024\" height=\"683\" src=\"https:\/\/www.koli.fi\/wp-content\/uploads\/2025\/03\/Koli-Huippu-drone-maisema-2024-Jarno-Artika_3-1024x683.jpg\" alt=\"\" class=\"wp-image-19832\" srcset=\"https:\/\/www.koli.fi\/wp-content\/uploads\/2025\/03\/Koli-Huippu-drone-maisema-2024-Jarno-Artika_3-1024x683.jpg 1024w, https:\/\/www.koli.fi\/wp-content\/uploads\/2025\/03\/Koli-Huippu-drone-maisema-2024-Jarno-Artika_3-300x200.jpg 300w, https:\/\/www.koli.fi\/wp-content\/uploads\/2025\/03\/Koli-Huippu-drone-maisema-2024-Jarno-Artika_3-768x512.jpg 768w, https:\/\/www.koli.fi\/wp-content\/uploads\/2025\/03\/Koli-Huippu-drone-maisema-2024-Jarno-Artika_3-1536x1024.jpg 1536w, https:\/\/www.koli.fi\/wp-content\/uploads\/2025\/03\/Koli-Huippu-drone-maisema-2024-Jarno-Artika_3-2048x1365.jpg 2048w, https:\/\/www.koli.fi\/wp-content\/uploads\/2025\/03\/Koli-Huippu-drone-maisema-2024-Jarno-Artika_3-1920x1280.jpg 1920w, https:\/\/www.koli.fi\/wp-content\/uploads\/2025\/03\/Koli-Huippu-drone-maisema-2024-Jarno-Artika_3-1600x1067.jpg 1600w\" sizes=\"auto, (max-width: 1024px) 100vw, 1024px\"><\/figure>\n<\/div>\n<\/div>\n\n\n\n<div class=\"wp-block-columns is-layout-flex wp-container-core-columns-is-layout-28f84493 wp-block-columns-is-layout-flex\">\n<div class=\"wp-block-column is-layout-flow wp-block-column-is-layout-flow\">\n<p><strong>Tag 3: Radfahren und lokale Kunst\u00a0<\/strong><br>Mieten Sie ein Fahrrad und erkunden Sie die wundersch\u00f6ne Umgebung von Koli in Ihrem eigenen Tempo. Besuchen Sie Kolin Veistospuisto, einen bezaubernden Skulpturengarten mit Werken eines lokalen K\u00fcnstlers. Zum Mittagessen kehren Sie im Restaurant Kolin Ryyn\u00e4nen ein, einem charmanten Bistro, das k\u00f6stliche saisonale Gerichte und handwerklich gebrautes Bier aus der eigenen Brauerei serviert.\u00a0<\/p>\n<\/div>\n\n\n\n<div class=\"wp-block-column is-layout-flow wp-block-column-is-layout-flow\">\n<figure class=\"wp-block-image size-large\"><img loading=\"lazy\" decoding=\"async\" width=\"1024\" height=\"686\" src=\"https:\/\/www.koli.fi\/wp-content\/uploads\/2025\/03\/Kolin-Veistospuisto-1024x686.jpg\" alt=\"\" class=\"wp-image-19835\" srcset=\"https:\/\/www.koli.fi\/wp-content\/uploads\/2025\/03\/Kolin-Veistospuisto-1024x686.jpg 1024w, https:\/\/www.koli.fi\/wp-content\/uploads\/2025\/03\/Kolin-Veistospuisto-300x201.jpg 300w, https:\/\/www.koli.fi\/wp-content\/uploads\/2025\/03\/Kolin-Veistospuisto-768x514.jpg 768w, https:\/\/www.koli.fi\/wp-content\/uploads\/2025\/03\/Kolin-Veistospuisto-1536x1029.jpg 1536w, https:\/\/www.koli.fi\/wp-content\/uploads\/2025\/03\/Kolin-Veistospuisto-2048x1372.jpg 2048w, https:\/\/www.koli.fi\/wp-content\/uploads\/2025\/03\/Kolin-Veistospuisto-1920x1286.jpg 1920w, https:\/\/www.koli.fi\/wp-content\/uploads\/2025\/03\/Kolin-Veistospuisto-1600x1071.jpg 1600w\" sizes=\"auto, (max-width: 1024px) 100vw, 1024px\"><\/figure>\n<\/div>\n<\/div>\n\n\n\n<div class=\"wp-block-columns is-layout-flex wp-container-core-columns-is-layout-28f84493 wp-block-columns-is-layout-flex\">\n<div class=\"wp-block-column is-layout-flow wp-block-column-is-layout-flow\">\n<p><strong>Tag 4: Entspannung und Abreise\u00a0<\/strong><br>Verbringen Sie einen ruhigen Vormittag in Koli \u2013 vielleicht mit einem letzten Saunagang oder einem ruhigen Moment am See \u2013 bevor es f\u00fcr Sie weitergeht.\u00a0<\/p>\n<\/div>\n\n\n\n<div class=\"wp-block-column is-layout-flow wp-block-column-is-layout-flow\">\n<figure class=\"wp-block-image size-large\"><img loading=\"lazy\" decoding=\"async\" width=\"1024\" height=\"683\" src=\"https:\/\/www.koli.fi\/wp-content\/uploads\/2025\/03\/Jongunjoki_uinti_Jongunjoen_matkailu-5-1024x683.jpg\" alt=\"\" class=\"wp-image-19838\" srcset=\"https:\/\/www.koli.fi\/wp-content\/uploads\/2025\/03\/Jongunjoki_uinti_Jongunjoen_matkailu-5-1024x683.jpg 1024w, https:\/\/www.koli.fi\/wp-content\/uploads\/2025\/03\/Jongunjoki_uinti_Jongunjoen_matkailu-5-300x200.jpg 300w, https:\/\/www.koli.fi\/wp-content\/uploads\/2025\/03\/Jongunjoki_uinti_Jongunjoen_matkailu-5-768x512.jpg 768w, https:\/\/www.koli.fi\/wp-content\/uploads\/2025\/03\/Jongunjoki_uinti_Jongunjoen_matkailu-5-1536x1024.jpg 1536w, https:\/\/www.koli.fi\/wp-content\/uploads\/2025\/03\/Jongunjoki_uinti_Jongunjoen_matkailu-5-2048x1365.jpg 2048w, https:\/\/www.koli.fi\/wp-content\/uploads\/2025\/03\/Jongunjoki_uinti_Jongunjoen_matkailu-5-1920x1280.jpg 1920w, https:\/\/www.koli.fi\/wp-content\/uploads\/2025\/03\/Jongunjoki_uinti_Jongunjoen_matkailu-5-1600x1067.jpg 1600w\" sizes=\"auto, (max-width: 1024px) 100vw, 1024px\"><\/figure>\n<\/div>\n<\/div>\n\n\n\n<div style=\"height:100px\" aria-hidden=\"true\" class=\"wp-block-spacer\"><\/div>\n\n\n\n<h2 class=\"wp-block-heading\">Buchen Sie Ihren H\u00fcttenurlaub\u00a0<\/h2>\n\n\n\n<p>Tr\u00e4umen Sie von einem gem\u00fctlichen Urlaub in einem Ferienhaus in Koli? Wir helfen Ihnen gerne bei der Planung Ihres perfekten Entspannungsurlaubs inmitten der atemberaubenden Natur Finnlands. F\u00fcllen Sie das Formular aus oder kontaktieren Sie uns unter <a href=\"mailto:sales@koli.fi\" target=\"_blank\" rel=\"noreferrer noopener\">sales@koli.fi<\/a>!\u00a0<\/p>\n\n\n\n<script src=\"https:\/\/js-eu1.hsforms.net\/forms\/embed\/25223078.js\" defer><\/script>\n<div class=\"hs-form-frame\" data-region=\"eu1\" data-form-id=\"93dbc4d7-3506-4110-a322-6dbb05f33124\" data-portal-id=\"25223078\"><\/div>\n\n\n\n<div style=\"height:100px\" aria-hidden=\"true\" class=\"wp-block-spacer\"><\/div>\n","protected":false},"excerpt":{"rendered":"<p>Erleben Sie den Zauber des finnischen \u201eM\u00f6kki\u201c-lebens in Koli, wo Sie unber\u00fchrte Natur und ultimative Entspannung erwarten. Eingebettet in die atemberaubende Landschaft des Koli-Nationalparks bieten unsere gem\u00fctlichen Ferienh\u00e4user einen perfekten R\u00fcckzugsort von der hektischen Welt.&nbsp; Wachen Sie mit Blick auf den See auf, erkunden Sie malerische Wanderwege und tauchen Sie ein in die friedliche Sch\u00f6nheit [&hellip;]<\/p>\n","protected":false},"author":18,"featured_media":0,"parent":0,"menu_order":0,"comment_status":"closed","ping_status":"closed","template":"","meta":{"_acf_changed":false,"footnotes":""},"servicecategories":[],"class_list":["post-20155","page","type-page","status-publish","hentry"],"acf":{"hero_type":"image","hero_image":19825,"hero_video":null,"hero_title_upper":"","hero_title":"Ferienhausurlaub in Koli ","hero_text":"Genie\u00dfen Sie einen erholsamen Urlaub in einem Ferienhaus am See ","hero_link":[""],"use_summer":"no","hero_type_summer":"image","hero_image_summer":null,"hero_video_summer":null,"hero_title_upper_summer":"","hero_title_summer":"","hero_text_summer":"","hero_link_summer":[""],"use_winter":"no","hero_type_winter":"image","hero_image_winter":null,"hero_video_winter":null,"hero_title_upper_winter":"","hero_title_winter":"","hero_text_winter":"","hero_link_winter":[""]},"_links":{"self":[{"href":"https:\/\/www.koli.fi\/de\/wp-json\/wp\/v2\/pages\/20155","targetHints":{"allow":["GET"]}}],"collection":[{"href":"https:\/\/www.koli.fi\/de\/wp-json\/wp\/v2\/pages"}],"about":[{"href":"https:\/\/www.koli.fi\/de\/wp-json\/wp\/v2\/types\/page"}],"author":[{"embeddable":true,"href":"https:\/\/www.koli.fi\/de\/wp-json\/wp\/v2\/users\/18"}],"replies":[{"embeddable":true,"href":"https:\/\/www.koli.fi\/de\/wp-json\/wp\/v2\/comments?post=20155"}],"version-history":[{"count":2,"href":"https:\/\/www.koli.fi\/de\/wp-json\/wp\/v2\/pages\/20155\/revisions"}],"predecessor-version":[{"id":20159,"href":"https:\/\/www.koli.fi\/de\/wp-json\/wp\/v2\/pages\/20155\/revisions\/20159"}],"wp:attachment":[{"href":"https:\/\/www.koli.fi\/de\/wp-json\/wp\/v2\/media?parent=20155"}],"wp:term":[{"taxonomy":"servicecategory","embeddable":true,"href":"https:\/\/www.koli.fi\/de\/wp-json\/wp\/v2\/servicecategories?post=20155"}],"curies":[{"name":"wp","href":"https:\/\/api.w.org\/{rel}","templated":true}]}}