{"id":5179,"date":"2022-02-14T10:11:07","date_gmt":"2022-02-14T08:11:07","guid":{"rendered":"https:\/\/www.koli.fi\/?page_id=5179"},"modified":"2025-12-19T13:19:16","modified_gmt":"2025-12-19T11:19:16","slug":"koli-lieksa","status":"publish","type":"page","link":"https:\/\/www.koli.fi\/de\/","title":{"rendered":"Koli"},"content":{"rendered":"<div id=\"booking-columns-block_355e3649406f99f16e44088baa2158e5\" class=\"booking-columns-block aligncenter\">\n\n\t\t\t<div class=\"booking-columns-block__content\">\n\t\t\t\t\t\t\t\n\t\t\t\t<div class=\"booking-columns-block__content__column\">\n\t\t\t\t\t<div class=\"booking-columns-block__content__column__inner\">\n\n\t\t\t\t\t\t\t\t\t\t\t\t\t<h3>Buchen Sie eine Unterkunft<\/h3>\n\t\t\t\t\t\t\n\t\t\t\t\t\t\t\t\t\t\t\t\t<p>Buchen Sie eine Unterkunft<\/p>\n\t\t\t\t\t\t\n\t\t\t\t\t\t\t\t\t\t\t\t\t\t\t\t\t\t\t\t\t<a href=\"https:\/\/majoitus.koli.fi\/majoitus\" target=\"_blank\" rel=\"noopener\">Buchungssuche<\/a>\n\t\t\t\t\t\t\t\t\t\t\t\t\t\n\t\t\t\t\t<\/div><!-- .booking-columns-block__content__column__inner -->\n\t\t\t\t<\/div><!-- .booking-columns-block__content__column -->\n\n\t\t\t\t\t\t\t\n\t\t\t\t<div class=\"booking-columns-block__content__column\">\n\t\t\t\t\t<div class=\"booking-columns-block__content__column__inner\">\n\n\t\t\t\t\t\t\t\t\t\t\t\t\t<h3>Onlineshop<\/h3>\n\t\t\t\t\t\t\n\t\t\t\t\t\t\t\t\t\t\t\t\t<p>Aktivit\u00e4ten, Unterkunft, Veranstaltungstickets<br>\nund Produkte zum Verkauf in Koli<\/p>\n\t\t\t\t\t\t\n\t\t\t\t\t\t\t\t\t\t\t\t\t\t\t\t\t\t\t\t\t<a href=\"https:\/\/majoitus.koli.fi\/aktiviteetit\" target=\"_blank\" rel=\"noopener\">Jetzt shoppen<\/a>\n\t\t\t\t\t\t\t\t\t\t\t\t\t\n\t\t\t\t\t<\/div><!-- .booking-columns-block__content__column__inner -->\n\t\t\t\t<\/div><!-- .booking-columns-block__content__column -->\n\n\t\t\t\t\t<\/div><!-- .booking-columns-block__content -->\n\t<\/div>\n\n\n\n<div style=\"height:60px\" aria-hidden=\"true\" class=\"wp-block-spacer\"><\/div>\n\n\n\n<div style=\"height:50px\" aria-hidden=\"true\" class=\"wp-block-spacer\"><\/div>\n\n\n\n<h2 class=\"wp-block-heading has-text-align-center\">Einzigartige Natur, unvergessliche Erlebnissse<\/h2>\n\n\n\n<p class=\"has-text-align-center\">Ein w\u00e4rmendes Lagerfeuer und die uralten \u00dcberlieferungen und Legenden der Wildnis. Die sanfte H\u00fcgelkette des Koli-Nationalparks, die sich bis zum Horizont erstreckt, die atemberaubende Aussicht auf den See Pielinen und die rei\u00dfenden Stromschnellen von Ruunaa lassen Ihr Herz im Einklang mit der Natur schlagen. <\/p>\n\n\n\n<p class=\"has-text-align-center\">Kommen Sie zur Ruhe und atmen Sie frei.<\/p>\n\n\n\n<p class=\"has-text-align-center\">Willkommen in der bekanntesten Naturlandschaft Finnlands.<\/p>\n\n\n\n<div style=\"height:60px\" aria-hidden=\"true\" class=\"wp-block-spacer\"><\/div>\n\n\n\n<h2 class=\"wp-block-heading\">Von Einheimischen empfohlen<\/h2>\n\n\n\n<div id=\"promote-block_db0dd620048e1d0d5f16a5b6459a0fa2\" class=\"promote-block\">\n\n\t\t\n<\/div>\n\n\n\n<h2 class=\"wp-block-heading\">Lassen Sie sich verzaubern!<\/h2>\n\n\n\n<div style=\"height:20px\" aria-hidden=\"true\" class=\"wp-block-spacer\"><\/div>\n\n\n\n<div id=\"pagelinks-block_f9429207201356eb2505167c47f344d1\" class=\"pagelinks-block\">\n\n\t\t\t<div class=\"pagelinks-block__pagelinks carousel\" data-size=\"big\" data-links=\"[10776,10780,8915,8706,10774,8703,8919,11104]\">\n\t\t<\/div><!-- .pagelinks-block__pagelinks -->\n\n\t\t\t\t\t<div class=\"pagelinks-block__arrows\">\n\t\t\t\t<p><span class=\"current\">1<\/span> \/ <span class=\"total\">8<\/span><\/p>\n\t\t\t<\/div><!-- .pagelinks-block__arrows -->\n\t\t\n\t<\/div>\n\n\n\n<div style=\"height:100px\" aria-hidden=\"true\" class=\"wp-block-spacer\"><\/div>\n\n\n\n<div class=\"wp-block-columns is-layout-flex wp-container-core-columns-is-layout-28f84493 wp-block-columns-is-layout-flex\">\n<div class=\"wp-block-column is-layout-flow wp-block-column-is-layout-flow\">\n<h4 class=\"wp-block-heading\">Take the traveler survey and win a cabin holiday in Koli!<\/h4>\n\n\n\n<p>Help us improve the services in the Koli travel region by answering a short survey. All participants will be entered into a draw to win a cabin holiday in Koli (value \u20ac500)!<\/p>\n\n\n\n<div class=\"wp-block-buttons is-layout-flex wp-block-buttons-is-layout-flex\">\n<div class=\"wp-block-button\"><a class=\"wp-block-button__link wp-element-button\" href=\"https:\/\/survey.salmiplatform.fi\/koli\/kysely\" target=\"_blank\" rel=\"noreferrer noopener\">Start survey now<\/a><\/div>\n<\/div>\n<\/div>\n\n\n\n<div class=\"wp-block-column is-layout-flow wp-block-column-is-layout-flow\">\n<figure class=\"wp-block-image size-large\"><img loading=\"lazy\" decoding=\"async\" width=\"1024\" height=\"683\" src=\"https:\/\/www.koli.fi\/wp-content\/uploads\/2025\/06\/Koli-huippu-retki-2024-Jarno-Artika_4-1-1024x683.jpg\" alt=\"\" class=\"wp-image-21066\" srcset=\"https:\/\/www.koli.fi\/wp-content\/uploads\/2025\/06\/Koli-huippu-retki-2024-Jarno-Artika_4-1-1024x683.jpg 1024w, https:\/\/www.koli.fi\/wp-content\/uploads\/2025\/06\/Koli-huippu-retki-2024-Jarno-Artika_4-1-300x200.jpg 300w, https:\/\/www.koli.fi\/wp-content\/uploads\/2025\/06\/Koli-huippu-retki-2024-Jarno-Artika_4-1-768x512.jpg 768w, https:\/\/www.koli.fi\/wp-content\/uploads\/2025\/06\/Koli-huippu-retki-2024-Jarno-Artika_4-1-1536x1024.jpg 1536w, https:\/\/www.koli.fi\/wp-content\/uploads\/2025\/06\/Koli-huippu-retki-2024-Jarno-Artika_4-1-2048x1365.jpg 2048w, https:\/\/www.koli.fi\/wp-content\/uploads\/2025\/06\/Koli-huippu-retki-2024-Jarno-Artika_4-1-1920x1280.jpg 1920w, https:\/\/www.koli.fi\/wp-content\/uploads\/2025\/06\/Koli-huippu-retki-2024-Jarno-Artika_4-1-1600x1067.jpg 1600w\" sizes=\"auto, (max-width: 1024px) 100vw, 1024px\"><\/figure>\n<\/div>\n<\/div>\n\n\n\n<div style=\"height:100px\" aria-hidden=\"true\" class=\"wp-block-spacer\"><\/div>\n\n\n\n<h2 class=\"wp-block-heading\">Unsere Reisetipps<\/h2>\n\n\n\n<div style=\"height:20px\" aria-hidden=\"true\" class=\"wp-block-spacer\"><\/div>\n\n\n\n<div id=\"pagelinks-block_e100b4eebd9ec3fd3d759d1d343bbcb9\" class=\"pagelinks-block\">\n\n\t\t\t<div class=\"pagelinks-block__pagelinks carousel\" data-size=\"small\" data-links=\"[8514,8377,6341,8404,10655,8383,10666,8359,8416,7466]\">\n\t\t<\/div><!-- .pagelinks-block__pagelinks -->\n\n\t\t\t\t\t<div class=\"pagelinks-block__arrows\">\n\t\t\t\t<p><span class=\"current\">1<\/span> \/ <span class=\"total\">10<\/span><\/p>\n\t\t\t<\/div><!-- .pagelinks-block__arrows -->\n\t\t\n\t<\/div>\n\n\n\n<div style=\"height:20px\" aria-hidden=\"true\" class=\"wp-block-spacer\"><\/div>\n\n\n\n<div class=\"wp-block-columns is-layout-flex wp-container-core-columns-is-layout-28f84493 wp-block-columns-is-layout-flex\">\n<div class=\"wp-block-column is-layout-flow wp-block-column-is-layout-flow\">\n<figure class=\"wp-block-image aligncenter size-full is-resized\"><img loading=\"lazy\" decoding=\"async\" width=\"911\" height=\"911\" src=\"https:\/\/www.koli.fi\/wp-content\/uploads\/2025\/02\/Koli-Reisefuhrer.png\" alt=\"\" class=\"wp-image-19640\" style=\"width:266px;height:auto\" srcset=\"https:\/\/www.koli.fi\/wp-content\/uploads\/2025\/02\/Koli-Reisefuhrer.png 911w, https:\/\/www.koli.fi\/wp-content\/uploads\/2025\/02\/Koli-Reisefuhrer-300x300.png 300w, https:\/\/www.koli.fi\/wp-content\/uploads\/2025\/02\/Koli-Reisefuhrer-150x150.png 150w, https:\/\/www.koli.fi\/wp-content\/uploads\/2025\/02\/Koli-Reisefuhrer-768x768.png 768w\" sizes=\"auto, (max-width: 911px) 100vw, 911px\"><\/figure>\n<\/div>\n\n\n\n<div class=\"wp-block-column is-layout-flow wp-block-column-is-layout-flow\">\n<h2 class=\"wp-block-heading has-small-font-size\">Koli Reisef\u00fchrer<\/h2>\n\n\n\n<p>Erfahren Sie mehr \u00fcber die vielf\u00e4ltigen Aktivit\u00e4ten, die komfortablen Unterk\u00fcnfte und die ausgezeichneten Restaurants der Region im Reisef\u00fchrer.<\/p>\n\n\n\n<div class=\"wp-block-buttons is-content-justification-left is-layout-flex wp-container-core-buttons-is-layout-fc4fd283 wp-block-buttons-is-layout-flex\">\n<div class=\"wp-block-button is-style-outline is-style-outline--1\"><a class=\"wp-block-button__link has-grey-color has-white-background-color has-text-color has-background has-custom-font-size wp-element-button\" href=\"https:\/\/view.taiqa.com\/kolitesti\/kolin-matkailuesite-ger#\/page=1\" style=\"border-radius:5px;font-size:clamp(14px, 0.875rem + ((1vw - 3.2px) * 0.093), 15px);\" target=\"_blank\" rel=\"noreferrer noopener\">Jetzt entdecken<\/a><\/div>\n<\/div>\n<\/div>\n<\/div>\n\n\n\n<div style=\"height:20px\" aria-hidden=\"true\" class=\"wp-block-spacer\"><\/div>\n\n\n\n<div id=\"distances-block_6fbf2bfbe90949afca3e3d0a1f689180\" class=\"distances-block\">\n\n\t<div class=\"distances-block__main\">\n\t\t\t\t\t<h3><span>Anreise nach Koli<\/span><br>Wir sind nicht weit weg.<br>\nSind Sie bereit f\u00fcr Ihre Reise?<\/h3>\n\t\t\n\t\t\n\t\t\t\t\t<div class=\"distances-block__main__filters\">\n\t\t\t\t\t\t\t\t\t\n\t\t\t\t\t<button aria-pressed=\"false\" data-filter=\"mit-dem-auto\">Mit dem Auto<\/button>\n\t\t\t\t\t\t\t\t\t\n\t\t\t\t\t<button aria-pressed=\"false\" data-filter=\"mit-dem-zug\">Mit dem Zug<\/button>\n\t\t\t\t\t\t\t\t\t\n\t\t\t\t\t<button aria-pressed=\"false\" data-filter=\"mit-dem-flugzeug\">Mit dem Flugzeug<\/button>\n\t\t\t\t\t\t\t<\/div><!-- .distances-block__main__filters -->\n\t\t\t<\/div><!-- .distances-block__main -->\n\n\n\t\t\t\t\t\t\n\t\t\t<div class=\"distances-block__arrival__text\" aria-hidden=\"false\" data-arrival=\"mit-dem-auto\">\n\n\t\t\t\t\t\t\t\t\t<p class=\"heading\">Mit dem Auto<\/p>\n\t\t\t\t\n\t\t\t\t\t\t\t\t\t<p class=\"hyphenate\">Schnell und einfach. Reisen Sie in Ihrem eigenen Tempo und entdecken Sie die Region ohne Fahrpl\u00e4ne. Wir sind nur eine Kaffeepause und einen Tank entfernt.<\/p>\n\t\t\t\t\t\t\t<\/div><!-- .distances-block__arrival__text -->\n\n\t\t\t\t\t\t\t\t\t<div class=\"distances-block__arrival__image\" aria-hidden=\"false\" data-arrival=\"mit-dem-auto\">\n\t\t\t\t\t\t<img decoding=\"async\" src=\"https:\/\/www.koli.fi\/wp-content\/uploads\/2023\/10\/map-autoyhteydet-koli.svg\" loading=\"lazy\" width=\"501\" height=\"878\" srcset=\"\" alt=\"\">\n\t\t\t\t\t<\/div><!-- .distances-block__arrival__image -->\n\t\t\t\t\n\t\t\t\t\t\t\t<div class=\"distances-block__arrival__distances\" aria-hidden=\"false\" data-arrival=\"mit-dem-auto\">\n\t\t\t\t\t\t\t\t\t\t\t\n\t\t\t\t\t\t<div class=\"distances-block__arrival__distances__distance\">\n\t\t\t\t\t\t\t<p>Kuopio<\/p>\n\t\t\t\t\t\t\t<p>Koli &amp; Lieksa<\/p>\n\t\t\t\t\t\t\t<p>184 km ( 2 h 14 min )<\/p>\n\t\t\t\t\t\t<\/div><!-- .distances-block__arrival__distances__distance -->\n\n\t\t\t\t\t\t\t\t\t\t\t\n\t\t\t\t\t\t<div class=\"distances-block__arrival__distances__distance\">\n\t\t\t\t\t\t\t<p>Jyv\u00e4skyl\u00e4<\/p>\n\t\t\t\t\t\t\t<p>Koli &amp; Lieksa<\/p>\n\t\t\t\t\t\t\t<p>329 km ( 4 h 2 min )<\/p>\n\t\t\t\t\t\t<\/div><!-- .distances-block__arrival__distances__distance -->\n\n\t\t\t\t\t\t\t\t\t\t\t\n\t\t\t\t\t\t<div class=\"distances-block__arrival__distances__distance\">\n\t\t\t\t\t\t\t<p>Oulu<\/p>\n\t\t\t\t\t\t\t<p>Koli &amp; Lieksa<\/p>\n\t\t\t\t\t\t\t<p>332 km ( 4 h 15 min )<\/p>\n\t\t\t\t\t\t<\/div><!-- .distances-block__arrival__distances__distance -->\n\n\t\t\t\t\t\t\t\t\t\t\t\n\t\t\t\t\t\t<div class=\"distances-block__arrival__distances__distance\">\n\t\t\t\t\t\t\t<p>Tampere<\/p>\n\t\t\t\t\t\t\t<p>Koli &amp; Lieksa<\/p>\n\t\t\t\t\t\t\t<p>477 km ( 5 h 53 min )<\/p>\n\t\t\t\t\t\t<\/div><!-- .distances-block__arrival__distances__distance -->\n\n\t\t\t\t\t\t\t\t\t\t\t\n\t\t\t\t\t\t<div class=\"distances-block__arrival__distances__distance\">\n\t\t\t\t\t\t\t<p>Helsinki<\/p>\n\t\t\t\t\t\t\t<p>Koli &amp; Lieksa<\/p>\n\t\t\t\t\t\t\t<p>528 km ( 6 h 15 min )<\/p>\n\t\t\t\t\t\t<\/div><!-- .distances-block__arrival__distances__distance -->\n\n\t\t\t\t\t\t\t\t\t\t\t\n\t\t\t\t\t\t<div class=\"distances-block__arrival__distances__distance\">\n\t\t\t\t\t\t\t<p>Joensuu<\/p>\n\t\t\t\t\t\t\t<p>Koli &amp; Lieksa<\/p>\n\t\t\t\t\t\t\t<p>70 km ( 1 h )<\/p>\n\t\t\t\t\t\t<\/div><!-- .distances-block__arrival__distances__distance -->\n\n\t\t\t\t\t\t\t\t\t<\/div><!-- .distances-block__arrival__distances -->\n\t\t\t\n\n\t\t\t\t\t\n\t\t\t<div class=\"distances-block__arrival__text\" aria-hidden=\"false\" data-arrival=\"mit-dem-zug\">\n\n\t\t\t\t\t\t\t\t\t<p class=\"heading\">Mit dem Zug<\/p>\n\t\t\t\t\n\t\t\t\t\t\t\t\t\t<p class=\"hyphenate\">Zugreisen sind umweltfreundlich und preisg\u00fcnstig. Lieksa erreichen Sie mit nur einem Umstieg. F\u00fcr Fahrr\u00e4der und gro\u00dfes Gep\u00e4ck bieten die Z\u00fcge ausreichend Stauraum. Alle Informationen zu Fahrpl\u00e4nen und Tickets finden Sie auf vr.fi\/en (Englisch).<\/p>\n\t\t\t\t\t\t\t<\/div><!-- .distances-block__arrival__text -->\n\n\t\t\t\t\t\t\t\t\t<div class=\"distances-block__arrival__image\" aria-hidden=\"false\" data-arrival=\"mit-dem-zug\">\n\t\t\t\t\t\t<img decoding=\"async\" src=\"https:\/\/www.koli.fi\/wp-content\/uploads\/2023\/10\/map-junayhteydet-koli.svg\" loading=\"lazy\" width=\"501\" height=\"878\" srcset=\"\" alt=\"\">\n\t\t\t\t\t<\/div><!-- .distances-block__arrival__image -->\n\t\t\t\t\n\t\t\t\t\t\t\t<div class=\"distances-block__arrival__distances\" aria-hidden=\"false\" data-arrival=\"mit-dem-zug\">\n\t\t\t\t\t\t\t\t\t\t\t\n\t\t\t\t\t\t<div class=\"distances-block__arrival__distances__distance\">\n\t\t\t\t\t\t\t<p>Helsinki<\/p>\n\t\t\t\t\t\t\t<p>Lieksa<\/p>\n\t\t\t\t\t\t\t<p>6 h 16 min, 1 ein Umstieg<\/p>\n\t\t\t\t\t\t<\/div><!-- .distances-block__arrival__distances__distance -->\n\n\t\t\t\t\t\t\t\t\t\t\t\n\t\t\t\t\t\t<div class=\"distances-block__arrival__distances__distance\">\n\t\t\t\t\t\t\t<p>Tampere<\/p>\n\t\t\t\t\t\t\t<p>Lieksa<\/p>\n\t\t\t\t\t\t\t<p>7 h 28 min, 2 zwei Umstiege<\/p>\n\t\t\t\t\t\t<\/div><!-- .distances-block__arrival__distances__distance -->\n\n\t\t\t\t\t\t\t\t\t\t\t\n\t\t\t\t\t\t<div class=\"distances-block__arrival__distances__distance\">\n\t\t\t\t\t\t\t<p>Kuopio<\/p>\n\t\t\t\t\t\t\t<p>Lieksa<\/p>\n\t\t\t\t\t\t\t<p>7 h 41 min, 2 zwei Umstiege<\/p>\n\t\t\t\t\t\t<\/div><!-- .distances-block__arrival__distances__distance -->\n\n\t\t\t\t\t\t\t\t\t\t\t\n\t\t\t\t\t\t<div class=\"distances-block__arrival__distances__distance\">\n\t\t\t\t\t\t\t<p>Oulu<\/p>\n\t\t\t\t\t\t\t<p>Lieksa<\/p>\n\t\t\t\t\t\t\t<p>11 h 30 min, 2 zwei Umstiege<\/p>\n\t\t\t\t\t\t<\/div><!-- .distances-block__arrival__distances__distance -->\n\n\t\t\t\t\t\t\t\t\t<\/div><!-- .distances-block__arrival__distances -->\n\t\t\t\n\n\t\t\t\t\t\n\t\t\t<div class=\"distances-block__arrival__text\" aria-hidden=\"false\" data-arrival=\"mit-dem-flugzeug\">\n\n\t\t\t\t\t\t\t\t\t<p class=\"heading\">Mit dem Flugzeug<\/p>\n\t\t\t\t\n\t\t\t\t\t\t\t\t\t<p class=\"hyphenate\">Fliegen ist der schnellste Weg zu uns. Die n\u00e4chstgelegenen Flugh\u00e4fen sind Joensuu, Kajaani und Kuopio.<\/p>\n\t\t\t\t\t\t\t<\/div><!-- .distances-block__arrival__text -->\n\n\t\t\t\t\t\t\t\t\t<div class=\"distances-block__arrival__image\" aria-hidden=\"false\" data-arrival=\"mit-dem-flugzeug\">\n\t\t\t\t\t\t<img decoding=\"async\" src=\"https:\/\/www.koli.fi\/wp-content\/uploads\/2023\/10\/map-lentoyhteydet-koli.svg\" loading=\"lazy\" width=\"501\" height=\"878\" srcset=\"\" alt=\"\">\n\t\t\t\t\t<\/div><!-- .distances-block__arrival__image -->\n\t\t\t\t\n\t\t\t\t\t\t\t<div class=\"distances-block__arrival__distances\" aria-hidden=\"false\" data-arrival=\"mit-dem-flugzeug\">\n\t\t\t\t\t\t\t\t\t\t\t\n\t\t\t\t\t\t<div class=\"distances-block__arrival__distances__distance\">\n\t\t\t\t\t\t\t<p>Helsinki<\/p>\n\t\t\t\t\t\t\t<p>Kuopio<\/p>\n\t\t\t\t\t\t\t<p>1 h 00 min<\/p>\n\t\t\t\t\t\t<\/div><!-- .distances-block__arrival__distances__distance -->\n\n\t\t\t\t\t\t\t\t\t\t\t\n\t\t\t\t\t\t<div class=\"distances-block__arrival__distances__distance\">\n\t\t\t\t\t\t\t<p>Helsinki<\/p>\n\t\t\t\t\t\t\t<p>Joensuu<\/p>\n\t\t\t\t\t\t\t<p>1 h 5 min<\/p>\n\t\t\t\t\t\t<\/div><!-- .distances-block__arrival__distances__distance -->\n\n\t\t\t\t\t\t\t\t\t\t\t\n\t\t\t\t\t\t<div class=\"distances-block__arrival__distances__distance\">\n\t\t\t\t\t\t\t<p>Helsinki<\/p>\n\t\t\t\t\t\t\t<p>Kajaani<\/p>\n\t\t\t\t\t\t\t<p>1 h 25 min<\/p>\n\t\t\t\t\t\t<\/div><!-- .distances-block__arrival__distances__distance -->\n\n\t\t\t\t\t\t\t\t\t<\/div><!-- .distances-block__arrival__distances -->\n\t\t\t\n\n\t\t\t\n\n<\/div>\n\n\n\n<div style=\"height:99px\" aria-hidden=\"true\" class=\"wp-block-spacer\"><\/div>\n\n\n\n<div id=\"pagelinks-block_8371262484a70f1349a2732eff0cc60b\" class=\"pagelinks-block\">\n\n\t\t\t<div class=\"pagelinks-block__pagelinks carousel\" data-size=\"medium\" data-links=\"[8826,10999]\">\n\t\t<\/div><!-- .pagelinks-block__pagelinks -->\n\n\t\t\t\t\t<div class=\"pagelinks-block__arrows\">\n\t\t\t\t<p><span class=\"current\">1<\/span> \/ <span class=\"total\">2<\/span><\/p>\n\t\t\t<\/div><!-- .pagelinks-block__arrows -->\n\t\t\n\t<\/div>\n\n\n\n<div style=\"height:99px\" aria-hidden=\"true\" class=\"wp-block-spacer\"><\/div>\n","protected":false},"excerpt":{"rendered":"<p>Einzigartige Natur, unvergessliche Erlebnissse Ein w\u00e4rmendes Lagerfeuer und die uralten \u00dcberlieferungen und Legenden der Wildnis. Die sanfte H\u00fcgelkette des Koli-Nationalparks, die sich bis zum Horizont erstreckt, die atemberaubende Aussicht auf den See Pielinen und die rei\u00dfenden Stromschnellen von Ruunaa lassen Ihr Herz im Einklang mit der Natur schlagen. Kommen Sie zur Ruhe und atmen Sie [&hellip;]<\/p>\n","protected":false},"author":13,"featured_media":0,"parent":0,"menu_order":0,"comment_status":"closed","ping_status":"closed","template":"","meta":{"_acf_changed":false,"footnotes":""},"servicecategories":[],"class_list":["post-5179","page","type-page","status-publish","hentry"],"acf":{"hero_type":"video","hero_image":13252,"hero_video":17021,"hero_title_upper":"","hero_title":"Es gibt nur ein Koli","hero_text":"Finnlands bekanntest Naturlandschaft und beliebte Urlaubsregion im Norden der finnischen Seenplatte.","hero_link":{"title":"Lassen Sie sich verzaubern","url":"https:\/\/www.koli.fi\/de\/liebe\/","target":""},"use_summer":"yes","hero_type_summer":"video","hero_image_summer":15256,"hero_video_summer":15253,"hero_title_upper_summer":"","hero_title_summer":"Es gibt nur ein Koli","hero_text_summer":"Finnlands bekanntest Naturlandschaft und beliebte Urlaubsregion im Norden der finnischen Seenplatte.","hero_link_summer":{"title":"Lassen Sie sich verzaubern","url":"https:\/\/www.koli.fi\/de\/liebe\/","target":""},"use_winter":"yes","hero_type_winter":"video","hero_image_winter":13252,"hero_video_winter":17021,"hero_title_upper_winter":"","hero_title_winter":"Es gibt nur ein Koli","hero_text_winter":"Finnlands bekanntest Naturlandschaft und beliebte Urlaubsregion im Norden der finnischen Seenplatte.","hero_link_winter":{"title":"Lassen Sie sich verzaubern","url":"https:\/\/www.koli.fi\/de\/liebe\/","target":""}},"_links":{"self":[{"href":"https:\/\/www.koli.fi\/de\/wp-json\/wp\/v2\/pages\/5179","targetHints":{"allow":["GET"]}}],"collection":[{"href":"https:\/\/www.koli.fi\/de\/wp-json\/wp\/v2\/pages"}],"about":[{"href":"https:\/\/www.koli.fi\/de\/wp-json\/wp\/v2\/types\/page"}],"author":[{"embeddable":true,"href":"https:\/\/www.koli.fi\/de\/wp-json\/wp\/v2\/users\/13"}],"replies":[{"embeddable":true,"href":"https:\/\/www.koli.fi\/de\/wp-json\/wp\/v2\/comments?post=5179"}],"version-history":[{"count":26,"href":"https:\/\/www.koli.fi\/de\/wp-json\/wp\/v2\/pages\/5179\/revisions"}],"predecessor-version":[{"id":31149,"href":"https:\/\/www.koli.fi\/de\/wp-json\/wp\/v2\/pages\/5179\/revisions\/31149"}],"wp:attachment":[{"href":"https:\/\/www.koli.fi\/de\/wp-json\/wp\/v2\/media?parent=5179"}],"wp:term":[{"taxonomy":"servicecategory","embeddable":true,"href":"https:\/\/www.koli.fi\/de\/wp-json\/wp\/v2\/servicecategories?post=5179"}],"curies":[{"name":"wp","href":"https:\/\/api.w.org\/{rel}","templated":true}]}}