{"id":5192,"date":"2022-02-23T14:24:25","date_gmt":"2022-02-23T12:24:25","guid":{"rendered":"https:\/\/www.koli.fi\/?page_id=5192"},"modified":"2024-12-05T14:19:54","modified_gmt":"2024-12-05T12:19:54","slug":"entdeckungen","status":"publish","type":"page","link":"https:\/\/www.koli.fi\/de\/entdeckungen\/","title":{"rendered":"Erlebnisse"},"content":{"rendered":"\n<h2 class=\"wp-block-heading has-text-align-center\">Sehensw\u00fcrdigkeiten zu allen Jahreszeiten<\/h2>\n\n\n\n<p class=\"has-text-align-center\">Koli &amp; Lieksa sind eine aufstrebende Tourismus-Destination, eine Perle der Seenplatte. Willkommen zu jeder Jahreszeit, alleine, mit Partner, Freunden oder der ganzen Familie. Jede Jahreszeit hat ihre eigenen Reize.<\/p>\n\n\n\n<div style=\"height:50px\" aria-hidden=\"true\" class=\"wp-block-spacer\"><\/div>\n\n\n\n<div id=\"pagelinks-block_8e583ef56f4d574a7550dce9143c444a\" class=\"pagelinks-block alignwide\">\n\n\t\t\t<div class=\"pagelinks-block__pagelinks grid\" data-size=\"\" data-links=\"[8362,8370,8431]\">\n\t\t<\/div><!-- .pagelinks-block__pagelinks -->\n\n\t\t\n\t<\/div>\n\n\n\n<div style=\"height:3em\" aria-hidden=\"true\" class=\"wp-block-spacer\"><\/div>\n\n\n\n<div style=\"height:1em\" aria-hidden=\"true\" class=\"wp-block-spacer\"><\/div>\n\n\n\n<div id=\"pagelinks-block_b207ac71e28b4c6b2a917d65f4444901\" class=\"pagelinks-block alignwide\">\n\n\t\t\t<div class=\"pagelinks-block__pagelinks carousel\" data-size=\"small\" data-links=\"[5497,5499,5500,5501,5502]\">\n\t\t<\/div><!-- .pagelinks-block__pagelinks -->\n\n\t\t\t\t\t<div class=\"pagelinks-block__arrows\">\n\t\t\t\t<p><span class=\"current\">1<\/span> \/ <span class=\"total\">5<\/span><\/p>\n\t\t\t<\/div><!-- .pagelinks-block__arrows -->\n\t\t\n\t<\/div>\n\n\n\n<div style=\"height:150px\" aria-hidden=\"true\" class=\"wp-block-spacer\"><\/div>\n\n\n\n<div id=\"distances-block_e78ed1ac0ec316e6551b977f8ffb208e\" class=\"distances-block\">\n\n\t<div class=\"distances-block__main\">\n\t\t\t\t\t<h3><span>Anreise nach Koli<\/span><br>Wir sind nicht weit weg.<br>\nSind Sie bereit f\u00fcr Ihre Reise?<\/h3>\n\t\t\n\t\t\n\t\t\t\t\t<div class=\"distances-block__main__filters\">\n\t\t\t\t\t\t\t\t\t\n\t\t\t\t\t<button aria-pressed=\"false\" data-filter=\"mit-dem-auto\">Mit dem Auto<\/button>\n\t\t\t\t\t\t\t\t\t\n\t\t\t\t\t<button aria-pressed=\"false\" data-filter=\"mit-dem-zug\">Mit dem Zug<\/button>\n\t\t\t\t\t\t\t\t\t\n\t\t\t\t\t<button aria-pressed=\"false\" data-filter=\"mit-dem-flugzeug\">Mit dem Flugzeug<\/button>\n\t\t\t\t\t\t\t<\/div><!-- .distances-block__main__filters -->\n\t\t\t<\/div><!-- .distances-block__main -->\n\n\n\t\t\t\t\t\t\n\t\t\t<div class=\"distances-block__arrival__text\" aria-hidden=\"false\" data-arrival=\"mit-dem-auto\">\n\n\t\t\t\t\t\t\t\t\t<p class=\"heading\">Mit dem Auto<\/p>\n\t\t\t\t\n\t\t\t\t\t\t\t\t\t<p class=\"hyphenate\">Schnell und einfach. Reisen Sie in Ihrem eigenen Tempo und entdecken Sie die Region ohne Fahrpl\u00e4ne. Wir sind nur eine Kaffeepause und einen Tank entfernt.<\/p>\n\t\t\t\t\t\t\t<\/div><!-- .distances-block__arrival__text -->\n\n\t\t\t\t\t\t\t\t\t<div class=\"distances-block__arrival__image\" aria-hidden=\"false\" data-arrival=\"mit-dem-auto\">\n\t\t\t\t\t\t<img decoding=\"async\" src=\"https:\/\/www.koli.fi\/wp-content\/uploads\/2023\/10\/map-autoyhteydet-koli.svg\" loading=\"lazy\" width=\"501\" height=\"878\" srcset=\"\" alt=\"\">\n\t\t\t\t\t<\/div><!-- .distances-block__arrival__image -->\n\t\t\t\t\n\t\t\t\t\t\t\t<div class=\"distances-block__arrival__distances\" aria-hidden=\"false\" data-arrival=\"mit-dem-auto\">\n\t\t\t\t\t\t\t\t\t\t\t\n\t\t\t\t\t\t<div class=\"distances-block__arrival__distances__distance\">\n\t\t\t\t\t\t\t<p>Kuopio<\/p>\n\t\t\t\t\t\t\t<p>Koli &amp; Lieksa<\/p>\n\t\t\t\t\t\t\t<p>184 km ( 2 h 14 min )<\/p>\n\t\t\t\t\t\t<\/div><!-- .distances-block__arrival__distances__distance -->\n\n\t\t\t\t\t\t\t\t\t\t\t\n\t\t\t\t\t\t<div class=\"distances-block__arrival__distances__distance\">\n\t\t\t\t\t\t\t<p>Jyv\u00e4skyl\u00e4<\/p>\n\t\t\t\t\t\t\t<p>Koli &amp; Lieksa<\/p>\n\t\t\t\t\t\t\t<p>329 km ( 4 h 2 min )<\/p>\n\t\t\t\t\t\t<\/div><!-- .distances-block__arrival__distances__distance -->\n\n\t\t\t\t\t\t\t\t\t\t\t\n\t\t\t\t\t\t<div class=\"distances-block__arrival__distances__distance\">\n\t\t\t\t\t\t\t<p>Oulu<\/p>\n\t\t\t\t\t\t\t<p>Koli &amp; Lieksa<\/p>\n\t\t\t\t\t\t\t<p>332 km ( 4 h 15 min )<\/p>\n\t\t\t\t\t\t<\/div><!-- .distances-block__arrival__distances__distance -->\n\n\t\t\t\t\t\t\t\t\t\t\t\n\t\t\t\t\t\t<div class=\"distances-block__arrival__distances__distance\">\n\t\t\t\t\t\t\t<p>Tampere<\/p>\n\t\t\t\t\t\t\t<p>Koli &amp; Lieksa<\/p>\n\t\t\t\t\t\t\t<p>477 km ( 5 h 53 min )<\/p>\n\t\t\t\t\t\t<\/div><!-- .distances-block__arrival__distances__distance -->\n\n\t\t\t\t\t\t\t\t\t\t\t\n\t\t\t\t\t\t<div class=\"distances-block__arrival__distances__distance\">\n\t\t\t\t\t\t\t<p>Helsinki<\/p>\n\t\t\t\t\t\t\t<p>Koli &amp; Lieksa<\/p>\n\t\t\t\t\t\t\t<p>528 km ( 6 h 15 min )<\/p>\n\t\t\t\t\t\t<\/div><!-- .distances-block__arrival__distances__distance -->\n\n\t\t\t\t\t\t\t\t\t\t\t\n\t\t\t\t\t\t<div class=\"distances-block__arrival__distances__distance\">\n\t\t\t\t\t\t\t<p>Joensuu<\/p>\n\t\t\t\t\t\t\t<p>Koli &amp; Lieksa<\/p>\n\t\t\t\t\t\t\t<p>70 km ( 1 h )<\/p>\n\t\t\t\t\t\t<\/div><!-- .distances-block__arrival__distances__distance -->\n\n\t\t\t\t\t\t\t\t\t<\/div><!-- .distances-block__arrival__distances -->\n\t\t\t\n\n\t\t\t\t\t\n\t\t\t<div class=\"distances-block__arrival__text\" aria-hidden=\"false\" data-arrival=\"mit-dem-zug\">\n\n\t\t\t\t\t\t\t\t\t<p class=\"heading\">Mit dem Zug<\/p>\n\t\t\t\t\n\t\t\t\t\t\t\t\t\t<p class=\"hyphenate\">Zugreisen sind umweltfreundlich und preisg\u00fcnstig. Lieksa erreichen Sie mit nur einem Umstieg. F\u00fcr Fahrr\u00e4der und gro\u00dfes Gep\u00e4ck bieten die Z\u00fcge ausreichend Stauraum. Alle Informationen zu Fahrpl\u00e4nen und Tickets finden Sie auf vr.fi\/en (Englisch).<\/p>\n\t\t\t\t\t\t\t<\/div><!-- .distances-block__arrival__text -->\n\n\t\t\t\t\t\t\t\t\t<div class=\"distances-block__arrival__image\" aria-hidden=\"false\" data-arrival=\"mit-dem-zug\">\n\t\t\t\t\t\t<img decoding=\"async\" src=\"https:\/\/www.koli.fi\/wp-content\/uploads\/2023\/10\/map-junayhteydet-koli.svg\" loading=\"lazy\" width=\"501\" height=\"878\" srcset=\"\" alt=\"\">\n\t\t\t\t\t<\/div><!-- .distances-block__arrival__image -->\n\t\t\t\t\n\t\t\t\t\t\t\t<div class=\"distances-block__arrival__distances\" aria-hidden=\"false\" data-arrival=\"mit-dem-zug\">\n\t\t\t\t\t\t\t\t\t\t\t\n\t\t\t\t\t\t<div class=\"distances-block__arrival__distances__distance\">\n\t\t\t\t\t\t\t<p>Helsinki<\/p>\n\t\t\t\t\t\t\t<p>Lieksa<\/p>\n\t\t\t\t\t\t\t<p>6 h 16 min, 1 ein Umstieg<\/p>\n\t\t\t\t\t\t<\/div><!-- .distances-block__arrival__distances__distance -->\n\n\t\t\t\t\t\t\t\t\t\t\t\n\t\t\t\t\t\t<div class=\"distances-block__arrival__distances__distance\">\n\t\t\t\t\t\t\t<p>Tampere<\/p>\n\t\t\t\t\t\t\t<p>Lieksa<\/p>\n\t\t\t\t\t\t\t<p>7 h 28 min, 2 zwei Umstiege<\/p>\n\t\t\t\t\t\t<\/div><!-- .distances-block__arrival__distances__distance -->\n\n\t\t\t\t\t\t\t\t\t\t\t\n\t\t\t\t\t\t<div class=\"distances-block__arrival__distances__distance\">\n\t\t\t\t\t\t\t<p>Kuopio<\/p>\n\t\t\t\t\t\t\t<p>Lieksa<\/p>\n\t\t\t\t\t\t\t<p>7 h 41 min, 2 zwei Umstiege<\/p>\n\t\t\t\t\t\t<\/div><!-- .distances-block__arrival__distances__distance -->\n\n\t\t\t\t\t\t\t\t\t\t\t\n\t\t\t\t\t\t<div class=\"distances-block__arrival__distances__distance\">\n\t\t\t\t\t\t\t<p>Oulu<\/p>\n\t\t\t\t\t\t\t<p>Lieksa<\/p>\n\t\t\t\t\t\t\t<p>11 h 30 min, 2 zwei Umstiege<\/p>\n\t\t\t\t\t\t<\/div><!-- .distances-block__arrival__distances__distance -->\n\n\t\t\t\t\t\t\t\t\t<\/div><!-- .distances-block__arrival__distances -->\n\t\t\t\n\n\t\t\t\t\t\n\t\t\t<div class=\"distances-block__arrival__text\" aria-hidden=\"false\" data-arrival=\"mit-dem-flugzeug\">\n\n\t\t\t\t\t\t\t\t\t<p class=\"heading\">Mit dem Flugzeug<\/p>\n\t\t\t\t\n\t\t\t\t\t\t\t\t\t<p class=\"hyphenate\">Fliegen ist der schnellste Weg zu uns. Die n\u00e4chstgelegenen Flugh\u00e4fen sind Joensuu, Kajaani und Kuopio.<\/p>\n\t\t\t\t\t\t\t<\/div><!-- .distances-block__arrival__text -->\n\n\t\t\t\t\t\t\t\t\t<div class=\"distances-block__arrival__image\" aria-hidden=\"false\" data-arrival=\"mit-dem-flugzeug\">\n\t\t\t\t\t\t<img decoding=\"async\" src=\"https:\/\/www.koli.fi\/wp-content\/uploads\/2023\/10\/map-lentoyhteydet-koli.svg\" loading=\"lazy\" width=\"501\" height=\"878\" srcset=\"\" alt=\"\">\n\t\t\t\t\t<\/div><!-- .distances-block__arrival__image -->\n\t\t\t\t\n\t\t\t\t\t\t\t<div class=\"distances-block__arrival__distances\" aria-hidden=\"false\" data-arrival=\"mit-dem-flugzeug\">\n\t\t\t\t\t\t\t\t\t\t\t\n\t\t\t\t\t\t<div class=\"distances-block__arrival__distances__distance\">\n\t\t\t\t\t\t\t<p>Helsinki<\/p>\n\t\t\t\t\t\t\t<p>Kuopio<\/p>\n\t\t\t\t\t\t\t<p>1 h 00 min<\/p>\n\t\t\t\t\t\t<\/div><!-- .distances-block__arrival__distances__distance -->\n\n\t\t\t\t\t\t\t\t\t\t\t\n\t\t\t\t\t\t<div class=\"distances-block__arrival__distances__distance\">\n\t\t\t\t\t\t\t<p>Helsinki<\/p>\n\t\t\t\t\t\t\t<p>Joensuu<\/p>\n\t\t\t\t\t\t\t<p>1 h 5 min<\/p>\n\t\t\t\t\t\t<\/div><!-- .distances-block__arrival__distances__distance -->\n\n\t\t\t\t\t\t\t\t\t\t\t\n\t\t\t\t\t\t<div class=\"distances-block__arrival__distances__distance\">\n\t\t\t\t\t\t\t<p>Helsinki<\/p>\n\t\t\t\t\t\t\t<p>Kajaani<\/p>\n\t\t\t\t\t\t\t<p>1 h 25 min<\/p>\n\t\t\t\t\t\t<\/div><!-- .distances-block__arrival__distances__distance -->\n\n\t\t\t\t\t\t\t\t\t<\/div><!-- .distances-block__arrival__distances -->\n\t\t\t\n\n\t\t\t\n\n<\/div>\n\n\n\n<div style=\"height:100px\" aria-hidden=\"true\" class=\"wp-block-spacer\"><\/div>\n\n\n\n<p><\/p>\n","protected":false},"excerpt":{"rendered":"<p>Sehensw\u00fcrdigkeiten zu allen Jahreszeiten Koli &amp; Lieksa sind eine aufstrebende Tourismus-Destination, eine Perle der Seenplatte. Willkommen zu jeder Jahreszeit, alleine, mit Partner, Freunden oder der ganzen Familie. Jede Jahreszeit hat ihre eigenen Reize.<\/p>\n","protected":false},"author":13,"featured_media":0,"parent":0,"menu_order":0,"comment_status":"closed","ping_status":"closed","template":"","meta":{"_acf_changed":false,"footnotes":""},"servicecategories":[],"class_list":["post-5192","page","type-page","status-publish","hentry"],"acf":{"hero_type":"image","hero_image":8153,"hero_video":5339,"hero_title_upper":"","hero_title":"Finnische Landschaft","hero_text":"Komm ins Herzen Finnlands und erlebe die einzigartigen, nur hier m\u00f6glichen Stimmungen.","hero_link":[""],"use_summer":"yes","hero_type_summer":"image","hero_image_summer":8153,"hero_video_summer":null,"hero_title_upper_summer":"","hero_title_summer":"Finnische Landschaft","hero_text_summer":"Komm ins Herzen Finnlands und erlebe die einzigartigen, nur hier m\u00f6glichen Stimmungen.","hero_link_summer":[""],"use_winter":"yes","hero_type_winter":"image","hero_image_winter":6233,"hero_video_winter":null,"hero_title_upper_winter":"","hero_title_winter":"Finnische Landschaft","hero_text_winter":"Komm ins Herzen Finnlands und erlebe die einzigartigen, nur hier m\u00f6glichen Stimmungen.","hero_link_winter":[""]},"_links":{"self":[{"href":"https:\/\/www.koli.fi\/de\/wp-json\/wp\/v2\/pages\/5192","targetHints":{"allow":["GET"]}}],"collection":[{"href":"https:\/\/www.koli.fi\/de\/wp-json\/wp\/v2\/pages"}],"about":[{"href":"https:\/\/www.koli.fi\/de\/wp-json\/wp\/v2\/types\/page"}],"author":[{"embeddable":true,"href":"https:\/\/www.koli.fi\/de\/wp-json\/wp\/v2\/users\/13"}],"replies":[{"embeddable":true,"href":"https:\/\/www.koli.fi\/de\/wp-json\/wp\/v2\/comments?post=5192"}],"version-history":[{"count":10,"href":"https:\/\/www.koli.fi\/de\/wp-json\/wp\/v2\/pages\/5192\/revisions"}],"predecessor-version":[{"id":18072,"href":"https:\/\/www.koli.fi\/de\/wp-json\/wp\/v2\/pages\/5192\/revisions\/18072"}],"wp:attachment":[{"href":"https:\/\/www.koli.fi\/de\/wp-json\/wp\/v2\/media?parent=5192"}],"wp:term":[{"taxonomy":"servicecategory","embeddable":true,"href":"https:\/\/www.koli.fi\/de\/wp-json\/wp\/v2\/servicecategories?post=5192"}],"curies":[{"name":"wp","href":"https:\/\/api.w.org\/{rel}","templated":true}]}}