{"id":5202,"date":"2022-03-01T14:04:53","date_gmt":"2022-03-01T12:04:53","guid":{"rendered":"https:\/\/www.koli.fi\/?page_id=5202"},"modified":"2024-02-23T11:07:09","modified_gmt":"2024-02-23T09:07:09","slug":"kultur","status":"publish","type":"page","link":"https:\/\/www.koli.fi\/de\/entdeckungen\/kultur\/","title":{"rendered":"Sehensw\u00fcrdigkeiten"},"content":{"rendered":"\n<p class=\"has-text-align-center\">Finnlands beliebteste Nationallandschaft Koli und die vielf\u00e4ltige Natur von Lieksa sind bei Besuchern die beliebtesten Attraktionen, aber die Region bietet auch eine gro\u00dfe Auswahl an kulturhistorisch und geschichtlich bedeutsamen Orten. <\/p>\n\n\n\n<div id=\"categories-block_b43a4b93ffbdad942b658f5b469cebe1\" class=\"categories-block\">\n\n\t\t\n\t\t\t\t\t<div class=\"filters-section\">\n\n\t\t\t\t\t\t\t\t\t\n\t\t\t\t\t<div class=\"filters-section__results\">\n\t\t\t\t\t\t<span class=\"text\">Resultate:<\/span>\n\t\t\t\t\t\t<span class=\"count\"><\/span>\n\t\t\t\t\t<\/div><!-- .filters-section__results -->\n\n\t\t\t\t\t<button class=\"popup-filters-button\" aria-haspopup=\"true\" aria-controls=\"filters-popup-categories-block_b43a4b93ffbdad942b658f5b469cebe1\">\n\t\t\t\t\t\t<span>Filter<\/span>\n\t\t\t\t\t\t\n\n<svg version=\"1.1\" xmlns=\"http:\/\/www.w3.org\/2000\/svg\" xmlns:xlink=\"http:\/\/www.w3.org\/1999\/xlink\" x=\"0px\" y=\"0px\" viewbox=\"0 0 63.24 58.76\" xml:space=\"preserve\">\n\n<g>\n\t<g>\n\t\t<path class=\"st0\" d=\"M33.58,45.87c0-5.37,4.35-9.73,9.73-9.73s9.72,4.35,9.72,9.73c0,5.37-4.35,9.72-9.72,9.72\n\t\t\tS33.58,51.24,33.58,45.87 M30.52,44.35H0v2.83h30.48c-0.04-0.43-0.07-0.87-0.07-1.31c0,7.12,5.77,12.89,12.89,12.89\n\t\t\ts12.89-5.77,12.89-12.89c0,0.44-0.02,0.88-0.07,1.31h7.11v-2.83h-7.14c-0.76-6.4-6.19-11.36-12.79-11.36S31.27,37.95,30.52,44.35\n\t\t\tL30.52,44.35 M32.82,12.67c0,0.04-0.01,0.07-0.01,0.11c0-0.29-0.02-0.58-0.04-0.87C32.79,12.16,32.82,12.41,32.82,12.67\n\t\t\t M29.46,12.6c0,5.37-4.27,9.73-9.53,9.73s-9.53-4.35-9.53-9.73s4.27-9.73,9.53-9.73S29.46,7.23,29.46,12.6 M7.09,11.91\n\t\t\tc-0.02,0.29-0.04,0.58-0.05,0.87c0-0.03-0.01-0.07-0.01-0.11C7.04,12.41,7.08,12.16,7.09,11.91 M63.24,13.98v-2.83H32.72\n\t\t\tc0.01,0.12,0.01,0.25,0.02,0.37C32.06,5.04,26.58,0,19.93,0S7.8,5.04,7.12,11.51c0.01-0.12,0.01-0.25,0.02-0.37H0v2.83h7.1\n\t\t\tc0.56,6.6,6.09,11.79,12.83,11.79c6.75,0,12.27-5.19,12.83-11.79H63.24z\"><\/path>\n\t<\/g>\n<\/g>\n<\/svg>\n\t\t\t\t\t<\/button>\n\n\t\t\t\t\t<dialog class=\"filters-popup\" id=\"filters-popup-categories-block_b43a4b93ffbdad942b658f5b469cebe1\">\n\n\t\t\t\t\t\t<div class=\"filters-popup__top\">\n\t\t\t\t\t\t\t<p class=\"heading\">Filter<\/p>\n\t\t\t\t\t\t\t<button class=\"close-filters-popup popup-filters-close\" title=\"Close popup\" aria-label=\"Close popup\">\u2716<\/button>\n\t\t\t\t\t\t<\/div><!-- .filters-popup__top -->\n\n\t\t\t\t\t\t<div class=\"filters-popup__content\">\n\t\t\t\t\t\t\t\n\t\t\t\t\t\t\t\n\t\t\t\t\t\t\t\t\t\t\t\t\t\t\t<div class=\"filters-popup__content__group area-category\">\n\t\t\t\t\t\t\t\t\t<p>Nach Kategorie filtern<\/p>\n\t\t\t\t\t\t\t\t\t<div class=\"filters-popup__content__group__buttons\">\n\t\t\t\t\t\t\t\t\t\t\t\t\t\t\t\t\t\t\t\t\t<button aria-controls=\"categories-area-categories-block_b43a4b93ffbdad942b658f5b469cebe1\" aria-checked=\"false\" data-category=\"218\">Sehensw\u00fcrdigkeiten<\/button>\n\t\t\t\t\t\t\t\t\t\t\t\t\t\t\t\t\t\t\t\t\t<button aria-controls=\"categories-area-categories-block_b43a4b93ffbdad942b658f5b469cebe1\" aria-checked=\"false\" data-category=\"64\">Milit\u00e4rgeschichte<\/button>\n\t\t\t\t\t\t\t\t\t\t\t\t\t\t\t\t\t\t\t\t\t<button aria-controls=\"categories-area-categories-block_b43a4b93ffbdad942b658f5b469cebe1\" aria-checked=\"false\" data-category=\"59\">Kulturgeschichte<\/button>\n\t\t\t\t\t\t\t\t\t\t\t\t\t\t\t\t\t\t\t<\/div><!-- .filters-popup__content__group__buttons -->\n\t\t\t\t\t\t\t\t<\/div><!-- .filters-popup__content__group -->\n\t\t\t\t\t\t\t\t\t\t\t\t\t<\/div><!-- .filters-popup__content -->\n\n\t\t\t\t\t\t<div class=\"filters-popup__bottom\">\n\t\t\t\t\t\t\t<button class=\"popup-filters-close\">Ergebnisse anzeigen <span>(0)<\/span><\/button>\n\t\t\t\t\t\t<\/div><!-- .filters-popup__bottom -->\n\t\t\t\t\t<\/dialog><!-- .filters-popup -->\n\t\t\t\t\n\t\t\t\t\n\t\t\t<\/div><!-- .filters-section -->\n\t\t\n\t\t\n\t\t<div class=\"categories-block__services\" id=\"categories-area-categories-block_b43a4b93ffbdad942b658f5b469cebe1\" data-categories=\"[218,64,59]\" data-area=\"allnofilters\" data-season=\"allnofilters\">\n\t\t<\/div><!-- .categories-block__services -->\n\n\t\n<\/div>\n\n\n\n<div style=\"height:4em\" aria-hidden=\"true\" class=\"wp-block-spacer\"><\/div>\n\n\n\n<div id=\"distances-block_90af0b0f449c5a502e1df29b88b93f55\" class=\"distances-block\">\n\n\t<div class=\"distances-block__main\">\n\t\t\t\t\t<h3><span>Anreise nach Koli<\/span><br>Wir sind nicht weit weg.<br>\nSind Sie bereit f\u00fcr Ihre Reise?<\/h3>\n\t\t\n\t\t\n\t\t\t\t\t<div class=\"distances-block__main__filters\">\n\t\t\t\t\t\t\t\t\t\n\t\t\t\t\t<button aria-pressed=\"false\" data-filter=\"mit-dem-auto\">Mit dem Auto<\/button>\n\t\t\t\t\t\t\t\t\t\n\t\t\t\t\t<button aria-pressed=\"false\" data-filter=\"mit-dem-zug\">Mit dem Zug<\/button>\n\t\t\t\t\t\t\t\t\t\n\t\t\t\t\t<button aria-pressed=\"false\" data-filter=\"mit-dem-flugzeug\">Mit dem Flugzeug<\/button>\n\t\t\t\t\t\t\t<\/div><!-- .distances-block__main__filters -->\n\t\t\t<\/div><!-- .distances-block__main -->\n\n\n\t\t\t\t\t\t\n\t\t\t<div class=\"distances-block__arrival__text\" aria-hidden=\"false\" data-arrival=\"mit-dem-auto\">\n\n\t\t\t\t\t\t\t\t\t<p class=\"heading\">Mit dem Auto<\/p>\n\t\t\t\t\n\t\t\t\t\t\t\t\t\t<p class=\"hyphenate\">Schnell und einfach. Reisen Sie in Ihrem eigenen Tempo und entdecken Sie die Region ohne Fahrpl\u00e4ne. Wir sind nur eine Kaffeepause und einen Tank entfernt.<\/p>\n\t\t\t\t\t\t\t<\/div><!-- .distances-block__arrival__text -->\n\n\t\t\t\t\t\t\t\t\t<div class=\"distances-block__arrival__image\" aria-hidden=\"false\" data-arrival=\"mit-dem-auto\">\n\t\t\t\t\t\t<img decoding=\"async\" src=\"https:\/\/www.koli.fi\/wp-content\/uploads\/2023\/10\/map-autoyhteydet-koli.svg\" loading=\"lazy\" width=\"501\" height=\"878\" srcset=\"\" alt=\"\">\n\t\t\t\t\t<\/div><!-- .distances-block__arrival__image -->\n\t\t\t\t\n\t\t\t\t\t\t\t<div class=\"distances-block__arrival__distances\" aria-hidden=\"false\" data-arrival=\"mit-dem-auto\">\n\t\t\t\t\t\t\t\t\t\t\t\n\t\t\t\t\t\t<div class=\"distances-block__arrival__distances__distance\">\n\t\t\t\t\t\t\t<p>Kuopio<\/p>\n\t\t\t\t\t\t\t<p>Koli &amp; Lieksa<\/p>\n\t\t\t\t\t\t\t<p>184 km ( 2 h 14 min )<\/p>\n\t\t\t\t\t\t<\/div><!-- .distances-block__arrival__distances__distance -->\n\n\t\t\t\t\t\t\t\t\t\t\t\n\t\t\t\t\t\t<div class=\"distances-block__arrival__distances__distance\">\n\t\t\t\t\t\t\t<p>Jyv\u00e4skyl\u00e4<\/p>\n\t\t\t\t\t\t\t<p>Koli &amp; Lieksa<\/p>\n\t\t\t\t\t\t\t<p>329 km ( 4 h 2 min )<\/p>\n\t\t\t\t\t\t<\/div><!-- .distances-block__arrival__distances__distance -->\n\n\t\t\t\t\t\t\t\t\t\t\t\n\t\t\t\t\t\t<div class=\"distances-block__arrival__distances__distance\">\n\t\t\t\t\t\t\t<p>Oulu<\/p>\n\t\t\t\t\t\t\t<p>Koli &amp; Lieksa<\/p>\n\t\t\t\t\t\t\t<p>332 km ( 4 h 15 min )<\/p>\n\t\t\t\t\t\t<\/div><!-- .distances-block__arrival__distances__distance -->\n\n\t\t\t\t\t\t\t\t\t\t\t\n\t\t\t\t\t\t<div class=\"distances-block__arrival__distances__distance\">\n\t\t\t\t\t\t\t<p>Tampere<\/p>\n\t\t\t\t\t\t\t<p>Koli &amp; Lieksa<\/p>\n\t\t\t\t\t\t\t<p>477 km ( 5 h 53 min )<\/p>\n\t\t\t\t\t\t<\/div><!-- .distances-block__arrival__distances__distance -->\n\n\t\t\t\t\t\t\t\t\t\t\t\n\t\t\t\t\t\t<div class=\"distances-block__arrival__distances__distance\">\n\t\t\t\t\t\t\t<p>Helsinki<\/p>\n\t\t\t\t\t\t\t<p>Koli &amp; Lieksa<\/p>\n\t\t\t\t\t\t\t<p>528 km ( 6 h 15 min )<\/p>\n\t\t\t\t\t\t<\/div><!-- .distances-block__arrival__distances__distance -->\n\n\t\t\t\t\t\t\t\t\t\t\t\n\t\t\t\t\t\t<div class=\"distances-block__arrival__distances__distance\">\n\t\t\t\t\t\t\t<p>Joensuu<\/p>\n\t\t\t\t\t\t\t<p>Koli &amp; Lieksa<\/p>\n\t\t\t\t\t\t\t<p>70 km ( 1 h )<\/p>\n\t\t\t\t\t\t<\/div><!-- .distances-block__arrival__distances__distance -->\n\n\t\t\t\t\t\t\t\t\t<\/div><!-- .distances-block__arrival__distances -->\n\t\t\t\n\n\t\t\t\t\t\n\t\t\t<div class=\"distances-block__arrival__text\" aria-hidden=\"false\" data-arrival=\"mit-dem-zug\">\n\n\t\t\t\t\t\t\t\t\t<p class=\"heading\">Mit dem Zug<\/p>\n\t\t\t\t\n\t\t\t\t\t\t\t\t\t<p class=\"hyphenate\">Zugreisen sind umweltfreundlich und preisg\u00fcnstig. Lieksa erreichen Sie mit nur einem Umstieg. F\u00fcr Fahrr\u00e4der und gro\u00dfes Gep\u00e4ck bieten die Z\u00fcge ausreichend Stauraum. Alle Informationen zu Fahrpl\u00e4nen und Tickets finden Sie auf vr.fi\/en (Englisch).<\/p>\n\t\t\t\t\t\t\t<\/div><!-- .distances-block__arrival__text -->\n\n\t\t\t\t\t\t\t\t\t<div class=\"distances-block__arrival__image\" aria-hidden=\"false\" data-arrival=\"mit-dem-zug\">\n\t\t\t\t\t\t<img decoding=\"async\" src=\"https:\/\/www.koli.fi\/wp-content\/uploads\/2023\/10\/map-junayhteydet-koli.svg\" loading=\"lazy\" width=\"501\" height=\"878\" srcset=\"\" alt=\"\">\n\t\t\t\t\t<\/div><!-- .distances-block__arrival__image -->\n\t\t\t\t\n\t\t\t\t\t\t\t<div class=\"distances-block__arrival__distances\" aria-hidden=\"false\" data-arrival=\"mit-dem-zug\">\n\t\t\t\t\t\t\t\t\t\t\t\n\t\t\t\t\t\t<div class=\"distances-block__arrival__distances__distance\">\n\t\t\t\t\t\t\t<p>Helsinki<\/p>\n\t\t\t\t\t\t\t<p>Lieksa<\/p>\n\t\t\t\t\t\t\t<p>6 h 16 min, 1 ein Umstieg<\/p>\n\t\t\t\t\t\t<\/div><!-- .distances-block__arrival__distances__distance -->\n\n\t\t\t\t\t\t\t\t\t\t\t\n\t\t\t\t\t\t<div class=\"distances-block__arrival__distances__distance\">\n\t\t\t\t\t\t\t<p>Tampere<\/p>\n\t\t\t\t\t\t\t<p>Lieksa<\/p>\n\t\t\t\t\t\t\t<p>7 h 28 min, 2 zwei Umstiege<\/p>\n\t\t\t\t\t\t<\/div><!-- .distances-block__arrival__distances__distance -->\n\n\t\t\t\t\t\t\t\t\t\t\t\n\t\t\t\t\t\t<div class=\"distances-block__arrival__distances__distance\">\n\t\t\t\t\t\t\t<p>Kuopio<\/p>\n\t\t\t\t\t\t\t<p>Lieksa<\/p>\n\t\t\t\t\t\t\t<p>7 h 41 min, 2 zwei Umstiege<\/p>\n\t\t\t\t\t\t<\/div><!-- .distances-block__arrival__distances__distance -->\n\n\t\t\t\t\t\t\t\t\t\t\t\n\t\t\t\t\t\t<div class=\"distances-block__arrival__distances__distance\">\n\t\t\t\t\t\t\t<p>Oulu<\/p>\n\t\t\t\t\t\t\t<p>Lieksa<\/p>\n\t\t\t\t\t\t\t<p>11 h 30 min, 2 zwei Umstiege<\/p>\n\t\t\t\t\t\t<\/div><!-- .distances-block__arrival__distances__distance -->\n\n\t\t\t\t\t\t\t\t\t<\/div><!-- .distances-block__arrival__distances -->\n\t\t\t\n\n\t\t\t\t\t\n\t\t\t<div class=\"distances-block__arrival__text\" aria-hidden=\"false\" data-arrival=\"mit-dem-flugzeug\">\n\n\t\t\t\t\t\t\t\t\t<p class=\"heading\">Mit dem Flugzeug<\/p>\n\t\t\t\t\n\t\t\t\t\t\t\t\t\t<p class=\"hyphenate\">Fliegen ist der schnellste Weg zu uns. Die n\u00e4chstgelegenen Flugh\u00e4fen sind Joensuu, Kajaani und Kuopio.<\/p>\n\t\t\t\t\t\t\t<\/div><!-- .distances-block__arrival__text -->\n\n\t\t\t\t\t\t\t\t\t<div class=\"distances-block__arrival__image\" aria-hidden=\"false\" data-arrival=\"mit-dem-flugzeug\">\n\t\t\t\t\t\t<img decoding=\"async\" src=\"https:\/\/www.koli.fi\/wp-content\/uploads\/2023\/10\/map-lentoyhteydet-koli.svg\" loading=\"lazy\" width=\"501\" height=\"878\" srcset=\"\" alt=\"\">\n\t\t\t\t\t<\/div><!-- .distances-block__arrival__image -->\n\t\t\t\t\n\t\t\t\t\t\t\t<div class=\"distances-block__arrival__distances\" aria-hidden=\"false\" data-arrival=\"mit-dem-flugzeug\">\n\t\t\t\t\t\t\t\t\t\t\t\n\t\t\t\t\t\t<div class=\"distances-block__arrival__distances__distance\">\n\t\t\t\t\t\t\t<p>Helsinki<\/p>\n\t\t\t\t\t\t\t<p>Kuopio<\/p>\n\t\t\t\t\t\t\t<p>1 h 00 min<\/p>\n\t\t\t\t\t\t<\/div><!-- .distances-block__arrival__distances__distance -->\n\n\t\t\t\t\t\t\t\t\t\t\t\n\t\t\t\t\t\t<div class=\"distances-block__arrival__distances__distance\">\n\t\t\t\t\t\t\t<p>Helsinki<\/p>\n\t\t\t\t\t\t\t<p>Joensuu<\/p>\n\t\t\t\t\t\t\t<p>1 h 5 min<\/p>\n\t\t\t\t\t\t<\/div><!-- .distances-block__arrival__distances__distance -->\n\n\t\t\t\t\t\t\t\t\t\t\t\n\t\t\t\t\t\t<div class=\"distances-block__arrival__distances__distance\">\n\t\t\t\t\t\t\t<p>Helsinki<\/p>\n\t\t\t\t\t\t\t<p>Kajaani<\/p>\n\t\t\t\t\t\t\t<p>1 h 25 min<\/p>\n\t\t\t\t\t\t<\/div><!-- .distances-block__arrival__distances__distance -->\n\n\t\t\t\t\t\t\t\t\t<\/div><!-- .distances-block__arrival__distances -->\n\t\t\t\n\n\t\t\t\n\n<\/div>\n\n\n\n<div style=\"height:100px\" aria-hidden=\"true\" class=\"wp-block-spacer\"><\/div>\n\n\n\n<div id=\"categories-block_78e5ea70b11630a3a2df94ff98c0bf90\" class=\"categories-block\">\n\n\t\n<\/div>\n","protected":false},"excerpt":{"rendered":"<p>Finnlands beliebteste Nationallandschaft Koli und die vielf\u00e4ltige Natur von Lieksa sind bei Besuchern die beliebtesten Attraktionen, aber die Region bietet auch eine gro\u00dfe Auswahl an kulturhistorisch und geschichtlich bedeutsamen Orten.<\/p>\n","protected":false},"author":13,"featured_media":0,"parent":5192,"menu_order":0,"comment_status":"closed","ping_status":"closed","template":"","meta":{"_acf_changed":false,"footnotes":""},"servicecategories":[],"class_list":["post-5202","page","type-page","status-publish","hentry"],"acf":{"hero_type":"image","hero_image":4374,"hero_video":null,"hero_title_upper":"Koli-Lieksa","hero_title":"Sehensw\u00fcrdigkeiten","hero_text":"Koli ist mehr als nur Natur.","hero_link":"","use_summer":"no","hero_type_summer":"image","hero_image_summer":null,"hero_video_summer":null,"hero_title_upper_summer":"","hero_title_summer":"","hero_text_summer":"","hero_link_summer":null,"use_winter":"no","hero_type_winter":"image","hero_image_winter":null,"hero_video_winter":null,"hero_title_upper_winter":"","hero_title_winter":"","hero_text_winter":"","hero_link_winter":null},"_links":{"self":[{"href":"https:\/\/www.koli.fi\/de\/wp-json\/wp\/v2\/pages\/5202","targetHints":{"allow":["GET"]}}],"collection":[{"href":"https:\/\/www.koli.fi\/de\/wp-json\/wp\/v2\/pages"}],"about":[{"href":"https:\/\/www.koli.fi\/de\/wp-json\/wp\/v2\/types\/page"}],"author":[{"embeddable":true,"href":"https:\/\/www.koli.fi\/de\/wp-json\/wp\/v2\/users\/13"}],"replies":[{"embeddable":true,"href":"https:\/\/www.koli.fi\/de\/wp-json\/wp\/v2\/comments?post=5202"}],"version-history":[{"count":8,"href":"https:\/\/www.koli.fi\/de\/wp-json\/wp\/v2\/pages\/5202\/revisions"}],"predecessor-version":[{"id":14842,"href":"https:\/\/www.koli.fi\/de\/wp-json\/wp\/v2\/pages\/5202\/revisions\/14842"}],"up":[{"embeddable":true,"href":"https:\/\/www.koli.fi\/de\/wp-json\/wp\/v2\/pages\/5192"}],"wp:attachment":[{"href":"https:\/\/www.koli.fi\/de\/wp-json\/wp\/v2\/media?parent=5202"}],"wp:term":[{"taxonomy":"servicecategory","embeddable":true,"href":"https:\/\/www.koli.fi\/de\/wp-json\/wp\/v2\/servicecategories?post=5202"}],"curies":[{"name":"wp","href":"https:\/\/api.w.org\/{rel}","templated":true}]}}