{"id":5207,"date":"2022-04-18T14:23:39","date_gmt":"2022-04-18T11:23:39","guid":{"rendered":"https:\/\/www.koli.fi\/?page_id=5207"},"modified":"2024-12-09T10:20:20","modified_gmt":"2024-12-09T08:20:20","slug":"strecken","status":"publish","type":"page","link":"https:\/\/www.koli.fi\/de\/strecken\/","title":{"rendered":"Strecken"},"content":{"rendered":"\n<p>In Lieksa zeigt sich die echte finnische Natur von ihrer sch\u00f6nsten Seite. Die hohen H\u00fcgel des Koli-Nationalparks, die atemberaubende Aussicht auf den Pielinen-See und die frei fliessenden Stromschnellen von Ruunaa lassen Ihr Herz zusammen mit der Natur h\u00f6her schlagen. Beruhigen Sie Ihren Geist und atmen Sie frei. Willkommen zu den beliebtesten, inspirierendsten und bekanntesten Ansichten Finnlands.<\/p>\n\n\n\n<p class=\"has-text-align-center\">Die Strecken um Koli und Lieksa sind f\u00fcr Wanderer, Biker oder TrailRunner geeignet. Finde Deine passende Route und w\u00e4hle aus unz\u00e4hligen Vorschl\u00e4gen. Von einfachen Tages-Touren bis zu anspruchsvollen Wildnis-Trekkings.<\/p>\n\n\n\n<h3 class=\"wp-block-heading has-text-align-center\">Erkunden Sie die Routen unserer Region unten:<\/h3>\n\n\n\n<p class=\"has-text-align-center\">Sie k\u00f6nnen die unten stehende Routenliste entweder als Karte, Liste oder Rasteransicht anzeigen lassen. Klicken Sie auf Ihre bevorzugte Ansicht, um sie in der oberen rechten Ecke des eingebetteten Inhalts zu \u00f6ffnen und finden Sie Ihren Favoriten!<\/p>\n\n\n\n<div id=\"outdooractive-block_288268a4d65b88d7abe9572b6b222217\" class=\"outdooractive-block alignwide\">\n\n\t<div class=\"outdooractive-block__map\">\n\t\t<script type=\"text\/javascript\" src=\"https:\/\/api-oa.com\/jscr\/loader.js?id=d9cmdq&amp;lang=de\"><\/script>\n\t<\/div><!-- .outdooractive-block__map -->\n\n<\/div>\n\n\n\n<div class=\"wp-block-columns is-layout-flex wp-container-core-columns-is-layout-28f84493 wp-block-columns-is-layout-flex\">\n<div class=\"wp-block-column is-layout-flow wp-block-column-is-layout-flow\" style=\"flex-basis:33.33%\">\n<figure class=\"wp-block-image size-full\"><img loading=\"lazy\" decoding=\"async\" width=\"674\" height=\"720\" src=\"https:\/\/www.koli.fi\/wp-content\/uploads\/2023\/03\/logo_soa_travel_720.png\" alt=\"SOA palkinto-logo\" class=\"wp-image-6437\" srcset=\"https:\/\/www.koli.fi\/wp-content\/uploads\/2023\/03\/logo_soa_travel_720.png 674w, https:\/\/www.koli.fi\/wp-content\/uploads\/2023\/03\/logo_soa_travel_720-281x300.png 281w\" sizes=\"auto, (max-width: 674px) 100vw, 674px\"><\/figure>\n<\/div>\n\n\n\n<div class=\"wp-block-column is-layout-flow wp-block-column-is-layout-flow\" style=\"flex-basis:66.66%\">\n<p><strong>Koli-Lieksa hat den Scandinavian Outdoor Award 2023 gewonnen!<\/strong><\/p>\n\n\n\n<p>Das ganzheitliche Vier-Jahreszeiten-Konzept f\u00fcr mehrere Zielgruppen \u00fcberzeugte die Jury. Die Region verbindet unterschiedliche Unterkunftsarten, verantwortungsvollen Naturtourismus und den Fokus auf die Integration von Einheimischen mit Wachstum, das den Bed\u00fcrfnissen der Region entspricht.<\/p>\n\n\n\n<p>Willkommen zum Entdecken der besten Outdoor-M\u00f6glichkeiten in Skandinavien!<\/p>\n<\/div>\n<\/div>\n\n\n\n<div style=\"height:100px\" aria-hidden=\"true\" class=\"wp-block-spacer\"><\/div>\n\n\n\n<h2 class=\"wp-block-heading has-text-align-left\"><strong>EntdErkunden und kommen Sie zum Genie\u00dfen!ecken<\/strong><\/h2>\n\n\n\n<div id=\"pagelinks-block_940486c6c85b03aedda7e5ec8d8b974b\" class=\"pagelinks-block\">\n\n\t\t\t<div class=\"pagelinks-block__pagelinks carousel\" data-size=\"medium\" data-links=\"[10780,5218,6341,5214]\">\n\t\t<\/div><!-- .pagelinks-block__pagelinks -->\n\n\t\t\t\t\t<div class=\"pagelinks-block__arrows\">\n\t\t\t\t<p><span class=\"current\">1<\/span> \/ <span class=\"total\">4<\/span><\/p>\n\t\t\t<\/div><!-- .pagelinks-block__arrows -->\n\t\t\n\t<\/div>\n","protected":false},"excerpt":{"rendered":"<p>In Lieksa zeigt sich die echte finnische Natur von ihrer sch\u00f6nsten Seite. Die hohen H\u00fcgel des Koli-Nationalparks, die atemberaubende Aussicht auf den Pielinen-See und die frei fliessenden Stromschnellen von Ruunaa lassen Ihr Herz zusammen mit der Natur h\u00f6her schlagen. Beruhigen Sie Ihren Geist und atmen Sie frei. Willkommen zu den beliebtesten, inspirierendsten und bekanntesten Ansichten [&hellip;]<\/p>\n","protected":false},"author":13,"featured_media":0,"parent":0,"menu_order":0,"comment_status":"closed","ping_status":"closed","template":"","meta":{"_acf_changed":false,"footnotes":""},"servicecategories":[],"class_list":["post-5207","page","type-page","status-publish","hentry"],"acf":{"hero_type":"image","hero_image":15346,"hero_video":6662,"hero_title_upper":"","hero_title":"Markierte Wege","hero_text":"Strecken f\u00fcr Wanderer, Biker, Trekker und Skil\u00e4ufer","hero_link":[""],"use_summer":"yes","hero_type_summer":"image","hero_image_summer":15346,"hero_video_summer":null,"hero_title_upper_summer":"","hero_title_summer":"Markierte Wege","hero_text_summer":"Strecken f\u00fcr Wanderer, Biker, Trekker und Skil\u00e4ufer","hero_link_summer":[""],"use_winter":"yes","hero_type_winter":"image","hero_image_winter":10570,"hero_video_winter":null,"hero_title_upper_winter":"","hero_title_winter":"Markierte Wege","hero_text_winter":"Strecken f\u00fcr Wanderer, Biker, Trekker und Skil\u00e4ufer","hero_link_winter":[""]},"_links":{"self":[{"href":"https:\/\/www.koli.fi\/de\/wp-json\/wp\/v2\/pages\/5207","targetHints":{"allow":["GET"]}}],"collection":[{"href":"https:\/\/www.koli.fi\/de\/wp-json\/wp\/v2\/pages"}],"about":[{"href":"https:\/\/www.koli.fi\/de\/wp-json\/wp\/v2\/types\/page"}],"author":[{"embeddable":true,"href":"https:\/\/www.koli.fi\/de\/wp-json\/wp\/v2\/users\/13"}],"replies":[{"embeddable":true,"href":"https:\/\/www.koli.fi\/de\/wp-json\/wp\/v2\/comments?post=5207"}],"version-history":[{"count":5,"href":"https:\/\/www.koli.fi\/de\/wp-json\/wp\/v2\/pages\/5207\/revisions"}],"predecessor-version":[{"id":18132,"href":"https:\/\/www.koli.fi\/de\/wp-json\/wp\/v2\/pages\/5207\/revisions\/18132"}],"wp:attachment":[{"href":"https:\/\/www.koli.fi\/de\/wp-json\/wp\/v2\/media?parent=5207"}],"wp:term":[{"taxonomy":"servicecategory","embeddable":true,"href":"https:\/\/www.koli.fi\/de\/wp-json\/wp\/v2\/servicecategories?post=5207"}],"curies":[{"name":"wp","href":"https:\/\/api.w.org\/{rel}","templated":true}]}}