{"id":5214,"date":"2022-03-01T14:04:53","date_gmt":"2022-03-01T12:04:53","guid":{"rendered":"https:\/\/www.koli.fi\/?page_id=5214"},"modified":"2024-12-09T10:52:29","modified_gmt":"2024-12-09T08:52:29","slug":"hohepunkte-der-natur","status":"publish","type":"page","link":"https:\/\/www.koli.fi\/de\/entdeckungen\/hohepunkte-der-natur\/","title":{"rendered":"H\u00f6hepunkte der Natur"},"content":{"rendered":"\n<div style=\"height:4em\" aria-hidden=\"true\" class=\"wp-block-spacer\"><\/div>\n\n\n\n<div id=\"pagelinks-block_a954acffabe0173570a919f1c6ef9d35\" class=\"pagelinks-block\">\n\n\t\t\t<div class=\"pagelinks-block__pagelinks grid\" data-size=\"\" data-links=\"[5218,5221,5225,5227,5228,5234,5260,5207]\">\n\t\t<\/div><!-- .pagelinks-block__pagelinks -->\n\n\t\t\n\t<\/div>\n\n\n\n<div style=\"height:4em\" aria-hidden=\"true\" class=\"wp-block-spacer\"><\/div>\n\n\n\n<div id=\"distances-block_f3250414d5c8e27aef3e29054fbd8f2e\" class=\"distances-block\">\n\n\t<div class=\"distances-block__main\">\n\t\t\t\t\t<h3><span>Anreise nach Koli<\/span><br>Wir sind nicht weit weg.<br>\nSind Sie bereit f\u00fcr Ihre Reise?<\/h3>\n\t\t\n\t\t\n\t\t\t\t\t<div class=\"distances-block__main__filters\">\n\t\t\t\t\t\t\t\t\t\n\t\t\t\t\t<button aria-pressed=\"false\" data-filter=\"mit-dem-auto\">Mit dem Auto<\/button>\n\t\t\t\t\t\t\t\t\t\n\t\t\t\t\t<button aria-pressed=\"false\" data-filter=\"mit-dem-zug\">Mit dem Zug<\/button>\n\t\t\t\t\t\t\t\t\t\n\t\t\t\t\t<button aria-pressed=\"false\" data-filter=\"mit-dem-flugzeug\">Mit dem Flugzeug<\/button>\n\t\t\t\t\t\t\t<\/div><!-- .distances-block__main__filters -->\n\t\t\t<\/div><!-- .distances-block__main -->\n\n\n\t\t\t\t\t\t\n\t\t\t<div class=\"distances-block__arrival__text\" aria-hidden=\"false\" data-arrival=\"mit-dem-auto\">\n\n\t\t\t\t\t\t\t\t\t<p class=\"heading\">Mit dem Auto<\/p>\n\t\t\t\t\n\t\t\t\t\t\t\t\t\t<p class=\"hyphenate\">Schnell und einfach. Reisen Sie in Ihrem eigenen Tempo und entdecken Sie die Region ohne Fahrpl\u00e4ne. Wir sind nur eine Kaffeepause und einen Tank entfernt.<\/p>\n\t\t\t\t\t\t\t<\/div><!-- .distances-block__arrival__text -->\n\n\t\t\t\t\t\t\t\t\t<div class=\"distances-block__arrival__image\" aria-hidden=\"false\" data-arrival=\"mit-dem-auto\">\n\t\t\t\t\t\t<img decoding=\"async\" src=\"https:\/\/www.koli.fi\/wp-content\/uploads\/2023\/10\/map-autoyhteydet-koli.svg\" loading=\"lazy\" width=\"501\" height=\"878\" srcset=\"\" alt=\"\">\n\t\t\t\t\t<\/div><!-- .distances-block__arrival__image -->\n\t\t\t\t\n\t\t\t\t\t\t\t<div class=\"distances-block__arrival__distances\" aria-hidden=\"false\" data-arrival=\"mit-dem-auto\">\n\t\t\t\t\t\t\t\t\t\t\t\n\t\t\t\t\t\t<div class=\"distances-block__arrival__distances__distance\">\n\t\t\t\t\t\t\t<p>Kuopio<\/p>\n\t\t\t\t\t\t\t<p>Koli &amp; Lieksa<\/p>\n\t\t\t\t\t\t\t<p>184 km ( 2 h 14 min )<\/p>\n\t\t\t\t\t\t<\/div><!-- .distances-block__arrival__distances__distance -->\n\n\t\t\t\t\t\t\t\t\t\t\t\n\t\t\t\t\t\t<div class=\"distances-block__arrival__distances__distance\">\n\t\t\t\t\t\t\t<p>Jyv\u00e4skyl\u00e4<\/p>\n\t\t\t\t\t\t\t<p>Koli &amp; Lieksa<\/p>\n\t\t\t\t\t\t\t<p>329 km ( 4 h 2 min )<\/p>\n\t\t\t\t\t\t<\/div><!-- .distances-block__arrival__distances__distance -->\n\n\t\t\t\t\t\t\t\t\t\t\t\n\t\t\t\t\t\t<div class=\"distances-block__arrival__distances__distance\">\n\t\t\t\t\t\t\t<p>Oulu<\/p>\n\t\t\t\t\t\t\t<p>Koli &amp; Lieksa<\/p>\n\t\t\t\t\t\t\t<p>332 km ( 4 h 15 min )<\/p>\n\t\t\t\t\t\t<\/div><!-- .distances-block__arrival__distances__distance -->\n\n\t\t\t\t\t\t\t\t\t\t\t\n\t\t\t\t\t\t<div class=\"distances-block__arrival__distances__distance\">\n\t\t\t\t\t\t\t<p>Tampere<\/p>\n\t\t\t\t\t\t\t<p>Koli &amp; Lieksa<\/p>\n\t\t\t\t\t\t\t<p>477 km ( 5 h 53 min )<\/p>\n\t\t\t\t\t\t<\/div><!-- .distances-block__arrival__distances__distance -->\n\n\t\t\t\t\t\t\t\t\t\t\t\n\t\t\t\t\t\t<div class=\"distances-block__arrival__distances__distance\">\n\t\t\t\t\t\t\t<p>Helsinki<\/p>\n\t\t\t\t\t\t\t<p>Koli &amp; Lieksa<\/p>\n\t\t\t\t\t\t\t<p>528 km ( 6 h 15 min )<\/p>\n\t\t\t\t\t\t<\/div><!-- .distances-block__arrival__distances__distance -->\n\n\t\t\t\t\t\t\t\t\t\t\t\n\t\t\t\t\t\t<div class=\"distances-block__arrival__distances__distance\">\n\t\t\t\t\t\t\t<p>Joensuu<\/p>\n\t\t\t\t\t\t\t<p>Koli &amp; Lieksa<\/p>\n\t\t\t\t\t\t\t<p>70 km ( 1 h )<\/p>\n\t\t\t\t\t\t<\/div><!-- .distances-block__arrival__distances__distance -->\n\n\t\t\t\t\t\t\t\t\t<\/div><!-- .distances-block__arrival__distances -->\n\t\t\t\n\n\t\t\t\t\t\n\t\t\t<div class=\"distances-block__arrival__text\" aria-hidden=\"false\" data-arrival=\"mit-dem-zug\">\n\n\t\t\t\t\t\t\t\t\t<p class=\"heading\">Mit dem Zug<\/p>\n\t\t\t\t\n\t\t\t\t\t\t\t\t\t<p class=\"hyphenate\">Zugreisen sind umweltfreundlich und preisg\u00fcnstig. Lieksa erreichen Sie mit nur einem Umstieg. F\u00fcr Fahrr\u00e4der und gro\u00dfes Gep\u00e4ck bieten die Z\u00fcge ausreichend Stauraum. Alle Informationen zu Fahrpl\u00e4nen und Tickets finden Sie auf vr.fi\/en (Englisch).<\/p>\n\t\t\t\t\t\t\t<\/div><!-- .distances-block__arrival__text -->\n\n\t\t\t\t\t\t\t\t\t<div class=\"distances-block__arrival__image\" aria-hidden=\"false\" data-arrival=\"mit-dem-zug\">\n\t\t\t\t\t\t<img decoding=\"async\" src=\"https:\/\/www.koli.fi\/wp-content\/uploads\/2023\/10\/map-junayhteydet-koli.svg\" loading=\"lazy\" width=\"501\" height=\"878\" srcset=\"\" alt=\"\">\n\t\t\t\t\t<\/div><!-- .distances-block__arrival__image -->\n\t\t\t\t\n\t\t\t\t\t\t\t<div class=\"distances-block__arrival__distances\" aria-hidden=\"false\" data-arrival=\"mit-dem-zug\">\n\t\t\t\t\t\t\t\t\t\t\t\n\t\t\t\t\t\t<div class=\"distances-block__arrival__distances__distance\">\n\t\t\t\t\t\t\t<p>Helsinki<\/p>\n\t\t\t\t\t\t\t<p>Lieksa<\/p>\n\t\t\t\t\t\t\t<p>6 h 16 min, 1 ein Umstieg<\/p>\n\t\t\t\t\t\t<\/div><!-- .distances-block__arrival__distances__distance -->\n\n\t\t\t\t\t\t\t\t\t\t\t\n\t\t\t\t\t\t<div class=\"distances-block__arrival__distances__distance\">\n\t\t\t\t\t\t\t<p>Tampere<\/p>\n\t\t\t\t\t\t\t<p>Lieksa<\/p>\n\t\t\t\t\t\t\t<p>7 h 28 min, 2 zwei Umstiege<\/p>\n\t\t\t\t\t\t<\/div><!-- .distances-block__arrival__distances__distance -->\n\n\t\t\t\t\t\t\t\t\t\t\t\n\t\t\t\t\t\t<div class=\"distances-block__arrival__distances__distance\">\n\t\t\t\t\t\t\t<p>Kuopio<\/p>\n\t\t\t\t\t\t\t<p>Lieksa<\/p>\n\t\t\t\t\t\t\t<p>7 h 41 min, 2 zwei Umstiege<\/p>\n\t\t\t\t\t\t<\/div><!-- .distances-block__arrival__distances__distance -->\n\n\t\t\t\t\t\t\t\t\t\t\t\n\t\t\t\t\t\t<div class=\"distances-block__arrival__distances__distance\">\n\t\t\t\t\t\t\t<p>Oulu<\/p>\n\t\t\t\t\t\t\t<p>Lieksa<\/p>\n\t\t\t\t\t\t\t<p>11 h 30 min, 2 zwei Umstiege<\/p>\n\t\t\t\t\t\t<\/div><!-- .distances-block__arrival__distances__distance -->\n\n\t\t\t\t\t\t\t\t\t<\/div><!-- .distances-block__arrival__distances -->\n\t\t\t\n\n\t\t\t\t\t\n\t\t\t<div class=\"distances-block__arrival__text\" aria-hidden=\"false\" data-arrival=\"mit-dem-flugzeug\">\n\n\t\t\t\t\t\t\t\t\t<p class=\"heading\">Mit dem Flugzeug<\/p>\n\t\t\t\t\n\t\t\t\t\t\t\t\t\t<p class=\"hyphenate\">Fliegen ist der schnellste Weg zu uns. Die n\u00e4chstgelegenen Flugh\u00e4fen sind Joensuu, Kajaani und Kuopio.<\/p>\n\t\t\t\t\t\t\t<\/div><!-- .distances-block__arrival__text -->\n\n\t\t\t\t\t\t\t\t\t<div class=\"distances-block__arrival__image\" aria-hidden=\"false\" data-arrival=\"mit-dem-flugzeug\">\n\t\t\t\t\t\t<img decoding=\"async\" src=\"https:\/\/www.koli.fi\/wp-content\/uploads\/2023\/10\/map-lentoyhteydet-koli.svg\" loading=\"lazy\" width=\"501\" height=\"878\" srcset=\"\" alt=\"\">\n\t\t\t\t\t<\/div><!-- .distances-block__arrival__image -->\n\t\t\t\t\n\t\t\t\t\t\t\t<div class=\"distances-block__arrival__distances\" aria-hidden=\"false\" data-arrival=\"mit-dem-flugzeug\">\n\t\t\t\t\t\t\t\t\t\t\t\n\t\t\t\t\t\t<div class=\"distances-block__arrival__distances__distance\">\n\t\t\t\t\t\t\t<p>Helsinki<\/p>\n\t\t\t\t\t\t\t<p>Kuopio<\/p>\n\t\t\t\t\t\t\t<p>1 h 00 min<\/p>\n\t\t\t\t\t\t<\/div><!-- .distances-block__arrival__distances__distance -->\n\n\t\t\t\t\t\t\t\t\t\t\t\n\t\t\t\t\t\t<div class=\"distances-block__arrival__distances__distance\">\n\t\t\t\t\t\t\t<p>Helsinki<\/p>\n\t\t\t\t\t\t\t<p>Joensuu<\/p>\n\t\t\t\t\t\t\t<p>1 h 5 min<\/p>\n\t\t\t\t\t\t<\/div><!-- .distances-block__arrival__distances__distance -->\n\n\t\t\t\t\t\t\t\t\t\t\t\n\t\t\t\t\t\t<div class=\"distances-block__arrival__distances__distance\">\n\t\t\t\t\t\t\t<p>Helsinki<\/p>\n\t\t\t\t\t\t\t<p>Kajaani<\/p>\n\t\t\t\t\t\t\t<p>1 h 25 min<\/p>\n\t\t\t\t\t\t<\/div><!-- .distances-block__arrival__distances__distance -->\n\n\t\t\t\t\t\t\t\t\t<\/div><!-- .distances-block__arrival__distances -->\n\t\t\t\n\n\t\t\t\n\n<\/div>\n\n\n\n<div style=\"height:100px\" aria-hidden=\"true\" class=\"wp-block-spacer\"><\/div>\n\n\n\n<p><\/p>\n","protected":false},"excerpt":{"rendered":"","protected":false},"author":13,"featured_media":0,"parent":5192,"menu_order":0,"comment_status":"closed","ping_status":"closed","template":"","meta":{"_acf_changed":false,"footnotes":""},"servicecategories":[],"class_list":["post-5214","page","type-page","status-publish","hentry"],"acf":{"hero_type":"image","hero_image":6060,"hero_video":null,"hero_title_upper":"Koli-Lieksa","hero_title":"H\u00f6hepunkte der Natur","hero_text":"Erlebe einzigartige finnische Natur und die bekannte nationale Landschaft","hero_link":[""],"use_summer":"yes","hero_type_summer":"image","hero_image_summer":6060,"hero_video_summer":null,"hero_title_upper_summer":"Koli-Lieksa","hero_title_summer":"H\u00f6hepunkte der Natur","hero_text_summer":"Erlebe einzigartige finnische Natur und die bekannte nationale Landschaft","hero_link_summer":[""],"use_winter":"yes","hero_type_winter":"image","hero_image_winter":10583,"hero_video_winter":null,"hero_title_upper_winter":"Koli-Lieksa","hero_title_winter":"H\u00f6hepunkte der Natur","hero_text_winter":"Erlebe einzigartige finnische Natur und die bekannte nationale Landschaft","hero_link_winter":[""]},"_links":{"self":[{"href":"https:\/\/www.koli.fi\/de\/wp-json\/wp\/v2\/pages\/5214","targetHints":{"allow":["GET"]}}],"collection":[{"href":"https:\/\/www.koli.fi\/de\/wp-json\/wp\/v2\/pages"}],"about":[{"href":"https:\/\/www.koli.fi\/de\/wp-json\/wp\/v2\/types\/page"}],"author":[{"embeddable":true,"href":"https:\/\/www.koli.fi\/de\/wp-json\/wp\/v2\/users\/13"}],"replies":[{"embeddable":true,"href":"https:\/\/www.koli.fi\/de\/wp-json\/wp\/v2\/comments?post=5214"}],"version-history":[{"count":2,"href":"https:\/\/www.koli.fi\/de\/wp-json\/wp\/v2\/pages\/5214\/revisions"}],"predecessor-version":[{"id":18141,"href":"https:\/\/www.koli.fi\/de\/wp-json\/wp\/v2\/pages\/5214\/revisions\/18141"}],"up":[{"embeddable":true,"href":"https:\/\/www.koli.fi\/de\/wp-json\/wp\/v2\/pages\/5192"}],"wp:attachment":[{"href":"https:\/\/www.koli.fi\/de\/wp-json\/wp\/v2\/media?parent=5214"}],"wp:term":[{"taxonomy":"servicecategory","embeddable":true,"href":"https:\/\/www.koli.fi\/de\/wp-json\/wp\/v2\/servicecategories?post=5214"}],"curies":[{"name":"wp","href":"https:\/\/api.w.org\/{rel}","templated":true}]}}