{"id":5893,"date":"2023-02-14T13:17:18","date_gmt":"2023-02-14T11:17:18","guid":{"rendered":"https:\/\/www.koli.fi\/?page_id=5893"},"modified":"2025-10-16T09:57:48","modified_gmt":"2025-10-16T06:57:48","slug":"gruppen-und-treffen","status":"publish","type":"page","link":"https:\/\/www.koli.fi\/de\/gruppen-und-treffen\/","title":{"rendered":"Gruppenreisen und Seminare"},"content":{"rendered":"\n<p class=\"has-medium-font-size\">Das Gebiet Koli-Lieksa bietet M\u00f6glichkeiten f\u00fcr Seminare, Erholung und gemeinsame Abenteuer. Gruppen wird eine gro\u00dfe Vielfalt an Aktivit\u00e4ten und Programmen sowie Unterkunfts- und Restaurantdienstleistungen angeboten. Bei Bedarf k\u00f6nnen wir auch Transport- und andere Ausflugsarrangements organisieren. Wir stellen f\u00fcr Sie eine unvergessliche Reise zum Reiseziel Koli-Lieksa zusammen.<\/p>\n\n\n\n<div id=\"pagelinks-block_4e7e628dfa5a0fd0a70b3bc2bad45566\" class=\"pagelinks-block\">\n\n\t\t\t<div class=\"pagelinks-block__pagelinks carousel\"\n\t\t\tdata-size=\"medium\"\n\t\t\tdata-links=\"[20233,8362]\">\n\t\t<\/div><!-- .pagelinks-block__pagelinks -->\n\n\t\t\t\t\t<div class=\"pagelinks-block__arrows\">\n\t\t\t\t<p><span class=\"current\">1<\/span> \/ <span class=\"total\">2<\/span><\/p>\n\t\t\t<\/div><!-- .pagelinks-block__arrows -->\n\t\t\n\t<\/div>\n\n\n\n<div style=\"height:50px\" aria-hidden=\"true\" class=\"wp-block-spacer\"><\/div>\n\n\n\n<h2 class=\"wp-block-heading\">Gruppenaktivit\u00e4ten f\u00fcr Ihre Reise<\/h2>\n\n\n\n<p>Hier finden Sie einige Beispiele f\u00fcr Aktivit\u00e4ten, f\u00fcr die Sie direkt \u00fcber unseren Onlineshop eine Angebotsanfrage stellen k\u00f6nnen. F\u00fcr weitere Informationen und Pauschalangebote wenden Sie sich bitte an unseren Verkaufsservice unter <strong><a>sales@koli.fi<\/a> \/ +358 50 553 3023<\/strong>.<\/p>\n\n\n\n<div id=\"johku-block_f97c18d2997bcd5950f0cc469dd8e967\" class=\"johku-block\">\n\n\t\n\t\t<div class=\"johku-block__content\">\n\t\t\t<johku-widget id=\"kolidmc\/c29be875572470da\" locale=\"fi_FI\"><\/johku-widget>\t\t<\/div><!-- .johku-block__content -->\n\n\t\n\n<\/div>\n\n\n\n<div style=\"height:100px\" aria-hidden=\"true\" class=\"wp-block-spacer\"><\/div>\n\n\n\n<div class=\"wp-block-columns is-layout-flex wp-container-core-columns-is-layout-28f84493 wp-block-columns-is-layout-flex\">\n<div class=\"wp-block-column is-vertically-aligned-center is-layout-flow wp-block-column-is-layout-flow\">\n<h2 class=\"wp-block-heading has-text-align-center\">Kontaktieren Sie uns!<\/h2>\n\n\n\n<p class=\"has-text-align-center\">Kontaktieren Sie <a href=\"mailto:sales@koli.fi\">sales@koli.fi<\/a>.<\/p>\n\n\n\n<p class=\"has-text-align-center\">Sie k\u00f6nnen auch das Kontaktformular verwenden.<\/p>\n<\/div>\n\n\n\n<div class=\"wp-block-column is-layout-flow wp-block-column-is-layout-flow\">\n<script src=\"https:\/\/js-eu1.hsforms.net\/forms\/embed\/25223078.js\" defer><\/script>\n<div class=\"hs-form-frame\" data-region=\"eu1\" data-form-id=\"71cdd4ec-91cb-4723-ad0f-8bc7c80f9b8a\" data-portal-id=\"25223078\"><\/div>\n<\/div>\n<\/div>\n\n\n\n<div style=\"height:100px\" aria-hidden=\"true\" class=\"wp-block-spacer\"><\/div>\n","protected":false},"excerpt":{"rendered":"<p>Das Gebiet Koli-Lieksa bietet M\u00f6glichkeiten f\u00fcr Seminare, Erholung und gemeinsame Abenteuer. Gruppen wird eine gro\u00dfe Vielfalt an Aktivit\u00e4ten und Programmen sowie Unterkunfts- und Restaurantdienstleistungen angeboten. Bei Bedarf k\u00f6nnen wir auch Transport- und andere Ausflugsarrangements organisieren. Wir stellen f\u00fcr Sie eine unvergessliche Reise zum Reiseziel Koli-Lieksa zusammen. Gruppenaktivit\u00e4ten f\u00fcr Ihre Reise Hier finden Sie einige Beispiele [&hellip;]<\/p>\n","protected":false},"author":1,"featured_media":0,"parent":0,"menu_order":0,"comment_status":"closed","ping_status":"closed","template":"","meta":{"_acf_changed":false,"footnotes":""},"servicecategories":[],"class_list":["post-5893","page","type-page","status-publish","hentry"],"acf":{"hero_type":"image","hero_image":15324,"hero_video":null,"hero_title_upper":"","hero_title":"Gruppen und Treffen","hero_text":"Lassen Sie uns ein Paket schn\u00fcren!","hero_link":null,"use_summer":"yes","hero_type_summer":"image","hero_image_summer":15324,"hero_video_summer":null,"hero_title_upper_summer":"","hero_title_summer":"Gruppenreisen und Seminare","hero_text_summer":"Lassen Sie uns ein Paket schn\u00fcren!","hero_link_summer":null,"use_winter":"yes","hero_type_winter":"image","hero_image_winter":10681,"hero_video_winter":null,"hero_title_upper_winter":"","hero_title_winter":"Gruppenreisen und Seminare","hero_text_winter":"Lassen Sie uns ein Paket schn\u00fcren!","hero_link_winter":null},"_links":{"self":[{"href":"https:\/\/www.koli.fi\/de\/wp-json\/wp\/v2\/pages\/5893","targetHints":{"allow":["GET"]}}],"collection":[{"href":"https:\/\/www.koli.fi\/de\/wp-json\/wp\/v2\/pages"}],"about":[{"href":"https:\/\/www.koli.fi\/de\/wp-json\/wp\/v2\/types\/page"}],"author":[{"embeddable":true,"href":"https:\/\/www.koli.fi\/de\/wp-json\/wp\/v2\/users\/1"}],"replies":[{"embeddable":true,"href":"https:\/\/www.koli.fi\/de\/wp-json\/wp\/v2\/comments?post=5893"}],"version-history":[{"count":13,"href":"https:\/\/www.koli.fi\/de\/wp-json\/wp\/v2\/pages\/5893\/revisions"}],"predecessor-version":[{"id":30951,"href":"https:\/\/www.koli.fi\/de\/wp-json\/wp\/v2\/pages\/5893\/revisions\/30951"}],"wp:attachment":[{"href":"https:\/\/www.koli.fi\/de\/wp-json\/wp\/v2\/media?parent=5893"}],"wp:term":[{"taxonomy":"servicecategory","embeddable":true,"href":"https:\/\/www.koli.fi\/de\/wp-json\/wp\/v2\/servicecategories?post=5893"}],"curies":[{"name":"wp","href":"https:\/\/api.w.org\/{rel}","templated":true}]}}