{"id":6341,"date":"2022-03-01T14:04:53","date_gmt":"2022-03-01T12:04:53","guid":{"rendered":"https:\/\/www.koli.fi\/?page_id=6341"},"modified":"2025-11-10T15:54:09","modified_gmt":"2025-11-10T13:54:09","slug":"cycling","status":"publish","type":"page","link":"https:\/\/www.koli.fi\/de\/cycling\/","title":{"rendered":"Radfahren"},"content":{"rendered":"\n<p class=\"has-text-align-center\">Fahrr\u00e4der geh\u00f6ren zum normalen Bild in St\u00e4dten und auch in Koli kann dieser Trend beobachtet werden: Jedes Jahr treffen wir mehr Fahradfahrer auf all den Sand- und Kieswegen rund um Koli, wie auch auf den ausgewiesenen Mountain Bike Routen. \u00a0Mithilfe der Koli-Fahrrad-Karte kann die Tour geplant werden. Erh\u00e4ltlich ist die Karte im Koli Fremdenverkehrsb\u00fcro und in anderen Besucherzentren der Umgebung. Fahrradvermietung bieten<strong> Koli Safaris und Ruunaan Matkailu\u00a0<\/strong>an<strong>.<\/strong><\/p>\n\n\n\n<p class=\"has-text-align-center\">Die unterschiedlichen und einzigartigen Landschaften rund um Koli bieten fantastische M\u00f6glichkeiten f\u00fcr Fahrrad-Enthusiasten, ihren Traumurlaub auf 2 R\u00e4dern umzusetzen. Kombiniere Fahrten auf Landstrassen mit malerischen Dorfstrassen, Momenten in kleinen Caf\u00e9s und gem\u00fctliche Rastpl\u00e4tze. Lade Deine Batterien in komfortablen Unterk\u00fcnften mit regionaler K\u00fcche und einer Sauna auf. F\u00fcr Mountain Bike-Enthusiasten bietet Koli ein ausgedehntes Netz an Single Trails durch h\u00fcgeliges Gel\u00e4nde mit Holzstegen. Wer sucht, findet auch h\u00f6chste anspruchsvolle Strecken. Fahrr\u00e4der k\u00f6nnen in Koli von lokalen Tourismus-Unternehmen gemietet werden, welche auch Reparaturen und sichere Aufbewahrung anbieten.<\/p>\n\n\n\n<div style=\"height:100px\" aria-hidden=\"true\" class=\"wp-block-spacer\"><\/div>\n\n\n\n<div class=\"wp-block-columns is-layout-flex wp-container-core-columns-is-layout-28f84493 wp-block-columns-is-layout-flex\">\n<div class=\"wp-block-column is-layout-flow wp-block-column-is-layout-flow\">\n<h4 class=\"wp-block-heading\">Radwanderrouten<\/h4>\n\n\n\n<p>Wir haben <strong>Radwanderrouten<\/strong> und Gravel-Strecken im gesamten Tourismusgebiet von Koli kartiert \u2013 die ersten davon findest du bereits auf dieser Seite! Die Routen reichen von kurzen Tagesausfl\u00fcgen bis zu mehreren hundert Kilometer langen Strecken, die sich zu mehrt\u00e4gigen Etappentouren kombinieren lassen. Die Routen f\u00fchren durch abwechslungsreiche Landschaften und pr\u00e4sentieren den Radfahrern die vielf\u00e4ltigen Angebote unserer Region \u2013 mit H\u00f6henunterschieden, genussvollen Schotterpisten und einem Hauch von Abenteuer f\u00fcr alle, die danach suchen.<\/p>\n\n\n\n<p><strong>Finde unsere Routen mit Beschreibungen und herunterladbaren GPX-Tracks auf<a href=\"https:\/\/www.outdooractive.com\/en\/source\/koli-lieksa\/58326072\/#dmdtab=oax-tab4\" target=\"_blank\" rel=\"noreferrer noopener\"> Outdooractive.com<\/a> und <a href=\"https:\/\/www.komoot.com\/user\/kolifinland\" target=\"_blank\" rel=\"noreferrer noopener\">Komoot!<\/a><\/strong><\/p>\n\n\n\n<p>Du findest uns auf Komoot auch, indem du nach <strong>kolifinland<\/strong> suchst oder den QR-Code scannst.<\/p>\n<\/div>\n\n\n\n<div class=\"wp-block-column is-layout-flow wp-block-column-is-layout-flow\">\n<figure class=\"wp-block-image size-large\"><img loading=\"lazy\" decoding=\"async\" width=\"1024\" height=\"683\" src=\"https:\/\/www.koli.fi\/wp-content\/uploads\/2023\/11\/Koli_gravel-9_edit_2-1024x683.jpg\" alt=\"\" class=\"wp-image-12161\" srcset=\"https:\/\/www.koli.fi\/wp-content\/uploads\/2023\/11\/Koli_gravel-9_edit_2-1024x683.jpg 1024w, https:\/\/www.koli.fi\/wp-content\/uploads\/2023\/11\/Koli_gravel-9_edit_2-300x200.jpg 300w, https:\/\/www.koli.fi\/wp-content\/uploads\/2023\/11\/Koli_gravel-9_edit_2-768x512.jpg 768w, https:\/\/www.koli.fi\/wp-content\/uploads\/2023\/11\/Koli_gravel-9_edit_2-1536x1024.jpg 1536w, https:\/\/www.koli.fi\/wp-content\/uploads\/2023\/11\/Koli_gravel-9_edit_2-2048x1365.jpg 2048w, https:\/\/www.koli.fi\/wp-content\/uploads\/2023\/11\/Koli_gravel-9_edit_2-1920x1280.jpg 1920w, https:\/\/www.koli.fi\/wp-content\/uploads\/2023\/11\/Koli_gravel-9_edit_2-1600x1067.jpg 1600w\" sizes=\"auto, (max-width: 1024px) 100vw, 1024px\"><\/figure>\n\n\n\n<figure class=\"wp-block-image aligncenter size-large is-resized\"><img loading=\"lazy\" decoding=\"async\" width=\"732\" height=\"1024\" src=\"https:\/\/www.koli.fi\/wp-content\/uploads\/2025\/05\/Share-1-2-732x1024.png\" alt=\"\" class=\"wp-image-20696\" style=\"width:137px;height:auto\" srcset=\"https:\/\/www.koli.fi\/wp-content\/uploads\/2025\/05\/Share-1-2-732x1024.png 732w, https:\/\/www.koli.fi\/wp-content\/uploads\/2025\/05\/Share-1-2-214x300.png 214w, https:\/\/www.koli.fi\/wp-content\/uploads\/2025\/05\/Share-1-2-768x1075.png 768w, https:\/\/www.koli.fi\/wp-content\/uploads\/2025\/05\/Share-1-2-1097x1536.png 1097w, https:\/\/www.koli.fi\/wp-content\/uploads\/2025\/05\/Share-1-2-1463x2048.png 1463w, https:\/\/www.koli.fi\/wp-content\/uploads\/2025\/05\/Share-1-2.png 1920w, https:\/\/www.koli.fi\/wp-content\/uploads\/2025\/05\/Share-1-2-1143x1600.png 1143w\" sizes=\"auto, (max-width: 732px) 100vw, 732px\"><\/figure>\n<\/div>\n<\/div>\n\n\n\n<div style=\"height:50px\" aria-hidden=\"true\" class=\"wp-block-spacer\"><\/div>\n\n\n\n<h4 class=\"wp-block-heading\">Fahrradrouten in der Region<\/h4>\n\n\n\n<div style=\"height:25px\" aria-hidden=\"true\" class=\"wp-block-spacer\"><\/div>\n\n\n\n<div class=\"wp-block-columns is-layout-flex wp-container-core-columns-is-layout-28f84493 wp-block-columns-is-layout-flex\">\n<div class=\"wp-block-column is-layout-flow wp-block-column-is-layout-flow\">\n<script type=\"text\/javascript\" src=\"https:\/\/www.outdooractive.fi\/fi\/embed\/59947563\/js?mw=false\"><\/script>\n<\/div>\n\n\n\n<div class=\"wp-block-column is-layout-flow wp-block-column-is-layout-flow\">\n<script type=\"text\/javascript\" src=\"https:\/\/www.outdooractive.fi\/fi\/embed\/59609299\/js?mw=false\"><\/script>\n<\/div>\n\n\n\n<div class=\"wp-block-column is-layout-flow wp-block-column-is-layout-flow\">\n<script type=\"text\/javascript\" src=\"https:\/\/www.outdooractive.fi\/fi\/embed\/60184474\/js?mw=false\"><\/script>\n<\/div>\n<\/div>\n\n\n\n<div class=\"wp-block-columns is-layout-flex wp-container-core-columns-is-layout-28f84493 wp-block-columns-is-layout-flex\">\n<div class=\"wp-block-column is-layout-flow wp-block-column-is-layout-flow\">\n<script type=\"text\/javascript\" src=\"https:\/\/www.outdooractive.fi\/fi\/embed\/60184474\/js?mw=false\"><\/script>\n<\/div>\n\n\n\n<div class=\"wp-block-column is-layout-flow wp-block-column-is-layout-flow\">\n<script type=\"text\/javascript\" src=\"https:\/\/www.outdooractive.fi\/fi\/embed\/800466094\/js?mw=false\"><\/script>\n<\/div>\n\n\n\n<div class=\"wp-block-column is-layout-flow wp-block-column-is-layout-flow\">\n<script type=\"text\/javascript\" src=\"https:\/\/www.outdooractive.fi\/fi\/embed\/802362591\/js?mw=false\"><\/script>\n<\/div>\n<\/div>\n\n\n\n<div class=\"wp-block-columns is-layout-flex wp-container-core-columns-is-layout-28f84493 wp-block-columns-is-layout-flex\">\n<div class=\"wp-block-column is-layout-flow wp-block-column-is-layout-flow\">\n<script type=\"text\/javascript\" src=\"https:\/\/www.outdooractive.fi\/fi\/embed\/803144096\/js?mw=false\"><\/script>\n<\/div>\n\n\n\n<div class=\"wp-block-column is-layout-flow wp-block-column-is-layout-flow\">\n<script type=\"text\/javascript\" src=\"https:\/\/www.outdooractive.fi\/fi\/embed\/60449893\/js?mw=false\"><\/script>\n<\/div>\n\n\n\n<div class=\"wp-block-column is-layout-flow wp-block-column-is-layout-flow\"><\/div>\n<\/div>\n\n\n\n<div style=\"height:50px\" aria-hidden=\"true\" class=\"wp-block-spacer\"><\/div>\n\n\n\n<h4 class=\"wp-block-heading\">Multifunktionswege<\/h4>\n\n\n\n<p>W\u00e4hrend der Wintersaison pflegen wir zwei multifunktionale Wege zum Vergn\u00fcgen der Outdoor-Enthusiasten. Multifunktionswege sind mit Loipenmaschinen pr\u00e4parierte Routen, die nicht nur von Skifahrern genutzt werden k\u00f6nnen. Auf den Multifunktionswegen sind alle nicht-motorisierten Fu\u00dfg\u00e4nger willkommen, sodass Sie auf diesen Wegen auch Schneeschuhwandern, Fatbike fahren oder sogar barfu\u00df laufen k\u00f6nnen!<\/p>\n\n\n\n<p>Die Multifunktionswege in Koli umfassen eine Eisroute vom Parkplatz am Anfang der Rantatie zum Hafen und zur Rinnetupa sowie einen beleuchteten Weg von Kopravaara nach Koli Village neben dem Parkplatz an der Kreuzung Jerontie, von wo aus ein Gehweg ins Zentrum von Koli f\u00fchrt.<\/p>\n\n\n\n<p>Regeln f\u00fcr die Multifunktionswege: Bitte beachten Sie, dass auf dem Weg Outdoor-Enthusiasten mit verschiedenen Ger\u00e4ten unterwegs sind, und passen Sie Ihre Geschwindigkeit immer sicher an die Bedingungen und anderen Benutzer an. Alle Benutzer, die den Weg angemessen nutzen, sind willkommen. Behandeln Sie daher immer andere respektvoll und geben Sie Ihre Absichten in \u00dcberholungssituationen laut und rechtzeitig bekannt. Die Sicherheit w\u00e4hrend des \u00dcberholens liegt immer in der Verantwortung der von hinten kommenden Person.<\/p>\n\n\n\n<p>Den aktuellen Wartungszustand der Wege k\u00f6nnen Sie <a href=\"https:\/\/www.koli.fi\/de\/wegpflege\/\">hier \u00fcberpr\u00fcfen.<\/a><\/p>\n\n\n\n<h6 class=\"wp-block-heading\"><br>Beleuchtete Loipe \u2013 Multifunktionsweg von Koli Harbor zu den H\u00e4ngen von Koli<\/h6>\n\n\n\n<div class=\"wp-block-columns is-layout-flex wp-container-core-columns-is-layout-28f84493 wp-block-columns-is-layout-flex\">\n<div class=\"wp-block-column is-layout-flow wp-block-column-is-layout-flow\" style=\"flex-basis:66.66%\">\n<figure class=\"wp-block-image size-large\"><img loading=\"lazy\" decoding=\"async\" width=\"981\" height=\"1024\" src=\"https:\/\/www.koli.fi\/wp-content\/uploads\/2024\/03\/Monikayttoreitti-Valaistu-latu-Kolin-rinteet-981x1024.jpg\" alt=\"\" class=\"wp-image-15027\" srcset=\"https:\/\/www.koli.fi\/wp-content\/uploads\/2024\/03\/Monikayttoreitti-Valaistu-latu-Kolin-rinteet-981x1024.jpg 981w, https:\/\/www.koli.fi\/wp-content\/uploads\/2024\/03\/Monikayttoreitti-Valaistu-latu-Kolin-rinteet-287x300.jpg 287w, https:\/\/www.koli.fi\/wp-content\/uploads\/2024\/03\/Monikayttoreitti-Valaistu-latu-Kolin-rinteet-768x801.jpg 768w, https:\/\/www.koli.fi\/wp-content\/uploads\/2024\/03\/Monikayttoreitti-Valaistu-latu-Kolin-rinteet-1472x1536.jpg 1472w, https:\/\/www.koli.fi\/wp-content\/uploads\/2024\/03\/Monikayttoreitti-Valaistu-latu-Kolin-rinteet-scaled.jpg 1920w, https:\/\/www.koli.fi\/wp-content\/uploads\/2024\/03\/Monikayttoreitti-Valaistu-latu-Kolin-rinteet-1533x1600.jpg 1533w\" sizes=\"auto, (max-width: 981px) 100vw, 981px\"><\/figure>\n<\/div>\n\n\n\n<div class=\"wp-block-column is-layout-flow wp-block-column-is-layout-flow\" style=\"flex-basis:33.33%\">\n<p>Ein 2,5 Kilometer langer, am Anfang der Rantatie beginnender Multifunktionsweg f\u00fchrt \u00fcber den See Pielinen zur Talstation der Koli-Skipisten.<\/p>\n<\/div>\n<\/div>\n\n\n\n<h6 class=\"wp-block-heading\">Koli-Dorf \u2013 Kopravaara Multifunktionsweg<\/h6>\n\n\n\n<div class=\"wp-block-columns is-layout-flex wp-container-core-columns-is-layout-28f84493 wp-block-columns-is-layout-flex\">\n<div class=\"wp-block-column is-layout-flow wp-block-column-is-layout-flow\" style=\"flex-basis:66.66%\">\n<figure class=\"wp-block-image size-large\"><img loading=\"lazy\" decoding=\"async\" width=\"977\" height=\"1024\" src=\"https:\/\/www.koli.fi\/wp-content\/uploads\/2024\/03\/Monikayttoreitti-Kolin-kyla-Kopravaara-977x1024.jpg\" alt=\"\" class=\"wp-image-15024\" srcset=\"https:\/\/www.koli.fi\/wp-content\/uploads\/2024\/03\/Monikayttoreitti-Kolin-kyla-Kopravaara-977x1024.jpg 977w, https:\/\/www.koli.fi\/wp-content\/uploads\/2024\/03\/Monikayttoreitti-Kolin-kyla-Kopravaara-286x300.jpg 286w, https:\/\/www.koli.fi\/wp-content\/uploads\/2024\/03\/Monikayttoreitti-Kolin-kyla-Kopravaara-768x805.jpg 768w, https:\/\/www.koli.fi\/wp-content\/uploads\/2024\/03\/Monikayttoreitti-Kolin-kyla-Kopravaara-1465x1536.jpg 1465w, https:\/\/www.koli.fi\/wp-content\/uploads\/2024\/03\/Monikayttoreitti-Kolin-kyla-Kopravaara-scaled.jpg 1920w, https:\/\/www.koli.fi\/wp-content\/uploads\/2024\/03\/Monikayttoreitti-Kolin-kyla-Kopravaara-1527x1600.jpg 1527w\" sizes=\"auto, (max-width: 977px) 100vw, 977px\"><\/figure>\n<\/div>\n\n\n\n<div class=\"wp-block-column is-layout-flow wp-block-column-is-layout-flow\" style=\"flex-basis:33.33%\">\n<p><br>Die 10,5 Kilometer lange Strecke von Koli-Dorf nach Kopravaara ist beleuchtet und unterwegs gibt es die Ursan-H\u00fctte sowie die Napakallio Unterstand.<\/p>\n<\/div>\n<\/div>\n\n\n\n<div style=\"height:50px\" aria-hidden=\"true\" class=\"wp-block-spacer\"><\/div>\n\n\n\n<h4 class=\"wp-block-heading\">Scandinavian Outdoor Award \u2013 Ziel des Jahres 2023<\/h4>\n\n\n\n<div class=\"wp-block-columns is-layout-flex wp-container-core-columns-is-layout-28f84493 wp-block-columns-is-layout-flex\">\n<div class=\"wp-block-column is-layout-flow wp-block-column-is-layout-flow\" style=\"flex-basis:33.33%\">\n<figure class=\"wp-block-image size-medium is-resized\"><img loading=\"lazy\" decoding=\"async\" width=\"281\" height=\"300\" src=\"https:\/\/www.koli.fi\/wp-content\/uploads\/2023\/03\/logo_soa_travel_720-281x300.png\" alt=\"\" class=\"wp-image-6435\" style=\"width:268px;height:auto\" srcset=\"https:\/\/www.koli.fi\/wp-content\/uploads\/2023\/03\/logo_soa_travel_720-281x300.png 281w, https:\/\/www.koli.fi\/wp-content\/uploads\/2023\/03\/logo_soa_travel_720.png 674w\" sizes=\"auto, (max-width: 281px) 100vw, 281px\"><\/figure>\n<\/div>\n\n\n\n<div class=\"wp-block-column is-layout-flow wp-block-column-is-layout-flow\" style=\"flex-basis:66.66%\">\n<p><strong>Koli-Lieksa gewann den Scandinavian Outdoor Award-Wettbewerb 2023!<\/strong><\/p>\n\n\n\n<p>Die Jury war beeindruckt von dem Konzept f\u00fcr alle Zielgruppen, das die vier Jahreszeiten ber\u00fccksichtigt. Die Gegend kombiniert verschiedene Arten von Unterk\u00fcnften, verantwortungsbewussten Naturtourismus und Investitionen in die Integration der Einheimischen mit einem Wachstum, das den Bed\u00fcrfnissen der Region entspricht.<\/p>\n\n\n\n<p>Willkommen, um die besten Outdoor- und Wanderm\u00f6glichkeiten Skandinaviens zu genie\u00dfen!<\/p>\n<\/div>\n<\/div>\n\n\n\n<div style=\"height:50px\" aria-hidden=\"true\" class=\"wp-block-spacer\"><\/div>\n\n\n\n<h4 class=\"wp-block-heading has-text-align-left\">Routen und Verleih von Ausr\u00fcstung<\/h4>\n\n\n\n<div id=\"pagelinks-block_98a33a247fa987bcf48942f6eb301436\" class=\"pagelinks-block\">\n\n\t\t\t<div class=\"pagelinks-block__pagelinks carousel\" data-size=\"small\" data-links=\"[5207,9288,13171,11348]\">\n\t\t<\/div><!-- .pagelinks-block__pagelinks -->\n\n\t\t\t\t\t<div class=\"pagelinks-block__arrows\">\n\t\t\t\t<p><span class=\"current\">1<\/span> \/ <span class=\"total\">4<\/span><\/p>\n\t\t\t<\/div><!-- .pagelinks-block__arrows -->\n\t\t\n\t<\/div>\n\n\n\n<div style=\"height:50px\" aria-hidden=\"true\" class=\"wp-block-spacer\"><\/div>\n\n\n\n<div class=\"wp-block-columns is-layout-flex wp-container-core-columns-is-layout-28f84493 wp-block-columns-is-layout-flex\">\n<div class=\"wp-block-column is-layout-flow wp-block-column-is-layout-flow\" style=\"flex-basis:33.33%\">\n<h4 class=\"wp-block-heading\">Jedermannsrecht<\/h4>\n<\/div>\n\n\n\n<div class=\"wp-block-column is-layout-flow wp-block-column-is-layout-flow\" style=\"flex-basis:66.66%\">\n<p>In Finnland gilt f\u00fcr Einheimische und Besucher das Jedermannsrecht, welches das Recht verleiht, die Natur uneingeschr\u00e4nkt zu geniessen. Gleichzeitig ist es aber auch eine Verantwortung der Natur gegen\u00fcber.\u00a0<a href=\"https:\/\/www.nationalparks.fi\/everymansright\" target=\"_blank\" rel=\"noreferrer noopener\">Everyman\u2019s right<\/a>\u00a0definiert, was Du darfst und nicht darfst. Zus\u00e4tzlich gelten f\u00fcr gesch\u00fctzte Regionen besondere Bestimmungen und Einschr\u00e4nkungen, welche im Voraus studiert werden sollten.<\/p>\n<\/div>\n<\/div>\n\n\n\n<div style=\"height:100px\" aria-hidden=\"true\" class=\"wp-block-spacer\"><\/div>\n","protected":false},"excerpt":{"rendered":"<p>Fahrr\u00e4der geh\u00f6ren zum normalen Bild in St\u00e4dten und auch in Koli kann dieser Trend beobachtet werden: Jedes Jahr treffen wir mehr Fahradfahrer auf all den Sand- und Kieswegen rund um Koli, wie auch auf den ausgewiesenen Mountain Bike Routen. \u00a0Mithilfe der Koli-Fahrrad-Karte kann die Tour geplant werden. Erh\u00e4ltlich ist die Karte im Koli Fremdenverkehrsb\u00fcro und [&hellip;]<\/p>\n","protected":false},"author":13,"featured_media":0,"parent":0,"menu_order":1,"comment_status":"closed","ping_status":"closed","template":"","meta":{"_acf_changed":false,"footnotes":""},"servicecategories":[268],"class_list":["post-6341","page","type-page","status-publish","hentry","servicecategory-aktivitaten"],"acf":{"hero_type":"image","hero_image":11460,"hero_video":4689,"hero_title_upper":"","hero_title":"Radfahren","hero_text":"Erlebnisse und wundersch\u00f6ne Landschaften f\u00fcr jeden Radfahrer","hero_link":null,"use_summer":"yes","hero_type_summer":"image","hero_image_summer":11460,"hero_video_summer":null,"hero_title_upper_summer":"","hero_title_summer":"Radfahren","hero_text_summer":"Erlebnisse und wundersch\u00f6ne Landschaften f\u00fcr jeden Radfahrer","hero_link_summer":null,"use_winter":"yes","hero_type_winter":"image","hero_image_winter":11400,"hero_video_winter":null,"hero_title_upper_winter":"","hero_title_winter":"Radfahren","hero_text_winter":"Erlebnisse und wundersch\u00f6ne Landschaften f\u00fcr jeden Radfahrer","hero_link_winter":null},"_links":{"self":[{"href":"https:\/\/www.koli.fi\/de\/wp-json\/wp\/v2\/pages\/6341","targetHints":{"allow":["GET"]}}],"collection":[{"href":"https:\/\/www.koli.fi\/de\/wp-json\/wp\/v2\/pages"}],"about":[{"href":"https:\/\/www.koli.fi\/de\/wp-json\/wp\/v2\/types\/page"}],"author":[{"embeddable":true,"href":"https:\/\/www.koli.fi\/de\/wp-json\/wp\/v2\/users\/13"}],"replies":[{"embeddable":true,"href":"https:\/\/www.koli.fi\/de\/wp-json\/wp\/v2\/comments?post=6341"}],"version-history":[{"count":14,"href":"https:\/\/www.koli.fi\/de\/wp-json\/wp\/v2\/pages\/6341\/revisions"}],"predecessor-version":[{"id":31053,"href":"https:\/\/www.koli.fi\/de\/wp-json\/wp\/v2\/pages\/6341\/revisions\/31053"}],"wp:attachment":[{"href":"https:\/\/www.koli.fi\/de\/wp-json\/wp\/v2\/media?parent=6341"}],"wp:term":[{"taxonomy":"servicecategory","embeddable":true,"href":"https:\/\/www.koli.fi\/de\/wp-json\/wp\/v2\/servicecategories?post=6341"}],"curies":[{"name":"wp","href":"https:\/\/api.w.org\/{rel}","templated":true}]}}