{"id":6383,"date":"2023-02-28T12:42:41","date_gmt":"2023-02-28T10:42:41","guid":{"rendered":"https:\/\/www.koli.fi\/?page_id=6383"},"modified":"2023-11-19T17:12:32","modified_gmt":"2023-11-19T15:12:32","slug":"koli-national-park","status":"publish","type":"page","link":"https:\/\/www.koli.fi\/de\/koli-national-park\/","title":{"rendered":"Koli Nationalpark"},"content":{"rendered":"\n<figure class=\"wp-block-image size-large\"><a href=\"https:\/\/www.koli.fi\/de\" target=\"_blank\" rel=\"noreferrer noopener\"><img loading=\"lazy\" decoding=\"async\" width=\"1024\" height=\"576\" src=\"https:\/\/www.koli.fi\/wp-content\/uploads\/2023\/02\/untitled-7-1-1-1024x576.jpg\" alt=\"\" class=\"wp-image-6223\" srcset=\"https:\/\/www.koli.fi\/wp-content\/uploads\/2023\/02\/untitled-7-1-1-1024x576.jpg 1024w, https:\/\/www.koli.fi\/wp-content\/uploads\/2023\/02\/untitled-7-1-1-300x169.jpg 300w, https:\/\/www.koli.fi\/wp-content\/uploads\/2023\/02\/untitled-7-1-1-768x432.jpg 768w, https:\/\/www.koli.fi\/wp-content\/uploads\/2023\/02\/untitled-7-1-1-1536x864.jpg 1536w, https:\/\/www.koli.fi\/wp-content\/uploads\/2023\/02\/untitled-7-1-1-2048x1152.jpg 2048w, https:\/\/www.koli.fi\/wp-content\/uploads\/2023\/02\/untitled-7-1-1-1920x1080.jpg 1920w, https:\/\/www.koli.fi\/wp-content\/uploads\/2023\/02\/untitled-7-1-1-1600x900.jpg 1600w\" sizes=\"auto, (max-width: 1024px) 100vw, 1024px\"><\/a><\/figure>\n\n\n\n<p>Erlebnisse auf Schnee und Eis\u00a0<a href=\"https:\/\/www.koli.fi\/de\" target=\"_blank\" rel=\"noreferrer noopener\">im Koli Nationalpark<\/a><\/p>\n\n\n\n<figure class=\"wp-block-image size-large\"><a href=\"https:\/\/www.nationalparks.fi\/kolinp\" target=\"_blank\" rel=\"noreferrer noopener\"><img loading=\"lazy\" decoding=\"async\" width=\"1024\" height=\"576\" src=\"https:\/\/www.koli.fi\/wp-content\/uploads\/2023\/02\/untitled-10-1-1024x576.jpg\" alt=\"\" class=\"wp-image-6231\" srcset=\"https:\/\/www.koli.fi\/wp-content\/uploads\/2023\/02\/untitled-10-1-1024x576.jpg 1024w, https:\/\/www.koli.fi\/wp-content\/uploads\/2023\/02\/untitled-10-1-300x169.jpg 300w, https:\/\/www.koli.fi\/wp-content\/uploads\/2023\/02\/untitled-10-1-768x432.jpg 768w, https:\/\/www.koli.fi\/wp-content\/uploads\/2023\/02\/untitled-10-1-1536x864.jpg 1536w, https:\/\/www.koli.fi\/wp-content\/uploads\/2023\/02\/untitled-10-1-2048x1152.jpg 2048w, https:\/\/www.koli.fi\/wp-content\/uploads\/2023\/02\/untitled-10-1-1920x1080.jpg 1920w, https:\/\/www.koli.fi\/wp-content\/uploads\/2023\/02\/untitled-10-1-1600x900.jpg 1600w\" sizes=\"auto, (max-width: 1024px) 100vw, 1024px\"><\/a><figcaption class=\"wp-element-caption\">Lernen Sie die Natur <a href=\"https:\/\/www.nationalparks.fi\/kolinp\" target=\"_blank\" rel=\"noopener\">des Koli-Nationalparks<\/a> kennen (in english)<\/figcaption><\/figure>\n\n\n\n<div id=\"pagelinks-block_265d0a7b1608ab2db1bf9bb3779e3bd8\" class=\"pagelinks-block\">\n\n\t\t\t<div class=\"pagelinks-block__pagelinks grid\" data-size=\"\" data-links=\"[5893]\">\n\t\t<\/div><!-- .pagelinks-block__pagelinks -->\n\n\t\t\n\t<\/div>\n\n\n\n<div id=\"distances-block_2ece4ddc839415ed17505168446e38e2\" class=\"distances-block\">\n\n\t<div class=\"distances-block__main\">\n\t\t\t\t\t<h3><span>Anreise nach Koli<\/span><br>Wir sind nicht weit weg.<br>\nSind Sie bereit f\u00fcr Ihre Reise?<\/h3>\n\t\t\n\t\t\n\t\t\t\t\t<div class=\"distances-block__main__filters\">\n\t\t\t\t\t\t\t\t\t\n\t\t\t\t\t<button aria-pressed=\"false\" data-filter=\"mit-dem-auto\">Mit dem Auto<\/button>\n\t\t\t\t\t\t\t\t\t\n\t\t\t\t\t<button aria-pressed=\"false\" data-filter=\"mit-dem-zug\">Mit dem Zug<\/button>\n\t\t\t\t\t\t\t\t\t\n\t\t\t\t\t<button aria-pressed=\"false\" data-filter=\"mit-dem-flugzeug\">Mit dem Flugzeug<\/button>\n\t\t\t\t\t\t\t<\/div><!-- .distances-block__main__filters -->\n\t\t\t<\/div><!-- .distances-block__main -->\n\n\n\t\t\t\t\t\t\n\t\t\t<div class=\"distances-block__arrival__text\" aria-hidden=\"false\" data-arrival=\"mit-dem-auto\">\n\n\t\t\t\t\t\t\t\t\t<p class=\"heading\">Mit dem Auto<\/p>\n\t\t\t\t\n\t\t\t\t\t\t\t\t\t<p class=\"hyphenate\">Schnell und einfach. Reisen Sie in Ihrem eigenen Tempo und entdecken Sie die Region ohne Fahrpl\u00e4ne. Wir sind nur eine Kaffeepause und einen Tank entfernt.<\/p>\n\t\t\t\t\t\t\t<\/div><!-- .distances-block__arrival__text -->\n\n\t\t\t\t\t\t\t\t\t<div class=\"distances-block__arrival__image\" aria-hidden=\"false\" data-arrival=\"mit-dem-auto\">\n\t\t\t\t\t\t<img decoding=\"async\" src=\"https:\/\/www.koli.fi\/wp-content\/uploads\/2023\/10\/map-autoyhteydet-koli.svg\" loading=\"lazy\" width=\"501\" height=\"878\" srcset=\"\" alt=\"\">\n\t\t\t\t\t<\/div><!-- .distances-block__arrival__image -->\n\t\t\t\t\n\t\t\t\t\t\t\t<div class=\"distances-block__arrival__distances\" aria-hidden=\"false\" data-arrival=\"mit-dem-auto\">\n\t\t\t\t\t\t\t\t\t\t\t\n\t\t\t\t\t\t<div class=\"distances-block__arrival__distances__distance\">\n\t\t\t\t\t\t\t<p>Kuopio<\/p>\n\t\t\t\t\t\t\t<p>Koli &amp; Lieksa<\/p>\n\t\t\t\t\t\t\t<p>184 km ( 2 h 14 min )<\/p>\n\t\t\t\t\t\t<\/div><!-- .distances-block__arrival__distances__distance -->\n\n\t\t\t\t\t\t\t\t\t\t\t\n\t\t\t\t\t\t<div class=\"distances-block__arrival__distances__distance\">\n\t\t\t\t\t\t\t<p>Jyv\u00e4skyl\u00e4<\/p>\n\t\t\t\t\t\t\t<p>Koli &amp; Lieksa<\/p>\n\t\t\t\t\t\t\t<p>329 km ( 4 h 2 min )<\/p>\n\t\t\t\t\t\t<\/div><!-- .distances-block__arrival__distances__distance -->\n\n\t\t\t\t\t\t\t\t\t\t\t\n\t\t\t\t\t\t<div class=\"distances-block__arrival__distances__distance\">\n\t\t\t\t\t\t\t<p>Oulu<\/p>\n\t\t\t\t\t\t\t<p>Koli &amp; Lieksa<\/p>\n\t\t\t\t\t\t\t<p>332 km ( 4 h 15 min )<\/p>\n\t\t\t\t\t\t<\/div><!-- .distances-block__arrival__distances__distance -->\n\n\t\t\t\t\t\t\t\t\t\t\t\n\t\t\t\t\t\t<div class=\"distances-block__arrival__distances__distance\">\n\t\t\t\t\t\t\t<p>Tampere<\/p>\n\t\t\t\t\t\t\t<p>Koli &amp; Lieksa<\/p>\n\t\t\t\t\t\t\t<p>477 km ( 5 h 53 min )<\/p>\n\t\t\t\t\t\t<\/div><!-- .distances-block__arrival__distances__distance -->\n\n\t\t\t\t\t\t\t\t\t\t\t\n\t\t\t\t\t\t<div class=\"distances-block__arrival__distances__distance\">\n\t\t\t\t\t\t\t<p>Helsinki<\/p>\n\t\t\t\t\t\t\t<p>Koli &amp; Lieksa<\/p>\n\t\t\t\t\t\t\t<p>528 km ( 6 h 15 min )<\/p>\n\t\t\t\t\t\t<\/div><!-- .distances-block__arrival__distances__distance -->\n\n\t\t\t\t\t\t\t\t\t\t\t\n\t\t\t\t\t\t<div class=\"distances-block__arrival__distances__distance\">\n\t\t\t\t\t\t\t<p>Joensuu<\/p>\n\t\t\t\t\t\t\t<p>Koli &amp; Lieksa<\/p>\n\t\t\t\t\t\t\t<p>70 km ( 1 h )<\/p>\n\t\t\t\t\t\t<\/div><!-- .distances-block__arrival__distances__distance -->\n\n\t\t\t\t\t\t\t\t\t<\/div><!-- .distances-block__arrival__distances -->\n\t\t\t\n\n\t\t\t\t\t\n\t\t\t<div class=\"distances-block__arrival__text\" aria-hidden=\"false\" data-arrival=\"mit-dem-zug\">\n\n\t\t\t\t\t\t\t\t\t<p class=\"heading\">Mit dem Zug<\/p>\n\t\t\t\t\n\t\t\t\t\t\t\t\t\t<p class=\"hyphenate\">Zugreisen sind umweltfreundlich und preisg\u00fcnstig. Lieksa erreichen Sie mit nur einem Umstieg. F\u00fcr Fahrr\u00e4der und gro\u00dfes Gep\u00e4ck bieten die Z\u00fcge ausreichend Stauraum. Alle Informationen zu Fahrpl\u00e4nen und Tickets finden Sie auf vr.fi\/en (Englisch).<\/p>\n\t\t\t\t\t\t\t<\/div><!-- .distances-block__arrival__text -->\n\n\t\t\t\t\t\t\t\t\t<div class=\"distances-block__arrival__image\" aria-hidden=\"false\" data-arrival=\"mit-dem-zug\">\n\t\t\t\t\t\t<img decoding=\"async\" src=\"https:\/\/www.koli.fi\/wp-content\/uploads\/2023\/10\/map-junayhteydet-koli.svg\" loading=\"lazy\" width=\"501\" height=\"878\" srcset=\"\" alt=\"\">\n\t\t\t\t\t<\/div><!-- .distances-block__arrival__image -->\n\t\t\t\t\n\t\t\t\t\t\t\t<div class=\"distances-block__arrival__distances\" aria-hidden=\"false\" data-arrival=\"mit-dem-zug\">\n\t\t\t\t\t\t\t\t\t\t\t\n\t\t\t\t\t\t<div class=\"distances-block__arrival__distances__distance\">\n\t\t\t\t\t\t\t<p>Helsinki<\/p>\n\t\t\t\t\t\t\t<p>Lieksa<\/p>\n\t\t\t\t\t\t\t<p>6 h 16 min, 1 ein Umstieg<\/p>\n\t\t\t\t\t\t<\/div><!-- .distances-block__arrival__distances__distance -->\n\n\t\t\t\t\t\t\t\t\t\t\t\n\t\t\t\t\t\t<div class=\"distances-block__arrival__distances__distance\">\n\t\t\t\t\t\t\t<p>Tampere<\/p>\n\t\t\t\t\t\t\t<p>Lieksa<\/p>\n\t\t\t\t\t\t\t<p>7 h 28 min, 2 zwei Umstiege<\/p>\n\t\t\t\t\t\t<\/div><!-- .distances-block__arrival__distances__distance -->\n\n\t\t\t\t\t\t\t\t\t\t\t\n\t\t\t\t\t\t<div class=\"distances-block__arrival__distances__distance\">\n\t\t\t\t\t\t\t<p>Kuopio<\/p>\n\t\t\t\t\t\t\t<p>Lieksa<\/p>\n\t\t\t\t\t\t\t<p>7 h 41 min, 2 zwei Umstiege<\/p>\n\t\t\t\t\t\t<\/div><!-- .distances-block__arrival__distances__distance -->\n\n\t\t\t\t\t\t\t\t\t\t\t\n\t\t\t\t\t\t<div class=\"distances-block__arrival__distances__distance\">\n\t\t\t\t\t\t\t<p>Oulu<\/p>\n\t\t\t\t\t\t\t<p>Lieksa<\/p>\n\t\t\t\t\t\t\t<p>11 h 30 min, 2 zwei Umstiege<\/p>\n\t\t\t\t\t\t<\/div><!-- .distances-block__arrival__distances__distance -->\n\n\t\t\t\t\t\t\t\t\t<\/div><!-- .distances-block__arrival__distances -->\n\t\t\t\n\n\t\t\t\t\t\n\t\t\t<div class=\"distances-block__arrival__text\" aria-hidden=\"false\" data-arrival=\"mit-dem-flugzeug\">\n\n\t\t\t\t\t\t\t\t\t<p class=\"heading\">Mit dem Flugzeug<\/p>\n\t\t\t\t\n\t\t\t\t\t\t\t\t\t<p class=\"hyphenate\">Fliegen ist der schnellste Weg zu uns. Die n\u00e4chstgelegenen Flugh\u00e4fen sind Joensuu, Kajaani und Kuopio.<\/p>\n\t\t\t\t\t\t\t<\/div><!-- .distances-block__arrival__text -->\n\n\t\t\t\t\t\t\t\t\t<div class=\"distances-block__arrival__image\" aria-hidden=\"false\" data-arrival=\"mit-dem-flugzeug\">\n\t\t\t\t\t\t<img decoding=\"async\" src=\"https:\/\/www.koli.fi\/wp-content\/uploads\/2023\/10\/map-lentoyhteydet-koli.svg\" loading=\"lazy\" width=\"501\" height=\"878\" srcset=\"\" alt=\"\">\n\t\t\t\t\t<\/div><!-- .distances-block__arrival__image -->\n\t\t\t\t\n\t\t\t\t\t\t\t<div class=\"distances-block__arrival__distances\" aria-hidden=\"false\" data-arrival=\"mit-dem-flugzeug\">\n\t\t\t\t\t\t\t\t\t\t\t\n\t\t\t\t\t\t<div class=\"distances-block__arrival__distances__distance\">\n\t\t\t\t\t\t\t<p>Helsinki<\/p>\n\t\t\t\t\t\t\t<p>Kuopio<\/p>\n\t\t\t\t\t\t\t<p>1 h 00 min<\/p>\n\t\t\t\t\t\t<\/div><!-- .distances-block__arrival__distances__distance -->\n\n\t\t\t\t\t\t\t\t\t\t\t\n\t\t\t\t\t\t<div class=\"distances-block__arrival__distances__distance\">\n\t\t\t\t\t\t\t<p>Helsinki<\/p>\n\t\t\t\t\t\t\t<p>Joensuu<\/p>\n\t\t\t\t\t\t\t<p>1 h 5 min<\/p>\n\t\t\t\t\t\t<\/div><!-- .distances-block__arrival__distances__distance -->\n\n\t\t\t\t\t\t\t\t\t\t\t\n\t\t\t\t\t\t<div class=\"distances-block__arrival__distances__distance\">\n\t\t\t\t\t\t\t<p>Helsinki<\/p>\n\t\t\t\t\t\t\t<p>Kajaani<\/p>\n\t\t\t\t\t\t\t<p>1 h 25 min<\/p>\n\t\t\t\t\t\t<\/div><!-- .distances-block__arrival__distances__distance -->\n\n\t\t\t\t\t\t\t\t\t<\/div><!-- .distances-block__arrival__distances -->\n\t\t\t\n\n\t\t\t\n\n<\/div>\n","protected":false},"excerpt":{"rendered":"<p>Erlebnisse auf Schnee und Eis&nbsp;im Koli Nationalpark<\/p>\n","protected":false},"author":13,"featured_media":0,"parent":0,"menu_order":0,"comment_status":"closed","ping_status":"closed","template":"","meta":{"_acf_changed":false,"footnotes":""},"servicecategories":[],"class_list":["post-6383","page","type-page","status-publish","hentry"],"acf":{"hero_type":"image","hero_image":6198,"hero_video":null,"hero_title_upper":"","hero_title":"","hero_text":"","hero_link":"","use_summer":"no","hero_type_summer":"image","hero_image_summer":null,"hero_video_summer":null,"hero_title_upper_summer":"","hero_title_summer":"","hero_text_summer":"","hero_link_summer":null,"use_winter":"no","hero_type_winter":"image","hero_image_winter":null,"hero_video_winter":null,"hero_title_upper_winter":"","hero_title_winter":"","hero_text_winter":"","hero_link_winter":null},"_links":{"self":[{"href":"https:\/\/www.koli.fi\/de\/wp-json\/wp\/v2\/pages\/6383","targetHints":{"allow":["GET"]}}],"collection":[{"href":"https:\/\/www.koli.fi\/de\/wp-json\/wp\/v2\/pages"}],"about":[{"href":"https:\/\/www.koli.fi\/de\/wp-json\/wp\/v2\/types\/page"}],"author":[{"embeddable":true,"href":"https:\/\/www.koli.fi\/de\/wp-json\/wp\/v2\/users\/13"}],"replies":[{"embeddable":true,"href":"https:\/\/www.koli.fi\/de\/wp-json\/wp\/v2\/comments?post=6383"}],"version-history":[{"count":1,"href":"https:\/\/www.koli.fi\/de\/wp-json\/wp\/v2\/pages\/6383\/revisions"}],"predecessor-version":[{"id":10986,"href":"https:\/\/www.koli.fi\/de\/wp-json\/wp\/v2\/pages\/6383\/revisions\/10986"}],"wp:attachment":[{"href":"https:\/\/www.koli.fi\/de\/wp-json\/wp\/v2\/media?parent=6383"}],"wp:term":[{"taxonomy":"servicecategory","embeddable":true,"href":"https:\/\/www.koli.fi\/de\/wp-json\/wp\/v2\/servicecategories?post=6383"}],"curies":[{"name":"wp","href":"https:\/\/api.w.org\/{rel}","templated":true}]}}