{"id":7466,"date":"2022-03-01T14:04:53","date_gmt":"2022-03-01T12:04:53","guid":{"rendered":"https:\/\/www.koli.fi\/entdeckungen\/angeln-kopio\/"},"modified":"2025-07-04T10:58:08","modified_gmt":"2025-07-04T07:58:08","slug":"angeln-kopio","status":"publish","type":"page","link":"https:\/\/www.koli.fi\/de\/entdeckungen\/aktivitaeten\/angeln-kopio\/","title":{"rendered":"Angeln"},"content":{"rendered":"\n<p class=\"has-text-align-center\">Koli liegt direkt am 90 000 ha grossen Pielinensee und hier wird der Traum jedes Anglers wahr.  Zu Angeln gibt es Lachs, Zander, mong others, there are salmon, zander, Barsch, Hecht, Brasse und Mar\u00e4ne. Angeln mit Haken und Schnur sind im Jedermanns-Recht inkludiert und ben\u00f6tigen daher keine Zahlungen oder Lizenzen. Aber das Jedermanns-Recht gilt nicht in allen Gew\u00e4ssern. Im Winter ist das Eisangeln \u00e4usserst beliebt und auch hier sind f\u00fcr Angler mit Haken und Schnur keine Lizenzen erforderlich. Erfahre mehr auf <a href=\"https:\/\/www.vapaa-ajankalastaja.fi\/finnish-federation-for-recreational-fishing\/\" target=\"_blank\" rel=\"noreferrer noopener\">Finnish Federation for Recreational Fishing<\/a>.<\/p>\n\n\n\n<div style=\"height:55px\" aria-hidden=\"true\" class=\"wp-block-spacer\"><\/div>\n\n\n\n<h2 class=\"wp-block-heading\">Angelpl\u00e4tze in der Gegend<\/h2>\n\n\n\n<div class=\"wp-block-columns is-layout-flex wp-container-core-columns-is-layout-28f84493 wp-block-columns-is-layout-flex\">\n<div class=\"wp-block-column is-layout-flow wp-block-column-is-layout-flow\" style=\"flex-basis:33.33%\">\n<h5 class=\"wp-block-heading\">Pielinen See <a href=\"https:\/\/www.infogis.fi\/lieksa\/?link=UTWa8enAWR\" target=\"_blank\" rel=\"noopener\"><img loading=\"lazy\" decoding=\"async\" width=\"50\" height=\"50\" class=\"wp-image-1033\" style=\"width: 50px;\" src=\"https:\/\/www.koli.fi\/wp-content\/uploads\/2022\/06\/kartalla_ikoni_lieksa.png\" alt=\"\" srcset=\"https:\/\/www.koli.fi\/wp-content\/uploads\/2022\/06\/kartalla_ikoni_lieksa.png 1000w, https:\/\/www.koli.fi\/wp-content\/uploads\/2022\/06\/kartalla_ikoni_lieksa-300x300.png 300w, https:\/\/www.koli.fi\/wp-content\/uploads\/2022\/06\/kartalla_ikoni_lieksa-150x150.png 150w, https:\/\/www.koli.fi\/wp-content\/uploads\/2022\/06\/kartalla_ikoni_lieksa-768x768.png 768w\" sizes=\"auto, (max-width: 50px) 100vw, 50px\"><\/a><\/h5>\n<\/div>\n\n\n\n<div class=\"wp-block-column is-layout-flow wp-block-column-is-layout-flow\" style=\"flex-basis:66.66%\">\n<p>Der Pielinen ist der viertgr\u00f6sste See Finnlands und ist ein vielseitiges, wildnisartiges Gew\u00e4sser.Der Pielinen eignet sich beispielsweise perfekt zum Schleppangeln und im Winter zum Netzangeln. Einheimische Fischarten im Pielinensee sind Barsch, Zander, Hecht, Wei\u00dffisch und \u00c4sche. Zu den eingebrachten Arten geh\u00f6ren Lachs, Bachforelle und Seesaibling.<br><a href=\"https:\/\/finland.fishing.fi\/fishing-lakes-and-rivers\/109609\/pielinen_jarvi_kalastus_luvat_kalaistutukset_ravustus_vesilinnun_metsastys_vedenlaatu_lomamokit_lieksa\" target=\"_blank\" rel=\"noreferrer noopener\">Fishing permits for Lake Pielinen<\/a><\/p>\n<\/div>\n<\/div>\n\n\n\n<figure class=\"wp-block-image aligncenter size-large\"><img loading=\"lazy\" decoding=\"async\" width=\"1024\" height=\"576\" src=\"https:\/\/www.koli.fi\/wp-content\/uploads\/2023\/12\/visitkarelia-Pielisen-Karjala-Ruunaa-kalastus-Taiga-Maja-by-Jarno-Artika-13-of-14-1024x576.jpg\" alt=\"\" class=\"wp-image-12408\" srcset=\"https:\/\/www.koli.fi\/wp-content\/uploads\/2023\/12\/visitkarelia-Pielisen-Karjala-Ruunaa-kalastus-Taiga-Maja-by-Jarno-Artika-13-of-14-1024x576.jpg 1024w, https:\/\/www.koli.fi\/wp-content\/uploads\/2023\/12\/visitkarelia-Pielisen-Karjala-Ruunaa-kalastus-Taiga-Maja-by-Jarno-Artika-13-of-14-300x169.jpg 300w, https:\/\/www.koli.fi\/wp-content\/uploads\/2023\/12\/visitkarelia-Pielisen-Karjala-Ruunaa-kalastus-Taiga-Maja-by-Jarno-Artika-13-of-14-768x432.jpg 768w, https:\/\/www.koli.fi\/wp-content\/uploads\/2023\/12\/visitkarelia-Pielisen-Karjala-Ruunaa-kalastus-Taiga-Maja-by-Jarno-Artika-13-of-14-1536x864.jpg 1536w, https:\/\/www.koli.fi\/wp-content\/uploads\/2023\/12\/visitkarelia-Pielisen-Karjala-Ruunaa-kalastus-Taiga-Maja-by-Jarno-Artika-13-of-14-2048x1152.jpg 2048w, https:\/\/www.koli.fi\/wp-content\/uploads\/2023\/12\/visitkarelia-Pielisen-Karjala-Ruunaa-kalastus-Taiga-Maja-by-Jarno-Artika-13-of-14-1920x1080.jpg 1920w, https:\/\/www.koli.fi\/wp-content\/uploads\/2023\/12\/visitkarelia-Pielisen-Karjala-Ruunaa-kalastus-Taiga-Maja-by-Jarno-Artika-13-of-14-1600x900.jpg 1600w\" sizes=\"auto, (max-width: 1024px) 100vw, 1024px\"><\/figure>\n\n\n\n<div class=\"wp-block-columns is-layout-flex wp-container-core-columns-is-layout-28f84493 wp-block-columns-is-layout-flex\"><\/div>\n\n\n\n<div class=\"wp-block-columns is-layout-flex wp-container-core-columns-is-layout-28f84493 wp-block-columns-is-layout-flex\">\n<div class=\"wp-block-column is-layout-flow wp-block-column-is-layout-flow\" style=\"flex-basis:33.33%\">\n<h5 class=\"wp-block-heading\">Stromschnellen Ruunaa <a href=\"https:\/\/www.infogis.fi\/lieksa\/?link=a6M10JG7GX\" target=\"_blank\" rel=\"noopener\"><img loading=\"lazy\" decoding=\"async\" width=\"50\" height=\"50\" class=\"wp-image-1033\" style=\"width: 50px;\" src=\"https:\/\/www.koli.fi\/wp-content\/uploads\/2022\/06\/kartalla_ikoni_lieksa.png\" alt=\"\" srcset=\"https:\/\/www.koli.fi\/wp-content\/uploads\/2022\/06\/kartalla_ikoni_lieksa.png 1000w, https:\/\/www.koli.fi\/wp-content\/uploads\/2022\/06\/kartalla_ikoni_lieksa-300x300.png 300w, https:\/\/www.koli.fi\/wp-content\/uploads\/2022\/06\/kartalla_ikoni_lieksa-150x150.png 150w, https:\/\/www.koli.fi\/wp-content\/uploads\/2022\/06\/kartalla_ikoni_lieksa-768x768.png 768w\" sizes=\"auto, (max-width: 50px) 100vw, 50px\"><\/a><\/h5>\n<\/div>\n\n\n\n<div class=\"wp-block-column is-layout-flow wp-block-column-is-layout-flow\" style=\"flex-basis:66.66%\">\n<p>Die Ruunaa-Stromschnellen bieten aufregende Angelerlebnisse entlang der schnell flie\u00dfenden Gew\u00e4sser. Was gibt es Sch\u00f6neres, als einen Abend am Lagerfeuer zu verbringen und fangfrischen Fisch zu genie\u00dfen? Neben Angeln k\u00f6nnen Sie in Ruunaa auch Wildwasser-Rafting und Wanderungen auf den vielseitigen Routen unternehmen.<br>Ruunaa ist sowohl f\u00fcr Anf\u00e4nger als auch f\u00fcr Experten geeignet, es gibt viel Platz f\u00fcr alle, oder Sie k\u00f6nnen Ihre anderen Outdoor-Hobbys mit Ihren Freunden oder Ihrer Familie genie\u00dfen. Bei Neitikoski gibt es eine barrierefreie Route, die es Rollstuhlfahrern und Familien mit Kinderwagen erm\u00f6glicht, in der N\u00e4he der Stromschnellen zu angeln. Weitere Informationen zum Angeln an den Ruunaa-Stromschnellen und zu den Genehmigungen finden Sie auf Nationalparks.fi<br><a href=\"https:\/\/www.eraluvat.fi\/en\/fishing\/fishing-permits\/angling-permit\/alueet\/ruunaa-rapids.html\" target=\"_blank\" rel=\"noreferrer noopener\">Fishing permits for Ruunaa<\/a><\/p>\n<\/div>\n<\/div>\n\n\n\n<figure class=\"wp-block-image aligncenter size-large\"><img loading=\"lazy\" decoding=\"async\" width=\"1024\" height=\"683\" src=\"https:\/\/www.koli.fi\/wp-content\/uploads\/2023\/12\/Ruunaa_kalastus-2-1024x683.jpg\" alt=\"\" class=\"wp-image-12411\" srcset=\"https:\/\/www.koli.fi\/wp-content\/uploads\/2023\/12\/Ruunaa_kalastus-2-1024x683.jpg 1024w, https:\/\/www.koli.fi\/wp-content\/uploads\/2023\/12\/Ruunaa_kalastus-2-300x200.jpg 300w, https:\/\/www.koli.fi\/wp-content\/uploads\/2023\/12\/Ruunaa_kalastus-2-768x512.jpg 768w, https:\/\/www.koli.fi\/wp-content\/uploads\/2023\/12\/Ruunaa_kalastus-2-1536x1024.jpg 1536w, https:\/\/www.koli.fi\/wp-content\/uploads\/2023\/12\/Ruunaa_kalastus-2-2048x1365.jpg 2048w, https:\/\/www.koli.fi\/wp-content\/uploads\/2023\/12\/Ruunaa_kalastus-2-1920x1280.jpg 1920w, https:\/\/www.koli.fi\/wp-content\/uploads\/2023\/12\/Ruunaa_kalastus-2-1600x1067.jpg 1600w\" sizes=\"auto, (max-width: 1024px) 100vw, 1024px\"><\/figure>\n\n\n\n<div style=\"height:55px\" aria-hidden=\"true\" class=\"wp-block-spacer\"><\/div>\n\n\n\n<h4 class=\"wp-block-heading\">Gef\u00fchrte Touren und Mietequipment f\u00fcr das Wasser<\/h4>\n\n\n\n<div id=\"pagelinks-block_cc5e917fd54b1a358ae21d7f5410b2e3\" class=\"pagelinks-block\">\n\n\t\t\t<div class=\"pagelinks-block__pagelinks carousel\" data-size=\"medium\" data-links=\"[11348,11008,8523,9288]\">\n\t\t<\/div><!-- .pagelinks-block__pagelinks -->\n\n\t\t\t\t\t<div class=\"pagelinks-block__arrows\">\n\t\t\t\t<p><span class=\"current\">1<\/span> \/ <span class=\"total\">4<\/span><\/p>\n\t\t\t<\/div><!-- .pagelinks-block__arrows -->\n\t\t\n\t<\/div>\n\n\n\n<div style=\"height:55px\" aria-hidden=\"true\" class=\"wp-block-spacer\"><\/div>\n\n\n\n<div class=\"wp-block-columns is-layout-flex wp-container-core-columns-is-layout-28f84493 wp-block-columns-is-layout-flex\">\n<div class=\"wp-block-column is-layout-flow wp-block-column-is-layout-flow\" style=\"flex-basis:33.33%\">\n<h5 class=\"wp-block-heading\">Angel-Lizenzen<\/h5>\n<\/div>\n\n\n\n<div class=\"wp-block-column is-layout-flow wp-block-column-is-layout-flow\" style=\"flex-basis:66.66%\">\n<p>F\u00fcr Angelarten mit Verwendung von K\u00f6dern, Fliegen, Netzen usw. ist eine Lizenz erforderlich. Erkundigen Sie sich am besten vor Ort nach den aktuellen Regelungen und erkundigen Sie sich nach Ausnahmen, wenn Sie unter 18 Jahre oder \u00fcber 65 Jahre alt sind. Die landesweite Fischereiverwaltungsgeb\u00fchr betr\u00e4gt 47 \u20ac pro Jahr, 16 \u20ac pro Woche oder 6 \u20ac\/Tag. Dar\u00fcber hinaus ben\u00f6tigen Sie eine regionale Angelerlaubnis. Die landesweite Geb\u00fchr kann im Internet erworben werden, n\u00e4here Informationen unter http:\/\/www.ahven.net\/english\/.<br><strong>Angelscheine f\u00fcr den Pielinensee k\u00f6nnen erworben werden bei<\/strong>: Sale Koli, Tel. +358 (0)10 762 3300 (nur gebietsspezifische Angelerlaubnisse, keine staatlichen Angelerlaubnisse), ABC-Tankstelle, Nurmes, Tel. +358 (0)10 763 7562, Konesola, Kirkkokatu 16, Nurmes Tel. +358 13 480 180.<\/p>\n<\/div>\n<\/div>\n\n\n\n<div style=\"height:55px\" aria-hidden=\"true\" class=\"wp-block-spacer\"><\/div>\n\n\n\n<div class=\"wp-block-columns is-layout-flex wp-container-core-columns-is-layout-28f84493 wp-block-columns-is-layout-flex\">\n<div class=\"wp-block-column is-layout-flow wp-block-column-is-layout-flow\" style=\"flex-basis:33.33%\">\n<h5 class=\"wp-block-heading\">Jedermanns-Recht<\/h5>\n<\/div>\n\n\n\n<div class=\"wp-block-column is-layout-flow wp-block-column-is-layout-flow\" style=\"flex-basis:66.66%\">\n<p>In Finland hat jeder, einheimisch oder als Besucher, das Recht, sich frei in der Natur zu bewegen. Dies bedingt aber auch ein verantwortungsvolles Bewegen in derselben. <a href=\"https:\/\/www.nationalparks.fi\/everymansright\" target=\"_blank\" rel=\"noreferrer noopener\">Das Jedermanns-Recht<\/a> definiert, was Du tun darfst und was nicht. In gesch\u00fctzten Gebieten gelten besondere Regeln, welche beachtet werden m\u00fcssen.<\/p>\n<\/div>\n<\/div>\n\n\n\n<div style=\"height:55px\" aria-hidden=\"true\" class=\"wp-block-spacer\"><\/div>\n","protected":false},"excerpt":{"rendered":"<p>Koli liegt direkt am 90 000 ha grossen Pielinensee und hier wird der Traum jedes Anglers wahr. Zu Angeln gibt es Lachs, Zander, mong others, there are salmon, zander, Barsch, Hecht, Brasse und Mar\u00e4ne. Angeln mit Haken und Schnur sind im Jedermanns-Recht inkludiert und ben\u00f6tigen daher keine Zahlungen oder Lizenzen. Aber das Jedermanns-Recht gilt nicht [&hellip;]<\/p>\n","protected":false},"author":18,"featured_media":0,"parent":8362,"menu_order":1,"comment_status":"closed","ping_status":"closed","template":"","meta":{"_acf_changed":false,"footnotes":""},"servicecategories":[268],"class_list":["post-7466","page","type-page","status-publish","hentry","servicecategory-aktivitaten"],"acf":{"hero_type":"image","hero_image":15306,"hero_video":4689,"hero_title_upper":"","hero_title":"Angeln","hero_text":"Schatztruhe sauberer Gew\u00e4sser f\u00fcr Angler","hero_link":null,"use_summer":"yes","hero_type_summer":"image","hero_image_summer":4819,"hero_video_summer":null,"hero_title_upper_summer":"","hero_title_summer":"Angeln","hero_text_summer":"Schatztruhe sauberer Gew\u00e4sser f\u00fcr Angler","hero_link_summer":null,"use_winter":"yes","hero_type_winter":"image","hero_image_winter":13135,"hero_video_winter":null,"hero_title_upper_winter":"","hero_title_winter":"Angeln","hero_text_winter":"Schatztruhe sauberer Gew\u00e4sser f\u00fcr Angler","hero_link_winter":null},"_links":{"self":[{"href":"https:\/\/www.koli.fi\/de\/wp-json\/wp\/v2\/pages\/7466","targetHints":{"allow":["GET"]}}],"collection":[{"href":"https:\/\/www.koli.fi\/de\/wp-json\/wp\/v2\/pages"}],"about":[{"href":"https:\/\/www.koli.fi\/de\/wp-json\/wp\/v2\/types\/page"}],"author":[{"embeddable":true,"href":"https:\/\/www.koli.fi\/de\/wp-json\/wp\/v2\/users\/18"}],"replies":[{"embeddable":true,"href":"https:\/\/www.koli.fi\/de\/wp-json\/wp\/v2\/comments?post=7466"}],"version-history":[{"count":12,"href":"https:\/\/www.koli.fi\/de\/wp-json\/wp\/v2\/pages\/7466\/revisions"}],"predecessor-version":[{"id":21389,"href":"https:\/\/www.koli.fi\/de\/wp-json\/wp\/v2\/pages\/7466\/revisions\/21389"}],"up":[{"embeddable":true,"href":"https:\/\/www.koli.fi\/de\/wp-json\/wp\/v2\/pages\/8362"}],"wp:attachment":[{"href":"https:\/\/www.koli.fi\/de\/wp-json\/wp\/v2\/media?parent=7466"}],"wp:term":[{"taxonomy":"servicecategory","embeddable":true,"href":"https:\/\/www.koli.fi\/de\/wp-json\/wp\/v2\/servicecategories?post=7466"}],"curies":[{"name":"wp","href":"https:\/\/api.w.org\/{rel}","templated":true}]}}