{"id":8362,"date":"2023-09-07T10:15:44","date_gmt":"2023-09-07T07:15:44","guid":{"rendered":"https:\/\/www.koli.fi\/?page_id=8362"},"modified":"2026-02-23T11:40:15","modified_gmt":"2026-02-23T09:40:15","slug":"aktivitaeten","status":"publish","type":"page","link":"https:\/\/www.koli.fi\/de\/entdeckungen\/aktivitaeten\/","title":{"rendered":"Aktivit\u00e4ten"},"content":{"rendered":"\n<p class=\"has-text-align-center\">Koli \u2013 das ist Natur und Kultur. Die vielf\u00e4ltige Landschaft mit Wasser und W\u00e4ldern bietet eine unersch\u00f6pfliche Kulisse f\u00fcr Ereignisse und Aktivit\u00e4ten das ganze Jahr \u00fcber.<\/p>\n\n\n\n<div style=\"height:25px\" aria-hidden=\"true\" class=\"wp-block-spacer\"><\/div>\n\n\n\n<div class=\"wp-block-buttons is-content-justification-center is-layout-flex wp-container-core-buttons-is-layout-a89b3969 wp-block-buttons-is-layout-flex\">\n<div class=\"wp-block-button\"><a class=\"wp-block-button__link wp-element-button\" href=\"https:\/\/majoitus.koli.fi\/aktiviteetit\" target=\"_blank\" rel=\"noopener\">Buchen Sie Aktivit\u00e4ten im Online-Shop<\/a><\/div>\n<\/div>\n\n\n\n<div style=\"height:50px\" aria-hidden=\"true\" class=\"wp-block-spacer\"><\/div>\n\n\n\n<h4 class=\"wp-block-heading\">Sommeraktivit\u00e4ten<\/h4>\n\n\n\n<div id=\"categories-block_8d03eb50522e069b354c3c846447481e\" class=\"categories-block\">\n\n\t\t\n\t\t\n\t\t\n\t\t<div class=\"categories-block__services\"\n\t\t\tid=\"categories-area-categories-block_8d03eb50522e069b354c3c846447481e\"\n\t\t\tdata-categories=\"[268]\"\n\t\t\tdata-area=\"allnofilters\"\n\t\t\tdata-season=\"summer\">\n\t\t<\/div><!-- .categories-block__services -->\n\n\t\n<\/div>\n\n\n\n<div style=\"height:50px\" aria-hidden=\"true\" class=\"wp-block-spacer\"><\/div>\n\n\n\n<h4 class=\"wp-block-heading\">Winteraktivit\u00e4ten<\/h4>\n\n\n\n<div id=\"categories-block_d825fe2d2b292c998e9274268ce0c5f0\" class=\"categories-block\">\n\n\t\t\n\t\t\n\t\t\n\t\t<div class=\"categories-block__services\"\n\t\t\tid=\"categories-area-categories-block_d825fe2d2b292c998e9274268ce0c5f0\"\n\t\t\tdata-categories=\"[268]\"\n\t\t\tdata-area=\"allnofilters\"\n\t\t\tdata-season=\"winter\">\n\t\t<\/div><!-- .categories-block__services -->\n\n\t\n<\/div>\n\n\n\n<div style=\"height:50px\" aria-hidden=\"true\" class=\"wp-block-spacer\"><\/div>\n\n\n\n<h4 class=\"wp-block-heading\">Tourenanbieter und Ausr\u00fcstungsverleih<\/h4>\n\n\n\n<div id=\"categories-block_bc0a5944a7db61312adcbd0a7e424e35\" class=\"categories-block\">\n\n\t\t\n\t\t\n\t\t\n\t\t<div class=\"categories-block__services\"\n\t\t\tid=\"categories-area-categories-block_bc0a5944a7db61312adcbd0a7e424e35\"\n\t\t\tdata-categories=\"[311]\"\n\t\t\tdata-area=\"allnofilters\"\n\t\t\tdata-season=\"allnofilters\">\n\t\t<\/div><!-- .categories-block__services -->\n\n\t\n<\/div>\n\n\n\n<div style=\"height:100px\" aria-hidden=\"true\" class=\"wp-block-spacer\"><\/div>\n","protected":false},"excerpt":{"rendered":"<p>Koli \u2013 das ist Natur und Kultur. Die vielf\u00e4ltige Landschaft mit Wasser und W\u00e4ldern bietet eine unersch\u00f6pfliche Kulisse f\u00fcr Ereignisse und Aktivit\u00e4ten das ganze Jahr \u00fcber. Sommeraktivit\u00e4ten Winteraktivit\u00e4ten Tourenanbieter und Ausr\u00fcstungsverleih<\/p>\n","protected":false},"author":18,"featured_media":0,"parent":5192,"menu_order":0,"comment_status":"closed","ping_status":"closed","template":"","meta":{"_acf_changed":false,"footnotes":""},"servicecategories":[],"class_list":["post-8362","page","type-page","status-publish","hentry"],"acf":{"hero_type":"image","hero_image":15299,"hero_video":null,"hero_title_upper":"","hero_title":"Aktivit\u00e4ten","hero_text":"Deswegen sind wir ja hier","hero_link":null,"use_summer":"yes","hero_type_summer":"image","hero_image_summer":15737,"hero_video_summer":null,"hero_title_upper_summer":"","hero_title_summer":"Aktivit\u00e4ten","hero_text_summer":"Deswegen sind wir ja hier","hero_link_summer":null,"use_winter":"yes","hero_type_winter":"image","hero_image_winter":17000,"hero_video_winter":null,"hero_title_upper_winter":"","hero_title_winter":"Aktivit\u00e4ten","hero_text_winter":"Deswegen sind wir ja hier","hero_link_winter":null},"_links":{"self":[{"href":"https:\/\/www.koli.fi\/de\/wp-json\/wp\/v2\/pages\/8362","targetHints":{"allow":["GET"]}}],"collection":[{"href":"https:\/\/www.koli.fi\/de\/wp-json\/wp\/v2\/pages"}],"about":[{"href":"https:\/\/www.koli.fi\/de\/wp-json\/wp\/v2\/types\/page"}],"author":[{"embeddable":true,"href":"https:\/\/www.koli.fi\/de\/wp-json\/wp\/v2\/users\/18"}],"replies":[{"embeddable":true,"href":"https:\/\/www.koli.fi\/de\/wp-json\/wp\/v2\/comments?post=8362"}],"version-history":[{"count":14,"href":"https:\/\/www.koli.fi\/de\/wp-json\/wp\/v2\/pages\/8362\/revisions"}],"predecessor-version":[{"id":31420,"href":"https:\/\/www.koli.fi\/de\/wp-json\/wp\/v2\/pages\/8362\/revisions\/31420"}],"up":[{"embeddable":true,"href":"https:\/\/www.koli.fi\/de\/wp-json\/wp\/v2\/pages\/5192"}],"wp:attachment":[{"href":"https:\/\/www.koli.fi\/de\/wp-json\/wp\/v2\/media?parent=8362"}],"wp:term":[{"taxonomy":"servicecategory","embeddable":true,"href":"https:\/\/www.koli.fi\/de\/wp-json\/wp\/v2\/servicecategories?post=8362"}],"curies":[{"name":"wp","href":"https:\/\/api.w.org\/{rel}","templated":true}]}}