{"id":8383,"date":"2023-09-07T11:21:05","date_gmt":"2023-09-07T08:21:05","guid":{"rendered":"https:\/\/www.koli.fi\/?page_id=8383"},"modified":"2023-12-01T17:54:05","modified_gmt":"2023-12-01T15:54:05","slug":"reiten-in-koli","status":"publish","type":"page","link":"https:\/\/www.koli.fi\/de\/entdeckungen\/aktivitaeten\/reiten-in-koli\/","title":{"rendered":"Reiten in Koli"},"content":{"rendered":"\n<p class=\"has-text-align-center\">Mit richtiger Ausr\u00fcstung macht Reiten sowohl im Sommer als auch im Winter Spa\u00df. In Koli k\u00f6nnen Sie das ganze Jahr \u00fcber die Gegend mit Pferden erkunden. Bei einer gef\u00fchrten Reittour f\u00fchlen sich auch Anf\u00e4nger wohl. Die ruhigen Isl\u00e4nderpferde sind leicht zu reiten und bei der Planung nehmen wir R\u00fccksicht auf das K\u00f6nnen der Reiter.<\/p>\n\n\n\n<div style=\"height:50px\" aria-hidden=\"true\" class=\"wp-block-spacer\"><\/div>\n\n\n\n<div id=\"pagelinks-block_3fed0ea70a21632f6577aa448afcac97\" class=\"pagelinks-block\">\n\n\t\t\t<div class=\"pagelinks-block__pagelinks carousel\" data-size=\"big\" data-links=\"[10927]\">\n\t\t<\/div><!-- .pagelinks-block__pagelinks -->\n\n\t\t\n\t<\/div>\n\n\n\n<div class=\"wp-block-columns is-layout-flex wp-container-core-columns-is-layout-28f84493 wp-block-columns-is-layout-flex\">\n<div class=\"wp-block-column is-layout-flow wp-block-column-is-layout-flow\" style=\"flex-basis:33.33%\">\n<h4 class=\"wp-block-heading\">Paimentupa<\/h4>\n<\/div>\n\n\n\n<div class=\"wp-block-column is-layout-flow wp-block-column-is-layout-flow\" style=\"flex-basis:66.66%\">\n<p>Die Reiseunterkunft Paimentupa befindet sich in der N\u00e4he des Koli-Nationalparks. In Paimentupa k\u00f6nnen Sie \u00fcbernachten und das ganze Jahr \u00fcber Ausritte unternehmen. Wanderwege und Skilanglaufstrecken beginnen ebenfalls direkt in der N\u00e4he des Hofes. <\/p>\n\n\n\n<p>Auf dem Hof von Paimentupa k\u00f6nnen Sie in Apartments mit eigener K\u00fcche und WC\/Dusche \u00fcbernachten. Im Sommer stehen auch traditionelle und gem\u00fctliche Sommerzimmer zur Verf\u00fcgung. G\u00e4ste, die in den Sommerzimmern \u00fcbernachten, haben Zugang zu gemeinsamen WC\/Duschm\u00f6glichkeiten und einer Sommerk\u00fcche. Im Sommer wird auch Fr\u00fchst\u00fcck angeboten.<\/p>\n\n\n\n<p>Paimentupa vermietet auch traditionelle Blockh\u00e4user am See, in denen Sie die sanfte Hitze einer Holzsauna genie\u00dfen k\u00f6nnen, w\u00e4hrend Sie den Blick aufs Wasser bewundern.<\/p>\n\n\n\n<p>Paimentupa organisiert das ganze Jahr \u00fcber Ausritte mit freundlichen isl\u00e4ndischen Pferden. Sie k\u00f6nnen die atemberaubende Natur von Koli auf dem R\u00fccken eines Pferdes erkunden, begleitet von einem erfahrenen F\u00fchrer. Auch Anf\u00e4nger k\u00f6nnen an entspannten Ausritten teilnehmen. Sie k\u00f6nnen die in der Umgebung grasenden isl\u00e4ndischen Pferde bewundern, w\u00e4hrend Sie Ihren Morgenkaffee auf der Terrasse genie\u00dfen.<\/p>\n<\/div>\n<\/div>\n\n\n\n<div style=\"height:50px\" aria-hidden=\"true\" class=\"wp-block-spacer\"><\/div>\n\n\n\n<figure class=\"wp-block-gallery has-nested-images columns-default is-cropped wp-block-gallery-1 is-layout-flex wp-block-gallery-is-layout-flex\">\n<figure class=\"wp-block-image size-large\"><img loading=\"lazy\" decoding=\"async\" width=\"1024\" height=\"683\" data-id=\"8747\" src=\"https:\/\/www.koli.fi\/wp-content\/uploads\/2023\/09\/paimentupa_ratsastus_p-2-1024x683.jpg\" alt=\"\" class=\"wp-image-8747\" srcset=\"https:\/\/www.koli.fi\/wp-content\/uploads\/2023\/09\/paimentupa_ratsastus_p-2-1024x683.jpg 1024w, https:\/\/www.koli.fi\/wp-content\/uploads\/2023\/09\/paimentupa_ratsastus_p-2-300x200.jpg 300w, https:\/\/www.koli.fi\/wp-content\/uploads\/2023\/09\/paimentupa_ratsastus_p-2-768x512.jpg 768w, https:\/\/www.koli.fi\/wp-content\/uploads\/2023\/09\/paimentupa_ratsastus_p-2-1536x1024.jpg 1536w, https:\/\/www.koli.fi\/wp-content\/uploads\/2023\/09\/paimentupa_ratsastus_p-2-2048x1365.jpg 2048w, https:\/\/www.koli.fi\/wp-content\/uploads\/2023\/09\/paimentupa_ratsastus_p-2-1920x1280.jpg 1920w, https:\/\/www.koli.fi\/wp-content\/uploads\/2023\/09\/paimentupa_ratsastus_p-2-1600x1067.jpg 1600w\" sizes=\"auto, (max-width: 1024px) 100vw, 1024px\"><\/figure>\n<\/figure>\n\n\n\n<div style=\"height:100px\" aria-hidden=\"true\" class=\"wp-block-spacer\"><\/div>\n","protected":false},"excerpt":{"rendered":"<p>Mit richtiger Ausr\u00fcstung macht Reiten sowohl im Sommer als auch im Winter Spa\u00df. In Koli k\u00f6nnen Sie das ganze Jahr \u00fcber die Gegend mit Pferden erkunden. Bei einer gef\u00fchrten Reittour f\u00fchlen sich auch Anf\u00e4nger wohl. Die ruhigen Isl\u00e4nderpferde sind leicht zu reiten und bei der Planung nehmen wir R\u00fccksicht auf das K\u00f6nnen der Reiter. Paimentupa [&hellip;]<\/p>\n","protected":false},"author":18,"featured_media":0,"parent":8362,"menu_order":0,"comment_status":"closed","ping_status":"closed","template":"","meta":{"_acf_changed":false,"footnotes":""},"servicecategories":[268],"class_list":["post-8383","page","type-page","status-publish","hentry","servicecategory-aktivitaten"],"acf":{"hero_type":"image","hero_image":7653,"hero_video":null,"hero_title_upper":"","hero_title":"Reiten in Koli","hero_text":"Erleben Sie Koli auf Pferder\u00fccken","hero_link":"","use_summer":"no","hero_type_summer":"image","hero_image_summer":null,"hero_video_summer":null,"hero_title_upper_summer":"","hero_title_summer":"","hero_text_summer":"","hero_link_summer":null,"use_winter":"no","hero_type_winter":"image","hero_image_winter":null,"hero_video_winter":null,"hero_title_upper_winter":"","hero_title_winter":"","hero_text_winter":"","hero_link_winter":null},"_links":{"self":[{"href":"https:\/\/www.koli.fi\/de\/wp-json\/wp\/v2\/pages\/8383","targetHints":{"allow":["GET"]}}],"collection":[{"href":"https:\/\/www.koli.fi\/de\/wp-json\/wp\/v2\/pages"}],"about":[{"href":"https:\/\/www.koli.fi\/de\/wp-json\/wp\/v2\/types\/page"}],"author":[{"embeddable":true,"href":"https:\/\/www.koli.fi\/de\/wp-json\/wp\/v2\/users\/18"}],"replies":[{"embeddable":true,"href":"https:\/\/www.koli.fi\/de\/wp-json\/wp\/v2\/comments?post=8383"}],"version-history":[{"count":8,"href":"https:\/\/www.koli.fi\/de\/wp-json\/wp\/v2\/pages\/8383\/revisions"}],"predecessor-version":[{"id":12778,"href":"https:\/\/www.koli.fi\/de\/wp-json\/wp\/v2\/pages\/8383\/revisions\/12778"}],"up":[{"embeddable":true,"href":"https:\/\/www.koli.fi\/de\/wp-json\/wp\/v2\/pages\/8362"}],"wp:attachment":[{"href":"https:\/\/www.koli.fi\/de\/wp-json\/wp\/v2\/media?parent=8383"}],"wp:term":[{"taxonomy":"servicecategory","embeddable":true,"href":"https:\/\/www.koli.fi\/de\/wp-json\/wp\/v2\/servicecategories?post=8383"}],"curies":[{"name":"wp","href":"https:\/\/api.w.org\/{rel}","templated":true}]}}