{"id":8410,"date":"2023-09-07T14:43:25","date_gmt":"2023-09-07T11:43:25","guid":{"rendered":"https:\/\/www.koli.fi\/?page_id=8410"},"modified":"2025-05-05T11:21:54","modified_gmt":"2025-05-05T08:21:54","slug":"raubtierbeobachtung","status":"publish","type":"page","link":"https:\/\/www.koli.fi\/de\/entdeckungen\/aktivitaeten\/raubtierbeobachtung\/","title":{"rendered":"Raubtierbeobachtung"},"content":{"rendered":"\n<p class=\"has-text-align-center\"><strong>Er\u00e4-Eero\u2019s<\/strong>&nbsp;Beobachtungs-Standorte in Lieksa bieten hervorragende M\u00f6glichkeiten f\u00fcr Wildtier-Fotografie und -Beobachtung in speziell ausger\u00fcsteten, beheizbaren H\u00fctten.&nbsp;<\/p>\n\n\n\n<p class=\"has-text-align-center\">Sommer-Besucher k\u00f6nnen Vielfrasse &#8211; vielleicht sogar mit Nachwuchs &#8211; beobachten. Von April bis Oktober sind B\u00e4ren-Sichtungen m\u00f6glich. Einheimische Tierarten wie Luchs, F\u00fcchse, Biber, Habicht, Stein- und Seeadler sind ebenfalls zu beobachten. Verschiedene Beobachtungsh\u00fctten stehen an Mooren und Wildnis-Seen zur Verf\u00fcgung und k\u00f6nnen f\u00fcr Vogelbeobachtung genutzt werden: Spechte, Kleinv\u00f6gel, Wasserv\u00f6gel, Watv\u00f6gel, Birkh\u00fchner, Rotkehltaucher, Kraniche, Adler, Falken, Eulen und G\u00e4nse.&nbsp;<\/p>\n\n\n\n<div class=\"wp-block-columns is-layout-flex wp-container-core-columns-is-layout-28f84493 wp-block-columns-is-layout-flex\">\n<div class=\"wp-block-column is-layout-flow wp-block-column-is-layout-flow\" style=\"flex-basis:33.33%\">\n<h4 class=\"wp-block-heading\">Programm<\/h4>\n<\/div>\n\n\n\n<div class=\"wp-block-column is-layout-flow wp-block-column-is-layout-flow\" style=\"flex-basis:66.66%\">\n<ul class=\"wp-block-list\">\n<li>Ankunft in der Kelj\u00e4npuro-H\u00fctte um 14 Uhr<\/li>\n\n\n\n<li>Begr\u00fcssung und Willkommenskaffee<\/li>\n\n\n\n<li>Vortrag \u00fcber Er\u00e4 Eero und Informationen zu beobachtenden Raubtieren und V\u00f6geln<\/li>\n\n\n\n<li>15 Uhr 30 Transport zur \u00dcbernachtungsh\u00fctte<\/li>\n\n\n\n<li>Fotografie und Beobachtung<\/li>\n\n\n\n<li>Transfer zur\u00fcck nach Kelj\u00e4npuro um ca. 8 Uhr morgens\u00a0 \u00a0<\/li>\n<\/ul>\n\n\n\n<p><strong>Bitte beachten:<\/strong> Wettergerechte Kleidung. Eigene Kameras, Kopfh\u00f6rer, Ferngl\u00e4ser und Aufnahmeger\u00e4te mitbringen. Wenn Sie Essen mitbringen, vermeiden Sie laute und stark duftende Speisen.<\/p>\n<\/div>\n<\/div>\n\n\n\n<div id=\"pagelinks-block_9cd2c319602b728b30c46634a4d503a3\" class=\"pagelinks-block\">\n\n\t\t\t<div class=\"pagelinks-block__pagelinks carousel\"\n\t\t\tdata-size=\"big\"\n\t\t\tdata-links=\"[11013]\">\n\t\t<\/div><!-- .pagelinks-block__pagelinks -->\n\n\t\t\n\t<\/div>\n\n\n\n<div style=\"height:100px\" aria-hidden=\"true\" class=\"wp-block-spacer\"><\/div>\n","protected":false},"excerpt":{"rendered":"<p>Er\u00e4-Eero\u2019s&nbsp;Beobachtungs-Standorte in Lieksa bieten hervorragende M\u00f6glichkeiten f\u00fcr Wildtier-Fotografie und -Beobachtung in speziell ausger\u00fcsteten, beheizbaren H\u00fctten.&nbsp; Sommer-Besucher k\u00f6nnen Vielfrasse &#8211; vielleicht sogar mit Nachwuchs &#8211; beobachten. Von April bis Oktober sind B\u00e4ren-Sichtungen m\u00f6glich. Einheimische Tierarten wie Luchs, F\u00fcchse, Biber, Habicht, Stein- und Seeadler sind ebenfalls zu beobachten. Verschiedene Beobachtungsh\u00fctten stehen an Mooren und Wildnis-Seen zur Verf\u00fcgung [&hellip;]<\/p>\n","protected":false},"author":18,"featured_media":0,"parent":8362,"menu_order":0,"comment_status":"closed","ping_status":"closed","template":"","meta":{"_acf_changed":false,"footnotes":""},"servicecategories":[268],"class_list":["post-8410","page","type-page","status-publish","hentry","servicecategory-aktivitaten"],"acf":{"hero_type":"image","hero_image":15316,"hero_video":null,"hero_title_upper":"","hero_title":"Raubtierbeobachtung","hero_text":"Auf Augenh\u00f6he mit Vielfra\u00df und B\u00e4r","hero_link":"","use_summer":"no","hero_type_summer":"image","hero_image_summer":null,"hero_video_summer":null,"hero_title_upper_summer":"","hero_title_summer":"","hero_text_summer":"","hero_link_summer":null,"use_winter":"no","hero_type_winter":"image","hero_image_winter":null,"hero_video_winter":null,"hero_title_upper_winter":"","hero_title_winter":"","hero_text_winter":"","hero_link_winter":null},"_links":{"self":[{"href":"https:\/\/www.koli.fi\/de\/wp-json\/wp\/v2\/pages\/8410","targetHints":{"allow":["GET"]}}],"collection":[{"href":"https:\/\/www.koli.fi\/de\/wp-json\/wp\/v2\/pages"}],"about":[{"href":"https:\/\/www.koli.fi\/de\/wp-json\/wp\/v2\/types\/page"}],"author":[{"embeddable":true,"href":"https:\/\/www.koli.fi\/de\/wp-json\/wp\/v2\/users\/18"}],"replies":[{"embeddable":true,"href":"https:\/\/www.koli.fi\/de\/wp-json\/wp\/v2\/comments?post=8410"}],"version-history":[{"count":12,"href":"https:\/\/www.koli.fi\/de\/wp-json\/wp\/v2\/pages\/8410\/revisions"}],"predecessor-version":[{"id":20506,"href":"https:\/\/www.koli.fi\/de\/wp-json\/wp\/v2\/pages\/8410\/revisions\/20506"}],"up":[{"embeddable":true,"href":"https:\/\/www.koli.fi\/de\/wp-json\/wp\/v2\/pages\/8362"}],"wp:attachment":[{"href":"https:\/\/www.koli.fi\/de\/wp-json\/wp\/v2\/media?parent=8410"}],"wp:term":[{"taxonomy":"servicecategory","embeddable":true,"href":"https:\/\/www.koli.fi\/de\/wp-json\/wp\/v2\/servicecategories?post=8410"}],"curies":[{"name":"wp","href":"https:\/\/api.w.org\/{rel}","templated":true}]}}