{"id":8413,"date":"2023-09-08T09:30:33","date_gmt":"2023-09-08T06:30:33","guid":{"rendered":"https:\/\/www.koli.fi\/?page_id=8413"},"modified":"2025-11-10T15:56:58","modified_gmt":"2025-11-10T13:56:58","slug":"gefuehrte-naturwanderungen","status":"publish","type":"page","link":"https:\/\/www.koli.fi\/de\/entdeckungen\/aktivitaeten\/gefuehrte-naturwanderungen\/","title":{"rendered":"Gef\u00fchrte Naturwanderungen"},"content":{"rendered":"\n<p class=\"has-text-align-center\">Mit einem lokalen Guide k\u00f6nnen Sie auch ohne gro\u00dfe Vorbereitungen aufbrechen. Ein Guide sorgt daf\u00fcr, dass Ihr Ausflug sicher und erfolgreich wird und gestaltet ihn nach Ihren W\u00fcnschen.<\/p>\n\n\n\n<p class=\"has-text-align-center\">Mit einem ortskundigen Guide kann man das Reiseziel entspannt besser geniessen und mit Begeisterung mehr dar\u00fcber lernen. Geleitete Touren werden von <strong>Retkipaikka <\/strong>und <strong>FeelKoli<\/strong> angeboten.<\/p>\n\n\n\n<p class=\"has-text-align-center\">Wir sind stolz auf die von unseren einfallsreichen und sachkundigen Unternehmen organisierten gef\u00fchrten Naturwanderungen am Koli. Kontaktieren Sie unseren Verkaufsservice tel. +358 50 553 3023 oder sales@koli.fi.<\/p>\n\n\n\n<div style=\"height:50px\" aria-hidden=\"true\" class=\"wp-block-spacer\"><\/div>\n\n\n\n<h4 class=\"wp-block-heading\">Join a guided tour!<\/h4>\n\n\n\n<div id=\"johku-block_ec73c75a10659531bd3e67c9d1f6f060\" class=\"johku-block\">\n\n\t\n\t\t<div class=\"johku-block__content\">\n\t\t\t<johku-widget id=\"kolidmc\/775114b026564b22\" locale=\"fi_FI\"><\/johku-widget>\t\t<\/div><!-- .johku-block__content -->\n\n\t\n\n<\/div>\n\n\n\n<div style=\"height:50px\" aria-hidden=\"true\" class=\"wp-block-spacer\"><\/div>\n\n\n\n<h4 class=\"wp-block-heading\">Ohneierte Touren<\/h4>\n\n\n\n<div id=\"pagelinks-block_9f854991ce8d19029822c10ccb83d2b7\" class=\"pagelinks-block\">\n\n\t\t\t<div class=\"pagelinks-block__pagelinks carousel\"\n\t\t\tdata-size=\"small\"\n\t\t\tdata-links=\"[9288,9325,13179]\">\n\t\t<\/div><!-- .pagelinks-block__pagelinks -->\n\n\t\t\t\t\t<div class=\"pagelinks-block__arrows\">\n\t\t\t\t<p><span class=\"current\">1<\/span> \/ <span class=\"total\">3<\/span><\/p>\n\t\t\t<\/div><!-- .pagelinks-block__arrows -->\n\t\t\n\t<\/div>\n\n\n\n<div style=\"height:100px\" aria-hidden=\"true\" class=\"wp-block-spacer\"><\/div>\n","protected":false},"excerpt":{"rendered":"<p>Mit einem lokalen Guide k\u00f6nnen Sie auch ohne gro\u00dfe Vorbereitungen aufbrechen. Ein Guide sorgt daf\u00fcr, dass Ihr Ausflug sicher und erfolgreich wird und gestaltet ihn nach Ihren W\u00fcnschen. Mit einem ortskundigen Guide kann man das Reiseziel entspannt besser geniessen und mit Begeisterung mehr dar\u00fcber lernen. Geleitete Touren werden von Retkipaikka und FeelKoli angeboten. Wir sind [&hellip;]<\/p>\n","protected":false},"author":18,"featured_media":0,"parent":8362,"menu_order":0,"comment_status":"closed","ping_status":"closed","template":"","meta":{"_acf_changed":false,"footnotes":""},"servicecategories":[268],"class_list":["post-8413","page","type-page","status-publish","hentry","servicecategory-aktivitaten"],"acf":{"hero_type":"image","hero_image":7874,"hero_video":null,"hero_title_upper":"","hero_title":"Gef\u00fchrte Naturwanderungen","hero_text":"Mit einem Guide haben Sie mehr davon","hero_link":null,"use_summer":"yes","hero_type_summer":"image","hero_image_summer":12589,"hero_video_summer":null,"hero_title_upper_summer":"","hero_title_summer":"Gef\u00fchrte Naturwanderungen","hero_text_summer":"Mit einem Guide haben Sie mehr davon","hero_link_summer":null,"use_winter":"yes","hero_type_winter":"image","hero_image_winter":7874,"hero_video_winter":null,"hero_title_upper_winter":"","hero_title_winter":"Gef\u00fchrte Naturwanderungen","hero_text_winter":"Mit einem Guide haben Sie mehr davon","hero_link_winter":null},"_links":{"self":[{"href":"https:\/\/www.koli.fi\/de\/wp-json\/wp\/v2\/pages\/8413","targetHints":{"allow":["GET"]}}],"collection":[{"href":"https:\/\/www.koli.fi\/de\/wp-json\/wp\/v2\/pages"}],"about":[{"href":"https:\/\/www.koli.fi\/de\/wp-json\/wp\/v2\/types\/page"}],"author":[{"embeddable":true,"href":"https:\/\/www.koli.fi\/de\/wp-json\/wp\/v2\/users\/18"}],"replies":[{"embeddable":true,"href":"https:\/\/www.koli.fi\/de\/wp-json\/wp\/v2\/comments?post=8413"}],"version-history":[{"count":13,"href":"https:\/\/www.koli.fi\/de\/wp-json\/wp\/v2\/pages\/8413\/revisions"}],"predecessor-version":[{"id":31059,"href":"https:\/\/www.koli.fi\/de\/wp-json\/wp\/v2\/pages\/8413\/revisions\/31059"}],"up":[{"embeddable":true,"href":"https:\/\/www.koli.fi\/de\/wp-json\/wp\/v2\/pages\/8362"}],"wp:attachment":[{"href":"https:\/\/www.koli.fi\/de\/wp-json\/wp\/v2\/media?parent=8413"}],"wp:term":[{"taxonomy":"servicecategory","embeddable":true,"href":"https:\/\/www.koli.fi\/de\/wp-json\/wp\/v2\/servicecategories?post=8413"}],"curies":[{"name":"wp","href":"https:\/\/api.w.org\/{rel}","templated":true}]}}