{"id":8438,"date":"2023-09-08T10:14:48","date_gmt":"2023-09-08T07:14:48","guid":{"rendered":"https:\/\/www.koli.fi\/?page_id=8438"},"modified":"2026-02-13T12:27:09","modified_gmt":"2026-02-13T10:27:09","slug":"langstrecken-eislaufen","status":"publish","type":"page","link":"https:\/\/www.koli.fi\/de\/entdeckungen\/aktivitaeten\/langstrecken-eislaufen\/","title":{"rendered":"Langstrecken-Eislaufen"},"content":{"rendered":"\n<p class=\"has-text-align-left\">Tour-Eislaufen ist eine zauberhafte Art, das winterliche Eis zu genie\u00dfen und sich dabei elegant inmitten der Natur zu bewegen. Du kannst die gefrorene Oberfl\u00e4che des Pielinen-Sees auf Tour-Eislaufstrecken rund um Koli, Vuonislahti und auch Nurmes erleben.<\/p>\n\n\n\n<div class=\"wp-block-columns is-layout-flex wp-container-core-columns-is-layout-28f84493 wp-block-columns-is-layout-flex\">\n<div class=\"wp-block-column is-layout-flow wp-block-column-is-layout-flow\" style=\"flex-basis:33.33%\">\n<h4 class=\"wp-block-heading\"><strong>Eislaufstrecke in Koli<\/strong><\/h4>\n\n\n\n<figure class=\"wp-block-image size-large\"><img loading=\"lazy\" decoding=\"async\" width=\"1024\" height=\"1024\" src=\"https:\/\/www.koli.fi\/wp-content\/uploads\/2026\/02\/Retkiluistelurata-Koli-1-1024x1024.jpg\" alt=\"\" class=\"wp-image-31348\" srcset=\"https:\/\/www.koli.fi\/wp-content\/uploads\/2026\/02\/Retkiluistelurata-Koli-1-1024x1024.jpg 1024w, https:\/\/www.koli.fi\/wp-content\/uploads\/2026\/02\/Retkiluistelurata-Koli-1-300x300.jpg 300w, https:\/\/www.koli.fi\/wp-content\/uploads\/2026\/02\/Retkiluistelurata-Koli-1-150x150.jpg 150w, https:\/\/www.koli.fi\/wp-content\/uploads\/2026\/02\/Retkiluistelurata-Koli-1-768x768.jpg 768w, https:\/\/www.koli.fi\/wp-content\/uploads\/2026\/02\/Retkiluistelurata-Koli-1.jpg 1496w\" sizes=\"auto, (max-width: 1024px) 100vw, 1024px\"><\/figure>\n<\/div>\n\n\n\n<div class=\"wp-block-column is-layout-flow wp-block-column-is-layout-flow\" style=\"flex-basis:66.66%\">\n<p>Vom Koli Ski Resort aus erreicht man jetzt eine Tour-Eislaufstrecke, die bis zum Koli-Hafen f\u00fchrt \u2013 etwa 2 km in jede Richtung durch eine wundersch\u00f6ne Landschaft am See vor dem Nationalpark. Diese gepflegte Strecke l\u00e4dt dazu ein, in deinem eigenen Tempo zu gleiten oder ein Winterabenteuer mit der Familie zu erleben.<\/p>\n\n\n\n<p>Die Eislaufstrecke ist frei f\u00fcr alle Eisl\u00e4ufer nutzbar und kann auch von Tretbob-Fahrern oder zu Fu\u00df genutzt werden.<\/p>\n\n\n\n<p>An beiden Enden der Strecke gibt es Pl\u00e4tze, an denen du warme Getr\u00e4nke und kleine Snacks genie\u00dfen kannst \u2013 bei Kolin Rinnetupa und Kolin Satamatupa.<\/p>\n\n\n\n<p>Auf dem nat\u00fcrlichen Eis kann es unebene Stellen und Risse geben \u2013 sei vorsichtig.<\/p>\n\n\n\n<p>Startpunkte:<\/p>\n\n\n\n<ul class=\"wp-block-list\">\n<li>Koli Ski (Rantatie 27)<\/li>\n\n\n\n<li>Koli Harbour (Rantatie 12)<\/li>\n<\/ul>\n\n\n\n<p>An beiden Startpunkten gibt es kostenlose Parkpl\u00e4tze.<\/p>\n\n\n\n<p>Die Route wird vom Koli Ski Resort gepflegt.<\/p>\n<\/div>\n<\/div>\n\n\n\n<div style=\"height:100px\" aria-hidden=\"true\" class=\"wp-block-spacer\"><\/div>\n\n\n\n<div class=\"wp-block-columns is-layout-flex wp-container-core-columns-is-layout-28f84493 wp-block-columns-is-layout-flex\">\n<div class=\"wp-block-column is-layout-flow wp-block-column-is-layout-flow\" style=\"flex-basis:33.33%\">\n<h4 class=\"wp-block-heading\"><strong>Eislaufstrecke in Vuonislahti<\/strong><\/h4>\n\n\n\n<figure class=\"wp-block-image size-large\"><img loading=\"lazy\" decoding=\"async\" width=\"768\" height=\"1024\" src=\"https:\/\/www.koli.fi\/wp-content\/uploads\/2026\/02\/Retkiluistelu-Vuonislahti-2-768x1024.jpg\" alt=\"\" class=\"wp-image-31349\" srcset=\"https:\/\/www.koli.fi\/wp-content\/uploads\/2026\/02\/Retkiluistelu-Vuonislahti-2-768x1024.jpg 768w, https:\/\/www.koli.fi\/wp-content\/uploads\/2026\/02\/Retkiluistelu-Vuonislahti-2-225x300.jpg 225w, https:\/\/www.koli.fi\/wp-content\/uploads\/2026\/02\/Retkiluistelu-Vuonislahti-2-1152x1536.jpg 1152w, https:\/\/www.koli.fi\/wp-content\/uploads\/2026\/02\/Retkiluistelu-Vuonislahti-2-1536x2048.jpg 1536w, https:\/\/www.koli.fi\/wp-content\/uploads\/2026\/02\/Retkiluistelu-Vuonislahti-2-rotated.jpg 1920w, https:\/\/www.koli.fi\/wp-content\/uploads\/2026\/02\/Retkiluistelu-Vuonislahti-2-1200x1600.jpg 1200w\" sizes=\"auto, (max-width: 768px) 100vw, 768px\"><\/figure>\n<\/div>\n\n\n\n<div class=\"wp-block-column is-layout-flow wp-block-column-is-layout-flow\"><\/div>\n\n\n\n<div class=\"wp-block-column is-layout-flow wp-block-column-is-layout-flow\" style=\"flex-basis:66.66%\">\n<p>Eine separate Tour-Eislaufstrecke, die am Hafen von Vuonislahti (Tolkintie, Vuonislahti) beginnt, wurde am 12.02.2026 er\u00f6ffnet und f\u00fchrt als Rundkurs in Richtung Raapio Island \u00fcber eine Distanz von etwa 4 km.<\/p>\n\n\n\n<ul class=\"wp-block-list\">\n<li>Auch hier kann das nat\u00fcrliche Eis Unebenheiten oder Risse aufweisen.<\/li>\n\n\n\n<li>Die direkte Vuonislahti\u2013Koli-Route \u00fcber den See wird in dieser Saison aufgrund unebenen Eises nicht ge\u00f6ffnet.<\/li>\n<\/ul>\n\n\n\n<p>Die Vuonislahti-Strecke wird von der Stadt Lieksa gewartet und ist ebenfalls kostenlos nutzbar.<\/p>\n<\/div>\n<\/div>\n\n\n\n<div style=\"height:100px\" aria-hidden=\"true\" class=\"wp-block-spacer\"><\/div>\n\n\n\n<div class=\"wp-block-columns is-layout-flex wp-container-core-columns-is-layout-28f84493 wp-block-columns-is-layout-flex\">\n<div class=\"wp-block-column is-layout-flow wp-block-column-is-layout-flow\" style=\"flex-basis:33.33%\">\n<h4 class=\"wp-block-heading\"><strong>Eislaufstrecke in Bomba, Nurmes<\/strong><\/h4>\n\n\n\n<figure class=\"wp-block-image size-large\"><img loading=\"lazy\" decoding=\"async\" width=\"820\" height=\"1024\" src=\"https:\/\/www.koli.fi\/wp-content\/uploads\/2026\/02\/Retkiluistelurata-Bomba-1-820x1024.jpg\" alt=\"\" class=\"wp-image-31352\" srcset=\"https:\/\/www.koli.fi\/wp-content\/uploads\/2026\/02\/Retkiluistelurata-Bomba-1-820x1024.jpg 820w, https:\/\/www.koli.fi\/wp-content\/uploads\/2026\/02\/Retkiluistelurata-Bomba-1-240x300.jpg 240w, https:\/\/www.koli.fi\/wp-content\/uploads\/2026\/02\/Retkiluistelurata-Bomba-1-768x960.jpg 768w, https:\/\/www.koli.fi\/wp-content\/uploads\/2026\/02\/Retkiluistelurata-Bomba-1.jpg 922w\" sizes=\"auto, (max-width: 820px) 100vw, 820px\"><\/figure>\n<\/div>\n\n\n\n<div class=\"wp-block-column is-layout-flow wp-block-column-is-layout-flow\" style=\"flex-basis:66.66%\">\n<p>Eine separate Tour-Eislaufstrecke, die am Hafen von Vuonislahti (Tolkintie, In Bomba, Nurmes, gibt es ebenfalls eine Tour\u2011Eislaufstrecke. Die Strecke verl\u00e4uft entlang des Ufers des Pielinen\u2011Sees direkt vor dem Break Sokos Hotel Bomba.<\/p>\n\n\n\n<p>Wie alle nat\u00fcrlichen Eisstrecken kann das Eis uneben sein und Risse aufweisen.<br>Die Vuonislahti\u2013Koli\u2011Route \u00fcber den See wird in dieser Saison aufgrund unebenen Eises nicht ge\u00f6ffnet.<\/p>\n\n\n\n<p>Die Vuonislahti\u2011Strecke wird von Bomba Safaris instand gehalten und ist f\u00fcr die \u00d6ffentlichkeit kostenlos nutzbar.<\/p>\n\n\n\n<p>Startpunkt: Break Sokos Hotel Bomba (Tuulentie 4).<\/p>\n<\/div>\n<\/div>\n\n\n\n<div style=\"height:50px\" aria-hidden=\"true\" class=\"wp-block-spacer\"><\/div>\n\n\n\n<p><\/p>\n\n\n\n<h5 class=\"wp-block-heading\">Verleihger\u00e4te<\/h5>\n\n\n\n<div id=\"pagelinks-block_ddcc4c8102aa37d50a1ea5fb9b7a9652\" class=\"pagelinks-block\">\n\n\t\t\t<div class=\"pagelinks-block__pagelinks grid\" data-size=\"\" data-links=\"[9288,11012,13179]\">\n\t\t<\/div><!-- .pagelinks-block__pagelinks -->\n\n\t\t\n\t<\/div>\n\n\n\n<div style=\"height:50px\" aria-hidden=\"true\" class=\"wp-block-spacer\"><\/div>\n\n\n\n<div class=\"wp-block-columns is-layout-flex wp-container-core-columns-is-layout-28f84493 wp-block-columns-is-layout-flex\">\n<div class=\"wp-block-column is-layout-flow wp-block-column-is-layout-flow\" style=\"flex-basis:33.33%\">\n<h4 class=\"wp-block-heading\">Euron Arena Eislaufbahn<\/h4>\n<\/div>\n\n\n\n<div class=\"wp-block-column is-layout-flow wp-block-column-is-layout-flow\" style=\"flex-basis:66.66%\">\n<p>In Koli kann auch n\u00e4her beim Dorf, in der Euro Arena Koli (Koli Sports Centre, Yl\u00e4-Kolintie 10) geskatet werden. Sie befindet sich etwa 1 km ausserhalb des Dorfes Koli.<\/p>\n<\/div>\n<\/div>\n\n\n\n<div style=\"height:50px\" aria-hidden=\"true\" class=\"wp-block-spacer\"><\/div>\n\n\n\n<h5 class=\"wp-block-heading\">Entdecken Sie auch<\/h5>\n\n\n\n<div id=\"pagelinks-block_dea6adb592b83786242a265f3c6b222a\" class=\"pagelinks-block\">\n\n\t\t\t<div class=\"pagelinks-block__pagelinks carousel\" data-size=\"medium\" data-links=\"[8472,10705]\">\n\t\t<\/div><!-- .pagelinks-block__pagelinks -->\n\n\t\t\t\t\t<div class=\"pagelinks-block__arrows\">\n\t\t\t\t<p><span class=\"current\">1<\/span> \/ <span class=\"total\">2<\/span><\/p>\n\t\t\t<\/div><!-- .pagelinks-block__arrows -->\n\t\t\n\t<\/div>\n\n\n\n<div style=\"height:100px\" aria-hidden=\"true\" class=\"wp-block-spacer\"><\/div>\n","protected":false},"excerpt":{"rendered":"<p>Tour-Eislaufen ist eine zauberhafte Art, das winterliche Eis zu genie\u00dfen und sich dabei elegant inmitten der Natur zu bewegen. Du kannst die gefrorene Oberfl\u00e4che des Pielinen-Sees auf Tour-Eislaufstrecken rund um Koli, Vuonislahti und auch Nurmes erleben. Eislaufstrecke in Koli Vom Koli Ski Resort aus erreicht man jetzt eine Tour-Eislaufstrecke, die bis zum Koli-Hafen f\u00fchrt \u2013 [&hellip;]<\/p>\n","protected":false},"author":18,"featured_media":0,"parent":8362,"menu_order":0,"comment_status":"closed","ping_status":"closed","template":"","meta":{"_acf_changed":false,"footnotes":""},"servicecategories":[268],"class_list":["post-8438","page","type-page","status-publish","hentry","servicecategory-aktivitaten"],"acf":{"hero_type":"image","hero_image":7891,"hero_video":null,"hero_title_upper":"","hero_title":"Tour\u2011Eislaufstrecken in Koli, Vuonislahti und Nurmes erleben.","hero_text":"Koli\u2013Vuonislahti - sieben Kilometer Spa\u00df","hero_link":null,"use_summer":"no","hero_type_summer":"image","hero_image_summer":null,"hero_video_summer":null,"hero_title_upper_summer":"","hero_title_summer":"","hero_text_summer":"","hero_link_summer":[""],"use_winter":"no","hero_type_winter":"image","hero_image_winter":null,"hero_video_winter":null,"hero_title_upper_winter":"","hero_title_winter":"","hero_text_winter":"","hero_link_winter":[""]},"_links":{"self":[{"href":"https:\/\/www.koli.fi\/de\/wp-json\/wp\/v2\/pages\/8438","targetHints":{"allow":["GET"]}}],"collection":[{"href":"https:\/\/www.koli.fi\/de\/wp-json\/wp\/v2\/pages"}],"about":[{"href":"https:\/\/www.koli.fi\/de\/wp-json\/wp\/v2\/types\/page"}],"author":[{"embeddable":true,"href":"https:\/\/www.koli.fi\/de\/wp-json\/wp\/v2\/users\/18"}],"replies":[{"embeddable":true,"href":"https:\/\/www.koli.fi\/de\/wp-json\/wp\/v2\/comments?post=8438"}],"version-history":[{"count":15,"href":"https:\/\/www.koli.fi\/de\/wp-json\/wp\/v2\/pages\/8438\/revisions"}],"predecessor-version":[{"id":31361,"href":"https:\/\/www.koli.fi\/de\/wp-json\/wp\/v2\/pages\/8438\/revisions\/31361"}],"up":[{"embeddable":true,"href":"https:\/\/www.koli.fi\/de\/wp-json\/wp\/v2\/pages\/8362"}],"wp:attachment":[{"href":"https:\/\/www.koli.fi\/de\/wp-json\/wp\/v2\/media?parent=8438"}],"wp:term":[{"taxonomy":"servicecategory","embeddable":true,"href":"https:\/\/www.koli.fi\/de\/wp-json\/wp\/v2\/servicecategories?post=8438"}],"curies":[{"name":"wp","href":"https:\/\/api.w.org\/{rel}","templated":true}]}}