{"id":8449,"date":"2023-09-08T10:22:45","date_gmt":"2023-09-08T07:22:45","guid":{"rendered":"https:\/\/www.koli.fi\/?page_id=8449"},"modified":"2023-12-01T16:29:35","modified_gmt":"2023-12-01T14:29:35","slug":"motorschlittfahren-in-koli","status":"publish","type":"page","link":"https:\/\/www.koli.fi\/de\/entdeckungen\/aktivitaeten\/motorschlittfahren-in-koli\/","title":{"rendered":"Motorschlittentouren in Koli"},"content":{"rendered":"\n<p class=\"has-text-align-center\">Motorschlittentouren versprechen fantastische Erfahrungen durch aufregende, schnelle Fahrten in der verschneiten Landschaft. Motorschlittenfahren ist ein beliebtes Hobby hier und eignet sich f\u00fcr Anf\u00e4nger wie auch Fortgeschrittene. Mit hohem Tempo durch den Schnee fahrend, lassen sich die Scooter doch einfach man\u00f6vrieren und garantieren eine spassige, adrenalingeladene Aktivit\u00e4t. <\/p>\n\n\n\n<p class=\"has-text-align-center\">Koli und Nord-Karelien bieten perfekte Konditionen f\u00fcr Motorschlittentouren: h\u00fcgelige Landschaft, viel Schnee und gutes Essen. Koli ist an das regionale Motorschlitten-Trailnetz mit 1800 km verf\u00fcgbaren Trails angeschlossen.  Wer fit genug ist, kann eine ganze Woche auf den Trails verbringen. Aber auch stundenweise Alternativen bestehen, mit oder ohne F\u00fchrung. <\/p>\n\n\n\n<p class=\"has-text-align-center\">Gef\u00fchrte Motorschlitten-Touren bei <strong>Ruunaan Matkailu<\/strong>.<\/p>\n\n\n\n<p class=\"has-text-align-center\">Interesse an Touren in Koli? Kontaktiere uns auf <strong>sales@koli.fi<\/strong><\/p>\n\n\n\n<div style=\"height:50px\" aria-hidden=\"true\" class=\"wp-block-spacer\"><\/div>\n\n\n\n<h4 class=\"wp-block-heading\">Rental equipments<\/h4>\n\n\n\n<div id=\"pagelinks-block_6bcd124966805721cc1dab7968082084\" class=\"pagelinks-block\">\n\n\t\t\t<div class=\"pagelinks-block__pagelinks carousel\"\n\t\t\tdata-size=\"medium\"\n\t\t\tdata-links=\"[8812,11348]\">\n\t\t<\/div><!-- .pagelinks-block__pagelinks -->\n\n\t\t\t\t\t<div class=\"pagelinks-block__arrows\">\n\t\t\t\t<p><span class=\"current\">1<\/span> \/ <span class=\"total\">2<\/span><\/p>\n\t\t\t<\/div><!-- .pagelinks-block__arrows -->\n\t\t\n\t<\/div>\n\n\n\n<div style=\"height:100px\" aria-hidden=\"true\" class=\"wp-block-spacer\"><\/div>\n","protected":false},"excerpt":{"rendered":"<p>Motorschlittentouren versprechen fantastische Erfahrungen durch aufregende, schnelle Fahrten in der verschneiten Landschaft. Motorschlittenfahren ist ein beliebtes Hobby hier und eignet sich f\u00fcr Anf\u00e4nger wie auch Fortgeschrittene. Mit hohem Tempo durch den Schnee fahrend, lassen sich die Scooter doch einfach man\u00f6vrieren und garantieren eine spassige, adrenalingeladene Aktivit\u00e4t. Koli und Nord-Karelien bieten perfekte Konditionen f\u00fcr Motorschlittentouren: h\u00fcgelige [&hellip;]<\/p>\n","protected":false},"author":18,"featured_media":0,"parent":8362,"menu_order":0,"comment_status":"closed","ping_status":"closed","template":"","meta":{"_acf_changed":false,"footnotes":""},"servicecategories":[268],"class_list":["post-8449","page","type-page","status-publish","hentry","servicecategory-aktivitaten"],"acf":{"hero_type":"image","hero_image":7900,"hero_video":null,"hero_title_upper":"","hero_title":"Motorschlittfahren in Koli","hero_text":"Rasante Fahrten auf 1.800 km","hero_link":"","use_summer":"no","hero_type_summer":"image","hero_image_summer":null,"hero_video_summer":null,"hero_title_upper_summer":"","hero_title_summer":"","hero_text_summer":"","hero_link_summer":null,"use_winter":"no","hero_type_winter":"image","hero_image_winter":null,"hero_video_winter":null,"hero_title_upper_winter":"","hero_title_winter":"","hero_text_winter":"","hero_link_winter":null},"_links":{"self":[{"href":"https:\/\/www.koli.fi\/de\/wp-json\/wp\/v2\/pages\/8449","targetHints":{"allow":["GET"]}}],"collection":[{"href":"https:\/\/www.koli.fi\/de\/wp-json\/wp\/v2\/pages"}],"about":[{"href":"https:\/\/www.koli.fi\/de\/wp-json\/wp\/v2\/types\/page"}],"author":[{"embeddable":true,"href":"https:\/\/www.koli.fi\/de\/wp-json\/wp\/v2\/users\/18"}],"replies":[{"embeddable":true,"href":"https:\/\/www.koli.fi\/de\/wp-json\/wp\/v2\/comments?post=8449"}],"version-history":[{"count":6,"href":"https:\/\/www.koli.fi\/de\/wp-json\/wp\/v2\/pages\/8449\/revisions"}],"predecessor-version":[{"id":12657,"href":"https:\/\/www.koli.fi\/de\/wp-json\/wp\/v2\/pages\/8449\/revisions\/12657"}],"up":[{"embeddable":true,"href":"https:\/\/www.koli.fi\/de\/wp-json\/wp\/v2\/pages\/8362"}],"wp:attachment":[{"href":"https:\/\/www.koli.fi\/de\/wp-json\/wp\/v2\/media?parent=8449"}],"wp:term":[{"taxonomy":"servicecategory","embeddable":true,"href":"https:\/\/www.koli.fi\/de\/wp-json\/wp\/v2\/servicecategories?post=8449"}],"curies":[{"name":"wp","href":"https:\/\/api.w.org\/{rel}","templated":true}]}}