{"id":8514,"date":"2023-09-13T13:17:30","date_gmt":"2023-09-13T10:17:30","guid":{"rendered":"https:\/\/www.koli.fi\/?page_id=8514"},"modified":"2024-06-18T13:29:21","modified_gmt":"2024-06-18T10:29:21","slug":"kanu-und-bootsfahrten","status":"publish","type":"page","link":"https:\/\/www.koli.fi\/de\/entdeckungen\/aktivitaeten\/kanu-und-bootsfahrten\/","title":{"rendered":"Kanu- und Bootsfahrten"},"content":{"rendered":"\n<p class=\"has-text-align-center\">Der Koli umgebende Pielinen-See ist ein vielseitiger Quell von Sommerfreuden, die man bei Touren mit eigenem Ruder-, Paddel- oder SUP-Board oder einem gef\u00fchrten und betreuten Wasserausflug erobern kann. Die Ruunaa-Stromschnellen und Flusstouren auf den Jongunjoki- oder Patvinsuo-Fl\u00fcssen in der N\u00e4he der Ostgrenze sind H\u00f6hepunkte f\u00fcr den Fluss- und Stromschnellenpaddler.<\/p>\n\n\n\n<div style=\"height:55px\" aria-hidden=\"true\" class=\"wp-block-spacer\"><\/div>\n\n\n\n<div class=\"wp-block-columns is-layout-flex wp-container-core-columns-is-layout-28f84493 wp-block-columns-is-layout-flex\">\n<div class=\"wp-block-column is-layout-flow wp-block-column-is-layout-flow\" style=\"flex-basis:33.33%\">\n<h4 class=\"wp-block-heading\">Mietausr\u00fcstung<\/h4>\n<\/div>\n\n\n\n<div class=\"wp-block-column is-layout-flow wp-block-column-is-layout-flow\" style=\"flex-basis:66.66%\">\n<p><strong>Polar Adventures<\/strong> vermietet am Hafen Koli Kanus, Kajaks und SUP Boards. Am Strand Meril\u00e4nranta vermieten <strong>Visit Koli<\/strong> und Koli Camping Kajaks, SUPs, Ruder- oder Motorboote. <\/p>\n\n\n\n<p>Bei ruhigem Wetter ist das sandige Archipel ein beliebtes Ziel. Campingm\u00f6glichkeiten und weisse Sandstr\u00e4nde sind perfekt f\u00fcr Ausfl\u00fcge mit Strand-Leben.<\/p>\n\n\n\n<p>Bitte beachten: Die Regeln des Koli Nationalparks verbieten ein Betreten der Inseln, kleiner als 1 ha, w\u00e4hrend den Brutzeiten zwischen 15. Mai und 17. Juli. Weitere Informationen zur Boot- und Kanu-Destination Koli finden sich auf <a href=\"https:\/\/www.nationalparks.fi\/kolinp\" target=\"_blank\" rel=\"noopener\">nationalparks.fi.<\/a><\/p>\n<\/div>\n<\/div>\n\n\n\n<figure class=\"wp-block-image aligncenter size-large\"><img loading=\"lazy\" decoding=\"async\" width=\"1024\" height=\"683\" src=\"https:\/\/www.koli.fi\/wp-content\/uploads\/2023\/12\/JK_Kolin-Retkiviikko_Melojat_2-1024x683.jpg\" alt=\"\" class=\"wp-image-12581\" srcset=\"https:\/\/www.koli.fi\/wp-content\/uploads\/2023\/12\/JK_Kolin-Retkiviikko_Melojat_2-1024x683.jpg 1024w, https:\/\/www.koli.fi\/wp-content\/uploads\/2023\/12\/JK_Kolin-Retkiviikko_Melojat_2-300x200.jpg 300w, https:\/\/www.koli.fi\/wp-content\/uploads\/2023\/12\/JK_Kolin-Retkiviikko_Melojat_2-768x512.jpg 768w, https:\/\/www.koli.fi\/wp-content\/uploads\/2023\/12\/JK_Kolin-Retkiviikko_Melojat_2-1536x1024.jpg 1536w, https:\/\/www.koli.fi\/wp-content\/uploads\/2023\/12\/JK_Kolin-Retkiviikko_Melojat_2-2048x1365.jpg 2048w, https:\/\/www.koli.fi\/wp-content\/uploads\/2023\/12\/JK_Kolin-Retkiviikko_Melojat_2-1920x1280.jpg 1920w, https:\/\/www.koli.fi\/wp-content\/uploads\/2023\/12\/JK_Kolin-Retkiviikko_Melojat_2-1600x1067.jpg 1600w\" sizes=\"auto, (max-width: 1024px) 100vw, 1024px\"><\/figure>\n\n\n\n<div style=\"height:55px\" aria-hidden=\"true\" class=\"wp-block-spacer\"><\/div>\n\n\n\n<h4 class=\"wp-block-heading\">Kajaktouren mit einem Guide<\/h4>\n\n\n\n<div class=\"wp-block-columns is-layout-flex wp-container-core-columns-is-layout-28f84493 wp-block-columns-is-layout-flex\">\n<div class=\"wp-block-column is-layout-flow wp-block-column-is-layout-flow\" style=\"flex-basis:33.33%\">\n<h5 class=\"wp-block-heading\">Kayaking<\/h5>\n<\/div>\n\n\n\n<div class=\"wp-block-column is-layout-flow wp-block-column-is-layout-flow\" style=\"flex-basis:66.66%\">\n<p><strong>Polar Adventures<\/strong> und <strong>Retkipaikka<\/strong> organisiert ebenfalls Kayaktouren auf dem See Pielien und auf anderen Gew\u00e4ssern der Umgebung. Auf Anfrage kann auch ein Transport von Ausr\u00fcstung und G\u00e4sten zu einem beliebigen Startpunkt organisiert werden. Bei den Kayaks handelt es sich um stabile Sit-on-Top-Kayaks, welche f\u00fcr Anf\u00e4nger bestens geeignet sind. Vor dem Start werden Paddel- und Sicherheits-Instruktionen gegeben.<\/p>\n<\/div>\n<\/div>\n\n\n\n<div style=\"height:55px\" aria-hidden=\"true\" class=\"wp-block-spacer\"><\/div>\n\n\n\n<h4 class=\"wp-block-heading\">Gef\u00fchrte Touren und Mietger\u00e4te f\u00fcr das Wasser<\/h4>\n\n\n\n<div id=\"pagelinks-block_24b1818930a3c0139588715313e42eb1\" class=\"pagelinks-block\">\n\n\t\t\t<div class=\"pagelinks-block__pagelinks grid\" data-size=\"\" data-links=\"[9288,11008,8523,13179]\">\n\t\t<\/div><!-- .pagelinks-block__pagelinks -->\n\n\t\t\n\t<\/div>\n\n\n\n<div style=\"height:55px\" aria-hidden=\"true\" class=\"wp-block-spacer\"><\/div>\n\n\n\n<h4 class=\"wp-block-heading has-text-align-center\"><strong>Tankstellen f\u00fcr Boots-G\u00e4ste in Koli, Lieksa und dem Hafen Nurmes <\/strong><\/h4>\n\n\n\n<p class=\"has-text-align-center\"><strong>Bootstankstelle Lieksa<\/strong>, 24h, Karten-Automat, Braheantie 14, 81700 LIEKSA (Hafen von Lieksa)<br>Treibstoff: 98E5 und Diesel.\u00a0<a href=\"https:\/\/www.lieksa.fi\/en\/etusivu\" target=\"_blank\" rel=\"noopener\">www.lieksa.fi<\/a><\/p>\n\n\n\n<p class=\"has-text-align-center\"><strong>Bootstankstelle Koli<\/strong>, 24h, Kartgen-Automat, Rantatie 12, 83960 KOLI (Koli Fischerhafen)<br>Treibstoff: 98E5 und Diesel.\u00a0<a href=\"https:\/\/www.lieksa.fi\/en\/etusivu\" target=\"_blank\" rel=\"noopener\">www.lieksa.fi<\/a><\/p>\n\n\n\n<p class=\"has-text-align-center\"><strong>Bootstankstelle Nurmes<\/strong>, 24h, Karten-Automat, Tuulentie 10, 75500 NURMES (Hafen Bomba<br>Treibtoff: 98E5 und Diesel.\u00a0<a href=\"https:\/\/www.nurmes.fi\/en\/web\/nurmes_en\" target=\"_blank\" rel=\"noopener\">www.nurmes.fi<\/a><\/p>\n\n\n\n<p><br>\u00a0\u00a0\u00a0\u00a0<br><\/p>\n","protected":false},"excerpt":{"rendered":"<p>Der Koli umgebende Pielinen-See ist ein vielseitiger Quell von Sommerfreuden, die man bei Touren mit eigenem Ruder-, Paddel- oder SUP-Board oder einem gef\u00fchrten und betreuten Wasserausflug erobern kann. Die Ruunaa-Stromschnellen und Flusstouren auf den Jongunjoki- oder Patvinsuo-Fl\u00fcssen in der N\u00e4he der Ostgrenze sind H\u00f6hepunkte f\u00fcr den Fluss- und Stromschnellenpaddler. Mietausr\u00fcstung Polar Adventures vermietet am Hafen [&hellip;]<\/p>\n","protected":false},"author":18,"featured_media":0,"parent":8362,"menu_order":0,"comment_status":"closed","ping_status":"closed","template":"","meta":{"_acf_changed":false,"footnotes":""},"servicecategories":[268],"class_list":["post-8514","page","type-page","status-publish","hentry","servicecategory-aktivitaten"],"acf":{"hero_type":"image","hero_image":7959,"hero_video":null,"hero_title_upper":"","hero_title":"Kanu- und Bootsfahrten","hero_text":"Der finnische Sommer ist ideal f\u00fcr Kanu- und Bootsfahrten","hero_link":"","use_summer":"no","hero_type_summer":"image","hero_image_summer":null,"hero_video_summer":null,"hero_title_upper_summer":"","hero_title_summer":"","hero_text_summer":"","hero_link_summer":null,"use_winter":"no","hero_type_winter":"image","hero_image_winter":null,"hero_video_winter":null,"hero_title_upper_winter":"","hero_title_winter":"","hero_text_winter":"","hero_link_winter":null},"_links":{"self":[{"href":"https:\/\/www.koli.fi\/de\/wp-json\/wp\/v2\/pages\/8514","targetHints":{"allow":["GET"]}}],"collection":[{"href":"https:\/\/www.koli.fi\/de\/wp-json\/wp\/v2\/pages"}],"about":[{"href":"https:\/\/www.koli.fi\/de\/wp-json\/wp\/v2\/types\/page"}],"author":[{"embeddable":true,"href":"https:\/\/www.koli.fi\/de\/wp-json\/wp\/v2\/users\/18"}],"replies":[{"embeddable":true,"href":"https:\/\/www.koli.fi\/de\/wp-json\/wp\/v2\/comments?post=8514"}],"version-history":[{"count":11,"href":"https:\/\/www.koli.fi\/de\/wp-json\/wp\/v2\/pages\/8514\/revisions"}],"predecessor-version":[{"id":21305,"href":"https:\/\/www.koli.fi\/de\/wp-json\/wp\/v2\/pages\/8514\/revisions\/21305"}],"up":[{"embeddable":true,"href":"https:\/\/www.koli.fi\/de\/wp-json\/wp\/v2\/pages\/8362"}],"wp:attachment":[{"href":"https:\/\/www.koli.fi\/de\/wp-json\/wp\/v2\/media?parent=8514"}],"wp:term":[{"taxonomy":"servicecategory","embeddable":true,"href":"https:\/\/www.koli.fi\/de\/wp-json\/wp\/v2\/servicecategories?post=8514"}],"curies":[{"name":"wp","href":"https:\/\/api.w.org\/{rel}","templated":true}]}}