{"id":8699,"date":"2023-09-20T14:35:03","date_gmt":"2023-09-20T11:35:03","guid":{"rendered":"https:\/\/www.koli.fi\/?page_id=8699"},"modified":"2026-03-03T15:03:28","modified_gmt":"2026-03-03T13:03:28","slug":"eisstrasse","status":"publish","type":"page","link":"https:\/\/www.koli.fi\/de\/liebe\/eisstrasse\/","title":{"rendered":"Europas l\u00e4ngste Binnen-Eisstra\u00dfe"},"content":{"rendered":"\n<p>Erleben Sie Koli, die bekanntest Naturlandschaft Finnlands, aus einer anderen Perspektive. Unter einem endlos erscheinenden Himmel und zwischen der H\u00fcgelkette Kolis geht es mit dem Auto \u00fcber das Blankeis der Eisstra\u00dfe zwischen Koli und Vuonislahti.<\/p>\n\n\n\n<p>Mit einer L\u00e4nge von sieben Kilometern ist die Koli-Eisstra\u00dfe die l\u00e4ngste offizielle Inlandeisstra\u00dfe Europas. Der Weg verk\u00fcrzt die Strecke zwischen Koli und Lieksa um 51 Kilometer und bietet Ihnen, wenn die Bedingungen es zulassen, ein einzigartiges Erlebnis. Die Eisstra\u00dfe wird normalerweise mitten im Winter ge\u00f6ffnet, sobald das Eis stark genug ist, um das Gewicht der Fahrzeuge zu tragen. Das erfordert eine bis zu 40 Zentimeter dicke Blankeisschicht.<\/p>\n\n\n\n<p>Die aktuelle Situation hinsichtlich der Befahrbarkeit der Eisstra\u00dfen k\u00f6nnen Sie <a href=\"https:\/\/liikennetilanne.fintraffic.fi\/kartta\/?lang=fi&amp;x=3337266.4&amp;y=9138077.3&amp;z=10&amp;checkedLayers=11&amp;basemap=streets-vector&amp;iceRoadsId=GUID50460693\" target=\"_blank\" rel=\"noreferrer noopener\"><strong>hier<\/strong><\/a> \u00fcberpr\u00fcfen. (FinTraffic)<\/p>\n\n\n\n<figure class=\"wp-block-image aligncenter size-large\"><img loading=\"lazy\" decoding=\"async\" width=\"1024\" height=\"683\" src=\"https:\/\/www.koli.fi\/wp-content\/uploads\/2023\/11\/VisitKarelia_4E5A0942-1-1024x683.jpg\" alt=\"\" class=\"wp-image-11832\" srcset=\"https:\/\/www.koli.fi\/wp-content\/uploads\/2023\/11\/VisitKarelia_4E5A0942-1-1024x683.jpg 1024w, https:\/\/www.koli.fi\/wp-content\/uploads\/2023\/11\/VisitKarelia_4E5A0942-1-300x200.jpg 300w, https:\/\/www.koli.fi\/wp-content\/uploads\/2023\/11\/VisitKarelia_4E5A0942-1-768x512.jpg 768w, https:\/\/www.koli.fi\/wp-content\/uploads\/2023\/11\/VisitKarelia_4E5A0942-1-1536x1024.jpg 1536w, https:\/\/www.koli.fi\/wp-content\/uploads\/2023\/11\/VisitKarelia_4E5A0942-1-2048x1365.jpg 2048w, https:\/\/www.koli.fi\/wp-content\/uploads\/2023\/11\/VisitKarelia_4E5A0942-1-1920x1280.jpg 1920w, https:\/\/www.koli.fi\/wp-content\/uploads\/2023\/11\/VisitKarelia_4E5A0942-1-1600x1067.jpg 1600w\" sizes=\"auto, (max-width: 1024px) 100vw, 1024px\"><\/figure>\n\n\n\n<p>Neben dem Autofahren kannst du die Eisstra\u00dfe auch mit leichteren Fahrzeugen genie\u00dfen. Neben der Eisstra\u00dfe werden Wege f\u00fcr Fu\u00dfg\u00e4nger ger\u00e4umt. Das Erlebnis ist auch mit einem Tretschlitten, beim Schlittschuhlaufen oder Skifahren unvergesslich. Fu\u00dfg\u00e4nger k\u00f6nnen in einer H\u00e4ngematte entlang der Eisstra\u00dfen-Skatingroute verweilen und \u00fcber das aufregende Erlebnis nachdenken.<\/p>\n\n\n\n<p>Die Koli-Eisstra\u00dfe zieht jedes Jahr Touristen aus aller Welt an und ist zweifellos eine seltene Sehensw\u00fcrdigkeit. Es besteht jedoch immer ein Risiko beim \u00dcberqueren der Eisstra\u00dfe, und die Sicherheitsanweisungen m\u00fcssen befolgt werden. Wenn die Sicherheitsvorkehrungen ber\u00fccksichtigt werden, wirst du ein einzigartiges und aufregendes Erlebnis haben, das du kommenden Generationen erz\u00e4hlen kannst.<\/p>\n\n\n\n<div style=\"height:50px\" aria-hidden=\"true\" class=\"wp-block-spacer\"><\/div>\n\n\n\n<div id=\"pagelinks-block_f1a30eb39d486dc97d302d07270b48c9\" class=\"pagelinks-block\">\n\n\t\t\t<div class=\"pagelinks-block__pagelinks grid\" data-size=\"\" data-links=\"[8472,8438,10510]\">\n\t\t<\/div><!-- .pagelinks-block__pagelinks -->\n\n\t\t\n\t<\/div>\n\n\n\n<div style=\"height:100px\" aria-hidden=\"true\" class=\"wp-block-spacer\"><\/div>\n","protected":false},"excerpt":{"rendered":"<p>Erleben Sie Koli, die bekanntest Naturlandschaft Finnlands, aus einer anderen Perspektive. Unter einem endlos erscheinenden Himmel und zwischen der H\u00fcgelkette Kolis geht es mit dem Auto \u00fcber das Blankeis der Eisstra\u00dfe zwischen Koli und Vuonislahti. Mit einer L\u00e4nge von sieben Kilometern ist die Koli-Eisstra\u00dfe die l\u00e4ngste offizielle Inlandeisstra\u00dfe Europas. Der Weg verk\u00fcrzt die Strecke zwischen [&hellip;]<\/p>\n","protected":false},"author":18,"featured_media":0,"parent":8682,"menu_order":0,"comment_status":"closed","ping_status":"closed","template":"","meta":{"_acf_changed":false,"footnotes":""},"servicecategories":[],"class_list":["post-8699","page","type-page","status-publish","hentry"],"acf":{"hero_type":"image","hero_image":9724,"hero_video":null,"hero_title_upper":"","hero_title":"Europas l\u00e4ngste Binnen-Eisstra\u00dfe","hero_text":"Erleben Sie Finnlands bekannteste Landschaft und die Natur Kolis aus einer anderen Perspektive.","hero_link":null,"use_summer":"no","hero_type_summer":"image","hero_image_summer":null,"hero_video_summer":null,"hero_title_upper_summer":"","hero_title_summer":"","hero_text_summer":"","hero_link_summer":[""],"use_winter":"no","hero_type_winter":"image","hero_image_winter":null,"hero_video_winter":null,"hero_title_upper_winter":"","hero_title_winter":"","hero_text_winter":"","hero_link_winter":[""]},"_links":{"self":[{"href":"https:\/\/www.koli.fi\/de\/wp-json\/wp\/v2\/pages\/8699","targetHints":{"allow":["GET"]}}],"collection":[{"href":"https:\/\/www.koli.fi\/de\/wp-json\/wp\/v2\/pages"}],"about":[{"href":"https:\/\/www.koli.fi\/de\/wp-json\/wp\/v2\/types\/page"}],"author":[{"embeddable":true,"href":"https:\/\/www.koli.fi\/de\/wp-json\/wp\/v2\/users\/18"}],"replies":[{"embeddable":true,"href":"https:\/\/www.koli.fi\/de\/wp-json\/wp\/v2\/comments?post=8699"}],"version-history":[{"count":11,"href":"https:\/\/www.koli.fi\/de\/wp-json\/wp\/v2\/pages\/8699\/revisions"}],"predecessor-version":[{"id":31516,"href":"https:\/\/www.koli.fi\/de\/wp-json\/wp\/v2\/pages\/8699\/revisions\/31516"}],"up":[{"embeddable":true,"href":"https:\/\/www.koli.fi\/de\/wp-json\/wp\/v2\/pages\/8682"}],"wp:attachment":[{"href":"https:\/\/www.koli.fi\/de\/wp-json\/wp\/v2\/media?parent=8699"}],"wp:term":[{"taxonomy":"servicecategory","embeddable":true,"href":"https:\/\/www.koli.fi\/de\/wp-json\/wp\/v2\/servicecategories?post=8699"}],"curies":[{"name":"wp","href":"https:\/\/api.w.org\/{rel}","templated":true}]}}