{"id":8703,"date":"2023-09-20T14:31:15","date_gmt":"2023-09-20T11:31:15","guid":{"rendered":"https:\/\/www.koli.fi\/?page_id=8703"},"modified":"2024-12-05T14:48:08","modified_gmt":"2024-12-05T12:48:08","slug":"puu-juuka","status":"publish","type":"page","link":"https:\/\/www.koli.fi\/de\/liebe\/puu-juuka\/","title":{"rendered":"Historisches Puu-Juuka"},"content":{"rendered":"\n<p>Stellen Sie sich eine Reihe von Holzh\u00e4usern vor, an denen Pferdekutschen vorbeifahren und Menschen gesch\u00e4ftig auf den Stra\u00dfen der kleinen Stadt Neuigkeiten austauschen und ihren Angelegenheiten nachgehen. Verschiedene Waren wechseln den Besitzer und Handwerker zeigen ihr K\u00f6nnen. <\/p>\n\n\n\n<p>In der Gemeinde Juuka, am Westufer des Pielinen-Sees in der n\u00f6rdlichen Seenplatte, tauchen Sie in eine andere Zeit ein. Erkunden Sie das historische Zentrum von Juuka, auch Puu-Juuka genannt, und lassen Sie sich von dem urspr\u00fcnglichen Aussehen der zahlreichen Holzh\u00e4user verzaubern. <\/p>\n\n\n\n<figure class=\"wp-block-gallery has-nested-images columns-default is-cropped wp-block-gallery-1 is-layout-flex wp-block-gallery-is-layout-flex\">\n<figure class=\"wp-block-image size-large\"><img loading=\"lazy\" decoding=\"async\" width=\"1024\" height=\"841\" data-id=\"11838\" src=\"https:\/\/www.koli.fi\/wp-content\/uploads\/2023\/11\/IMG-20230615-WA0020-1024x841.jpg\" alt=\"\" class=\"wp-image-11838\" srcset=\"https:\/\/www.koli.fi\/wp-content\/uploads\/2023\/11\/IMG-20230615-WA0020-1024x841.jpg 1024w, https:\/\/www.koli.fi\/wp-content\/uploads\/2023\/11\/IMG-20230615-WA0020-300x246.jpg 300w, https:\/\/www.koli.fi\/wp-content\/uploads\/2023\/11\/IMG-20230615-WA0020-768x631.jpg 768w, https:\/\/www.koli.fi\/wp-content\/uploads\/2023\/11\/IMG-20230615-WA0020.jpg 1525w\" sizes=\"auto, (max-width: 1024px) 100vw, 1024px\"><\/figure>\n\n\n\n<figure class=\"wp-block-image size-large\"><img loading=\"lazy\" decoding=\"async\" width=\"1024\" height=\"820\" data-id=\"11841\" src=\"https:\/\/www.koli.fi\/wp-content\/uploads\/2023\/11\/IMG-20230615-WA0021-1024x820.jpg\" alt=\"\" class=\"wp-image-11841\" srcset=\"https:\/\/www.koli.fi\/wp-content\/uploads\/2023\/11\/IMG-20230615-WA0021-1024x820.jpg 1024w, https:\/\/www.koli.fi\/wp-content\/uploads\/2023\/11\/IMG-20230615-WA0021-300x240.jpg 300w, https:\/\/www.koli.fi\/wp-content\/uploads\/2023\/11\/IMG-20230615-WA0021-768x615.jpg 768w, https:\/\/www.koli.fi\/wp-content\/uploads\/2023\/11\/IMG-20230615-WA0021-1536x1229.jpg 1536w, https:\/\/www.koli.fi\/wp-content\/uploads\/2023\/11\/IMG-20230615-WA0021-1600x1281.jpg 1600w, https:\/\/www.koli.fi\/wp-content\/uploads\/2023\/11\/IMG-20230615-WA0021.jpg 1708w\" sizes=\"auto, (max-width: 1024px) 100vw, 1024px\"><\/figure>\n\n\n\n<figure class=\"wp-block-image size-large\"><img loading=\"lazy\" decoding=\"async\" width=\"1024\" height=\"738\" data-id=\"11844\" src=\"https:\/\/www.koli.fi\/wp-content\/uploads\/2023\/11\/IMG-20230615-WA0022-1024x738.jpg\" alt=\"\" class=\"wp-image-11844\" srcset=\"https:\/\/www.koli.fi\/wp-content\/uploads\/2023\/11\/IMG-20230615-WA0022-1024x738.jpg 1024w, https:\/\/www.koli.fi\/wp-content\/uploads\/2023\/11\/IMG-20230615-WA0022-300x216.jpg 300w, https:\/\/www.koli.fi\/wp-content\/uploads\/2023\/11\/IMG-20230615-WA0022-768x553.jpg 768w, https:\/\/www.koli.fi\/wp-content\/uploads\/2023\/11\/IMG-20230615-WA0022.jpg 1338w\" sizes=\"auto, (max-width: 1024px) 100vw, 1024px\"><\/figure>\n<\/figure>\n\n\n\n<div style=\"height:50px\" aria-hidden=\"true\" class=\"wp-block-spacer\"><\/div>\n\n\n\n<p>Bereits im 16. Jahrhundert befand sich am Fluss Juuanjoki ein Dorf, das sich im 19. Jahrhundert durch die Errichtung verschiedener Handelsgesch\u00e4fte und anderer Geb\u00e4uden zu einer gesch\u00e4ftigen Gemeinde entwickelte. Die historischen H\u00e4user dienen auch heute noch als Wohn-, Gewerbe- und \u00f6ffentliche Geb\u00e4ude, darunter das M\u00fchlenmuseum, die Vikil\u00e4-Kunsth\u00e4user, der Puuhelmi-Kindergarten, die Volkshochschule, das Arbeiterhaus und das Kunstgut mit seinen Unternehmen aus verschiedenen Branchen. <\/p>\n\n\n\n<p>Puu-Juuka ist ein kulturhistorisch bedeutsames und selten erhaltenes architektonische Erbe. Die \u00e4ltesten Geb\u00e4ude stammen aus dem sp\u00e4ten 19. und fr\u00fchen 20. Jahrhundert. In Puu-Juuka gibt es viele H\u00e4user, die unter Denkmalschutz stehen. Bei einem Besuch sollten Sie die Geb\u00e4ude genau betrachten, denn es gibt interessante Details wie Fassaden, dekorative Fensterrahmen und Traufwinkel.<\/p>\n\n\n\n<div style=\"height:50px\" aria-hidden=\"true\" class=\"wp-block-spacer\"><\/div>\n\n\n\n<div id=\"pagelinks-block_9cec88382382cd5926bcd66485ec4de3\" class=\"pagelinks-block\">\n\n\t\t\t<div class=\"pagelinks-block__pagelinks grid\" data-size=\"\" data-links=\"[11340,8910,10774]\">\n\t\t<\/div><!-- .pagelinks-block__pagelinks -->\n\n\t\t\n\t<\/div>\n\n\n\n<div style=\"height:100px\" aria-hidden=\"true\" class=\"wp-block-spacer\"><\/div>\n","protected":false},"excerpt":{"rendered":"<p>Stellen Sie sich eine Reihe von Holzh\u00e4usern vor, an denen Pferdekutschen vorbeifahren und Menschen gesch\u00e4ftig auf den Stra\u00dfen der kleinen Stadt Neuigkeiten austauschen und ihren Angelegenheiten nachgehen. Verschiedene Waren wechseln den Besitzer und Handwerker zeigen ihr K\u00f6nnen. In der Gemeinde Juuka, am Westufer des Pielinen-Sees in der n\u00f6rdlichen Seenplatte, tauchen Sie in eine andere Zeit [&hellip;]<\/p>\n","protected":false},"author":18,"featured_media":0,"parent":8682,"menu_order":0,"comment_status":"closed","ping_status":"closed","template":"","meta":{"_acf_changed":false,"footnotes":""},"servicecategories":[],"class_list":["post-8703","page","type-page","status-publish","hentry"],"acf":{"hero_type":"image","hero_image":15271,"hero_video":null,"hero_title_upper":"","hero_title":"Historisches Puu-Juuka","hero_text":"Sp\u00fcren Sie die Atmosph\u00e4re vergangener Epochen in den historischen H\u00e4usern von Puu-Juuka!","hero_link":[""],"use_summer":"yes","hero_type_summer":"image","hero_image_summer":15271,"hero_video_summer":null,"hero_title_upper_summer":"","hero_title_summer":"Historisches Puu-Juuka","hero_text_summer":"Sp\u00fcren Sie die Atmosph\u00e4re vergangener Epochen in den historischen H\u00e4usern von Puu-Juuka!","hero_link_summer":[""],"use_winter":"yes","hero_type_winter":"image","hero_image_winter":14288,"hero_video_winter":null,"hero_title_upper_winter":"","hero_title_winter":"Historisches Puu-Juuka","hero_text_winter":"Sp\u00fcren Sie die Atmosph\u00e4re vergangener Epochen in den historischen H\u00e4usern von Puu-Juuka!","hero_link_winter":[""]},"_links":{"self":[{"href":"https:\/\/www.koli.fi\/de\/wp-json\/wp\/v2\/pages\/8703","targetHints":{"allow":["GET"]}}],"collection":[{"href":"https:\/\/www.koli.fi\/de\/wp-json\/wp\/v2\/pages"}],"about":[{"href":"https:\/\/www.koli.fi\/de\/wp-json\/wp\/v2\/types\/page"}],"author":[{"embeddable":true,"href":"https:\/\/www.koli.fi\/de\/wp-json\/wp\/v2\/users\/18"}],"replies":[{"embeddable":true,"href":"https:\/\/www.koli.fi\/de\/wp-json\/wp\/v2\/comments?post=8703"}],"version-history":[{"count":11,"href":"https:\/\/www.koli.fi\/de\/wp-json\/wp\/v2\/pages\/8703\/revisions"}],"predecessor-version":[{"id":18088,"href":"https:\/\/www.koli.fi\/de\/wp-json\/wp\/v2\/pages\/8703\/revisions\/18088"}],"up":[{"embeddable":true,"href":"https:\/\/www.koli.fi\/de\/wp-json\/wp\/v2\/pages\/8682"}],"wp:attachment":[{"href":"https:\/\/www.koli.fi\/de\/wp-json\/wp\/v2\/media?parent=8703"}],"wp:term":[{"taxonomy":"servicecategory","embeddable":true,"href":"https:\/\/www.koli.fi\/de\/wp-json\/wp\/v2\/servicecategories?post=8703"}],"curies":[{"name":"wp","href":"https:\/\/api.w.org\/{rel}","templated":true}]}}