{"id":8706,"date":"2023-09-20T12:25:58","date_gmt":"2023-09-20T09:25:58","guid":{"rendered":"https:\/\/www.koli.fi\/?page_id=8706"},"modified":"2024-07-10T10:47:05","modified_gmt":"2024-07-10T07:47:05","slug":"ruunaa-stromschnellen","status":"publish","type":"page","link":"https:\/\/www.koli.fi\/de\/liebe\/ruunaa-stromschnellen\/","title":{"rendered":"Ruunaa-Stromschnellen"},"content":{"rendered":"\n<p>Sp\u00fcren Sie die Urkraft der Natur im Wandergebiet von Ruunaa. Die Landschaft der Gegend wird vor allem durch den Fluss Lieksanjoki mit seinen rauschenden Stromschnellen und die f\u00fcr Nordkarelien typischen Kiefernw\u00e4lder gepr\u00e4gt \u2013 die ideale Umgebung f\u00fcr verschiedenste Outdoor-Aktivit\u00e4ten. Erleben Sie beim Wandern die abwechslungsreiche Natur, werden Sie beim Rafting zum Abenteuerer, machen Sie beim Fliegenfischen den Fang Ihres Lebens oder genie\u00dfen Sie inmitten des immergr\u00fcnen Waldes die Stille der Wildnis. Ruunaa liegt nur einen Katzensprung von Lieksa entfernt und von Koli oder Joensuu aus dauert die Fahrt mit dem Auto in etwa eineinhalb Stunden. <\/p>\n\n\n\n<p>Beim Wandern und Radfahren erkunden Sie die uralten W\u00e4lder und ihre Fauna und Flora auf insgesamt 50 Kilometern gut markierter Wege. Auch der Weitwanderweg \u201eB\u00e4renpfad\u201c ist mit dem Wegenetz verbunden. Auf den gut gepflegten Lagerfeuerpl\u00e4tzen haben Sie die M\u00f6glichkeit f\u00fcr eine ausgiebige Pause und ein Picknick in der freien Natur.<\/p>\n\n\n\n<figure class=\"wp-block-image size-large\"><img loading=\"lazy\" decoding=\"async\" width=\"1024\" height=\"683\" src=\"https:\/\/www.koli.fi\/wp-content\/uploads\/2023\/11\/visitkarelia-Pielisen-Karjala-Ruunaan-Matkailu-koskivene-by-Jarno-Artika-2-of-6-1024x683.jpg\" alt=\"\" class=\"wp-image-12094\" srcset=\"https:\/\/www.koli.fi\/wp-content\/uploads\/2023\/11\/visitkarelia-Pielisen-Karjala-Ruunaan-Matkailu-koskivene-by-Jarno-Artika-2-of-6-1024x683.jpg 1024w, https:\/\/www.koli.fi\/wp-content\/uploads\/2023\/11\/visitkarelia-Pielisen-Karjala-Ruunaan-Matkailu-koskivene-by-Jarno-Artika-2-of-6-300x200.jpg 300w, https:\/\/www.koli.fi\/wp-content\/uploads\/2023\/11\/visitkarelia-Pielisen-Karjala-Ruunaan-Matkailu-koskivene-by-Jarno-Artika-2-of-6-768x512.jpg 768w, https:\/\/www.koli.fi\/wp-content\/uploads\/2023\/11\/visitkarelia-Pielisen-Karjala-Ruunaan-Matkailu-koskivene-by-Jarno-Artika-2-of-6-1536x1024.jpg 1536w, https:\/\/www.koli.fi\/wp-content\/uploads\/2023\/11\/visitkarelia-Pielisen-Karjala-Ruunaan-Matkailu-koskivene-by-Jarno-Artika-2-of-6-2048x1365.jpg 2048w, https:\/\/www.koli.fi\/wp-content\/uploads\/2023\/11\/visitkarelia-Pielisen-Karjala-Ruunaan-Matkailu-koskivene-by-Jarno-Artika-2-of-6-1920x1280.jpg 1920w, https:\/\/www.koli.fi\/wp-content\/uploads\/2023\/11\/visitkarelia-Pielisen-Karjala-Ruunaan-Matkailu-koskivene-by-Jarno-Artika-2-of-6-1600x1067.jpg 1600w\" sizes=\"auto, (max-width: 1024px) 100vw, 1024px\"><\/figure>\n\n\n\n<p>Die Stromschnellen von Ruunaa kannst du auf verschiedene Weise bewundern, z. B. beim Angeln vom Ufer oder vom Boot aus. Du kannst eine Vielzahl von Fischen fangen, von eingesetzten bis hin zu wildlebenden. Wenn du abenteuerlustig bist und nach Erlebnissen d\u00fcrstest, kannst du die Stromschnellen hautnah erleben \u2013 die bekannteste Aktivit\u00e4t in der Gegend ist das Wildwasser-Rafting. Auf dem 16 Kilometer langen Gebiet gibt es sechs Stromschnellen: Paasikoski, Haapavitja, Kattila, Murroo und Siikakoski. Die Kraft der Stromschnellen und Finnlands besten Raftingplatz kannst du mit einem Gummi- oder Holzboot erkunden. Mit einem Gummiboot kannst du vier sehr unterschiedliche Stromschnellen hinunterfahren, aber mit einem Holzboot kannst du die gesamte Pracht erleben und alle sechs Stromschnellen hinunterfahren. Besonders im Fr\u00fchjahr w\u00e4hrend der Flut kommt die Kraft der Stromschnellen zur Geltung.<\/p>\n\n\n\n<p>Das Gebiet ist vielf\u00e4ltig und bietet Aktivit\u00e4ten und Ruhe f\u00fcr Menschen jeden Alters und Fitnessniveaus. Es gibt auch hervorragende barrierefreie Dienstleistungen. Um das Gebiet der Ruunaa-Stromschnellen in Ruhe zu erleben, w\u00e4hle eine f\u00fcr dich passende Unterkunft aus den vielen \u00dcbernachtungsm\u00f6glichkeiten. Nach einem aktiven Tag kannst du in deinem Zelt oder Wohnmobil im Campingbereich entspannen, aber es gibt auch verschiedene H\u00fctten und Ferienh\u00e4user, in denen selbst der anspruchsvollste Reisende bequem \u00fcbernachten kann.<\/p>\n\n\n\n<p>Ruunaa ist ein Erlebnis, das man sich nicht entgehen lassen sollte.<\/p>\n\n\n\n<h4 class=\"wp-block-heading\">Erlebnisse in der N\u00e4he<\/h4>\n\n\n\n<div id=\"pagelinks-block_a1ec7f38b9134adf3d208e6a4635036b\" class=\"pagelinks-block\">\n\n\t\t\t<div class=\"pagelinks-block__pagelinks carousel\" data-size=\"small\" data-links=\"[8377,5218,7466,6341,8919]\">\n\t\t<\/div><!-- .pagelinks-block__pagelinks -->\n\n\t\t\t\t\t<div class=\"pagelinks-block__arrows\">\n\t\t\t\t<p><span class=\"current\">1<\/span> \/ <span class=\"total\">5<\/span><\/p>\n\t\t\t<\/div><!-- .pagelinks-block__arrows -->\n\t\t\n\t<\/div>\n\n\n\n<div style=\"height:100px\" aria-hidden=\"true\" class=\"wp-block-spacer\"><\/div>\n","protected":false},"excerpt":{"rendered":"<p>Sp\u00fcren Sie die Urkraft der Natur im Wandergebiet von Ruunaa. Die Landschaft der Gegend wird vor allem durch den Fluss Lieksanjoki mit seinen rauschenden Stromschnellen und die f\u00fcr Nordkarelien typischen Kiefernw\u00e4lder gepr\u00e4gt &#8211; die ideale Umgebung f\u00fcr verschiedenste Outdoor-Aktivit\u00e4ten. Erleben Sie beim Wandern die abwechslungsreiche Natur, werden Sie beim Rafting zum Abenteuerer, machen Sie beim [&hellip;]<\/p>\n","protected":false},"author":18,"featured_media":0,"parent":8682,"menu_order":0,"comment_status":"closed","ping_status":"closed","template":"","meta":{"_acf_changed":false,"footnotes":""},"servicecategories":[62],"class_list":["post-8706","page","type-page","status-publish","hentry","servicecategory-naturliche-standorte"],"acf":{"hero_type":"image","hero_image":4404,"hero_video":null,"hero_title_upper":"","hero_title":"Ruunaa-Stromschnellen","hero_text":"Erleben Sie die Kraft der Stromschnellen inmitten bezaubernder Natur!","hero_link":"","use_summer":"no","hero_type_summer":"image","hero_image_summer":null,"hero_video_summer":null,"hero_title_upper_summer":"","hero_title_summer":"","hero_text_summer":"","hero_link_summer":null,"use_winter":"no","hero_type_winter":"image","hero_image_winter":null,"hero_video_winter":null,"hero_title_upper_winter":"","hero_title_winter":"","hero_text_winter":"","hero_link_winter":null},"_links":{"self":[{"href":"https:\/\/www.koli.fi\/de\/wp-json\/wp\/v2\/pages\/8706","targetHints":{"allow":["GET"]}}],"collection":[{"href":"https:\/\/www.koli.fi\/de\/wp-json\/wp\/v2\/pages"}],"about":[{"href":"https:\/\/www.koli.fi\/de\/wp-json\/wp\/v2\/types\/page"}],"author":[{"embeddable":true,"href":"https:\/\/www.koli.fi\/de\/wp-json\/wp\/v2\/users\/18"}],"replies":[{"embeddable":true,"href":"https:\/\/www.koli.fi\/de\/wp-json\/wp\/v2\/comments?post=8706"}],"version-history":[{"count":10,"href":"https:\/\/www.koli.fi\/de\/wp-json\/wp\/v2\/pages\/8706\/revisions"}],"predecessor-version":[{"id":16227,"href":"https:\/\/www.koli.fi\/de\/wp-json\/wp\/v2\/pages\/8706\/revisions\/16227"}],"up":[{"embeddable":true,"href":"https:\/\/www.koli.fi\/de\/wp-json\/wp\/v2\/pages\/8682"}],"wp:attachment":[{"href":"https:\/\/www.koli.fi\/de\/wp-json\/wp\/v2\/media?parent=8706"}],"wp:term":[{"taxonomy":"servicecategory","embeddable":true,"href":"https:\/\/www.koli.fi\/de\/wp-json\/wp\/v2\/servicecategories?post=8706"}],"curies":[{"name":"wp","href":"https:\/\/api.w.org\/{rel}","templated":true}]}}