{"id":8826,"date":"2023-09-28T10:33:53","date_gmt":"2023-09-28T07:33:53","guid":{"rendered":"https:\/\/www.koli.fi\/?page_id=8826"},"modified":"2025-09-19T10:49:21","modified_gmt":"2025-09-19T07:49:21","slug":"die-vier-jahreszeiten-von-koli","status":"publish","type":"page","link":"https:\/\/www.koli.fi\/de\/liebe\/die-vier-jahreszeiten-von-koli\/","title":{"rendered":"Die vier Jahreszeiten von Koli"},"content":{"rendered":"\n<p class=\"has-text-align-center\">Die rauen H\u00fcgellandschaften und die Natur von Koli und Lieksa ver\u00e4ndern sich mit den Jahreszeiten. Die vor \u00fcber zwei Milliarden Jahren entstandenen H\u00fcgel begeistern und erstaunen das ganze Jahr \u00fcber Hunderttausende von Besuchern. Koli bietet seinen Besuchern immer Erlebnisse, und die verschiedenen Jahreszeiten verleihen diesen Erlebnissen ihre eigene W\u00fcrze.<br><\/p>\n\n\n\n<div class=\"wp-block-columns is-layout-flex wp-container-core-columns-is-layout-28f84493 wp-block-columns-is-layout-flex\">\n<div class=\"wp-block-column is-layout-flow wp-block-column-is-layout-flow\" style=\"flex-basis:33.33%\">\n<h4 class=\"wp-block-heading\">Finnische Sommertradition bl\u00fcht auf<\/h4>\n<\/div>\n\n\n\n<div class=\"wp-block-column is-layout-flow wp-block-column-is-layout-flow\" style=\"flex-basis:66.66%\">\n<p>Im Juni ist der Tag am l\u00e4ngsten und die Blumenwiesen des Koli-Nationalparks sind am pr\u00e4chtigsten.<\/p>\n\n\n\n<p>Im Sommer genie\u00dft man in Koli die Wellen, Inseln und Ufer des gro\u00dfen Sees Pielinen sowie das ruhigere Pl\u00e4tschern kleinerer Seen. Im Wandergebiet Ruunaa ist die Wildwasser-Rafting-Saison im Gange und dauert bis weit in den Herbst hinein. Die Menschen verbringen ihren Urlaub in den zahlreichen H\u00fctten der Region, grillen, saunieren, wandern und reiten. Der Koli-Nationalpark begr\u00fc\u00dft Sommervieh wie Schafe, Pferde und Ostfinnisches Rindvieh, die in der Kulturlandschaft weiden und die Naturliebhaber erfreuen.<\/p>\n\n\n\n<p>Der Sommer in Koli ist auch ein Kultursommer, mit Musik, Theater, Kom\u00f6die und Kulturgeschichte! Die Lieksa Brass Woche, die Monola Festwoche, die vielen Sommertheater in der Umgebung und das Pielinen Soi Festival bieten Kulturfreunden Freude und Denkanst\u00f6\u00dfe. Ein Besuch im Koli Heimatmuseum macht die Besucher mit der Geschichte der Koli-Region vertraut.<\/p>\n<\/div>\n<\/div>\n\n\n\n<div id=\"pagelinks-block_06c4406c2adcdc98aaccbbd211a27d81\" class=\"pagelinks-block\">\n\n\t\t\t<div class=\"pagelinks-block__pagelinks grid\"\n\t\t\tdata-size=\"\"\n\t\t\tdata-links=\"[10749,10751,8362]\">\n\t\t<\/div><!-- .pagelinks-block__pagelinks -->\n\n\t\t\n\t<\/div>\n\n\n\n<div style=\"height:50px\" aria-hidden=\"true\" class=\"wp-block-spacer\"><\/div>\n\n\n\n<div class=\"wp-block-columns is-layout-flex wp-container-core-columns-is-layout-28f84493 wp-block-columns-is-layout-flex\">\n<div class=\"wp-block-column is-layout-flow wp-block-column-is-layout-flow\" style=\"flex-basis:33.33%\">\n<h4 class=\"wp-block-heading\">Der Herbst ist die goldene Zeit f\u00fcr Wanderer<\/h4>\n<\/div>\n\n\n\n<div class=\"wp-block-column is-layout-flow wp-block-column-is-layout-flow\" style=\"flex-basis:66.66%\">\n<p>Die Landschaften von Koli sind ber\u00fchmt f\u00fcr ihre Herbstfarben. Die W\u00e4lder der Region sind aufgrund des Brandrodungsanbaus reich an Birken, Ebereschen und Espen, die sich im Herbst in Gelb-, Rot- und Oranget\u00f6nen f\u00e4rben. Das \u00fcber hundert Kilometer lange Netz von Wegen und Pfaden f\u00fchrt Wanderer und L\u00e4ufer zu hohen H\u00fcgeln, von denen aus Hunderte von Quadratkilometern Landschaft auf einmal bewundert werden k\u00f6nnen.<\/p>\n\n\n\n<p>Auch der Herbst ist reich an Veranstaltungen: Im September genie\u00dft man den Koli Ruska Blues, und im Oktober werden die finnischen Trailrunning-Meister beim Vaarojen Marathon gekr\u00f6nt.<\/p>\n<\/div>\n<\/div>\n\n\n\n<div id=\"pagelinks-block_5829fd93e0f83ca6d9bcd62a734b969f\" class=\"pagelinks-block\">\n\n\t\t\t<div class=\"pagelinks-block__pagelinks grid\"\n\t\t\tdata-size=\"\"\n\t\t\tdata-links=\"[10747,8421,10780]\">\n\t\t<\/div><!-- .pagelinks-block__pagelinks -->\n\n\t\t\n\t<\/div>\n\n\n\n<div style=\"height:50px\" aria-hidden=\"true\" class=\"wp-block-spacer\"><\/div>\n\n\n\n<div class=\"wp-block-columns is-layout-flex wp-container-core-columns-is-layout-28f84493 wp-block-columns-is-layout-flex\">\n<div class=\"wp-block-column is-layout-flow wp-block-column-is-layout-flow\" style=\"flex-basis:33.33%\">\n<h4 class=\"wp-block-heading\">Garantierter Schnee<\/h4>\n<\/div>\n\n\n\n<div class=\"wp-block-column is-layout-flow wp-block-column-is-layout-flow\" style=\"flex-basis:66.66%\">\n<p>Mutige Skifahrer wedeln bereits seit 1938 die H\u00e4nge von Koli hinunter, als die Slalompiste fertiggestellt wurde. Die sch\u00f6nsten Skiveranstaltungen des Landes, abwechslungsreiche Langlaufloipen und die von schwerem Schnee bedeckten Landschaften machen Koli zu einem idyllischen Winterziel.<\/p>\n\n\n\n<p>Die Langlaufsaison beginnt in Koli fr\u00fcher als in anderen Gebieten, entweder auf Koli oder auf den Kunstschneestrecken im benachbarten Biathlonstadion von Kontiolahti.<\/p>\n\n\n\n<p>In der Mitte des Winters ist eine Autofahrt auf Europas l\u00e4ngster offizieller Eisstra\u00dfe \u00fcber Binnengew\u00e4sser bereits ein aufregendes Erlebnis, mit 40 Metern Wasser unter Ihrem Auto und der Eisschicht. Koli eignet sich besonders gut f\u00fcr Schneeschuhwanderungen: die H\u00f6henunterschiede und der tiefe Schnee machen Koli zu einem Traumziel f\u00fcr Schneeschuhwanderer. Koli lohnt sich auch im Winter!<\/p>\n<\/div>\n<\/div>\n\n\n\n<div id=\"pagelinks-block_9d37628018451a9ff6d5a92ac2e8dfc4\" class=\"pagelinks-block\">\n\n\t\t\t<div class=\"pagelinks-block__pagelinks grid\"\n\t\t\tdata-size=\"\"\n\t\t\tdata-links=\"[10510,8472,10696]\">\n\t\t<\/div><!-- .pagelinks-block__pagelinks -->\n\n\t\t\n\t<\/div>\n\n\n\n<div style=\"height:50px\" aria-hidden=\"true\" class=\"wp-block-spacer\"><\/div>\n\n\n\n<div class=\"wp-block-columns is-layout-flex wp-container-core-columns-is-layout-28f84493 wp-block-columns-is-layout-flex\">\n<div class=\"wp-block-column is-layout-flow wp-block-column-is-layout-flow\" style=\"flex-basis:33.33%\">\n<h4 class=\"wp-block-heading\">Hellgr\u00fcner Fr\u00fchling<\/h4>\n<\/div>\n\n\n\n<div class=\"wp-block-column is-layout-flow wp-block-column-is-layout-flow\" style=\"flex-basis:66.66%\">\n<p>Der Winter in Koli dauert lange. Die nach Osten und Norden ausgerichteten H\u00e4nge von Koli sorgen daf\u00fcr, dass man bis weit in das Fr\u00fchjahr hinein Ski fahren kann.<\/p>\n\n\n\n<p>Wenn der Schnee schlie\u00dflich schmilzt, ist auf den schr\u00e4gen H\u00e4ngen von Koli das Rauschen und Pl\u00e4tschern des Wassers zu h\u00f6ren! Die Natur erwacht und die Vogelkonzerte nehmen zu \u2013 im Koli-Nationalpark wurden mindestens 4.078 Arten entdeckt, mehr als in jedem anderen finnischen Nationalpark.<\/p>\n\n\n\n<p>Im April und Mai kommen viele Gruppen nach Koli, um die Zukunft zu planen und Besprechungen abzuhalten. Neue Ideen k\u00f6nnen in einer kleinen Gruppe bei einem Kota-Dinner oder in einer gr\u00f6\u00dferen Runde im Auditorium des Naturzentrums Ukko, das bis zu 200 Personen fasst, entwickelt werden. Gruppen k\u00f6nnen auch den eisfreien Pielinen bewundern, wo Liebhaber von kaltem Wasser auch ihren ersten Schwumm des Jahres wagen k\u00f6nnen.<\/p>\n<\/div>\n<\/div>\n\n\n\n<div id=\"pagelinks-block_94cdd1ef27ebc2b2e5f4c3be6af4db68\" class=\"pagelinks-block\">\n\n\t\t\t<div class=\"pagelinks-block__pagelinks grid\"\n\t\t\tdata-size=\"\"\n\t\t\tdata-links=\"[11132,8910,8919]\">\n\t\t<\/div><!-- .pagelinks-block__pagelinks -->\n\n\t\t\n\t<\/div>\n\n\n\n<div style=\"height:100px\" aria-hidden=\"true\" class=\"wp-block-spacer\"><\/div>\n","protected":false},"excerpt":{"rendered":"<p>Die rauen H\u00fcgellandschaften und die Natur von Koli und Lieksa ver\u00e4ndern sich mit den Jahreszeiten. Die vor \u00fcber zwei Milliarden Jahren entstandenen H\u00fcgel begeistern und erstaunen das ganze Jahr \u00fcber Hunderttausende von Besuchern. Koli bietet seinen Besuchern immer Erlebnisse, und die verschiedenen Jahreszeiten verleihen diesen Erlebnissen ihre eigene W\u00fcrze. Finnische Sommertradition bl\u00fcht auf Im Juni [&hellip;]<\/p>\n","protected":false},"author":18,"featured_media":0,"parent":8682,"menu_order":0,"comment_status":"closed","ping_status":"closed","template":"","meta":{"_acf_changed":false,"footnotes":""},"servicecategories":[],"class_list":["post-8826","page","type-page","status-publish","hentry"],"acf":{"hero_type":"image","hero_image":11985,"hero_video":null,"hero_title_upper":"","hero_title":"Die vier Jahreszeiten von Koli","hero_text":"Die vier Jahreszeiten in der Urlaubsregion","hero_link":null,"use_summer":"yes","hero_type_summer":"image","hero_image_summer":11985,"hero_video_summer":null,"hero_title_upper_summer":"","hero_title_summer":"Reisezeit","hero_text_summer":"Die vier Jahreszeiten in der Urlaubsregion","hero_link_summer":null,"use_winter":"yes","hero_type_winter":"image","hero_image_winter":12130,"hero_video_winter":null,"hero_title_upper_winter":"","hero_title_winter":"Reisezeit","hero_text_winter":"Die vier Jahreszeiten in der Urlaubsregion","hero_link_winter":null},"_links":{"self":[{"href":"https:\/\/www.koli.fi\/de\/wp-json\/wp\/v2\/pages\/8826","targetHints":{"allow":["GET"]}}],"collection":[{"href":"https:\/\/www.koli.fi\/de\/wp-json\/wp\/v2\/pages"}],"about":[{"href":"https:\/\/www.koli.fi\/de\/wp-json\/wp\/v2\/types\/page"}],"author":[{"embeddable":true,"href":"https:\/\/www.koli.fi\/de\/wp-json\/wp\/v2\/users\/18"}],"replies":[{"embeddable":true,"href":"https:\/\/www.koli.fi\/de\/wp-json\/wp\/v2\/comments?post=8826"}],"version-history":[{"count":13,"href":"https:\/\/www.koli.fi\/de\/wp-json\/wp\/v2\/pages\/8826\/revisions"}],"predecessor-version":[{"id":30668,"href":"https:\/\/www.koli.fi\/de\/wp-json\/wp\/v2\/pages\/8826\/revisions\/30668"}],"up":[{"embeddable":true,"href":"https:\/\/www.koli.fi\/de\/wp-json\/wp\/v2\/pages\/8682"}],"wp:attachment":[{"href":"https:\/\/www.koli.fi\/de\/wp-json\/wp\/v2\/media?parent=8826"}],"wp:term":[{"taxonomy":"servicecategory","embeddable":true,"href":"https:\/\/www.koli.fi\/de\/wp-json\/wp\/v2\/servicecategories?post=8826"}],"curies":[{"name":"wp","href":"https:\/\/api.w.org\/{rel}","templated":true}]}}