{"id":8919,"date":"2023-10-05T13:26:32","date_gmt":"2023-10-05T10:26:32","guid":{"rendered":"https:\/\/www.koli.fi\/?page_id=8919"},"modified":"2025-02-27T11:46:55","modified_gmt":"2025-02-27T09:46:55","slug":"lieksa","status":"publish","type":"page","link":"https:\/\/www.koli.fi\/de\/lieksa\/","title":{"rendered":"Lieksa"},"content":{"rendered":"\n<div class=\"wp-block-columns is-layout-flex wp-container-core-columns-is-layout-28f84493 wp-block-columns-is-layout-flex\">\n<div class=\"wp-block-column is-layout-flow wp-block-column-is-layout-flow\">\n<figure class=\"wp-block-image size-full\"><img loading=\"lazy\" decoding=\"async\" width=\"800\" height=\"325\" src=\"https:\/\/www.koli.fi\/wp-content\/uploads\/2024\/07\/lieksa-logo.png\" alt=\"\" class=\"wp-image-16302\" srcset=\"https:\/\/www.koli.fi\/wp-content\/uploads\/2024\/07\/lieksa-logo.png 800w, https:\/\/www.koli.fi\/wp-content\/uploads\/2024\/07\/lieksa-logo-300x122.png 300w, https:\/\/www.koli.fi\/wp-content\/uploads\/2024\/07\/lieksa-logo-768x312.png 768w\" sizes=\"auto, (max-width: 800px) 100vw, 800px\"><\/figure>\n<\/div>\n\n\n\n<div class=\"wp-block-column is-layout-flow wp-block-column-is-layout-flow\">\n<p>Lieksa ist bekannt f\u00fcr seine atemberaubende Natur \u2013 die tosenden Stromschnellen von Ruunaa nahe der \u00f6stlichen Grenze und die beeindruckenden nationalen Landschaften von Koli am Westufer des Pielinen-Sees. Vielf\u00e4ltige Veranstaltungen bringen zus\u00e4tzliche Farbe in die Stadt, und insbesondere die Blechbl\u00e4serwoche lockt Musikliebhaber Jahr f\u00fcr Jahr zur\u00fcck nach Lieksa.<\/p>\n<\/div>\n<\/div>\n\n\n\n<p class=\"has-text-align-center has-small-font-size\" style=\"letter-spacing:2px\">Entdecken<\/p>\n\n\n\n<h2 class=\"wp-block-heading has-text-align-center\">Die Sch\u00e4tze von Lieksa<\/h2>\n\n\n\n<div id=\"pagelinks-block_9886e4a2651c52e720f10ba7aea60493\" class=\"pagelinks-block\">\n\n\t\t\t<div class=\"pagelinks-block__pagelinks carousel\" data-size=\"big\" data-links=\"[8706,5221,5234]\">\n\t\t<\/div><!-- .pagelinks-block__pagelinks -->\n\n\t\t\t\t\t<div class=\"pagelinks-block__arrows\">\n\t\t\t\t<p><span class=\"current\">1<\/span> \/ <span class=\"total\">3<\/span><\/p>\n\t\t\t<\/div><!-- .pagelinks-block__arrows -->\n\t\t\n\t<\/div>\n\n\n\n<div style=\"height:50px\" aria-hidden=\"true\" class=\"wp-block-spacer\"><\/div>\n\n\n\n<div class=\"wp-block-columns is-layout-flex wp-container-core-columns-is-layout-28f84493 wp-block-columns-is-layout-flex\">\n<div class=\"wp-block-column is-layout-flow wp-block-column-is-layout-flow\">\n<p class=\"has-small-font-size\" style=\"letter-spacing:2px\">LIEKSA<\/p>\n\n\n\n<h2 class=\"wp-block-heading\">Natur<\/h2>\n<\/div>\n\n\n\n<div class=\"wp-block-column is-layout-flow wp-block-column-is-layout-flow\">\n<p>Lieksa ist bekannt f\u00fcr seine Natur, die mit ihrer Vielfalt begeistert. Koli, Ruunaa und Patvinsuo geh\u00f6ren zu den bekanntesten Natursehensw\u00fcrdigkeiten in Lieksa, die Jahr f\u00fcr Jahr besucht werden. In Koli k\u00f6nnen Sie die nationale Landschaft genie\u00dfen; in Ruunaa k\u00f6nnen Sie Ihr Abenteuerlust in den tosenden Stromschnellen herausfordern; und in Patvinsuo k\u00f6nnen Sie die Stille der Wildnis genie\u00dfen, w\u00e4hrend Sie den Spuren des K\u00f6nigs des Waldes, des B\u00e4ren, folgen. Dar\u00fcber hinaus gibt es mehrere Naturschutzgebiete und kulturell sowie historisch bedeutende Naturst\u00e4tten. Der Pielinen-See, der viertgr\u00f6\u00dfte See Finnlands, der sich zwischen der Stadt Lieksa und Koli erstreckt, begeistert mit seiner Sch\u00f6nheit und vielf\u00e4ltigen Aktivit\u00e4tsm\u00f6glichkeiten.<\/p>\n<\/div>\n<\/div>\n\n\n\n<div style=\"height:40px\" aria-hidden=\"true\" class=\"wp-block-spacer\"><\/div>\n\n\n\n<div id=\"pagelinks-block_ea99a1914cd0cfc5d8f4bad267f9f541\" class=\"pagelinks-block\">\n\n\t\t\t<div class=\"pagelinks-block__pagelinks carousel\" data-size=\"small\" data-links=\"[5234,5225,5227,5235,5233,5237,8706,5221]\">\n\t\t<\/div><!-- .pagelinks-block__pagelinks -->\n\n\t\t\t\t\t<div class=\"pagelinks-block__arrows\">\n\t\t\t\t<p><span class=\"current\">1<\/span> \/ <span class=\"total\">8<\/span><\/p>\n\t\t\t<\/div><!-- .pagelinks-block__arrows -->\n\t\t\n\t<\/div>\n\n\n\n<div style=\"height:100px\" aria-hidden=\"true\" class=\"wp-block-spacer\"><\/div>\n\n\n\n<div class=\"wp-block-columns is-layout-flex wp-container-core-columns-is-layout-28f84493 wp-block-columns-is-layout-flex\">\n<div class=\"wp-block-column is-layout-flow wp-block-column-is-layout-flow\">\n<p class=\"has-small-font-size\" style=\"letter-spacing:2px\">LIEKSA<\/p>\n\n\n\n<h2 class=\"wp-block-heading\">Kultur<\/h2>\n<\/div>\n\n\n\n<div class=\"wp-block-column is-layout-flow wp-block-column-is-layout-flow\">\n<p>F\u00fcr Kulturliebhaber bietet Lieksa hochwertige Erlebnisse. Paateri, das K\u00fcnstlerhaus von Eva Ryyn\u00e4nen im Dorf Vuonisj\u00e4rvi, pr\u00e4sentiert die Werke der Bildhauerin. Die Museen, das Kulturzentrum und der Monola-Speicher in Lieksa stillen den kulturellen Hunger der Reisenden mit ihrem vielf\u00e4ltigen Angebot. Besucher, die mit \u00f6ffentlichen Verkehrsmitteln nach Lieksa kommen, k\u00f6nnen bei ihrer Ankunft am Bahnhof das Rukaj\u00e4rvi-Zentrum besuchen, das Kriegsgeschichte pr\u00e4sentiert.<\/p>\n<\/div>\n<\/div>\n\n\n\n<div style=\"height:40px\" aria-hidden=\"true\" class=\"wp-block-spacer\"><\/div>\n\n\n\n<div id=\"pagelinks-block_9601e9c1efe9b97cfbac650f53285b6c\" class=\"pagelinks-block\">\n\n\t\t\t<div class=\"pagelinks-block__pagelinks carousel\" data-size=\"small\" data-links=\"[5222,5257,5226,5255,5224,5230]\">\n\t\t<\/div><!-- .pagelinks-block__pagelinks -->\n\n\t\t\t\t\t<div class=\"pagelinks-block__arrows\">\n\t\t\t\t<p><span class=\"current\">1<\/span> \/ <span class=\"total\">6<\/span><\/p>\n\t\t\t<\/div><!-- .pagelinks-block__arrows -->\n\t\t\n\t<\/div>\n\n\n\n<div style=\"height:100px\" aria-hidden=\"true\" class=\"wp-block-spacer\"><\/div>\n\n\n\n<div class=\"wp-block-columns is-layout-flex wp-container-core-columns-is-layout-28f84493 wp-block-columns-is-layout-flex\">\n<div class=\"wp-block-column is-layout-flow wp-block-column-is-layout-flow\">\n<p class=\"has-small-font-size\" style=\"letter-spacing:2px\">LIEKSA<\/p>\n\n\n\n<h2 class=\"wp-block-heading\">Unterk\u00fcnfte<\/h2>\n<\/div>\n\n\n\n<div class=\"wp-block-column is-layout-flow wp-block-column-is-layout-flow\">\n<p>Die Unterkunftsm\u00f6glichkeiten in Lieksa sind vielf\u00e4ltig. Das Angebot reicht von Mietsh\u00fctten und Gasth\u00e4usern bis hin zu hochwertigen Ferienh\u00e4usern und Hotels. Unterk\u00fcnfte gibt es auf beiden Seiten des Pielinen-Sees, mit Blick auf Seeufer, l\u00e4ndliche und wilde Landschaften.<\/p>\n<\/div>\n<\/div>\n\n\n\n<div style=\"height:40px\" aria-hidden=\"true\" class=\"wp-block-spacer\"><\/div>\n\n\n\n<div id=\"categories-block_b92e248a2b7fd18f13e015c72369e49a\" class=\"categories-block\">\n\n\t\t\n\t\t\t\t\t<div class=\"filters-section\">\n\n\t\t\t\t\t\t\t\t\t\n\t\t\t\t\t<div class=\"filters-section__results\">\n\t\t\t\t\t\t<span class=\"text\">Resultate:<\/span>\n\t\t\t\t\t\t<span class=\"count\"><\/span>\n\t\t\t\t\t<\/div><!-- .filters-section__results -->\n\n\t\t\t\t\t<button class=\"popup-filters-button\" aria-haspopup=\"true\" aria-controls=\"filters-popup-categories-block_b92e248a2b7fd18f13e015c72369e49a\">\n\t\t\t\t\t\t<span>Filter<\/span>\n\t\t\t\t\t\t\n\n<svg version=\"1.1\" xmlns=\"http:\/\/www.w3.org\/2000\/svg\" xmlns:xlink=\"http:\/\/www.w3.org\/1999\/xlink\" x=\"0px\" y=\"0px\" viewbox=\"0 0 63.24 58.76\" xml:space=\"preserve\">\n\n<g>\n\t<g>\n\t\t<path class=\"st0\" d=\"M33.58,45.87c0-5.37,4.35-9.73,9.73-9.73s9.72,4.35,9.72,9.73c0,5.37-4.35,9.72-9.72,9.72\n\t\t\tS33.58,51.24,33.58,45.87 M30.52,44.35H0v2.83h30.48c-0.04-0.43-0.07-0.87-0.07-1.31c0,7.12,5.77,12.89,12.89,12.89\n\t\t\ts12.89-5.77,12.89-12.89c0,0.44-0.02,0.88-0.07,1.31h7.11v-2.83h-7.14c-0.76-6.4-6.19-11.36-12.79-11.36S31.27,37.95,30.52,44.35\n\t\t\tL30.52,44.35 M32.82,12.67c0,0.04-0.01,0.07-0.01,0.11c0-0.29-0.02-0.58-0.04-0.87C32.79,12.16,32.82,12.41,32.82,12.67\n\t\t\t M29.46,12.6c0,5.37-4.27,9.73-9.53,9.73s-9.53-4.35-9.53-9.73s4.27-9.73,9.53-9.73S29.46,7.23,29.46,12.6 M7.09,11.91\n\t\t\tc-0.02,0.29-0.04,0.58-0.05,0.87c0-0.03-0.01-0.07-0.01-0.11C7.04,12.41,7.08,12.16,7.09,11.91 M63.24,13.98v-2.83H32.72\n\t\t\tc0.01,0.12,0.01,0.25,0.02,0.37C32.06,5.04,26.58,0,19.93,0S7.8,5.04,7.12,11.51c0.01-0.12,0.01-0.25,0.02-0.37H0v2.83h7.1\n\t\t\tc0.56,6.6,6.09,11.79,12.83,11.79c6.75,0,12.27-5.19,12.83-11.79H63.24z\"><\/path>\n\t<\/g>\n<\/g>\n<\/svg>\n\t\t\t\t\t<\/button>\n\n\t\t\t\t\t<dialog class=\"filters-popup\" id=\"filters-popup-categories-block_b92e248a2b7fd18f13e015c72369e49a\">\n\n\t\t\t\t\t\t<div class=\"filters-popup__top\">\n\t\t\t\t\t\t\t<p class=\"heading\">Filter<\/p>\n\t\t\t\t\t\t\t<button class=\"close-filters-popup popup-filters-close\" title=\"Close popup\" aria-label=\"Close popup\">\u2716<\/button>\n\t\t\t\t\t\t<\/div><!-- .filters-popup__top -->\n\n\t\t\t\t\t\t<div class=\"filters-popup__content\">\n\t\t\t\t\t\t\t\n\t\t\t\t\t\t\t\n\t\t\t\t\t\t\t\t\t\t\t\t\t\t\t<div class=\"filters-popup__content__group area-category\">\n\t\t\t\t\t\t\t\t\t<p>Nach Kategorie filtern<\/p>\n\t\t\t\t\t\t\t\t\t<div class=\"filters-popup__content__group__buttons\">\n\t\t\t\t\t\t\t\t\t\t\t\t\t\t\t\t\t\t\t\t\t<button aria-controls=\"categories-area-categories-block_b92e248a2b7fd18f13e015c72369e49a\" aria-checked=\"false\" data-category=\"261\">Erlebnisunterk\u00fcnfte<\/button>\n\t\t\t\t\t\t\t\t\t\t\t\t\t\t\t\t\t\t\t\t\t<button aria-controls=\"categories-area-categories-block_b92e248a2b7fd18f13e015c72369e49a\" aria-checked=\"false\" data-category=\"260\">Ferienh\u00e4user und Villen<\/button>\n\t\t\t\t\t\t\t\t\t\t\t\t\t\t\t\t\t\t\t\t\t<button aria-controls=\"categories-area-categories-block_b92e248a2b7fd18f13e015c72369e49a\" aria-checked=\"false\" data-category=\"263\">Gasth\u00e4user<\/button>\n\t\t\t\t\t\t\t\t\t\t\t\t\t\t\t\t\t\t\t\t\t<button aria-controls=\"categories-area-categories-block_b92e248a2b7fd18f13e015c72369e49a\" aria-checked=\"false\" data-category=\"264\">Hotels<\/button>\n\t\t\t\t\t\t\t\t\t\t\t\t\t\t\t\t\t\t\t<\/div><!-- .filters-popup__content__group__buttons -->\n\t\t\t\t\t\t\t\t<\/div><!-- .filters-popup__content__group -->\n\t\t\t\t\t\t\t\t\t\t\t\t\t<\/div><!-- .filters-popup__content -->\n\n\t\t\t\t\t\t<div class=\"filters-popup__bottom\">\n\t\t\t\t\t\t\t<button class=\"popup-filters-close\">Ergebnisse anzeigen <span>(0)<\/span><\/button>\n\t\t\t\t\t\t<\/div><!-- .filters-popup__bottom -->\n\t\t\t\t\t<\/dialog><!-- .filters-popup -->\n\t\t\t\t\n\t\t\t\t\t\t\t\t\t<button aria-checked=\"false\" role=\"switch\" class=\"map-toggle\" aria-controls=\"map-categories-block_b92e248a2b7fd18f13e015c72369e49a\" title=\"Show or hide map\" aria-label=\"Show services in map\">\n\t\t\t\t\t\tShow map\t\t\t\t\t<\/button>\n\t\t\t\t\n\t\t\t<\/div><!-- .filters-section -->\n\t\t\n\t\t\t\t\t<div class=\"map-section\">\n\n\t\t\t\t<div class=\"map-area\" id=\"map-categories-block_b92e248a2b7fd18f13e015c72369e49a\">\n\t\t\t\t\t<div class=\"map\" id=\"categories-map\">\n\t\t\t\t\t<\/div><!-- .map -->\n\t\t\t\t<\/div><!-- .map-area -->\n\t\t\t<\/div><!-- .map-section -->\n\t\t\n\t\t<div class=\"categories-block__services\" id=\"categories-area-categories-block_b92e248a2b7fd18f13e015c72369e49a\" data-categories=\"[261,260,263,264]\" data-area=\"lieksa\" data-season=\"allnofilters\">\n\t\t<\/div><!-- .categories-block__services -->\n\n\t\n<\/div>\n\n\n\n<div style=\"height:100px\" aria-hidden=\"true\" class=\"wp-block-spacer\"><\/div>\n\n\n\n<div class=\"wp-block-columns is-layout-flex wp-container-core-columns-is-layout-28f84493 wp-block-columns-is-layout-flex\">\n<div class=\"wp-block-column is-layout-flow wp-block-column-is-layout-flow\">\n<p class=\"has-small-font-size\" style=\"letter-spacing:2px\">LIEKSA<\/p>\n\n\n\n<h2 class=\"wp-block-heading\">Veranstaltungen<\/h2>\n<\/div>\n\n\n\n<div class=\"wp-block-column is-layout-flow wp-block-column-is-layout-flow\">\n<p>Die international anerkannte Lieksa Blechbl\u00e4serwoche begeistert und vereint Einheimische und Besucher j\u00e4hrlich, um Blechbl\u00e4sermusik zu feiern. Das Pielinen Soi Festival und das Konzertangebot der Monola-Festwoche bereichern das Musikangebot in Lieksa auch im Sommer.<\/p>\n<\/div>\n<\/div>\n\n\n\n<script type=\"text\/javascript\" src=\"https:\/\/tapahtumat.pohjois-karjala.fi\/widget-loader\/647887794ff28a0d411367a1\"><\/script><div id=\"EVENTZWIDGET-647887794ff28a0d411367a1\" class=\"EVENTZWIDGET\"><\/div>\n\n\n\n<div style=\"height:100px\" aria-hidden=\"true\" class=\"wp-block-spacer\"><\/div>\n","protected":false},"excerpt":{"rendered":"<p>Lieksa ist bekannt f\u00fcr seine atemberaubende Natur &#8211; die tosenden Stromschnellen von Ruunaa nahe der \u00f6stlichen Grenze und die beeindruckenden nationalen Landschaften von Koli am Westufer des Pielinen-Sees. Vielf\u00e4ltige Veranstaltungen bringen zus\u00e4tzliche Farbe in die Stadt, und insbesondere die Blechbl\u00e4serwoche lockt Musikliebhaber Jahr f\u00fcr Jahr zur\u00fcck nach Lieksa. Entdecken Die Sch\u00e4tze von Lieksa LIEKSA Natur [&hellip;]<\/p>\n","protected":false},"author":18,"featured_media":0,"parent":0,"menu_order":0,"comment_status":"closed","ping_status":"closed","template":"","meta":{"_acf_changed":false,"footnotes":""},"servicecategories":[],"class_list":["post-8919","page","type-page","status-publish","hentry"],"acf":{"hero_type":"video","hero_image":4343,"hero_video":4817,"hero_title_upper":"","hero_title":"Lieksa","hero_text":"Erhabene Klippen, das Rauschen von Stromschnellen und der Klang von Blechblasinstrumenten.","hero_link":[""],"use_summer":"yes","hero_type_summer":"video","hero_image_summer":6516,"hero_video_summer":5343,"hero_title_upper_summer":"","hero_title_summer":"Lieksa","hero_text_summer":"Erhabene Klippen, das Rauschen von Stromschnellen und der Klang von Blechblasinstrumenten.","hero_link_summer":[""],"use_winter":"yes","hero_type_winter":"video","hero_image_winter":6253,"hero_video_winter":5347,"hero_title_upper_winter":"","hero_title_winter":"Lieksa","hero_text_winter":"Erhabene Klippen, das Rauschen von Stromschnellen und der Klang von Blechblasinstrumenten.","hero_link_winter":[""]},"_links":{"self":[{"href":"https:\/\/www.koli.fi\/de\/wp-json\/wp\/v2\/pages\/8919","targetHints":{"allow":["GET"]}}],"collection":[{"href":"https:\/\/www.koli.fi\/de\/wp-json\/wp\/v2\/pages"}],"about":[{"href":"https:\/\/www.koli.fi\/de\/wp-json\/wp\/v2\/types\/page"}],"author":[{"embeddable":true,"href":"https:\/\/www.koli.fi\/de\/wp-json\/wp\/v2\/users\/18"}],"replies":[{"embeddable":true,"href":"https:\/\/www.koli.fi\/de\/wp-json\/wp\/v2\/comments?post=8919"}],"version-history":[{"count":13,"href":"https:\/\/www.koli.fi\/de\/wp-json\/wp\/v2\/pages\/8919\/revisions"}],"predecessor-version":[{"id":19705,"href":"https:\/\/www.koli.fi\/de\/wp-json\/wp\/v2\/pages\/8919\/revisions\/19705"}],"wp:attachment":[{"href":"https:\/\/www.koli.fi\/de\/wp-json\/wp\/v2\/media?parent=8919"}],"wp:term":[{"taxonomy":"servicecategory","embeddable":true,"href":"https:\/\/www.koli.fi\/de\/wp-json\/wp\/v2\/servicecategories?post=8919"}],"curies":[{"name":"wp","href":"https:\/\/api.w.org\/{rel}","templated":true}]}}