{"id":13659,"date":"2023-12-12T13:42:57","date_gmt":"2023-12-12T11:42:57","guid":{"rendered":"https:\/\/www.koli.fi\/?page_id=13659"},"modified":"2024-06-27T10:16:17","modified_gmt":"2024-06-27T07:16:17","slug":"trail-fee","status":"publish","type":"page","link":"https:\/\/www.koli.fi\/en\/trail-fee\/","title":{"rendered":"Trail fee"},"content":{"rendered":"\n<p>The trail fee for Koli is a voluntary support fee used to cover the maintenance of skiing, cycling, and other outdoor trails, as well as wood supply for lean-tos and hut of Ursa, parking lot clearing, signage, and real-time tracking of trail maintenance. The trail fees are fully used for the maintenance, upkeep, and development of year-round outdoor trails in Koli.<\/p>\n\n\n\n<div style=\"height:50px\" aria-hidden=\"true\" class=\"wp-block-spacer\"><\/div>\n\n\n\n<div class=\"wp-block-columns is-layout-flex wp-container-core-columns-is-layout-28f84493 wp-block-columns-is-layout-flex\">\n<div class=\"wp-block-column is-layout-flow wp-block-column-is-layout-flow\" style=\"flex-basis:66.66%\">\n<h2 class=\"wp-block-heading\">Trail Support Badge<\/h2>\n\n\n\n<p>The businesses in the area participating in trail maintenance efforts can be identified by this Koli trail support badge. The badge signifies responsible and community-minded business practices, as well as gratitude for participating in collective efforts. We also publish an updated list of businesses supporting the trail system on these pages.<\/p>\n\n\n\n<p>Businesses located elsewhere can also participate, as we offer customizable sponsor boards along the trail. If your company is interested in supporting responsible trail work in Finland\u2019s most popular visitor destination, or if you would like more information on the topic, please contact us: <a>info@koli.fi<\/a>.<\/p>\n\n\n\n<p>As an individual, you can also participate in the efforts and obtain the badge for yourself!<\/p>\n<\/div>\n\n\n\n<div class=\"wp-block-column is-layout-flow wp-block-column-is-layout-flow\" style=\"flex-basis:33.33%\">\n<figure class=\"wp-block-image size-full\"><img loading=\"lazy\" decoding=\"async\" width=\"726\" height=\"959\" src=\"https:\/\/www.koli.fi\/wp-content\/uploads\/2024\/03\/Trail-support-badge.png\" alt=\"\" class=\"wp-image-15055\" srcset=\"https:\/\/www.koli.fi\/wp-content\/uploads\/2024\/03\/Trail-support-badge.png 726w, https:\/\/www.koli.fi\/wp-content\/uploads\/2024\/03\/Trail-support-badge-227x300.png 227w\" sizes=\"auto, (max-width: 726px) 100vw, 726px\"><\/figure>\n<\/div>\n<\/div>\n\n\n\n<div style=\"height:50px\" aria-hidden=\"true\" class=\"wp-block-spacer\"><\/div>\n\n\n\n<h2 class=\"wp-block-heading\">How can I pay the trail fee?<\/h2>\n\n\n\n<p>You can easily pay the voluntary trail fee for Koli either through our online store or at the Koli Tourist Information Office (Kolintie 94A). <\/p>\n\n\n\n<p><strong>In winter:<\/strong> By paying 18 euros or more, you will receive a trail map from the Koli Tourist Information Office or the Nature Center Ukko (Yl\u00e4-Kolintie 39), real-time trail maintenance view on our website, and a trail support sticker! You can pay either the full 18 euros or any amount you choose.<\/p>\n\n\n\n<p><strong>In summer: <\/strong>By paying 12 euros or more, you will receive a service and hiking map and a trail support sticker from the Koli Tourist Information Office or the Nature Center Ukko (Yl\u00e4-Kolintie 39)! You can pay either the full 12 euros or any amount you choose.<\/p>\n\n\n\n<div id=\"johku-block_a5781d4ee7039d1e80591f013200f5d1\" class=\"johku-block\">\n\n\t\n\t\t<div class=\"johku-block__content\">\n\t\t\t<johku-widget id=\"kolidmc\/c327e7cc33d54b69\" locale=\"fi_FI\"><\/johku-widget>\t\t<\/div><!-- .johku-block__content -->\n\n\t\n\n<\/div>\n\n\n\n<div style=\"height:50px\" aria-hidden=\"true\" class=\"wp-block-spacer\"><\/div>\n\n\n\n<h2 class=\"wp-block-heading\">Supporting the trails in Koli for the 2023-2024 season are:<\/h2>\n\n\n\n<div class=\"wp-block-columns is-layout-flex wp-container-core-columns-is-layout-28f84493 wp-block-columns-is-layout-flex\">\n<div class=\"wp-block-column is-layout-flow wp-block-column-is-layout-flow\">\n<p>Lieksan kaupunki<br>Juuan kunta<br>Mets\u00e4hallitus<br>Pohjois-Karjalan Osuuskauppa<br>ISI-Kiinteist\u00f6t Oy<br>Joensuun Metallity\u00f6v\u00e4en ammattiosasto<br>Kiinteist\u00f6korjaus H. K\u00e4rki Oy<br>Kiinteist\u00f6 Oli Oy<br>Maatilamatkailu Paimentupa Oy<br>Pohjois-Karjalan S\u00e4hk\u00f6 Oy<br>P\u00e4\u00e4llyst\u00f6liitto ry<br>Saimaa Terminals Oy<br>Tecalemit Oy<br>Tietoala ry<\/p>\n<\/div>\n\n\n\n<div class=\"wp-block-column is-layout-flow wp-block-column-is-layout-flow\">\n<p>Kiinteist\u00f6 Oy Tunnelmatuvat<br>Oy Lomarengas Ab, Ltd<br>Seppo Hattunen \/ Hiisiranta B3 ja C1<br>Asunto Kolin Kolo<br>Ukko-Kolin Rantam\u00f6kit<br>Welhotar<br>Feel Koli -retket<br>Vaara-Karjalan Osuuspankki<br>Lemmikkiruuat Tessu Oy<br>Kiinteist\u00f6 Oy Kolin \u00c4ss\u00e4t<br>Kello-Kulta Suninen Oy<br>Jotuca Oy \/ Retkipaikka<br>Markku Meht\u00e4l\u00e4 \/ Koli Osuma<br>Kolin Taksipalvelu Oy<br>Savilahden Rantamajat<\/p>\n<\/div>\n\n\n\n<div class=\"wp-block-column is-layout-flow wp-block-column-is-layout-flow\">\n<figure class=\"wp-block-image size-full\"><img loading=\"lazy\" decoding=\"async\" width=\"726\" height=\"959\" src=\"https:\/\/www.koli.fi\/wp-content\/uploads\/2024\/03\/Trail-support-badge-1.png\" alt=\"\" class=\"wp-image-15062\" srcset=\"https:\/\/www.koli.fi\/wp-content\/uploads\/2024\/03\/Trail-support-badge-1.png 726w, https:\/\/www.koli.fi\/wp-content\/uploads\/2024\/03\/Trail-support-badge-1-227x300.png 227w\" sizes=\"auto, (max-width: 726px) 100vw, 726px\"><\/figure>\n<\/div>\n<\/div>\n\n\n\n<div style=\"height:50px\" aria-hidden=\"true\" class=\"wp-block-spacer\"><\/div>\n\n\n\n<h4 class=\"wp-block-heading has-text-align-center\">A big thank you to everyone who supports our trail work \u2013 your help is vital!<\/h4>\n\n\n\n<figure class=\"wp-block-gallery has-nested-images columns-default is-cropped wp-block-gallery-1 is-layout-flex wp-block-gallery-is-layout-flex\">\n<figure class=\"wp-block-image size-large\"><img loading=\"lazy\" decoding=\"async\" width=\"1024\" height=\"683\" data-id=\"13129\" src=\"https:\/\/www.koli.fi\/wp-content\/uploads\/2023\/12\/Lumikenkailija-vauhdissa-1024x683.jpg\" alt=\"\" class=\"wp-image-13129\" srcset=\"https:\/\/www.koli.fi\/wp-content\/uploads\/2023\/12\/Lumikenkailija-vauhdissa-1024x683.jpg 1024w, https:\/\/www.koli.fi\/wp-content\/uploads\/2023\/12\/Lumikenkailija-vauhdissa-300x200.jpg 300w, https:\/\/www.koli.fi\/wp-content\/uploads\/2023\/12\/Lumikenkailija-vauhdissa-768x512.jpg 768w, https:\/\/www.koli.fi\/wp-content\/uploads\/2023\/12\/Lumikenkailija-vauhdissa-1536x1024.jpg 1536w, https:\/\/www.koli.fi\/wp-content\/uploads\/2023\/12\/Lumikenkailija-vauhdissa-2048x1365.jpg 2048w, https:\/\/www.koli.fi\/wp-content\/uploads\/2023\/12\/Lumikenkailija-vauhdissa-1920x1280.jpg 1920w, https:\/\/www.koli.fi\/wp-content\/uploads\/2023\/12\/Lumikenkailija-vauhdissa-1600x1067.jpg 1600w\" sizes=\"auto, (max-width: 1024px) 100vw, 1024px\"><\/figure>\n\n\n\n<figure class=\"wp-block-image size-large\"><img loading=\"lazy\" decoding=\"async\" width=\"1024\" height=\"683\" data-id=\"12161\" src=\"https:\/\/www.koli.fi\/wp-content\/uploads\/2023\/11\/Koli_gravel-9_edit_2-1024x683.jpg\" alt=\"\" class=\"wp-image-12161\" srcset=\"https:\/\/www.koli.fi\/wp-content\/uploads\/2023\/11\/Koli_gravel-9_edit_2-1024x683.jpg 1024w, https:\/\/www.koli.fi\/wp-content\/uploads\/2023\/11\/Koli_gravel-9_edit_2-300x200.jpg 300w, https:\/\/www.koli.fi\/wp-content\/uploads\/2023\/11\/Koli_gravel-9_edit_2-768x512.jpg 768w, https:\/\/www.koli.fi\/wp-content\/uploads\/2023\/11\/Koli_gravel-9_edit_2-1536x1024.jpg 1536w, https:\/\/www.koli.fi\/wp-content\/uploads\/2023\/11\/Koli_gravel-9_edit_2-2048x1365.jpg 2048w, https:\/\/www.koli.fi\/wp-content\/uploads\/2023\/11\/Koli_gravel-9_edit_2-1920x1280.jpg 1920w, https:\/\/www.koli.fi\/wp-content\/uploads\/2023\/11\/Koli_gravel-9_edit_2-1600x1067.jpg 1600w\" sizes=\"auto, (max-width: 1024px) 100vw, 1024px\"><\/figure>\n\n\n\n<figure class=\"wp-block-image size-large\"><img loading=\"lazy\" decoding=\"async\" width=\"1024\" height=\"768\" data-id=\"11383\" src=\"https:\/\/www.koli.fi\/wp-content\/uploads\/2023\/11\/AE6BA27F-E370-41FF-93C3-41C1E27BAA05-1024x768.jpeg\" alt=\"\" class=\"wp-image-11383\" srcset=\"https:\/\/www.koli.fi\/wp-content\/uploads\/2023\/11\/AE6BA27F-E370-41FF-93C3-41C1E27BAA05-1024x768.jpeg 1024w, https:\/\/www.koli.fi\/wp-content\/uploads\/2023\/11\/AE6BA27F-E370-41FF-93C3-41C1E27BAA05-300x225.jpeg 300w, https:\/\/www.koli.fi\/wp-content\/uploads\/2023\/11\/AE6BA27F-E370-41FF-93C3-41C1E27BAA05-768x576.jpeg 768w, https:\/\/www.koli.fi\/wp-content\/uploads\/2023\/11\/AE6BA27F-E370-41FF-93C3-41C1E27BAA05-1536x1152.jpeg 1536w, https:\/\/www.koli.fi\/wp-content\/uploads\/2023\/11\/AE6BA27F-E370-41FF-93C3-41C1E27BAA05-2048x1536.jpeg 2048w, https:\/\/www.koli.fi\/wp-content\/uploads\/2023\/11\/AE6BA27F-E370-41FF-93C3-41C1E27BAA05-1920x1440.jpeg 1920w, https:\/\/www.koli.fi\/wp-content\/uploads\/2023\/11\/AE6BA27F-E370-41FF-93C3-41C1E27BAA05-1600x1200.jpeg 1600w\" sizes=\"auto, (max-width: 1024px) 100vw, 1024px\"><\/figure>\n\n\n\n<figure class=\"wp-block-image size-large\"><img loading=\"lazy\" decoding=\"async\" width=\"1024\" height=\"768\" data-id=\"13706\" src=\"https:\/\/www.koli.fi\/wp-content\/uploads\/2023\/12\/5E863C30-794B-47D6-889F-B5491521B5CE-1024x768.jpeg\" alt=\"\" class=\"wp-image-13706\" srcset=\"https:\/\/www.koli.fi\/wp-content\/uploads\/2023\/12\/5E863C30-794B-47D6-889F-B5491521B5CE-1024x768.jpeg 1024w, https:\/\/www.koli.fi\/wp-content\/uploads\/2023\/12\/5E863C30-794B-47D6-889F-B5491521B5CE-300x225.jpeg 300w, https:\/\/www.koli.fi\/wp-content\/uploads\/2023\/12\/5E863C30-794B-47D6-889F-B5491521B5CE-768x576.jpeg 768w, https:\/\/www.koli.fi\/wp-content\/uploads\/2023\/12\/5E863C30-794B-47D6-889F-B5491521B5CE-1536x1152.jpeg 1536w, https:\/\/www.koli.fi\/wp-content\/uploads\/2023\/12\/5E863C30-794B-47D6-889F-B5491521B5CE-2048x1536.jpeg 2048w, https:\/\/www.koli.fi\/wp-content\/uploads\/2023\/12\/5E863C30-794B-47D6-889F-B5491521B5CE-1920x1440.jpeg 1920w, https:\/\/www.koli.fi\/wp-content\/uploads\/2023\/12\/5E863C30-794B-47D6-889F-B5491521B5CE-1600x1200.jpeg 1600w\" sizes=\"auto, (max-width: 1024px) 100vw, 1024px\"><\/figure>\n\n\n\n<figure class=\"wp-block-image size-large\"><img loading=\"lazy\" decoding=\"async\" width=\"1024\" height=\"683\" data-id=\"13709\" src=\"https:\/\/www.koli.fi\/wp-content\/uploads\/2023\/12\/hiihto-ja-lask-6-1024x683.jpg\" alt=\"\" class=\"wp-image-13709\" srcset=\"https:\/\/www.koli.fi\/wp-content\/uploads\/2023\/12\/hiihto-ja-lask-6-1024x683.jpg 1024w, https:\/\/www.koli.fi\/wp-content\/uploads\/2023\/12\/hiihto-ja-lask-6-300x200.jpg 300w, https:\/\/www.koli.fi\/wp-content\/uploads\/2023\/12\/hiihto-ja-lask-6-768x512.jpg 768w, https:\/\/www.koli.fi\/wp-content\/uploads\/2023\/12\/hiihto-ja-lask-6-1536x1024.jpg 1536w, https:\/\/www.koli.fi\/wp-content\/uploads\/2023\/12\/hiihto-ja-lask-6-2048x1365.jpg 2048w, https:\/\/www.koli.fi\/wp-content\/uploads\/2023\/12\/hiihto-ja-lask-6-1920x1280.jpg 1920w, https:\/\/www.koli.fi\/wp-content\/uploads\/2023\/12\/hiihto-ja-lask-6-1600x1067.jpg 1600w\" sizes=\"auto, (max-width: 1024px) 100vw, 1024px\"><\/figure>\n\n\n\n<figure class=\"wp-block-image size-large\"><img loading=\"lazy\" decoding=\"async\" width=\"1024\" height=\"683\" data-id=\"13712\" src=\"https:\/\/www.koli.fi\/wp-content\/uploads\/2023\/12\/Koli_polkujuoksu-2-1024x683.jpg\" alt=\"\" class=\"wp-image-13712\" srcset=\"https:\/\/www.koli.fi\/wp-content\/uploads\/2023\/12\/Koli_polkujuoksu-2-1024x683.jpg 1024w, https:\/\/www.koli.fi\/wp-content\/uploads\/2023\/12\/Koli_polkujuoksu-2-300x200.jpg 300w, https:\/\/www.koli.fi\/wp-content\/uploads\/2023\/12\/Koli_polkujuoksu-2-768x512.jpg 768w, https:\/\/www.koli.fi\/wp-content\/uploads\/2023\/12\/Koli_polkujuoksu-2-1536x1024.jpg 1536w, https:\/\/www.koli.fi\/wp-content\/uploads\/2023\/12\/Koli_polkujuoksu-2-2048x1365.jpg 2048w, https:\/\/www.koli.fi\/wp-content\/uploads\/2023\/12\/Koli_polkujuoksu-2-1920x1280.jpg 1920w, https:\/\/www.koli.fi\/wp-content\/uploads\/2023\/12\/Koli_polkujuoksu-2-1600x1067.jpg 1600w\" sizes=\"auto, (max-width: 1024px) 100vw, 1024px\"><\/figure>\n<\/figure>\n\n\n\n<div style=\"height:100px\" aria-hidden=\"true\" class=\"wp-block-spacer\"><\/div>\n","protected":false},"excerpt":{"rendered":"<p>The trail fee for Koli is a voluntary support fee used to cover the maintenance of skiing, cycling, and other outdoor trails, as well as wood supply for lean-tos and hut of Ursa, parking lot clearing, signage, and real-time tracking of trail maintenance. The trail fees are fully used for the maintenance, upkeep, and development [&hellip;]<\/p>\n","protected":false},"author":18,"featured_media":0,"parent":0,"menu_order":0,"comment_status":"closed","ping_status":"closed","template":"","meta":{"_acf_changed":false,"footnotes":""},"servicecategories":[],"class_list":["post-13659","page","type-page","status-publish","hentry"],"acf":{"hero_type":"image","hero_image":12148,"hero_video":null,"hero_title_upper":"","hero_title":"Trail fee","hero_text":"","hero_link":"","use_summer":"no","hero_type_summer":"image","hero_image_summer":null,"hero_video_summer":null,"hero_title_upper_summer":"","hero_title_summer":"","hero_text_summer":"","hero_link_summer":null,"use_winter":"no","hero_type_winter":"image","hero_image_winter":null,"hero_video_winter":null,"hero_title_upper_winter":"","hero_title_winter":"","hero_text_winter":"","hero_link_winter":null},"_links":{"self":[{"href":"https:\/\/www.koli.fi\/en\/wp-json\/wp\/v2\/pages\/13659","targetHints":{"allow":["GET"]}}],"collection":[{"href":"https:\/\/www.koli.fi\/en\/wp-json\/wp\/v2\/pages"}],"about":[{"href":"https:\/\/www.koli.fi\/en\/wp-json\/wp\/v2\/types\/page"}],"author":[{"embeddable":true,"href":"https:\/\/www.koli.fi\/en\/wp-json\/wp\/v2\/users\/18"}],"replies":[{"embeddable":true,"href":"https:\/\/www.koli.fi\/en\/wp-json\/wp\/v2\/comments?post=13659"}],"version-history":[{"count":4,"href":"https:\/\/www.koli.fi\/en\/wp-json\/wp\/v2\/pages\/13659\/revisions"}],"predecessor-version":[{"id":16075,"href":"https:\/\/www.koli.fi\/en\/wp-json\/wp\/v2\/pages\/13659\/revisions\/16075"}],"wp:attachment":[{"href":"https:\/\/www.koli.fi\/en\/wp-json\/wp\/v2\/media?parent=13659"}],"wp:term":[{"taxonomy":"servicecategory","embeddable":true,"href":"https:\/\/www.koli.fi\/en\/wp-json\/wp\/v2\/servicecategories?post=13659"}],"curies":[{"name":"wp","href":"https:\/\/api.w.org\/{rel}","templated":true}]}}